{"id":31,"date":"2022-08-24T14:14:30","date_gmt":"2022-08-24T14:14:30","guid":{"rendered":"https:\/\/xstore.8theme.com\/elementor\/demos\/beauty-and-cosmetics\/?page_id=31"},"modified":"2025-05-14T14:28:10","modified_gmt":"2025-05-14T14:28:10","slug":"our-story","status":"publish","type":"page","link":"https:\/\/artstella-elixirs-floraux.com\/en\/our-story\/","title":{"rendered":"A propos"},"content":{"rendered":"<div data-elementor-type=\"wp-page\" data-elementor-id=\"31\" class=\"elementor elementor-31\" data-elementor-post-type=\"page\">\n\t\t\t\t\t\t<section class=\"elementor-section elementor-top-section elementor-element elementor-element-ab2849c elementor-section-stretched elementor-section-boxed elementor-section-height-default elementor-section-height-default\" data-id=\"ab2849c\" data-element_type=\"section\" data-e-type=\"section\" data-settings=\"{&quot;stretch_section&quot;:&quot;section-stretched&quot;,&quot;background_background&quot;:&quot;classic&quot;}\">\n\t\t\t\t\t\t<div class=\"elementor-container elementor-column-gap-no\">\n\t\t\t\t\t<div class=\"elementor-column elementor-col-100 elementor-top-column elementor-element elementor-element-74316a8\" data-id=\"74316a8\" data-element_type=\"column\" data-e-type=\"column\">\n\t\t\t<div class=\"elementor-widget-wrap elementor-element-populated\">\n\t\t\t\t\t\t<div class=\"elementor-element elementor-element-d745c5c elementor-widget elementor-widget-heading\" data-id=\"d745c5c\" data-element_type=\"widget\" data-e-type=\"widget\" data-widget_type=\"heading.default\">\n\t\t\t\t<div class=\"elementor-widget-container\">\n\t\t\t\t\t<h2 class=\"elementor-heading-title elementor-size-default\">Mon Histoire<\/h2>\t\t\t\t<\/div>\n\t\t\t\t<\/div>\n\t\t\t\t<div class=\"elementor-element elementor-element-c424140 elementor-widget elementor-widget-text-editor\" data-id=\"c424140\" data-element_type=\"widget\" data-e-type=\"widget\" data-widget_type=\"text-editor.default\">\n\t\t\t\t<div class=\"elementor-widget-container\">\n\t\t\t\t\t\t\t\t\t<p>Tr\u00e8s vite il m\u2019a sembl\u00e9 utile pour diffuser le message des \u00e9lixirs floraux de proposer ces diff\u00e9rentes gammes dans une boutique \u00e0 Paris (maintenant ferm\u00e9e) qui s\u2019est transform\u00e9e en Boutique en ligne.<\/p>\t\t\t\t\t\t\t\t<\/div>\n\t\t\t\t<\/div>\n\t\t\t\t\t<\/div>\n\t\t<\/div>\n\t\t\t\t\t<\/div>\n\t\t<\/section>\n\t\t\t\t<section class=\"elementor-section elementor-top-section elementor-element elementor-element-af76453 elementor-section-content-middle elementor-section-boxed elementor-section-height-default elementor-section-height-default\" data-id=\"af76453\" data-element_type=\"section\" data-e-type=\"section\">\n\t\t\t\t\t\t<div class=\"elementor-container elementor-column-gap-custom\">\n\t\t\t\t\t<div class=\"elementor-column elementor-col-50 elementor-top-column elementor-element elementor-element-df63022\" data-id=\"df63022\" data-element_type=\"column\" data-e-type=\"column\">\n\t\t\t<div class=\"elementor-widget-wrap elementor-element-populated\">\n\t\t\t\t\t\t<div class=\"elementor-element elementor-element-9fab09f elementor-widget elementor-widget-image\" data-id=\"9fab09f\" data-element_type=\"widget\" data-e-type=\"widget\" data-widget_type=\"image.default\">\n\t\t\t\t<div class=\"elementor-widget-container\">\n\t\t\t\t\t\t\t\t\t\t\t\t\t\t\t<img decoding=\"async\" width=\"595\" height=\"768\" src=\"https:\/\/artstella-elixirs-floraux.com\/wp-content\/uploads\/xstore\/xstore-placeholder.png\" class=\"attachment-full size-full wp-image-7093 lazyload lazyload-simple et-lazyload-fadeIn\" alt=\"Artstella Eve Apprill\" sizes=\"(max-width: 595px) 100vw, 595px\" data-src=\"https:\/\/artstella-elixirs-floraux.com\/wp-content\/uploads\/2025\/03\/Eve-GP-1.jpg\" data-srcset=\"https:\/\/artstella-elixirs-floraux.com\/wp-content\/uploads\/2025\/03\/Eve-GP-1.jpg 595w, https:\/\/artstella-elixirs-floraux.com\/wp-content\/uploads\/2025\/03\/Eve-GP-1-232x300.jpg 232w, https:\/\/artstella-elixirs-floraux.com\/wp-content\/uploads\/2025\/03\/Eve-GP-1-9x12.jpg 9w, https:\/\/artstella-elixirs-floraux.com\/wp-content\/uploads\/2025\/03\/Eve-GP-1-1x1.jpg 1w, https:\/\/artstella-elixirs-floraux.com\/wp-content\/uploads\/2025\/03\/Eve-GP-1-8x10.jpg 8w\" \/>\t\t\t\t\t\t\t\t\t\t\t\t\t\t\t<\/div>\n\t\t\t\t<\/div>\n\t\t\t\t\t<\/div>\n\t\t<\/div>\n\t\t\t\t<div class=\"elementor-column elementor-col-50 elementor-top-column elementor-element elementor-element-9189682\" data-id=\"9189682\" data-element_type=\"column\" data-e-type=\"column\">\n\t\t\t<div class=\"elementor-widget-wrap elementor-element-populated\">\n\t\t\t\t\t\t<div class=\"elementor-element elementor-element-0c09fe4 elementor-widget elementor-widget-heading\" data-id=\"0c09fe4\" data-element_type=\"widget\" data-e-type=\"widget\" data-widget_type=\"heading.default\">\n\t\t\t\t<div class=\"elementor-widget-container\">\n\t\t\t\t\t<h2 class=\"elementor-heading-title elementor-size-default\">Mon histoire.<\/h2>\t\t\t\t<\/div>\n\t\t\t\t<\/div>\n\t\t\t\t<div class=\"elementor-element elementor-element-36e190f elementor-widget elementor-widget-heading\" data-id=\"36e190f\" data-element_type=\"widget\" data-e-type=\"widget\" data-widget_type=\"heading.default\">\n\t\t\t\t<div class=\"elementor-widget-container\">\n\t\t\t\t\t<h2 class=\"elementor-heading-title elementor-size-default\">Ma rencontre avec les Elixirs Floraux<\/h2>\t\t\t\t<\/div>\n\t\t\t\t<\/div>\n\t\t\t\t<div class=\"elementor-element elementor-element-6f7ae46 elementor-widget elementor-widget-text-editor\" data-id=\"6f7ae46\" data-element_type=\"widget\" data-e-type=\"widget\" data-widget_type=\"text-editor.default\">\n\t\t\t\t<div class=\"elementor-widget-container\">\n\t\t\t\t\t\t\t\t\t<p>J\u2019ai fond\u00e9 Art\u2019Stella dans les ann\u00e9es 90, apr\u00e8s avoir rencontr\u00e9 Andr\u00e9as Korte, le cr\u00e9ateur de PHI et commenc\u00e9 \u00e0 organiser stages et formations avec lui.<\/p>\t\t\t\t\t\t\t\t<\/div>\n\t\t\t\t<\/div>\n\t\t\t\t<div class=\"elementor-element elementor-element-0dacfb2 elementor-widget elementor-widget-text-editor\" data-id=\"0dacfb2\" data-element_type=\"widget\" data-e-type=\"widget\" data-widget_type=\"text-editor.default\">\n\t\t\t\t<div class=\"elementor-widget-container\">\n\t\t\t\t\t\t\t\t\t<p>Je me suis form\u00e9e \u00e0 la pratique des \u00e9lixirs avec lui mais aussi avec Ian White, les \u00e9lixirs du Bush Australien, Steve Johnson, les \u00e9lixirs d\u2019Alaska, Daniel Mapel, les \u00e9lixirs WEAE, les \u00e9lixirs Perelandra avec Fran\u00e7ois Deporte, les \u00e9lixirs du Bloesem Remedie avec Brahm Zaalberg , les \u00e9lixirs Living Tree Orchid de Don Dennis, les \u00e9lixirs Sylfos avec Vincent Belb\u00e8ze, les \u00e9lixirs Deva avec Philippe Deroide&#8230;<\/p>\t\t\t\t\t\t\t\t<\/div>\n\t\t\t\t<\/div>\n\t\t\t\t\t<\/div>\n\t\t<\/div>\n\t\t\t\t\t<\/div>\n\t\t<\/section>\n\t\t\t\t<section class=\"elementor-section elementor-top-section elementor-element elementor-element-981e643 elementor-section-boxed elementor-section-height-default elementor-section-height-default\" data-id=\"981e643\" data-element_type=\"section\" data-e-type=\"section\">\n\t\t\t\t\t\t<div class=\"elementor-container elementor-column-gap-custom\">\n\t\t\t\t\t<div class=\"elementor-column elementor-col-100 elementor-top-column elementor-element elementor-element-aea9252\" data-id=\"aea9252\" data-element_type=\"column\" data-e-type=\"column\">\n\t\t\t<div class=\"elementor-widget-wrap elementor-element-populated\">\n\t\t\t\t\t\t<div class=\"elementor-element elementor-element-f374055 elementor-widget elementor-widget-text-editor\" data-id=\"f374055\" data-element_type=\"widget\" data-e-type=\"widget\" data-widget_type=\"text-editor.default\">\n\t\t\t\t<div class=\"elementor-widget-container\">\n\t\t\t\t\t<span class=\"etheme-ajaxify-lazy-wrapper etheme-ajaxify-replace\" data-type=\"elementor\" data-request=\"WyJlbGVtZW50b3IiLDMxLCI5Yjg2Y2FkMyJd\"><\/span>\t\t\t\t<\/div>\n\t\t\t\t<\/div>\n\t\t\t\t\t<\/div>\n\t\t<\/div>\n\t\t\t\t\t<\/div>\n\t\t<\/section>\n\t\t\t\t<section class=\"elementor-section elementor-top-section elementor-element elementor-element-c0c19b6 elementor-section-stretched elementor-section-boxed elementor-section-height-default elementor-section-height-default\" data-id=\"c0c19b6\" data-element_type=\"section\" data-e-type=\"section\" data-settings=\"{&quot;stretch_section&quot;:&quot;section-stretched&quot;,&quot;background_background&quot;:&quot;classic&quot;}\">\n\t\t\t\t\t\t<div class=\"elementor-container elementor-column-gap-custom\">\n\t\t\t\t\t<div class=\"elementor-column elementor-col-25 elementor-top-column elementor-element elementor-element-b57e8f2\" data-id=\"b57e8f2\" data-element_type=\"column\" data-e-type=\"column\">\n\t\t\t<div class=\"elementor-widget-wrap\">\n\t\t\t\t\t\t\t<\/div>\n\t\t<\/div>\n\t\t\t\t<div class=\"elementor-column elementor-col-25 elementor-top-column elementor-element elementor-element-fab3e65\" data-id=\"fab3e65\" data-element_type=\"column\" data-e-type=\"column\">\n\t\t\t<div class=\"elementor-widget-wrap\">\n\t\t\t\t\t\t\t<\/div>\n\t\t<\/div>\n\t\t\t\t<div class=\"elementor-column elementor-col-25 elementor-top-column elementor-element elementor-element-094d71e\" data-id=\"094d71e\" data-element_type=\"column\" data-e-type=\"column\">\n\t\t\t<div class=\"elementor-widget-wrap\">\n\t\t\t\t\t\t\t<\/div>\n\t\t<\/div>\n\t\t\t\t<div class=\"elementor-column elementor-col-25 elementor-top-column elementor-element elementor-element-55fc9d8\" data-id=\"55fc9d8\" data-element_type=\"column\" data-e-type=\"column\">\n\t\t\t<div class=\"elementor-widget-wrap\">\n\t\t\t\t\t\t\t<\/div>\n\t\t<\/div>\n\t\t\t\t\t<\/div>\n\t\t<\/section>\n\t\t<div class=\"elementor-element elementor-element-f00d71f e-flex e-con-boxed e-con e-parent\" data-id=\"f00d71f\" data-element_type=\"container\" data-e-type=\"container\">\n\t\t\t\t\t<div class=\"e-con-inner\">\n\t\t\t\t\t<\/div>\n\t\t\t\t<\/div>\n\t\t\t\t<\/div>","protected":false},"excerpt":{"rendered":"<p>Mon Histoire Tr\u00e8s vite il m\u2019a sembl\u00e9 utile pour diffuser le message des \u00e9lixirs floraux de proposer ces diff\u00e9rentes gammes dans une boutique \u00e0 Paris&#8230;<\/p>","protected":false},"author":1,"featured_media":0,"parent":0,"menu_order":0,"comment_status":"closed","ping_status":"closed","template":"","meta":{"footnotes":""},"class_list":["post-31","page","type-page","status-publish","hentry"],"jetpack_sharing_enabled":true,"jetpack_shortlink":"https:\/\/wp.me\/PgCxCS-v","jetpack-related-posts":[{"id":7950,"url":"https:\/\/artstella-elixirs-floraux.com\/en\/artstella-actualites\/","url_meta":{"origin":31,"position":0},"title":"Artstella  Actualit\u00e9s","author":"eveapprill","date":"20 March 2025","format":false,"excerpt":"Informations & Prochains Ev\u00eanements STAGE Atelier en pr\u00e9sentiel les 23, 24 et 25 mai\u00a0 17210 Montlieu La GardePossibilit\u00e9 d'\u00eatre cherch\u00e9 \u00e0 la Gare de\u00a0Saint-Mariens - Saint-Yzan\u00a0(trains r\u00e9guliers \u00e0 partir de la gare de Bordeaux Saint Jean)Logement possible \u00e0 proximit\u00e9 en Maison d'h\u00f4te\u00a0Renseignements et r\u00e9servation Art'Stella Eve Apprill : 05 46\u2026","rel":"","context":"Similar post","block_context":{"text":"Similar post","link":""},"img":{"alt_text":"Artstella-elixirs-floraux-1","src":"https:\/\/i0.wp.com\/artstella-elixirs-floraux.com\/wp-content\/uploads\/2025\/03\/Artstella-elixirs-floraux-1-1536x400.jpg?resize=350%2C200&ssl=1","width":350,"height":200,"srcset":"https:\/\/i0.wp.com\/artstella-elixirs-floraux.com\/wp-content\/uploads\/2025\/03\/Artstella-elixirs-floraux-1-1536x400.jpg?resize=350%2C200&ssl=1 1x, https:\/\/i0.wp.com\/artstella-elixirs-floraux.com\/wp-content\/uploads\/2025\/03\/Artstella-elixirs-floraux-1-1536x400.jpg?resize=525%2C300&ssl=1 1.5x, https:\/\/i0.wp.com\/artstella-elixirs-floraux.com\/wp-content\/uploads\/2025\/03\/Artstella-elixirs-floraux-1-1536x400.jpg?resize=700%2C400&ssl=1 2x, https:\/\/i0.wp.com\/artstella-elixirs-floraux.com\/wp-content\/uploads\/2025\/03\/Artstella-elixirs-floraux-1-1536x400.jpg?resize=1050%2C600&ssl=1 3x"},"classes":[]},{"id":7441,"url":"https:\/\/artstella-elixirs-floraux.com\/en\/commander\/","url_meta":{"origin":31,"position":1},"title":"Validation de la commande","author":"eveapprill","date":"17 March 2025","format":false,"excerpt":"","rel":"","context":"Similar post","block_context":{"text":"Similar post","link":""},"img":{"alt_text":"Artstella-elixirs-floraux-1","src":"https:\/\/i0.wp.com\/artstella-elixirs-floraux.com\/wp-content\/uploads\/2025\/03\/Artstella-elixirs-floraux-1.jpg?resize=350%2C200&ssl=1","width":350,"height":200,"srcset":"https:\/\/i0.wp.com\/artstella-elixirs-floraux.com\/wp-content\/uploads\/2025\/03\/Artstella-elixirs-floraux-1.jpg?resize=350%2C200&ssl=1 1x, https:\/\/i0.wp.com\/artstella-elixirs-floraux.com\/wp-content\/uploads\/2025\/03\/Artstella-elixirs-floraux-1.jpg?resize=525%2C300&ssl=1 1.5x, https:\/\/i0.wp.com\/artstella-elixirs-floraux.com\/wp-content\/uploads\/2025\/03\/Artstella-elixirs-floraux-1.jpg?resize=700%2C400&ssl=1 2x, https:\/\/i0.wp.com\/artstella-elixirs-floraux.com\/wp-content\/uploads\/2025\/03\/Artstella-elixirs-floraux-1.jpg?resize=1050%2C600&ssl=1 3x, https:\/\/i0.wp.com\/artstella-elixirs-floraux.com\/wp-content\/uploads\/2025\/03\/Artstella-elixirs-floraux-1.jpg?resize=1400%2C800&ssl=1 4x"},"classes":[]},{"id":7442,"url":"https:\/\/artstella-elixirs-floraux.com\/en\/mon-compte-2\/","url_meta":{"origin":31,"position":2},"title":"Mon compte","author":"eveapprill","date":"17 March 2025","format":false,"excerpt":"","rel":"","context":"Similar post","block_context":{"text":"Similar post","link":""},"img":{"alt_text":"Artstella-elixirs-floraux-1","src":"https:\/\/i0.wp.com\/artstella-elixirs-floraux.com\/wp-content\/uploads\/2025\/03\/Artstella-elixirs-floraux-1-1536x400.jpg?resize=350%2C200&ssl=1","width":350,"height":200,"srcset":"https:\/\/i0.wp.com\/artstella-elixirs-floraux.com\/wp-content\/uploads\/2025\/03\/Artstella-elixirs-floraux-1-1536x400.jpg?resize=350%2C200&ssl=1 1x, https:\/\/i0.wp.com\/artstella-elixirs-floraux.com\/wp-content\/uploads\/2025\/03\/Artstella-elixirs-floraux-1-1536x400.jpg?resize=525%2C300&ssl=1 1.5x, https:\/\/i0.wp.com\/artstella-elixirs-floraux.com\/wp-content\/uploads\/2025\/03\/Artstella-elixirs-floraux-1-1536x400.jpg?resize=700%2C400&ssl=1 2x, https:\/\/i0.wp.com\/artstella-elixirs-floraux.com\/wp-content\/uploads\/2025\/03\/Artstella-elixirs-floraux-1-1536x400.jpg?resize=1050%2C600&ssl=1 3x"},"classes":[]},{"id":7967,"url":"https:\/\/artstella-elixirs-floraux.com\/en\/stages-ateliers\/","url_meta":{"origin":31,"position":3},"title":"Stages &amp; Ateliers","author":"eveapprill","date":"25 March 2025","format":false,"excerpt":"Stages & Atelliers Nous organisons r\u00e8guli\u00e8rement des stages et des atelier sur l'utilisations des elixirs floraux\u00a0 rest\u00e9 inform\u00e9 de prochain \u00e9v\u00eanements. pour vous inscrire et y participer Atelier par ZOOM Pour vous inscrire sur l'image","rel":"","context":"Similar post","block_context":{"text":"Similar post","link":""},"img":{"alt_text":"","src":"https:\/\/i0.wp.com\/artstella-elixirs-floraux.com\/wp-content\/uploads\/2026\/03\/chakras.png?resize=350%2C200&ssl=1","width":350,"height":200},"classes":[]},{"id":7450,"url":"https:\/\/artstella-elixirs-floraux.com\/en\/pro\/","url_meta":{"origin":31,"position":4},"title":"Pro","author":"eveapprill","date":"17 March 2025","format":false,"excerpt":"Enregistrement Compte Professionnel \u00a0","rel":"","context":"Similar post","block_context":{"text":"Similar post","link":""},"img":{"alt_text":"Artstella-elixirs-floraux-1","src":"https:\/\/i0.wp.com\/artstella-elixirs-floraux.com\/wp-content\/uploads\/2025\/03\/Artstella-elixirs-floraux-1-1536x400.jpg?resize=350%2C200&ssl=1","width":350,"height":200,"srcset":"https:\/\/i0.wp.com\/artstella-elixirs-floraux.com\/wp-content\/uploads\/2025\/03\/Artstella-elixirs-floraux-1-1536x400.jpg?resize=350%2C200&ssl=1 1x, https:\/\/i0.wp.com\/artstella-elixirs-floraux.com\/wp-content\/uploads\/2025\/03\/Artstella-elixirs-floraux-1-1536x400.jpg?resize=525%2C300&ssl=1 1.5x, https:\/\/i0.wp.com\/artstella-elixirs-floraux.com\/wp-content\/uploads\/2025\/03\/Artstella-elixirs-floraux-1-1536x400.jpg?resize=700%2C400&ssl=1 2x, https:\/\/i0.wp.com\/artstella-elixirs-floraux.com\/wp-content\/uploads\/2025\/03\/Artstella-elixirs-floraux-1-1536x400.jpg?resize=1050%2C600&ssl=1 3x"},"classes":[]},{"id":6778,"url":"https:\/\/artstella-elixirs-floraux.com\/en\/mentions-legales\/","url_meta":{"origin":31,"position":5},"title":"Mentions l\u00e9gales","author":"eveapprill","date":"11 March 2025","format":false,"excerpt":"Art\u2019Stella SARL Art\u2019Stella SARL capital 8000\u20ac66 avenue de Saint Mand\u00e975012 Paris tel 01 42 71 11 78Siret : 483 649 927 00025code APE 4729ZTVA FR28 483 649 927 artstella-elixirs- floraux","rel":"","context":"Similar post","block_context":{"text":"Similar post","link":""},"img":{"alt_text":"artstella-elixirs- floraux","src":"https:\/\/i0.wp.com\/artstella-elixirs-floraux.com\/wp-content\/uploads\/2025\/03\/artstella-elixirs-floraux-scaled-e1741560754232.webp?resize=350%2C200&ssl=1","width":350,"height":200,"srcset":"https:\/\/i0.wp.com\/artstella-elixirs-floraux.com\/wp-content\/uploads\/2025\/03\/artstella-elixirs-floraux-scaled-e1741560754232.webp?resize=350%2C200&ssl=1 1x, https:\/\/i0.wp.com\/artstella-elixirs-floraux.com\/wp-content\/uploads\/2025\/03\/artstella-elixirs-floraux-scaled-e1741560754232.webp?resize=525%2C300&ssl=1 1.5x, https:\/\/i0.wp.com\/artstella-elixirs-floraux.com\/wp-content\/uploads\/2025\/03\/artstella-elixirs-floraux-scaled-e1741560754232.webp?resize=700%2C400&ssl=1 2x, https:\/\/i0.wp.com\/artstella-elixirs-floraux.com\/wp-content\/uploads\/2025\/03\/artstella-elixirs-floraux-scaled-e1741560754232.webp?resize=1050%2C600&ssl=1 3x"},"classes":[]}],"_links":{"self":[{"href":"https:\/\/artstella-elixirs-floraux.com\/en\/wp-json\/wp\/v2\/pages\/31","targetHints":{"allow":["GET"]}}],"collection":[{"href":"https:\/\/artstella-elixirs-floraux.com\/en\/wp-json\/wp\/v2\/pages"}],"about":[{"href":"https:\/\/artstella-elixirs-floraux.com\/en\/wp-json\/wp\/v2\/types\/page"}],"author":[{"embeddable":true,"href":"https:\/\/artstella-elixirs-floraux.com\/en\/wp-json\/wp\/v2\/users\/1"}],"replies":[{"embeddable":true,"href":"https:\/\/artstella-elixirs-floraux.com\/en\/wp-json\/wp\/v2\/comments?post=31"}],"version-history":[{"count":0,"href":"https:\/\/artstella-elixirs-floraux.com\/en\/wp-json\/wp\/v2\/pages\/31\/revisions"}],"wp:attachment":[{"href":"https:\/\/artstella-elixirs-floraux.com\/en\/wp-json\/wp\/v2\/media?parent=31"}],"curies":[{"name":"wp","href":"https:\/\/api.w.org\/{rel}","templated":true}]}}