{"id":6770,"date":"2025-03-11T15:11:39","date_gmt":"2025-03-11T15:11:39","guid":{"rendered":"https:\/\/artstella-elixirs-floraux.com\/?page_id=6770"},"modified":"2025-03-11T15:11:40","modified_gmt":"2025-03-11T15:11:40","slug":"livraison","status":"publish","type":"page","link":"https:\/\/artstella-elixirs-floraux.com\/en\/livraison\/","title":{"rendered":"Livraison"},"content":{"rendered":"<h1 class=\"wp-block-heading\">Le transport de votre colis<\/h1>\n\n\n\n<h2 class=\"wp-block-heading\">Exp\u00e9dition<\/h2>\n\n\n\n<p>Les colis sont g\u00e9n\u00e9ralement exp\u00e9di\u00e9s en 48h apr\u00e8s r\u00e9ception de votre paiement. Le mode d&rsquo;exp\u00e9dition standard est le Colissimo suivi, remis sans signature. Si vous souhaitez une remise avec signature, un co\u00fbt suppl\u00e9mentaire s&rsquo;applique, merci de nous contacter. Quel que soit le mode d&rsquo;exp\u00e9dition choisi, nous vous fournirons d\u00e8s que possible un lien qui vous permettra de suivre en ligne la livraison de votre colis.<\/p>\n\n\n\n<p>Les frais d&rsquo;exp\u00e9dition comprennent l&#8217;emballage, la manutention et les frais postaux. Ils peuvent contenir une partie fixe et une partie variable en fonction du prix ou du poids de votre commande. Nous vous conseillons de regrouper vos achats en une unique commande. Nous ne pouvons pas grouper deux commandes distinctes et vous devrez vous acquitter des frais de port pour chacune d&rsquo;entre elles. Votre colis est exp\u00e9di\u00e9 \u00e0 vos propres risques, un soin particulier est apport\u00e9 au colis contenant des produits fragiles..<br><br>Les colis sont surdimensionn\u00e9s et prot\u00e9g\u00e9s.<\/p>","protected":false},"excerpt":{"rendered":"<p>Le transport de votre colis Exp\u00e9dition Les colis sont g\u00e9n\u00e9ralement exp\u00e9di\u00e9s en 48h apr\u00e8s r\u00e9ception de votre paiement. Le mode d&rsquo;exp\u00e9dition standard est le Colissimo&#8230;<\/p>","protected":false},"author":1,"featured_media":0,"parent":0,"menu_order":0,"comment_status":"closed","ping_status":"closed","template":"","meta":{"footnotes":""},"class_list":["post-6770","page","type-page","status-publish","hentry"],"jetpack_sharing_enabled":true,"jetpack_shortlink":"https:\/\/wp.me\/PgCxCS-1Lc","jetpack-related-posts":[{"id":6803,"url":"https:\/\/artstella-elixirs-floraux.com\/en\/conditions-generales-de-ventes\/","url_meta":{"origin":6770,"position":0},"title":"Conditions G\u00e9n\u00e9rales de Ventes","author":"eveapprill","date":"11 March 2025","format":false,"excerpt":"Conditions Generales de ventes PR\u00c9AMBULE Les pr\u00e9sentes conditions sont conclues entre, d'une part, la soci\u00e9t\u00e9 Art\u2019Stella SARL, inscrite au Registre du Commerce de Paris \u2013 siret : 483 649 927 00025 - TVA intracommunautaire : FR28483649927 - Capital social : 8000\u20ac Si\u00e9ge social : 66, avenue de saint Mand\u00e9 75012\u2026","rel":"","context":"Similar post","block_context":{"text":"Similar post","link":""},"img":{"alt_text":"","src":"","width":0,"height":0},"classes":[]},{"id":1766,"url":"https:\/\/artstella-elixirs-floraux.com\/en\/remboursement_-et_-retour\/","url_meta":{"origin":6770,"position":1},"title":"Remboursement et retour","author":"eveapprill","date":"12 March 2025","format":false,"excerpt":"Vue d'ensemble Notre politique de remboursement et de retour dure 30 jours. Si 30 jours se sont \u00e9coul\u00e9s depuis votre achat, nous ne pouvons pas vous offrir un remboursement complet ou un \u00e9change. Pour pouvoir \u00eatre retourn\u00e9, votre article doit \u00eatre inutilis\u00e9 et dans le m\u00eame \u00e9tat que celui dans\u2026","rel":"","context":"Similar post","block_context":{"text":"Similar post","link":""},"img":{"alt_text":"","src":"","width":0,"height":0},"classes":[]},{"id":7439,"url":"https:\/\/artstella-elixirs-floraux.com\/en\/panier\/","url_meta":{"origin":6770,"position":2},"title":"Panier","author":"eveapprill","date":"17 March 2025","format":false,"excerpt":"Produit Prix SKU Quantit\u00e9 total AMANITE TUE MOUCHE 15 ML PHI - 15 ml volume: 15 ml quantit\u00e9 de AMANITE TUE MOUCHE 15 ML PHI - 15 ml \u00d7\u00a014.70\u00a0\u20ac total: 14.70\u00a0\u20ac Remove 14.70\u00a0\u20ac PHI011300415 quantit\u00e9 de AMANITE TUE MOUCHE 15 ML PHI - 15 ml 14.70\u00a0\u20ac Coupon: Clear shopping cart\u2026","rel":"","context":"Similar post","block_context":{"text":"Similar post","link":""},"img":{"alt_text":"AMANITE TUE MOUCHE 15 ML PHI<span> - <\/span>15 ml","src":"https:\/\/i0.wp.com\/artstella-elixirs-floraux.com\/wp-content\/uploads\/2025\/03\/wp-image316.png?resize=350%2C200&ssl=1","width":350,"height":200},"classes":[]},{"id":7441,"url":"https:\/\/artstella-elixirs-floraux.com\/en\/commander\/","url_meta":{"origin":6770,"position":3},"title":"Validation de la commande","author":"eveapprill","date":"17 March 2025","format":false,"excerpt":"","rel":"","context":"Similar post","block_context":{"text":"Similar post","link":""},"img":{"alt_text":"Artstella-elixirs-floraux-1","src":"https:\/\/i0.wp.com\/artstella-elixirs-floraux.com\/wp-content\/uploads\/2025\/03\/Artstella-elixirs-floraux-1.jpg?resize=350%2C200&ssl=1","width":350,"height":200,"srcset":"https:\/\/i0.wp.com\/artstella-elixirs-floraux.com\/wp-content\/uploads\/2025\/03\/Artstella-elixirs-floraux-1.jpg?resize=350%2C200&ssl=1 1x, https:\/\/i0.wp.com\/artstella-elixirs-floraux.com\/wp-content\/uploads\/2025\/03\/Artstella-elixirs-floraux-1.jpg?resize=525%2C300&ssl=1 1.5x, https:\/\/i0.wp.com\/artstella-elixirs-floraux.com\/wp-content\/uploads\/2025\/03\/Artstella-elixirs-floraux-1.jpg?resize=700%2C400&ssl=1 2x, https:\/\/i0.wp.com\/artstella-elixirs-floraux.com\/wp-content\/uploads\/2025\/03\/Artstella-elixirs-floraux-1.jpg?resize=1050%2C600&ssl=1 3x, https:\/\/i0.wp.com\/artstella-elixirs-floraux.com\/wp-content\/uploads\/2025\/03\/Artstella-elixirs-floraux-1.jpg?resize=1400%2C800&ssl=1 4x"},"classes":[]},{"id":7950,"url":"https:\/\/artstella-elixirs-floraux.com\/en\/artstella-actualites\/","url_meta":{"origin":6770,"position":4},"title":"Artstella  Actualit\u00e9s","author":"eveapprill","date":"20 March 2025","format":false,"excerpt":"Informations & Prochains Ev\u00eanements STAGE Atelier en pr\u00e9sentiel les 23, 24 et 25 mai\u00a0 17210 Montlieu La GardePossibilit\u00e9 d'\u00eatre cherch\u00e9 \u00e0 la Gare de\u00a0Saint-Mariens - Saint-Yzan\u00a0(trains r\u00e9guliers \u00e0 partir de la gare de Bordeaux Saint Jean)Logement possible \u00e0 proximit\u00e9 en Maison d'h\u00f4te\u00a0Renseignements et r\u00e9servation Art'Stella Eve Apprill : 05 46\u2026","rel":"","context":"Similar post","block_context":{"text":"Similar post","link":""},"img":{"alt_text":"Artstella-elixirs-floraux-1","src":"https:\/\/i0.wp.com\/artstella-elixirs-floraux.com\/wp-content\/uploads\/2025\/03\/Artstella-elixirs-floraux-1-1536x400.jpg?resize=350%2C200&ssl=1","width":350,"height":200,"srcset":"https:\/\/i0.wp.com\/artstella-elixirs-floraux.com\/wp-content\/uploads\/2025\/03\/Artstella-elixirs-floraux-1-1536x400.jpg?resize=350%2C200&ssl=1 1x, https:\/\/i0.wp.com\/artstella-elixirs-floraux.com\/wp-content\/uploads\/2025\/03\/Artstella-elixirs-floraux-1-1536x400.jpg?resize=525%2C300&ssl=1 1.5x, https:\/\/i0.wp.com\/artstella-elixirs-floraux.com\/wp-content\/uploads\/2025\/03\/Artstella-elixirs-floraux-1-1536x400.jpg?resize=700%2C400&ssl=1 2x, https:\/\/i0.wp.com\/artstella-elixirs-floraux.com\/wp-content\/uploads\/2025\/03\/Artstella-elixirs-floraux-1-1536x400.jpg?resize=1050%2C600&ssl=1 3x"},"classes":[]},{"id":3,"url":"https:\/\/artstella-elixirs-floraux.com\/en\/politique-de-confidentialite\/","url_meta":{"origin":6770,"position":5},"title":"Politique de confidentialit\u00e9","author":"eveapprill","date":"9 March 2025","format":false,"excerpt":"Qui sommes-nous ? L'adresse de notre site web est : https:\/\/artstella-elixirs-floraux.fr : Commentaires Lorsque les visiteurs laissent des commentaires sur le site, nous recueillons les donn\u00e9es figurant dans le formulaire de commentaires, ainsi que l'adresse IP du visiteur et la cha\u00eene de l'agent utilisateur du navigateur afin de faciliter la\u2026","rel":"","context":"Similar post","block_context":{"text":"Similar post","link":""},"img":{"alt_text":"","src":"","width":0,"height":0},"classes":[]}],"_links":{"self":[{"href":"https:\/\/artstella-elixirs-floraux.com\/en\/wp-json\/wp\/v2\/pages\/6770","targetHints":{"allow":["GET"]}}],"collection":[{"href":"https:\/\/artstella-elixirs-floraux.com\/en\/wp-json\/wp\/v2\/pages"}],"about":[{"href":"https:\/\/artstella-elixirs-floraux.com\/en\/wp-json\/wp\/v2\/types\/page"}],"author":[{"embeddable":true,"href":"https:\/\/artstella-elixirs-floraux.com\/en\/wp-json\/wp\/v2\/users\/1"}],"replies":[{"embeddable":true,"href":"https:\/\/artstella-elixirs-floraux.com\/en\/wp-json\/wp\/v2\/comments?post=6770"}],"version-history":[{"count":0,"href":"https:\/\/artstella-elixirs-floraux.com\/en\/wp-json\/wp\/v2\/pages\/6770\/revisions"}],"wp:attachment":[{"href":"https:\/\/artstella-elixirs-floraux.com\/en\/wp-json\/wp\/v2\/media?parent=6770"}],"curies":[{"name":"wp","href":"https:\/\/api.w.org\/{rel}","templated":true}]}}