{"id":7442,"date":"2025-03-17T12:54:10","date_gmt":"2025-03-17T12:54:10","guid":{"rendered":"https:\/\/artstella-elixirs-floraux.com\/mon-compte-2\/"},"modified":"2025-03-18T09:00:02","modified_gmt":"2025-03-18T09:00:02","slug":"mon-compte-2","status":"publish","type":"page","link":"https:\/\/artstella-elixirs-floraux.com\/en\/mon-compte-2\/","title":{"rendered":"Mon compte"},"content":{"rendered":"<div data-elementor-type=\"wp-page\" data-elementor-id=\"7442\" class=\"elementor elementor-7442\" data-elementor-post-type=\"page\">\n\t\t\t\t<div class=\"elementor-element elementor-element-36f9bd4a e-flex e-con-boxed e-con e-parent\" data-id=\"36f9bd4a\" data-element_type=\"container\" data-e-type=\"container\">\n\t\t\t\t\t<div class=\"e-con-inner\">\n\t\t\t\t<div class=\"elementor-element elementor-element-a7a7df5 elementor-widget elementor-widget-image\" data-id=\"a7a7df5\" data-element_type=\"widget\" data-e-type=\"widget\" data-widget_type=\"image.default\">\n\t\t\t\t<div class=\"elementor-widget-container\">\n\t\t\t\t\t\t\t\t\t\t\t\t\t\t\t<img decoding=\"async\" width=\"1536\" height=\"400\" src=\"https:\/\/artstella-elixirs-floraux.com\/wp-content\/uploads\/elementor\/thumbs\/xstore-placeholder-r7g9ctsqh6uhvex6144b0vvnl4upye24abhhig6aqw.png\" class=\"attachment-1536x1536 size-1536x1536 wp-image-7413 lazyload lazyload-simple et-lazyload-fadeIn\" alt=\"Artstella-elixirs-floraux-1\" sizes=\"(max-width: 1536px) 100vw, 1536px\" data-src=\"https:\/\/artstella-elixirs-floraux.com\/wp-content\/uploads\/2025\/03\/Artstella-elixirs-floraux-1-1536x400.jpg\" data-srcset=\"https:\/\/artstella-elixirs-floraux.com\/wp-content\/uploads\/2025\/03\/Artstella-elixirs-floraux-1-1536x400.jpg 1536w, https:\/\/artstella-elixirs-floraux.com\/wp-content\/uploads\/2025\/03\/Artstella-elixirs-floraux-1-300x78.jpg 300w, https:\/\/artstella-elixirs-floraux.com\/wp-content\/uploads\/2025\/03\/Artstella-elixirs-floraux-1-1024x267.jpg 1024w, https:\/\/artstella-elixirs-floraux.com\/wp-content\/uploads\/2025\/03\/Artstella-elixirs-floraux-1-768x200.jpg 768w, https:\/\/artstella-elixirs-floraux.com\/wp-content\/uploads\/2025\/03\/Artstella-elixirs-floraux-1-18x5.jpg 18w, https:\/\/artstella-elixirs-floraux.com\/wp-content\/uploads\/2025\/03\/Artstella-elixirs-floraux-1-600x156.jpg 600w, https:\/\/artstella-elixirs-floraux.com\/wp-content\/uploads\/2025\/03\/Artstella-elixirs-floraux-1-1x1.jpg 1w, https:\/\/artstella-elixirs-floraux.com\/wp-content\/uploads\/2025\/03\/Artstella-elixirs-floraux-1-10x3.jpg 10w, https:\/\/artstella-elixirs-floraux.com\/wp-content\/uploads\/2025\/03\/Artstella-elixirs-floraux-1.jpg 1600w\" \/>\t\t\t\t\t\t\t\t\t\t\t\t\t\t\t<\/div>\n\t\t\t\t<\/div>\n\t\t\t\t<div class=\"elementor-element elementor-element-46b8dbec elementor-widget elementor-widget-text-editor\" data-id=\"46b8dbec\" data-element_type=\"widget\" data-e-type=\"widget\" data-widget_type=\"text-editor.default\">\n\t\t\t\t<div class=\"elementor-widget-container\">\n\t\t\t\t\t\t\t\t\t<p><div class=\"woocommerce\"><\/div>\n<\/p>\t\t\t\t\t\t\t\t<\/div>\n\t\t\t\t<\/div>\n\t\t\t\t\t<\/div>\n\t\t\t\t<\/div>\n\t\t\t\t<\/div>","protected":false},"excerpt":{"rendered":"","protected":false},"author":1,"featured_media":0,"parent":0,"menu_order":0,"comment_status":"closed","ping_status":"closed","template":"","meta":{"footnotes":""},"class_list":["post-7442","page","type-page","status-publish","hentry"],"jetpack_sharing_enabled":true,"jetpack_shortlink":"https:\/\/wp.me\/PgCxCS-1W2","jetpack-related-posts":[{"id":7430,"url":"https:\/\/artstella-elixirs-floraux.com\/en\/compte-pro\/","url_meta":{"origin":7442,"position":0},"title":"Compte Pro","author":"eveapprill","date":"15 March 2025","format":false,"excerpt":"Ouvrir un compte professionnel ou revendeur","rel":"","context":"Similar post","block_context":{"text":"Similar post","link":""},"img":{"alt_text":"Artstella-elixirs-floraux-1","src":"https:\/\/i0.wp.com\/artstella-elixirs-floraux.com\/wp-content\/uploads\/2025\/03\/Artstella-elixirs-floraux-1-1536x400.jpg?resize=350%2C200&ssl=1","width":350,"height":200,"srcset":"https:\/\/i0.wp.com\/artstella-elixirs-floraux.com\/wp-content\/uploads\/2025\/03\/Artstella-elixirs-floraux-1-1536x400.jpg?resize=350%2C200&ssl=1 1x, https:\/\/i0.wp.com\/artstella-elixirs-floraux.com\/wp-content\/uploads\/2025\/03\/Artstella-elixirs-floraux-1-1536x400.jpg?resize=525%2C300&ssl=1 1.5x, https:\/\/i0.wp.com\/artstella-elixirs-floraux.com\/wp-content\/uploads\/2025\/03\/Artstella-elixirs-floraux-1-1536x400.jpg?resize=700%2C400&ssl=1 2x, https:\/\/i0.wp.com\/artstella-elixirs-floraux.com\/wp-content\/uploads\/2025\/03\/Artstella-elixirs-floraux-1-1536x400.jpg?resize=1050%2C600&ssl=1 3x"},"classes":[]},{"id":7450,"url":"https:\/\/artstella-elixirs-floraux.com\/en\/pro\/","url_meta":{"origin":7442,"position":1},"title":"Pro","author":"eveapprill","date":"17 March 2025","format":false,"excerpt":"Enregistrement Compte Professionnel \u00a0","rel":"","context":"Similar post","block_context":{"text":"Similar post","link":""},"img":{"alt_text":"Artstella-elixirs-floraux-1","src":"https:\/\/i0.wp.com\/artstella-elixirs-floraux.com\/wp-content\/uploads\/2025\/03\/Artstella-elixirs-floraux-1-1536x400.jpg?resize=350%2C200&ssl=1","width":350,"height":200,"srcset":"https:\/\/i0.wp.com\/artstella-elixirs-floraux.com\/wp-content\/uploads\/2025\/03\/Artstella-elixirs-floraux-1-1536x400.jpg?resize=350%2C200&ssl=1 1x, https:\/\/i0.wp.com\/artstella-elixirs-floraux.com\/wp-content\/uploads\/2025\/03\/Artstella-elixirs-floraux-1-1536x400.jpg?resize=525%2C300&ssl=1 1.5x, https:\/\/i0.wp.com\/artstella-elixirs-floraux.com\/wp-content\/uploads\/2025\/03\/Artstella-elixirs-floraux-1-1536x400.jpg?resize=700%2C400&ssl=1 2x, https:\/\/i0.wp.com\/artstella-elixirs-floraux.com\/wp-content\/uploads\/2025\/03\/Artstella-elixirs-floraux-1-1536x400.jpg?resize=1050%2C600&ssl=1 3x"},"classes":[]},{"id":3,"url":"https:\/\/artstella-elixirs-floraux.com\/en\/politique-de-confidentialite\/","url_meta":{"origin":7442,"position":2},"title":"Politique de confidentialit\u00e9","author":"eveapprill","date":"9 March 2025","format":false,"excerpt":"Qui sommes-nous ? L'adresse de notre site web est : https:\/\/artstella-elixirs-floraux.fr : Commentaires Lorsque les visiteurs laissent des commentaires sur le site, nous recueillons les donn\u00e9es figurant dans le formulaire de commentaires, ainsi que l'adresse IP du visiteur et la cha\u00eene de l'agent utilisateur du navigateur afin de faciliter la\u2026","rel":"","context":"Similar post","block_context":{"text":"Similar post","link":""},"img":{"alt_text":"","src":"","width":0,"height":0},"classes":[]},{"id":6803,"url":"https:\/\/artstella-elixirs-floraux.com\/en\/conditions-generales-de-ventes\/","url_meta":{"origin":7442,"position":3},"title":"Conditions G\u00e9n\u00e9rales de Ventes","author":"eveapprill","date":"11 March 2025","format":false,"excerpt":"Conditions Generales de ventes PR\u00c9AMBULE Les pr\u00e9sentes conditions sont conclues entre, d'une part, la soci\u00e9t\u00e9 Art\u2019Stella SARL, inscrite au Registre du Commerce de Paris \u2013 siret : 483 649 927 00025 - TVA intracommunautaire : FR28483649927 - Capital social : 8000\u20ac Si\u00e9ge social : 66, avenue de saint Mand\u00e9 75012\u2026","rel":"","context":"Similar post","block_context":{"text":"Similar post","link":""},"img":{"alt_text":"","src":"","width":0,"height":0},"classes":[]},{"id":1766,"url":"https:\/\/artstella-elixirs-floraux.com\/en\/remboursement_-et_-retour\/","url_meta":{"origin":7442,"position":4},"title":"Remboursement et retour","author":"eveapprill","date":"12 March 2025","format":false,"excerpt":"Vue d'ensemble Notre politique de remboursement et de retour dure 30 jours. Si 30 jours se sont \u00e9coul\u00e9s depuis votre achat, nous ne pouvons pas vous offrir un remboursement complet ou un \u00e9change. Pour pouvoir \u00eatre retourn\u00e9, votre article doit \u00eatre inutilis\u00e9 et dans le m\u00eame \u00e9tat que celui dans\u2026","rel":"","context":"Similar post","block_context":{"text":"Similar post","link":""},"img":{"alt_text":"","src":"","width":0,"height":0},"classes":[]}],"_links":{"self":[{"href":"https:\/\/artstella-elixirs-floraux.com\/en\/wp-json\/wp\/v2\/pages\/7442","targetHints":{"allow":["GET"]}}],"collection":[{"href":"https:\/\/artstella-elixirs-floraux.com\/en\/wp-json\/wp\/v2\/pages"}],"about":[{"href":"https:\/\/artstella-elixirs-floraux.com\/en\/wp-json\/wp\/v2\/types\/page"}],"author":[{"embeddable":true,"href":"https:\/\/artstella-elixirs-floraux.com\/en\/wp-json\/wp\/v2\/users\/1"}],"replies":[{"embeddable":true,"href":"https:\/\/artstella-elixirs-floraux.com\/en\/wp-json\/wp\/v2\/comments?post=7442"}],"version-history":[{"count":0,"href":"https:\/\/artstella-elixirs-floraux.com\/en\/wp-json\/wp\/v2\/pages\/7442\/revisions"}],"wp:attachment":[{"href":"https:\/\/artstella-elixirs-floraux.com\/en\/wp-json\/wp\/v2\/media?parent=7442"}],"curies":[{"name":"wp","href":"https:\/\/api.w.org\/{rel}","templated":true}]}}