{"id":11308,"date":"2025-08-31T16:49:17","date_gmt":"2025-08-31T16:49:17","guid":{"rendered":"https:\/\/artstella-elixirs-floraux.com\/?post_type=product&#038;p=11308"},"modified":"2025-08-31T19:50:54","modified_gmt":"2025-08-31T19:50:54","slug":"calling-all-angels-appeler-tous-les-anges-spray","status":"publish","type":"product","link":"https:\/\/artstella-elixirs-floraux.com\/en\/product\/calling-all-angels-appeler-tous-les-anges-spray\/","title":{"rendered":"Calling All Angels &#8211; Appeler tous les Anges-  Spray"},"content":{"rendered":"<p>Le spray <strong>Calling All Angels<\/strong> apporte une \u00e9nergie sacr\u00e9e et paisible \u00e0 notre environnement, o\u00f9 que nous nous trouvions. Les enfants adorent en vaporiser leur chambre avant de dormir, pour cr\u00e9er un sentiment de protection et s&rsquo;assurer un sommeil profond et r\u00e9parateur.<\/p>","protected":false},"excerpt":{"rendered":"<p>Le spray Calling All Angels apporte une \u00e9nergie sacr\u00e9e et paisible \u00e0 notre environnement, o\u00f9 que nous nous trouvions. Les enfants adorent en vaporiser leur&#8230;<\/p>","protected":false},"featured_media":11311,"template":"","meta":[],"product_brand":[],"product_cat":[155],"product_tag":[],"class_list":{"0":"post-11308","1":"product","2":"type-product","3":"status-publish","4":"has-post-thumbnail","6":"product_cat-combinaisons-sprays","8":"first","9":"instock","10":"taxable","11":"shipping-taxable","12":"purchasable","13":"product-type-variable"},"etheme_brands":{"errors":{"invalid_taxonomy":["Invalid taxonomy."]},"error_data":[]},"jetpack_sharing_enabled":true,"jetpack-related-posts":[{"id":2684,"url":"https:\/\/artstella-elixirs-floraux.com\/en\/product\/calling-all-angels\/","url_meta":{"origin":11308,"position":0},"title":"CALLING ALL ANGELS","author":"eveapprill","date":"9 March 2025","format":false,"excerpt":"Calling all angels (Appeler tous les anges) existe en gouttes et en\u00a0 spray.\u00a0 Contient: Angelica . Chalice Well Chiming Bells\u00a0 Permet d\u2019entrer en contact avec l\u2019amour, la guidance et la protection du royaume ang\u00e9lique. Elle apporte une \u00e9nergie tr\u00e8s douce, d\u2019amour et de s\u00e9r\u00e9nit\u00e9 dans le c\u0153ur, mais aussi au\u2026","rel":"","context":"Similar post","block_context":{"text":"Similar post","link":""},"img":{"alt_text":"","src":"https:\/\/i0.wp.com\/artstella-elixirs-floraux.com\/wp-content\/uploads\/2025\/03\/7e939754-d789-483b-a32f-953a566601f4.jpg?resize=350%2C200&ssl=1","width":350,"height":200,"srcset":"https:\/\/i0.wp.com\/artstella-elixirs-floraux.com\/wp-content\/uploads\/2025\/03\/7e939754-d789-483b-a32f-953a566601f4.jpg?resize=350%2C200&ssl=1 1x, https:\/\/i0.wp.com\/artstella-elixirs-floraux.com\/wp-content\/uploads\/2025\/03\/7e939754-d789-483b-a32f-953a566601f4.jpg?resize=525%2C300&ssl=1 1.5x, https:\/\/i0.wp.com\/artstella-elixirs-floraux.com\/wp-content\/uploads\/2025\/03\/7e939754-d789-483b-a32f-953a566601f4.jpg?resize=700%2C400&ssl=1 2x"},"classes":[]},{"id":4603,"url":"https:\/\/artstella-elixirs-floraux.com\/en\/product\/coffret-4sprays-espace-sacre-120-ml\/","url_meta":{"origin":11308,"position":1},"title":"COFFRET 4 SPRAYS ESPACE SACRE 120 ML","author":"eveapprill","date":"9 March 2025","format":false,"excerpt":"COFFRET 4SPRAYS ESPACE SACRE 120 ML Purification pour \"nettoyer\" \u00e9nerg\u00e9tiquement une pi\u00e8ce. Guardian pour invoquer une \u00e9nergie de protection dans l\u2019espace. Calling All Angels pour les pi\u00e8ces de m\u00e9ditation ou de consultation... Ligthen Up Excellent pour les pi\u00e8ces manquant de lumi\u00e8re naturelle","rel":"","context":"Similar post","block_context":{"text":"Similar post","link":""},"img":{"alt_text":"","src":"","width":0,"height":0},"classes":[]},{"id":5199,"url":"https:\/\/artstella-elixirs-floraux.com\/en\/product\/immediate-reflief\/","url_meta":{"origin":11308,"position":2},"title":"IMMEDIATE REFLIEF SPRAY","author":"eveapprill","date":"9 March 2025","format":false,"excerpt":"Immediate Relief Aura Spray (Soulagement imm\u00e9diat) Le spray est efficace dans les situations d\u2019urgence et les moments de stress intenses. Dans des situations traumatisantes ou simplement stressantes. \u00ab\u00a0bleu\u00a0\u00bb avec des huiles essentielles de poivre noir Encens, Bois de Santal","rel":"","context":"Similar post","block_context":{"text":"Similar post","link":""},"img":{"alt_text":"","src":"","width":0,"height":0},"classes":[]},{"id":3891,"url":"https:\/\/artstella-elixirs-floraux.com\/en\/product\/delph-spray-spray-energie-dauphin-phi\/","url_meta":{"origin":11308,"position":3},"title":"DELPH -SPRAY spray \u00e9nergie dauphin PHI","author":"eveapprill","date":"9 March 2025","format":false,"excerpt":"Delph spray - Spray \u00e0 l'\u00e9nergie des dauphins Action bienfaisante et purifiante de Delph\u00ae existe en spray. Il s'utilise en vaporisation pour purifier les pi\u00e8ces charg\u00e9es \u00e9nerg\u00e9tiquement (bureau, cabinet de consultation, salle de conf\u00e9rences, etc.).","rel":"","context":"Similar post","block_context":{"text":"Similar post","link":""},"img":{"alt_text":"","src":"","width":0,"height":0},"classes":[]},{"id":5128,"url":"https:\/\/artstella-elixirs-floraux.com\/en\/product\/concentration-spray-50ml\/","url_meta":{"origin":11308,"position":4},"title":"Concentration Spray 50ml","author":"eveapprill","date":"9 March 2025","format":false,"excerpt":"Sprays pour les enfants :ce spray \"concentration\" favorise l'apprentissage (valable aussi pour les adultes)","rel":"","context":"Similar post","block_context":{"text":"Similar post","link":""},"img":{"alt_text":"","src":"https:\/\/i0.wp.com\/artstella-elixirs-floraux.com\/wp-content\/uploads\/2025\/03\/9a7cf054-da90-4a10-82e9-9ab7ad1819c0.jpg?resize=350%2C200&ssl=1","width":350,"height":200,"srcset":"https:\/\/i0.wp.com\/artstella-elixirs-floraux.com\/wp-content\/uploads\/2025\/03\/9a7cf054-da90-4a10-82e9-9ab7ad1819c0.jpg?resize=350%2C200&ssl=1 1x, https:\/\/i0.wp.com\/artstella-elixirs-floraux.com\/wp-content\/uploads\/2025\/03\/9a7cf054-da90-4a10-82e9-9ab7ad1819c0.jpg?resize=525%2C300&ssl=1 1.5x, https:\/\/i0.wp.com\/artstella-elixirs-floraux.com\/wp-content\/uploads\/2025\/03\/9a7cf054-da90-4a10-82e9-9ab7ad1819c0.jpg?resize=700%2C400&ssl=1 2x"},"classes":[]},{"id":3885,"url":"https:\/\/artstella-elixirs-floraux.com\/en\/product\/rq7-phi-spray-durgence\/","url_meta":{"origin":11308,"position":5},"title":"RQ7 PHI SPRAY D&rsquo;URGENCE","author":"eveapprill","date":"9 March 2025","format":false,"excerpt":"RQ7 en spray (spray d\u2019urgence) La combinaison d'urgence existe maintenant en spray pour un usage externe. En cas de stress important ou de choc, vous pouvez le vaporiser plusieurs fois autour de vous ou directement sur la peau","rel":"","context":"Similar post","block_context":{"text":"Similar post","link":""},"img":{"alt_text":"","src":"https:\/\/i0.wp.com\/artstella-elixirs-floraux.com\/wp-content\/uploads\/2025\/03\/8b37bd36-1578-4bda-bf29-27659c5152c5.jpg?resize=350%2C200&ssl=1","width":350,"height":200,"srcset":"https:\/\/i0.wp.com\/artstella-elixirs-floraux.com\/wp-content\/uploads\/2025\/03\/8b37bd36-1578-4bda-bf29-27659c5152c5.jpg?resize=350%2C200&ssl=1 1x, https:\/\/i0.wp.com\/artstella-elixirs-floraux.com\/wp-content\/uploads\/2025\/03\/8b37bd36-1578-4bda-bf29-27659c5152c5.jpg?resize=525%2C300&ssl=1 1.5x, https:\/\/i0.wp.com\/artstella-elixirs-floraux.com\/wp-content\/uploads\/2025\/03\/8b37bd36-1578-4bda-bf29-27659c5152c5.jpg?resize=700%2C400&ssl=1 2x"},"classes":[]}],"_links":{"self":[{"href":"https:\/\/artstella-elixirs-floraux.com\/en\/wp-json\/wp\/v2\/product\/11308","targetHints":{"allow":["GET"]}}],"collection":[{"href":"https:\/\/artstella-elixirs-floraux.com\/en\/wp-json\/wp\/v2\/product"}],"about":[{"href":"https:\/\/artstella-elixirs-floraux.com\/en\/wp-json\/wp\/v2\/types\/product"}],"version-history":[{"count":2,"href":"https:\/\/artstella-elixirs-floraux.com\/en\/wp-json\/wp\/v2\/product\/11308\/revisions"}],"predecessor-version":[{"id":11313,"href":"https:\/\/artstella-elixirs-floraux.com\/en\/wp-json\/wp\/v2\/product\/11308\/revisions\/11313"}],"wp:featuredmedia":[{"embeddable":true,"href":"https:\/\/artstella-elixirs-floraux.com\/en\/wp-json\/wp\/v2\/media\/11311"}],"wp:attachment":[{"href":"https:\/\/artstella-elixirs-floraux.com\/en\/wp-json\/wp\/v2\/media?parent=11308"}],"wp:term":[{"taxonomy":"product_brand","embeddable":true,"href":"https:\/\/artstella-elixirs-floraux.com\/en\/wp-json\/wp\/v2\/product_brand?post=11308"},{"taxonomy":"product_cat","embeddable":true,"href":"https:\/\/artstella-elixirs-floraux.com\/en\/wp-json\/wp\/v2\/product_cat?post=11308"},{"taxonomy":"product_tag","embeddable":true,"href":"https:\/\/artstella-elixirs-floraux.com\/en\/wp-json\/wp\/v2\/product_tag?post=11308"}],"curies":[{"name":"wp","href":"https:\/\/api.w.org\/{rel}","templated":true}]}}