{"id":11324,"date":"2025-08-31T17:14:43","date_gmt":"2025-08-31T17:14:43","guid":{"rendered":"https:\/\/artstella-elixirs-floraux.com\/?post_type=product&#038;p=11324"},"modified":"2025-08-31T17:14:44","modified_gmt":"2025-08-31T17:14:44","slug":"lighten-up-lumiere-energie-spray","status":"publish","type":"product","link":"https:\/\/artstella-elixirs-floraux.com\/en\/product\/lighten-up-lumiere-energie-spray\/","title":{"rendered":"Lighten Up (Lumi\u00e8re\/Energie) &#8211; Spray"},"content":{"rendered":"<p><strong>Lighten Up<\/strong> est un complexe destin\u00e9 \u00e0 amplifier notre capacit\u00e9 \u00e0 incarner la lumi\u00e8re. Il a un effet fortifiant, \u00e9nergisant, inspirateur, nourricier et all\u00e9geant.<\/p>\n<p>Il a \u00e9t\u00e9 cr\u00e9\u00e9 sp\u00e9cifiquement pour ceux qui souffrent du manque de lumi\u00e8re, soit en raison de leur situation g\u00e9ographique (latitudes extr\u00eame nord ou sud), de \u00a0conditions de vie (maison ou appartement sombre) ou en raison de la qualit\u00e9 de leur syst\u00e8me \u00e9nerg\u00e9tique (voies \u00e9nerg\u00e9tiques bloqu\u00e9es ou non d\u00e9velopp\u00e9es).<\/p>\n<p><em>Contient : Carnelian <\/em><em>\u009f Grass of Parnassus <\/em><em>\u009f Orange Calcite <\/em><em>\u009f Solstice Sun<\/em><\/p>","protected":false},"excerpt":{"rendered":"<p>Lighten Up est un complexe destin\u00e9 \u00e0 amplifier notre capacit\u00e9 \u00e0 incarner la lumi\u00e8re. Il a un effet fortifiant, \u00e9nergisant, inspirateur, nourricier et all\u00e9geant. Il&#8230;<\/p>","protected":false},"featured_media":11327,"template":"","meta":[],"product_brand":[],"product_cat":[155],"product_tag":[],"class_list":{"0":"post-11324","1":"product","2":"type-product","3":"status-publish","4":"has-post-thumbnail","6":"product_cat-combinaisons-sprays","8":"first","9":"instock","10":"taxable","11":"shipping-taxable","12":"purchasable","13":"product-type-variable"},"etheme_brands":{"errors":{"invalid_taxonomy":["Invalid taxonomy."]},"error_data":[]},"jetpack_sharing_enabled":true,"jetpack-related-posts":[{"id":2699,"url":"https:\/\/artstella-elixirs-floraux.com\/en\/product\/lighten-up-alaska\/","url_meta":{"origin":11324,"position":0},"title":"LIGHTEN UP ALASKA","author":"eveapprill","date":"9 March 2025","format":false,"excerpt":"Lighten up (Allumer la lumi\u00e8re) existe en gouttes et en\u00a0 spray. Contient : Carnelian . Grass of Parnassus . Orange Calcite . Solstice Sun. Pour ceux qui \u00e9prouvent une carence en lumi\u00e8re naturelle (pays du nord, appartement mal \u00e9clair\u00e9) ou parce que leur syst\u00e8me \u00e9nerg\u00e9tique est bloqu\u00e9.","rel":"","context":"Similar post","block_context":{"text":"Similar post","link":""},"img":{"alt_text":"","src":"https:\/\/i0.wp.com\/artstella-elixirs-floraux.com\/wp-content\/uploads\/2025\/03\/2edc7c31-74b3-4ee1-b54d-b234c5659ced.jpg?resize=350%2C200&ssl=1","width":350,"height":200,"srcset":"https:\/\/i0.wp.com\/artstella-elixirs-floraux.com\/wp-content\/uploads\/2025\/03\/2edc7c31-74b3-4ee1-b54d-b234c5659ced.jpg?resize=350%2C200&ssl=1 1x, https:\/\/i0.wp.com\/artstella-elixirs-floraux.com\/wp-content\/uploads\/2025\/03\/2edc7c31-74b3-4ee1-b54d-b234c5659ced.jpg?resize=525%2C300&ssl=1 1.5x, https:\/\/i0.wp.com\/artstella-elixirs-floraux.com\/wp-content\/uploads\/2025\/03\/2edc7c31-74b3-4ee1-b54d-b234c5659ced.jpg?resize=700%2C400&ssl=1 2x"},"classes":[]},{"id":3521,"url":"https:\/\/artstella-elixirs-floraux.com\/en\/product\/soul-shield-ltoe-15-ml\/","url_meta":{"origin":11324,"position":1},"title":"SOUL SHIELD + LTOE 15 ML","author":"eveapprill","date":"9 March 2025","format":false,"excerpt":"Bouclier de l\u2019\u00e2me \/ Soul Shield On a parfois besoin de se prot\u00e9ger, pour toutes sortes de raisons. Ceux qui travaillent avec la lumi\u00e8re peuvent, \u00e0 l\u2019occasion, \u00eatre sujets \u00e0 des attaques \u00e9nerg\u00e9tiques\u00a0;","rel":"","context":"Similar post","block_context":{"text":"Similar post","link":""},"img":{"alt_text":"","src":"https:\/\/i0.wp.com\/artstella-elixirs-floraux.com\/wp-content\/uploads\/2025\/03\/ed2b69e3-6c8e-46f6-92d8-02e5adb4a16f.jpg?resize=350%2C200&ssl=1","width":350,"height":200,"srcset":"https:\/\/i0.wp.com\/artstella-elixirs-floraux.com\/wp-content\/uploads\/2025\/03\/ed2b69e3-6c8e-46f6-92d8-02e5adb4a16f.jpg?resize=350%2C200&ssl=1 1x, https:\/\/i0.wp.com\/artstella-elixirs-floraux.com\/wp-content\/uploads\/2025\/03\/ed2b69e3-6c8e-46f6-92d8-02e5adb4a16f.jpg?resize=525%2C300&ssl=1 1.5x, https:\/\/i0.wp.com\/artstella-elixirs-floraux.com\/wp-content\/uploads\/2025\/03\/ed2b69e3-6c8e-46f6-92d8-02e5adb4a16f.jpg?resize=700%2C400&ssl=1 2x"},"classes":[]},{"id":4603,"url":"https:\/\/artstella-elixirs-floraux.com\/en\/product\/coffret-4sprays-espace-sacre-120-ml\/","url_meta":{"origin":11324,"position":2},"title":"COFFRET 4 SPRAYS ESPACE SACRE 120 ML","author":"eveapprill","date":"9 March 2025","format":false,"excerpt":"COFFRET 4SPRAYS ESPACE SACRE 120 ML Purification pour \"nettoyer\" \u00e9nerg\u00e9tiquement une pi\u00e8ce. Guardian pour invoquer une \u00e9nergie de protection dans l\u2019espace. Calling All Angels pour les pi\u00e8ces de m\u00e9ditation ou de consultation... Ligthen Up Excellent pour les pi\u00e8ces manquant de lumi\u00e8re naturelle","rel":"","context":"Similar post","block_context":{"text":"Similar post","link":""},"img":{"alt_text":"","src":"","width":0,"height":0},"classes":[]},{"id":6064,"url":"https:\/\/artstella-elixirs-floraux.com\/en\/product\/elixir-ocean-n18-phi-15ml\/","url_meta":{"origin":11324,"position":3},"title":"ELIXIR OCEAN N\u00b018 PHI 15ML","author":"eveapprill","date":"9 March 2025","format":false,"excerpt":"L\u2019\u00e9lixir aide \u00e0 nettoyer le corps mental. Son action commence dans la zone de la t\u00eate, les pens\u00e9es peuvent s\u2019\u00e9claircir et \u00eatre trait\u00e9es avec plus de facilit\u00e9. La t\u00eate est libre, les pens\u00e9es claires et conscientes. Ensuite, cette lumi\u00e8re coule dans le corps.","rel":"","context":"Similar post","block_context":{"text":"Similar post","link":""},"img":{"alt_text":"","src":"","width":0,"height":0},"classes":[]},{"id":5830,"url":"https:\/\/artstella-elixirs-floraux.com\/en\/product\/lezard-lizard-gallotia-caesaris-gomerae15-ml-phi\/","url_meta":{"origin":11324,"position":4},"title":"L\u00e9zard &#8211; Lizard (Gallotia caesaris gomerae)15 ml PHI","author":"eveapprill","date":"9 March 2025","format":false,"excerpt":"L\u00e9zard - Lizard (Gallotia caesaris gomerae)\u00a0 Energ\u00e9tiquement cet \u00e9lixir nous offre un fort potentiel de r\u00e9g\u00e9n\u00e9ration, notamment apr\u00e8s un traitement pour des probl\u00e8mes cutan\u00e9s. Il nous aide \u00e0 faire confiance \u00e0 notre intuition et \u00e0 suivre notre lumi\u00e8re int\u00e9rieure.","rel":"","context":"Similar post","block_context":{"text":"Similar post","link":""},"img":{"alt_text":"","src":"","width":0,"height":0},"classes":[]},{"id":5866,"url":"https:\/\/artstella-elixirs-floraux.com\/en\/product\/abeille-bee-apis-mellifera-15-ml-phi\/","url_meta":{"origin":11324,"position":5},"title":"Abeille &#8211; Bee (Apis mellifera) 15 ml PHI","author":"eveapprill","date":"9 March 2025","format":false,"excerpt":"Abeille - Bee (Apis mellifera) Cet \u00e9lixir \u00e9nerg\u00e9tique nous ouvre \u00e0 la joie et \u00e0 lumi\u00e8re int\u00e9rieure. Il aide \u00e0 \u00e9quilibrer \u00e9nerg\u00e9tiquement le sucre dans le corps. Nous apprenons \u00e0 ouvrir notre c\u0153ur et \u00e0 appr\u00e9cier la douceur de la vie.","rel":"","context":"Similar post","block_context":{"text":"Similar post","link":""},"img":{"alt_text":"","src":"","width":0,"height":0},"classes":[]}],"_links":{"self":[{"href":"https:\/\/artstella-elixirs-floraux.com\/en\/wp-json\/wp\/v2\/product\/11324","targetHints":{"allow":["GET"]}}],"collection":[{"href":"https:\/\/artstella-elixirs-floraux.com\/en\/wp-json\/wp\/v2\/product"}],"about":[{"href":"https:\/\/artstella-elixirs-floraux.com\/en\/wp-json\/wp\/v2\/types\/product"}],"version-history":[{"count":2,"href":"https:\/\/artstella-elixirs-floraux.com\/en\/wp-json\/wp\/v2\/product\/11324\/revisions"}],"predecessor-version":[{"id":11329,"href":"https:\/\/artstella-elixirs-floraux.com\/en\/wp-json\/wp\/v2\/product\/11324\/revisions\/11329"}],"wp:featuredmedia":[{"embeddable":true,"href":"https:\/\/artstella-elixirs-floraux.com\/en\/wp-json\/wp\/v2\/media\/11327"}],"wp:attachment":[{"href":"https:\/\/artstella-elixirs-floraux.com\/en\/wp-json\/wp\/v2\/media?parent=11324"}],"wp:term":[{"taxonomy":"product_brand","embeddable":true,"href":"https:\/\/artstella-elixirs-floraux.com\/en\/wp-json\/wp\/v2\/product_brand?post=11324"},{"taxonomy":"product_cat","embeddable":true,"href":"https:\/\/artstella-elixirs-floraux.com\/en\/wp-json\/wp\/v2\/product_cat?post=11324"},{"taxonomy":"product_tag","embeddable":true,"href":"https:\/\/artstella-elixirs-floraux.com\/en\/wp-json\/wp\/v2\/product_tag?post=11324"}],"curies":[{"name":"wp","href":"https:\/\/api.w.org\/{rel}","templated":true}]}}