{"id":11338,"date":"2025-08-31T20:02:19","date_gmt":"2025-08-31T20:02:19","guid":{"rendered":"https:\/\/artstella-elixirs-floraux.com\/?post_type=product&#038;p=11338"},"modified":"2025-08-31T20:05:21","modified_gmt":"2025-08-31T20:05:21","slug":"easy-learning-apprendre-facilement-spray-alaska","status":"publish","type":"product","link":"https:\/\/artstella-elixirs-floraux.com\/en\/product\/easy-learning-apprendre-facilement-spray-alaska\/","title":{"rendered":"EASY LEARNING &#8211; Apprendre Facilement SPRAY ALASKA"},"content":{"rendered":"<p><strong>Easy Learning (Apprendre facilement)<\/strong> &#8211;<\/p>\n<p><em>\u00a0<\/em><\/p>\n<p><em>Blue Topaz<\/em><em>\u009f<\/em><em> Bunchberry <\/em><em>\u009f<\/em><em> Lapis Lazuli <\/em><em>\u009f<\/em><em> Star Ruby <\/em><em>Stinging Nettle <\/em><em>\u009f<\/em><em> White Spruce<\/em><\/p>\n<p><strong>Easy Learning<\/strong> est un spray destin\u00e9 \u00e0 faciliter tous les aspects du processus d&rsquo;apprentissage, tant pour les enfants que les adultes. Il am\u00e9liore la concentration, la capacit\u00e9 \u00e0 ne pas se laisser distraire par ce qui se passe autour de nous, et renforce la capacit\u00e9 \u00e0 traiter et int\u00e9grer les informations.<\/p>","protected":false},"excerpt":{"rendered":"<p>Easy Learning (Apprendre facilement) &#8211; \u00a0 Blue Topaz\u009f Bunchberry \u009f Lapis Lazuli \u009f Star Ruby Stinging Nettle \u009f White Spruce Easy Learning est un spray&#8230;<\/p>","protected":false},"featured_media":11342,"template":"","meta":[],"product_brand":[],"product_cat":[155],"product_tag":[],"class_list":{"0":"post-11338","1":"product","2":"type-product","3":"status-publish","4":"has-post-thumbnail","6":"product_cat-combinaisons-sprays","8":"first","9":"instock","10":"taxable","11":"shipping-taxable","12":"purchasable","13":"product-type-variable"},"etheme_brands":{"errors":{"invalid_taxonomy":["Invalid taxonomy."]},"error_data":[]},"jetpack_sharing_enabled":true,"jetpack-related-posts":[{"id":2689,"url":"https:\/\/artstella-elixirs-floraux.com\/en\/product\/easy-learning-alaska\/","url_meta":{"origin":11338,"position":0},"title":"EASY LEARNING ALASKA","author":"eveapprill","date":"9 March 2025","format":false,"excerpt":"Easy Learning\u00a0 (Apprendre facilement) existe en gouttes et en\u00a0 spray Contient : Blue Topaz. Bunchberry . Lapis Lazuli . Star Ruby . Stinging Nettle\u00a0. White Spruce. Facilite tous les aspects des processus d'apprentissage, autant pour les enfants que pour les adultes. Et ceci sur trois axes :","rel":"","context":"Similar post","block_context":{"text":"Similar post","link":""},"img":{"alt_text":"","src":"https:\/\/i0.wp.com\/artstella-elixirs-floraux.com\/wp-content\/uploads\/2025\/03\/95bf250c-1f74-4836-b456-57fd1dc1b7a8.jpg?resize=350%2C200&ssl=1","width":350,"height":200,"srcset":"https:\/\/i0.wp.com\/artstella-elixirs-floraux.com\/wp-content\/uploads\/2025\/03\/95bf250c-1f74-4836-b456-57fd1dc1b7a8.jpg?resize=350%2C200&ssl=1 1x, https:\/\/i0.wp.com\/artstella-elixirs-floraux.com\/wp-content\/uploads\/2025\/03\/95bf250c-1f74-4836-b456-57fd1dc1b7a8.jpg?resize=525%2C300&ssl=1 1.5x, https:\/\/i0.wp.com\/artstella-elixirs-floraux.com\/wp-content\/uploads\/2025\/03\/95bf250c-1f74-4836-b456-57fd1dc1b7a8.jpg?resize=700%2C400&ssl=1 2x"},"classes":[]},{"id":5526,"url":"https:\/\/artstella-elixirs-floraux.com\/en\/product\/beyond-words-spray-60ml\/","url_meta":{"origin":11338,"position":1},"title":"BEYOND WORDS SPRAY 60ml","author":"eveapprill","date":"9 March 2025","format":false,"excerpt":"BEYOND WORDS (Au-del\u00e0 des mots) (spray 60 ml) Est une formule qui permet d'augmenter notre capacit\u00e9 d'expression verbale et non - verbale. Elle facilite l'\u00e9change du flux d'informations et d'id\u00e9es entre deux personnes et donc la compr\u00e9hension.","rel":"","context":"Similar post","block_context":{"text":"Similar post","link":""},"img":{"alt_text":"","src":"https:\/\/i0.wp.com\/artstella-elixirs-floraux.com\/wp-content\/uploads\/2025\/03\/876d2e65-744e-4ea5-95bc-59cb409a0719.jpg?resize=350%2C200&ssl=1","width":350,"height":200,"srcset":"https:\/\/i0.wp.com\/artstella-elixirs-floraux.com\/wp-content\/uploads\/2025\/03\/876d2e65-744e-4ea5-95bc-59cb409a0719.jpg?resize=350%2C200&ssl=1 1x, https:\/\/i0.wp.com\/artstella-elixirs-floraux.com\/wp-content\/uploads\/2025\/03\/876d2e65-744e-4ea5-95bc-59cb409a0719.jpg?resize=525%2C300&ssl=1 1.5x, https:\/\/i0.wp.com\/artstella-elixirs-floraux.com\/wp-content\/uploads\/2025\/03\/876d2e65-744e-4ea5-95bc-59cb409a0719.jpg?resize=700%2C400&ssl=1 2x"},"classes":[]},{"id":11324,"url":"https:\/\/artstella-elixirs-floraux.com\/en\/product\/lighten-up-lumiere-energie-spray\/","url_meta":{"origin":11338,"position":2},"title":"Lighten Up (Lumi\u00e8re\/Energie) &#8211; Spray","author":"eveapprill","date":"31 August 2025","format":false,"excerpt":"Lighten Up est un complexe destin\u00e9 \u00e0 amplifier notre capacit\u00e9 \u00e0 incarner la lumi\u00e8re. Il a un effet fortifiant, \u00e9nergisant, inspirateur, nourricier et all\u00e9geant. Il a \u00e9t\u00e9 cr\u00e9\u00e9 sp\u00e9cifiquement pour ceux qui souffrent du manque de lumi\u00e8re, soit en raison de leur situation g\u00e9ographique (latitudes extr\u00eame nord ou sud), de\u2026","rel":"","context":"Similar post","block_context":{"text":"Similar post","link":""},"img":{"alt_text":"","src":"https:\/\/i0.wp.com\/artstella-elixirs-floraux.com\/wp-content\/uploads\/2025\/08\/lighten-up.jpg?resize=350%2C200&ssl=1","width":350,"height":200},"classes":[]},{"id":11331,"url":"https:\/\/artstella-elixirs-floraux.com\/en\/product\/travel-ease-voyage-facile-spray\/","url_meta":{"origin":11338,"position":3},"title":"Travel Ease (Voyage facile) &#8211; Spray","author":"eveapprill","date":"31 August 2025","format":false,"excerpt":"La combinaison Travel Ease est sp\u00e9cialement con\u00e7ue pour att\u00e9nuer les effets n\u00e9gatifs du transport a\u00e9rien, y compris ce qui est commun\u00e9ment appel\u00e9 le d\u00e9calage horaire. Cette formule renforce et maintien des limites \u00e9nerg\u00e9tiques fonctionnelles. Si vous \u00eates sensible \u00e0 l'environnement et avez de la difficult\u00e9 \u00e0 rester confin\u00e9 dans de\u2026","rel":"","context":"Similar post","block_context":{"text":"Similar post","link":""},"img":{"alt_text":"","src":"https:\/\/i0.wp.com\/artstella-elixirs-floraux.com\/wp-content\/uploads\/2025\/08\/travel-ease.jpg?resize=350%2C200&ssl=1","width":350,"height":200},"classes":[]},{"id":3895,"url":"https:\/\/artstella-elixirs-floraux.com\/en\/product\/aura-spray-phi\/","url_meta":{"origin":11338,"position":4},"title":"AURA SPRAY PHI","author":"eveapprill","date":"9 March 2025","format":false,"excerpt":"AURA SPRAY Nous sommes de plus en plus expos\u00e9s \u00e0 des rayonnements n\u00e9fastes ou des environnements difficiles. C'est pourquoi PHI a \u00e9labor\u00e9 \u00ab Aura-spray \u00bb compos\u00e9 d'\u00e9lixirs et de produits naturels qui renforce \u00e9nerg\u00e9tiquement la protection naturelle de l'Aura, notamment dans les lieux publics, transport, bureaux...","rel":"","context":"Similar post","block_context":{"text":"Similar post","link":""},"img":{"alt_text":"aura spay","src":"https:\/\/i0.wp.com\/artstella-elixirs-floraux.com\/wp-content\/uploads\/2025\/03\/f927a3ef-4871-46ac-bddf-072fc3f42c0b.jpg?resize=350%2C200&ssl=1","width":350,"height":200,"srcset":"https:\/\/i0.wp.com\/artstella-elixirs-floraux.com\/wp-content\/uploads\/2025\/03\/f927a3ef-4871-46ac-bddf-072fc3f42c0b.jpg?resize=350%2C200&ssl=1 1x, https:\/\/i0.wp.com\/artstella-elixirs-floraux.com\/wp-content\/uploads\/2025\/03\/f927a3ef-4871-46ac-bddf-072fc3f42c0b.jpg?resize=525%2C300&ssl=1 1.5x, https:\/\/i0.wp.com\/artstella-elixirs-floraux.com\/wp-content\/uploads\/2025\/03\/f927a3ef-4871-46ac-bddf-072fc3f42c0b.jpg?resize=700%2C400&ssl=1 2x"},"classes":[]},{"id":5552,"url":"https:\/\/artstella-elixirs-floraux.com\/en\/product\/madia-15-ml-sylfos\/","url_meta":{"origin":11338,"position":5},"title":"MADIA 15 ML SYLFOS","author":"eveapprill","date":"9 March 2025","format":false,"excerpt":"MADIA\u00a0 Madia elegans\u00a0\u00a0 Concentration, pens\u00e9e pr\u00e9cise \u00a0L\u2019\u00e2me \u00e0 besoin d\u2019apprendre \u00e0 s\u2019\u00e9tendre mais aussi \u00e0 se contracter; de limiter l\u2019exp\u00e9rience.","rel":"","context":"Similar post","block_context":{"text":"Similar post","link":""},"img":{"alt_text":"","src":"","width":0,"height":0},"classes":[]}],"_links":{"self":[{"href":"https:\/\/artstella-elixirs-floraux.com\/en\/wp-json\/wp\/v2\/product\/11338","targetHints":{"allow":["GET"]}}],"collection":[{"href":"https:\/\/artstella-elixirs-floraux.com\/en\/wp-json\/wp\/v2\/product"}],"about":[{"href":"https:\/\/artstella-elixirs-floraux.com\/en\/wp-json\/wp\/v2\/types\/product"}],"version-history":[{"count":1,"href":"https:\/\/artstella-elixirs-floraux.com\/en\/wp-json\/wp\/v2\/product\/11338\/revisions"}],"predecessor-version":[{"id":11341,"href":"https:\/\/artstella-elixirs-floraux.com\/en\/wp-json\/wp\/v2\/product\/11338\/revisions\/11341"}],"wp:featuredmedia":[{"embeddable":true,"href":"https:\/\/artstella-elixirs-floraux.com\/en\/wp-json\/wp\/v2\/media\/11342"}],"wp:attachment":[{"href":"https:\/\/artstella-elixirs-floraux.com\/en\/wp-json\/wp\/v2\/media?parent=11338"}],"wp:term":[{"taxonomy":"product_brand","embeddable":true,"href":"https:\/\/artstella-elixirs-floraux.com\/en\/wp-json\/wp\/v2\/product_brand?post=11338"},{"taxonomy":"product_cat","embeddable":true,"href":"https:\/\/artstella-elixirs-floraux.com\/en\/wp-json\/wp\/v2\/product_cat?post=11338"},{"taxonomy":"product_tag","embeddable":true,"href":"https:\/\/artstella-elixirs-floraux.com\/en\/wp-json\/wp\/v2\/product_tag?post=11338"}],"curies":[{"name":"wp","href":"https:\/\/api.w.org\/{rel}","templated":true}]}}