{"id":12245,"date":"2026-03-13T16:50:14","date_gmt":"2026-03-13T16:50:14","guid":{"rendered":"https:\/\/artstella-elixirs-floraux.com\/?post_type=product&#038;p=12245"},"modified":"2026-03-13T17:39:40","modified_gmt":"2026-03-13T17:39:40","slug":"4-orchidee-de-lequilibre-phragmipedium-longifolium-sylfos","status":"publish","type":"product","link":"https:\/\/artstella-elixirs-floraux.com\/en\/product\/4-orchidee-de-lequilibre-phragmipedium-longifolium-sylfos\/","title":{"rendered":"04. ORCHID\u00c9E DE L\u2019\u00c9QUILIBRE Phragmipedium longifolium Sylfos"},"content":{"rendered":"","protected":false},"excerpt":{"rendered":"<p><strong>Orchid\u00e9e de l\u2019\u00c9quilibre \u2013 Phragmipedium longifolium<\/strong><br \/>\n\u00c9lixir de\u00a0<strong>paix int\u00e9rieure et d\u2019harmonisation \u00e9motionnelle<\/strong>. Stabilise les \u00e9motions, clarifie l\u2019esprit et aide \u00e0 transformer les tensions affectives en s\u00e9r\u00e9nit\u00e9 et maturit\u00e9.<\/p>","protected":false},"featured_media":12246,"template":"","meta":[],"product_brand":[],"product_cat":[342],"product_tag":[],"class_list":{"0":"post-12245","1":"product","2":"type-product","3":"status-publish","4":"has-post-thumbnail","6":"product_cat-les-elixirs-dorchidees-sylfos","8":"first","9":"instock","10":"taxable","11":"shipping-taxable","12":"purchasable","13":"product-type-simple"},"etheme_brands":{"errors":{"invalid_taxonomy":["Invalid taxonomy."]},"error_data":[]},"jetpack_sharing_enabled":true,"jetpack-related-posts":[{"id":5873,"url":"https:\/\/artstella-elixirs-floraux.com\/en\/product\/dragon-fire-15-ml\/","url_meta":{"origin":12245,"position":0},"title":"DRAGON FIRE 15 ML","author":"eveapprill","date":"9 March 2025","format":false,"excerpt":"Dragon Fire Phragmipedium China Dragon Donne le courage et l\u2019\u00e9nergie d\u2019accueillir le pouvoir spirituel de transformation dans nos vies.","rel":"","context":"Similar post","block_context":{"text":"Similar post","link":""},"img":{"alt_text":"","src":"","width":0,"height":0},"classes":[]},{"id":12282,"url":"https:\/\/artstella-elixirs-floraux.com\/en\/product\/13-orchidee-equilibre-et-stabilite-habenella-petalodes-sylfos\/","url_meta":{"origin":12245,"position":1},"title":"13. ORCHID\u00c9E \u00c9QUILIBRE ET STABILIT\u00c9 Habenella petalodes Sylfos","author":"eveapprill","date":"13 March 2026","format":false,"excerpt":"\u00c9lixir d\u2019ancrage et de stabilisation \u00e9motionnelle. Aide \u00e0 retrouver son centre, \u00e0 calmer l\u2019anxi\u00e9t\u00e9 et \u00e0 aligner les corps \u00e9nerg\u00e9tiques en p\u00e9riode de stress ou de crise","rel":"","context":"Similar post","block_context":{"text":"Similar post","link":""},"img":{"alt_text":"","src":"https:\/\/i0.wp.com\/artstella-elixirs-floraux.com\/wp-content\/uploads\/2026\/03\/habenella.jpeg?resize=350%2C200&ssl=1","width":350,"height":200,"srcset":"https:\/\/i0.wp.com\/artstella-elixirs-floraux.com\/wp-content\/uploads\/2026\/03\/habenella.jpeg?resize=350%2C200&ssl=1 1x, https:\/\/i0.wp.com\/artstella-elixirs-floraux.com\/wp-content\/uploads\/2026\/03\/habenella.jpeg?resize=525%2C300&ssl=1 1.5x, https:\/\/i0.wp.com\/artstella-elixirs-floraux.com\/wp-content\/uploads\/2026\/03\/habenella.jpeg?resize=700%2C400&ssl=1 2x, https:\/\/i0.wp.com\/artstella-elixirs-floraux.com\/wp-content\/uploads\/2026\/03\/habenella.jpeg?resize=1050%2C600&ssl=1 3x"},"classes":[]},{"id":6369,"url":"https:\/\/artstella-elixirs-floraux.com\/en\/product\/radiant-courage-ltoe-15ml\/","url_meta":{"origin":12245,"position":2},"title":"Radiant Courage LTOE 15ml","author":"eveapprill","date":"9 March 2025","format":false,"excerpt":"Radiant courage (Phragmipedium besseae) Un \u00e9lixir d\u2019Orchid\u00e9e par Living Tree r\u00e9alis\u00e9 le 1er janvier 2024. Il aide \u00e0 avancer dans ces temps troubles et sombres.\u00a0 Au cours des 25 derni\u00e8res ann\u00e9es, Don Denis remarque que rarement un \u00e9lixir ne lui a sembl\u00e9 si universellement n\u00e9cessaire.","rel":"","context":"Similar post","block_context":{"text":"Similar post","link":""},"img":{"alt_text":"","src":"https:\/\/i0.wp.com\/artstella-elixirs-floraux.com\/wp-content\/uploads\/2025\/03\/wp-image2377.png?resize=350%2C200&ssl=1","width":350,"height":200,"srcset":"https:\/\/i0.wp.com\/artstella-elixirs-floraux.com\/wp-content\/uploads\/2025\/03\/wp-image2377.png?resize=350%2C200&ssl=1 1x, https:\/\/i0.wp.com\/artstella-elixirs-floraux.com\/wp-content\/uploads\/2025\/03\/wp-image2377.png?resize=525%2C300&ssl=1 1.5x, https:\/\/i0.wp.com\/artstella-elixirs-floraux.com\/wp-content\/uploads\/2025\/03\/wp-image2377.png?resize=700%2C400&ssl=1 2x, https:\/\/i0.wp.com\/artstella-elixirs-floraux.com\/wp-content\/uploads\/2025\/03\/wp-image2377.png?resize=1050%2C600&ssl=1 3x, https:\/\/i0.wp.com\/artstella-elixirs-floraux.com\/wp-content\/uploads\/2025\/03\/wp-image2377.png?resize=1400%2C800&ssl=1 4x"},"classes":[]},{"id":6197,"url":"https:\/\/artstella-elixirs-floraux.com\/en\/product\/orchidee-habenella-15ml-sylfos\/","url_meta":{"origin":12245,"position":3},"title":"Orchid\u00e9e HABENELLA 15ml Sylfos","author":"eveapprill","date":"9 March 2025","format":false,"excerpt":"Orchid\u00e9e Habenalla ex\u00a0EQUILIBRE & STABILIT\u00c9 (Habenella petalodes) Harmonie, stabilit\u00e9, ancrage Elixir \u00e0 large spectre qui nous aide \u00e0 nous sentir \u00e9quilibr\u00e9 dans notre environnement","rel":"","context":"Similar post","block_context":{"text":"Similar post","link":""},"img":{"alt_text":"","src":"https:\/\/i0.wp.com\/artstella-elixirs-floraux.com\/wp-content\/uploads\/2025\/03\/wp-image2193.png?resize=350%2C200&ssl=1","width":350,"height":200},"classes":[]},{"id":12230,"url":"https:\/\/artstella-elixirs-floraux.com\/en\/product\/1-orchidee-de-lharmonie-sylfos\/","url_meta":{"origin":12245,"position":4},"title":"01. ORCHID\u00c9E DE L\u2019HARMONIE Sylfos","author":"eveapprill","date":"13 March 2026","format":false,"excerpt":"Orchid\u00e9e de l\u2019Harmonie \u2013 Bletia purpurea \u00c9lixir d\u2019\u00e9quilibre \u00e9motionnel et d\u2019alignement int\u00e9rieur. Il harmonise rapidement les \u00e9motions, calme la saturation mentale et stabilise l\u2019hypersensibilit\u00e9. Favorise pr\u00e9sence, clart\u00e9 et s\u00e9r\u00e9nit\u00e9 dans les situations de tension.","rel":"","context":"Similar post","block_context":{"text":"Similar post","link":""},"img":{"alt_text":"","src":"https:\/\/i0.wp.com\/artstella-elixirs-floraux.com\/wp-content\/uploads\/2026\/03\/01_ARMONIA-WEB-2.png?resize=350%2C200&ssl=1","width":350,"height":200},"classes":[]},{"id":3563,"url":"https:\/\/artstella-elixirs-floraux.com\/en\/product\/11-clearing-the-way-ltoe-15-ml\/","url_meta":{"origin":12245,"position":5},"title":"CLEARING THE WAY LTOE 15 ML","author":"eveapprill","date":"9 March 2025","format":false,"excerpt":"Avancer avec confiance \/ Clearing the Way\/Self Belief (Phragmipedium Don Wimbur) Avancer avec confiance gr\u00e2ce au Phragmipedium Don Wimbur, un \u00e9lixir dynamique sp\u00e9cialement con\u00e7u pour renforcer votre confiance en vos ressources spirituelles.","rel":"","context":"Similar post","block_context":{"text":"Similar post","link":""},"img":{"alt_text":"","src":"https:\/\/i0.wp.com\/artstella-elixirs-floraux.com\/wp-content\/uploads\/2025\/03\/6fdc750c-31a2-458c-a142-6c28a0213641.jpg?resize=350%2C200&ssl=1","width":350,"height":200,"srcset":"https:\/\/i0.wp.com\/artstella-elixirs-floraux.com\/wp-content\/uploads\/2025\/03\/6fdc750c-31a2-458c-a142-6c28a0213641.jpg?resize=350%2C200&ssl=1 1x, https:\/\/i0.wp.com\/artstella-elixirs-floraux.com\/wp-content\/uploads\/2025\/03\/6fdc750c-31a2-458c-a142-6c28a0213641.jpg?resize=525%2C300&ssl=1 1.5x, https:\/\/i0.wp.com\/artstella-elixirs-floraux.com\/wp-content\/uploads\/2025\/03\/6fdc750c-31a2-458c-a142-6c28a0213641.jpg?resize=700%2C400&ssl=1 2x"},"classes":[]}],"_links":{"self":[{"href":"https:\/\/artstella-elixirs-floraux.com\/en\/wp-json\/wp\/v2\/product\/12245","targetHints":{"allow":["GET"]}}],"collection":[{"href":"https:\/\/artstella-elixirs-floraux.com\/en\/wp-json\/wp\/v2\/product"}],"about":[{"href":"https:\/\/artstella-elixirs-floraux.com\/en\/wp-json\/wp\/v2\/types\/product"}],"version-history":[{"count":3,"href":"https:\/\/artstella-elixirs-floraux.com\/en\/wp-json\/wp\/v2\/product\/12245\/revisions"}],"predecessor-version":[{"id":12294,"href":"https:\/\/artstella-elixirs-floraux.com\/en\/wp-json\/wp\/v2\/product\/12245\/revisions\/12294"}],"wp:featuredmedia":[{"embeddable":true,"href":"https:\/\/artstella-elixirs-floraux.com\/en\/wp-json\/wp\/v2\/media\/12246"}],"wp:attachment":[{"href":"https:\/\/artstella-elixirs-floraux.com\/en\/wp-json\/wp\/v2\/media?parent=12245"}],"wp:term":[{"taxonomy":"product_brand","embeddable":true,"href":"https:\/\/artstella-elixirs-floraux.com\/en\/wp-json\/wp\/v2\/product_brand?post=12245"},{"taxonomy":"product_cat","embeddable":true,"href":"https:\/\/artstella-elixirs-floraux.com\/en\/wp-json\/wp\/v2\/product_cat?post=12245"},{"taxonomy":"product_tag","embeddable":true,"href":"https:\/\/artstella-elixirs-floraux.com\/en\/wp-json\/wp\/v2\/product_tag?post=12245"}],"curies":[{"name":"wp","href":"https:\/\/api.w.org\/{rel}","templated":true}]}}