{"id":12305,"date":"2026-03-13T18:52:55","date_gmt":"2026-03-13T18:52:55","guid":{"rendered":"https:\/\/artstella-elixirs-floraux.com\/?post_type=product&#038;p=12305"},"modified":"2026-03-13T18:52:55","modified_gmt":"2026-03-13T18:52:55","slug":"16-orchidee-de-lunion-cyrtopodium-puntatum-sylfos","status":"publish","type":"product","link":"https:\/\/artstella-elixirs-floraux.com\/en\/product\/16-orchidee-de-lunion-cyrtopodium-puntatum-sylfos\/","title":{"rendered":"16 . ORCHID\u00c9E DE L&rsquo;UNION (Cyrtopodium puntatum) Sylfos"},"content":{"rendered":"","protected":false},"excerpt":{"rendered":"<p>Il agit comme catalyseur vibratoire pour \u00e9lever l\u2019union et la connexion et repr\u00e9sente l\u2019amour comme instrument de paix et d\u2019harmonie, en soutenant l\u2019\u00e9l\u00e9vation \u00e9nerg\u00e9tique et la transformation int\u00e9rieure.<\/p>","protected":false},"featured_media":12306,"template":"","meta":[],"product_brand":[],"product_cat":[342],"product_tag":[],"class_list":{"0":"post-12305","1":"product","2":"type-product","3":"status-publish","4":"has-post-thumbnail","6":"product_cat-les-elixirs-dorchidees-sylfos","8":"first","9":"instock","10":"taxable","11":"shipping-taxable","12":"purchasable","13":"product-type-simple"},"etheme_brands":{"errors":{"invalid_taxonomy":["Invalid taxonomy."]},"error_data":[]},"jetpack_sharing_enabled":true,"jetpack-related-posts":[{"id":5134,"url":"https:\/\/artstella-elixirs-floraux.com\/en\/product\/mater\/","url_meta":{"origin":12305,"position":0},"title":"MATER","author":"eveapprill","date":"9 March 2025","format":false,"excerpt":"MATER Pour se reconnecter au sch\u00e9ma \u00e9motionnel de la \" M\u00e8re Int\u00e9rieur \".\u00a0Aide \u00e0 clarifier la lign\u00e9e maternelle, aussi bien ascendante que descendante. Apporte soutien et sensibilit\u00e9 physique et psychique \u00e0 la m\u00e8re et d\u00e9veloppe \u00a0l'union et la r\u00e9conciliation m\u00e8re\/enfant. Permet une relation saine \u00e0 l\u2019aspect nourricier aussi bien aux\u2026","rel":"","context":"Similar post","block_context":{"text":"Similar post","link":""},"img":{"alt_text":"","src":"https:\/\/i0.wp.com\/artstella-elixirs-floraux.com\/wp-content\/uploads\/2025\/03\/a6cfe814-5c3a-4495-93cc-4857c3bf04fb.jpg?resize=350%2C200&ssl=1","width":350,"height":200,"srcset":"https:\/\/i0.wp.com\/artstella-elixirs-floraux.com\/wp-content\/uploads\/2025\/03\/a6cfe814-5c3a-4495-93cc-4857c3bf04fb.jpg?resize=350%2C200&ssl=1 1x, https:\/\/i0.wp.com\/artstella-elixirs-floraux.com\/wp-content\/uploads\/2025\/03\/a6cfe814-5c3a-4495-93cc-4857c3bf04fb.jpg?resize=525%2C300&ssl=1 1.5x, https:\/\/i0.wp.com\/artstella-elixirs-floraux.com\/wp-content\/uploads\/2025\/03\/a6cfe814-5c3a-4495-93cc-4857c3bf04fb.jpg?resize=700%2C400&ssl=1 2x"},"classes":[]},{"id":5138,"url":"https:\/\/artstella-elixirs-floraux.com\/en\/product\/pater-15-ml\/","url_meta":{"origin":12305,"position":1},"title":"PATER 15 ML","author":"eveapprill","date":"9 March 2025","format":false,"excerpt":"PATER 15ML Pour se reconnecter au sch\u00e9ma \u00e9motionnel du \u00ab\u00a0P\u00e8re Int\u00e9rieur\u00a0\u00bb. Aide \u00e0 clarifier la lign\u00e9e paternelle, aussi bien ascendante que descendante. Apporte un soutien au niveau physique et psychique dans la relation au p\u00e8re et d\u00e9veloppe \u00a0l'union et la r\u00e9conciliation p\u00e8re\/enfant. Permet une relation saine \u00e0 l\u2019autorit\u00e9 et au\u2026","rel":"","context":"Similar post","block_context":{"text":"Similar post","link":""},"img":{"alt_text":"","src":"https:\/\/i0.wp.com\/artstella-elixirs-floraux.com\/wp-content\/uploads\/2025\/03\/825ba292-20de-49d2-a6f8-42ef8c9b88bc.jpg?resize=350%2C200&ssl=1","width":350,"height":200,"srcset":"https:\/\/i0.wp.com\/artstella-elixirs-floraux.com\/wp-content\/uploads\/2025\/03\/825ba292-20de-49d2-a6f8-42ef8c9b88bc.jpg?resize=350%2C200&ssl=1 1x, https:\/\/i0.wp.com\/artstella-elixirs-floraux.com\/wp-content\/uploads\/2025\/03\/825ba292-20de-49d2-a6f8-42ef8c9b88bc.jpg?resize=525%2C300&ssl=1 1.5x, https:\/\/i0.wp.com\/artstella-elixirs-floraux.com\/wp-content\/uploads\/2025\/03\/825ba292-20de-49d2-a6f8-42ef8c9b88bc.jpg?resize=700%2C400&ssl=1 2x"},"classes":[]},{"id":2823,"url":"https:\/\/artstella-elixirs-floraux.com\/en\/product\/clematis-phi-15-ml\/","url_meta":{"origin":12305,"position":2},"title":"CLEMATIS PHI 15 ML","author":"eveapprill","date":"9 March 2025","format":false,"excerpt":"Clematis (Clematis viltaba) (Cl\u00e9matite) Favorise notre union avec la terre et renforce notre sens des r\u00e9alit\u00e9s.","rel":"","context":"Similar post","block_context":{"text":"Similar post","link":""},"img":{"alt_text":"","src":"https:\/\/i0.wp.com\/artstella-elixirs-floraux.com\/wp-content\/uploads\/2025\/03\/wp-image341.png?resize=350%2C200&ssl=1","width":350,"height":200},"classes":[]},{"id":4917,"url":"https:\/\/artstella-elixirs-floraux.com\/en\/product\/enchanters-night-alaskan-f-sup\/","url_meta":{"origin":12305,"position":3},"title":"ENCHANTER&rsquo;S NIGHT ALASKAN F SUP","author":"eveapprill","date":"9 March 2025","format":false,"excerpt":"Enchanter's Nightshade Circ\u00e9e alpine Aide \u00e0 entrer en contact avec l\u2019\u00e9nergie de la Nature. Gu\u00e9rit le d\u00e9s\u00e9quilibre cr\u00e9\u00e9 par trop d\u2019exposition \u00e0 la lumi\u00e8re. Aide \u00e0 trouver la paix, la protection, la s\u00e9curit\u00e9 et la s\u00fbret\u00e9 dans les t\u00e9n\u00e8bres \u00e0 travers la lib\u00e9ration de la peur. Pour passer de l\u2019isolation\u2026","rel":"","context":"Similar post","block_context":{"text":"Similar post","link":""},"img":{"alt_text":"","src":"https:\/\/i0.wp.com\/artstella-elixirs-floraux.com\/wp-content\/uploads\/2025\/03\/wp-image1385.png?resize=350%2C200&ssl=1","width":350,"height":200},"classes":[]},{"id":5986,"url":"https:\/\/artstella-elixirs-floraux.com\/en\/product\/duende-de-los-pinos-15-ml-sylfos\/","url_meta":{"origin":12305,"position":4},"title":"DUENDE DE LOS PINOS 15 ML SYLFOS","author":"eveapprill","date":"9 March 2025","format":false,"excerpt":"DUENDE DE LOS PINOS\/ LUTIN DES PINS Callophrys niphon Union \u2013 Courage \u2013 Force Cet \u00e9lixir aide \u00e0 arranger ou rompre des relations destructives, sachant prendre en compte si celles-ci ont quelque chose de bon ou de n\u00e9cessaire\u00a0ou si au contraire, elles sont destructives. Il nous aide \u00e0 d\u00e9passer l\u2019angoisse\u2026","rel":"","context":"Similar post","block_context":{"text":"Similar post","link":""},"img":{"alt_text":"","src":"","width":0,"height":0},"classes":[]},{"id":3090,"url":"https:\/\/artstella-elixirs-floraux.com\/en\/product\/pyramide-guimar-15ml-phi\/","url_meta":{"origin":12305,"position":5},"title":"PYRAMIDE GUIMAR 15ML PHI","author":"eveapprill","date":"9 March 2025","format":false,"excerpt":"Apporte un ancrage en douceur","rel":"","context":"Similar post","block_context":{"text":"Similar post","link":""},"img":{"alt_text":"","src":"","width":0,"height":0},"classes":[]}],"_links":{"self":[{"href":"https:\/\/artstella-elixirs-floraux.com\/en\/wp-json\/wp\/v2\/product\/12305","targetHints":{"allow":["GET"]}}],"collection":[{"href":"https:\/\/artstella-elixirs-floraux.com\/en\/wp-json\/wp\/v2\/product"}],"about":[{"href":"https:\/\/artstella-elixirs-floraux.com\/en\/wp-json\/wp\/v2\/types\/product"}],"version-history":[{"count":2,"href":"https:\/\/artstella-elixirs-floraux.com\/en\/wp-json\/wp\/v2\/product\/12305\/revisions"}],"predecessor-version":[{"id":12308,"href":"https:\/\/artstella-elixirs-floraux.com\/en\/wp-json\/wp\/v2\/product\/12305\/revisions\/12308"}],"wp:featuredmedia":[{"embeddable":true,"href":"https:\/\/artstella-elixirs-floraux.com\/en\/wp-json\/wp\/v2\/media\/12306"}],"wp:attachment":[{"href":"https:\/\/artstella-elixirs-floraux.com\/en\/wp-json\/wp\/v2\/media?parent=12305"}],"wp:term":[{"taxonomy":"product_brand","embeddable":true,"href":"https:\/\/artstella-elixirs-floraux.com\/en\/wp-json\/wp\/v2\/product_brand?post=12305"},{"taxonomy":"product_cat","embeddable":true,"href":"https:\/\/artstella-elixirs-floraux.com\/en\/wp-json\/wp\/v2\/product_cat?post=12305"},{"taxonomy":"product_tag","embeddable":true,"href":"https:\/\/artstella-elixirs-floraux.com\/en\/wp-json\/wp\/v2\/product_tag?post=12305"}],"curies":[{"name":"wp","href":"https:\/\/api.w.org\/{rel}","templated":true}]}}