{"id":12378,"date":"2026-03-16T15:09:50","date_gmt":"2026-03-16T15:09:50","guid":{"rendered":"https:\/\/artstella-elixirs-floraux.com\/?post_type=product&#038;p=12378"},"modified":"2026-03-16T15:09:51","modified_gmt":"2026-03-16T15:09:51","slug":"remede-mineral-rescate-mineral","status":"publish","type":"product","link":"https:\/\/artstella-elixirs-floraux.com\/en\/product\/remede-mineral-rescate-mineral\/","title":{"rendered":"REMEDE MINERAL &#8211; RESCATE MINERAL"},"content":{"rendered":"","protected":false},"excerpt":{"rendered":"<p>Dans les situations de crise ou d&rsquo;urgence, il apporte calme et tranquillit\u00e9 en cas de troubles psychiques ou physiques graves. Il aide \u00e0 retrouver harmonieusement les sens et la structure de l&rsquo;\u00eatre<\/p>","protected":false},"featured_media":12379,"template":"","meta":[],"product_brand":[],"product_cat":[343],"product_tag":[],"class_list":{"0":"post-12378","1":"product","2":"type-product","3":"status-publish","4":"has-post-thumbnail","6":"product_cat-les-elixirs-de-pierre-sylfos","8":"first","9":"instock","10":"taxable","11":"shipping-taxable","12":"purchasable","13":"product-type-simple"},"etheme_brands":{"errors":{"invalid_taxonomy":["Invalid taxonomy."]},"error_data":[]},"jetpack_sharing_enabled":true,"jetpack-related-posts":[{"id":5448,"url":"https:\/\/artstella-elixirs-floraux.com\/en\/product\/centranthe-purple-flower-10-ml\/","url_meta":{"origin":12378,"position":0},"title":"Centranthe PURPLE FLOWER 10 ml","author":"eveapprill","date":"9 March 2025","format":false,"excerpt":"Centranthe \/ Centratherum punctatum (purple flower)\u00a0\u00a0 Apporte de l\u2019\u00e9nergie \u00e0 la t\u00eate et repose l\u2019esprit. Pour s\u2019ouvrir aux diff\u00e9rents r\u00e8gnes (animal, v\u00e9g\u00e9tal, min\u00e9ral et humain) am\u00e9liore la conscience de l\u2019environnement.","rel":"","context":"Similar post","block_context":{"text":"Similar post","link":""},"img":{"alt_text":"","src":"","width":0,"height":0},"classes":[]},{"id":2367,"url":"https:\/\/artstella-elixirs-floraux.com\/en\/product\/chalice-well\/","url_meta":{"origin":12378,"position":1},"title":"CHALICE WELL","author":"eveapprill","date":"9 March 2025","format":false,"excerpt":"CHALICE WELL. Le puits du calice Cet \u00e9lixir a \u00e9t\u00e9 r\u00e9alis\u00e9 dans le jardin de Chalice Well de Glastonbury, en Angleterre, avec de l'eau provenant de Chalice Well (Le puits du Calice). Il nous met en relation avec le soutien profond, toujours disponible des r\u00e8gnes \u00e9l\u00e9mentaux, min\u00e9ral, v\u00e9g\u00e9tal, et ang\u00e9liques.","rel":"","context":"Similar post","block_context":{"text":"Similar post","link":""},"img":{"alt_text":"","src":"https:\/\/i0.wp.com\/artstella-elixirs-floraux.com\/wp-content\/uploads\/2025\/03\/Chalice_Well1_1024x1024.jpg?resize=350%2C200&ssl=1","width":350,"height":200},"classes":[]},{"id":4084,"url":"https:\/\/artstella-elixirs-floraux.com\/en\/product\/protection-15-ml-sylfos\/","url_meta":{"origin":12378,"position":2},"title":"PROTECTION 15 ML SYLFOS","author":"eveapprill","date":"9 March 2025","format":false,"excerpt":"Cet \u00e9lixir cr\u00e9e un manteau protecteur au niveau physique et psychique tout en nettoyant le champ \u00e9nerg\u00e9tique. Il favorise l\u2019ancrage et la sensation de stabilit\u00e9. Il peut \u00eatre port\u00e9 dans la poche ou sous l\u2019oreiller la nuit.","rel":"","context":"Similar post","block_context":{"text":"Similar post","link":""},"img":{"alt_text":"","src":"https:\/\/i0.wp.com\/artstella-elixirs-floraux.com\/wp-content\/uploads\/2025\/03\/c979bbc8-e117-4621-96ea-cf965f840245.jpg?resize=350%2C200&ssl=1","width":350,"height":200,"srcset":"https:\/\/i0.wp.com\/artstella-elixirs-floraux.com\/wp-content\/uploads\/2025\/03\/c979bbc8-e117-4621-96ea-cf965f840245.jpg?resize=350%2C200&ssl=1 1x, https:\/\/i0.wp.com\/artstella-elixirs-floraux.com\/wp-content\/uploads\/2025\/03\/c979bbc8-e117-4621-96ea-cf965f840245.jpg?resize=525%2C300&ssl=1 1.5x, https:\/\/i0.wp.com\/artstella-elixirs-floraux.com\/wp-content\/uploads\/2025\/03\/c979bbc8-e117-4621-96ea-cf965f840245.jpg?resize=700%2C400&ssl=1 2x"},"classes":[]}],"_links":{"self":[{"href":"https:\/\/artstella-elixirs-floraux.com\/en\/wp-json\/wp\/v2\/product\/12378","targetHints":{"allow":["GET"]}}],"collection":[{"href":"https:\/\/artstella-elixirs-floraux.com\/en\/wp-json\/wp\/v2\/product"}],"about":[{"href":"https:\/\/artstella-elixirs-floraux.com\/en\/wp-json\/wp\/v2\/types\/product"}],"version-history":[{"count":2,"href":"https:\/\/artstella-elixirs-floraux.com\/en\/wp-json\/wp\/v2\/product\/12378\/revisions"}],"predecessor-version":[{"id":12381,"href":"https:\/\/artstella-elixirs-floraux.com\/en\/wp-json\/wp\/v2\/product\/12378\/revisions\/12381"}],"wp:featuredmedia":[{"embeddable":true,"href":"https:\/\/artstella-elixirs-floraux.com\/en\/wp-json\/wp\/v2\/media\/12379"}],"wp:attachment":[{"href":"https:\/\/artstella-elixirs-floraux.com\/en\/wp-json\/wp\/v2\/media?parent=12378"}],"wp:term":[{"taxonomy":"product_brand","embeddable":true,"href":"https:\/\/artstella-elixirs-floraux.com\/en\/wp-json\/wp\/v2\/product_brand?post=12378"},{"taxonomy":"product_cat","embeddable":true,"href":"https:\/\/artstella-elixirs-floraux.com\/en\/wp-json\/wp\/v2\/product_cat?post=12378"},{"taxonomy":"product_tag","embeddable":true,"href":"https:\/\/artstella-elixirs-floraux.com\/en\/wp-json\/wp\/v2\/product_tag?post=12378"}],"curies":[{"name":"wp","href":"https:\/\/api.w.org\/{rel}","templated":true}]}}