{"id":12445,"date":"2026-04-07T07:58:28","date_gmt":"2026-04-07T07:58:28","guid":{"rendered":"https:\/\/artstella-elixirs-floraux.com\/?post_type=product&#038;p=12445"},"modified":"2026-04-07T07:58:29","modified_gmt":"2026-04-07T07:58:29","slug":"jeu-de-cartes-elixirs-chamaniques-et-des-messagers-sylfos","status":"publish","type":"product","link":"https:\/\/artstella-elixirs-floraux.com\/en\/product\/jeu-de-cartes-elixirs-chamaniques-et-des-messagers-sylfos\/","title":{"rendered":"Jeu de cartes \u00ab \u00c9lixirs chamaniques et des Messagers Sylfos \u00bb"},"content":{"rendered":"<p>Le jeu de cartes de diagnostic pour les 12 essences chamaniques andines + les 7 essences des messagers.<\/p>\n<p>Format A6 &#8211; \u00c9dition bilingue fran\u00e7ais \/ espagnol. Le verso de la carte est d&rsquo;une couleur diff\u00e9rente afin de pouvoir les utiliser \u00e0 l&rsquo;envers et les associer aux cartes des essences andines Sylfos.<\/p>\n<p><em>Les dessins originaux ont \u00e9t\u00e9 r\u00e9alis\u00e9s avec des teintures naturelles, dans le respect de la tradition mapuche.<\/em><\/p>","protected":false},"excerpt":{"rendered":"<p>Le jeu de cartes de diagnostic pour les 12 essences chamaniques andines + les 7 essences des messagers.<\/p>","protected":false},"featured_media":12446,"template":"","meta":[],"product_brand":[],"product_cat":[344],"product_tag":[],"class_list":{"0":"post-12445","1":"product","2":"type-product","3":"status-publish","4":"has-post-thumbnail","6":"product_cat-livre-et-cartes-sylfos","8":"first","9":"instock","10":"taxable","11":"shipping-taxable","12":"purchasable","13":"product-type-simple"},"etheme_brands":{"errors":{"invalid_taxonomy":["Invalid taxonomy."]},"error_data":[]},"jetpack_sharing_enabled":true,"jetpack-related-posts":[{"id":5496,"url":"https:\/\/artstella-elixirs-floraux.com\/en\/product\/cartes-des-24-elixirs-andins\/","url_meta":{"origin":12445,"position":0},"title":"Cartes des 24 \u00e9lixirs andins","author":"eveapprill","date":"9 March 2025","format":false,"excerpt":"Jeu de 24 cartes couleur repr\u00e9sentant les fleurs des \u00e9lixirs andins","rel":"","context":"Similar post","block_context":{"text":"Similar post","link":""},"img":{"alt_text":"","src":"https:\/\/i0.wp.com\/artstella-elixirs-floraux.com\/wp-content\/uploads\/2025\/03\/wp-image1743.png?resize=350%2C200&ssl=1","width":350,"height":200,"srcset":"https:\/\/i0.wp.com\/artstella-elixirs-floraux.com\/wp-content\/uploads\/2025\/03\/wp-image1743.png?resize=350%2C200&ssl=1 1x, https:\/\/i0.wp.com\/artstella-elixirs-floraux.com\/wp-content\/uploads\/2025\/03\/wp-image1743.png?resize=525%2C300&ssl=1 1.5x, https:\/\/i0.wp.com\/artstella-elixirs-floraux.com\/wp-content\/uploads\/2025\/03\/wp-image1743.png?resize=700%2C400&ssl=1 2x"},"classes":[]},{"id":6375,"url":"https:\/\/artstella-elixirs-floraux.com\/en\/product\/le-livre-les-elixirs-floraux-andins\/","url_meta":{"origin":12445,"position":1},"title":"Le livre : Les \u00e9lixirs floraux andins","author":"eveapprill","date":"9 March 2025","format":false,"excerpt":"Par Vincent Belb\u00e8ze, pr\u00e9face de Philippe Deroide. Ce livre (321pages) pr\u00e9sente les 24 \u00e9lixirs floraux andins, avec un r\u00e9pertoire de mots cl\u00e9s. Une partie est consacr\u00e9e \u00e0 l'\u00e9nergie sp\u00e9cifique de la Cordill\u00e8re des Andes...","rel":"","context":"Similar post","block_context":{"text":"Similar post","link":""},"img":{"alt_text":"","src":"https:\/\/i0.wp.com\/artstella-elixirs-floraux.com\/wp-content\/uploads\/2025\/03\/wp-image2457-scaled.png?resize=350%2C200&ssl=1","width":350,"height":200,"srcset":"https:\/\/i0.wp.com\/artstella-elixirs-floraux.com\/wp-content\/uploads\/2025\/03\/wp-image2457-scaled.png?resize=350%2C200&ssl=1 1x, https:\/\/i0.wp.com\/artstella-elixirs-floraux.com\/wp-content\/uploads\/2025\/03\/wp-image2457-scaled.png?resize=525%2C300&ssl=1 1.5x, https:\/\/i0.wp.com\/artstella-elixirs-floraux.com\/wp-content\/uploads\/2025\/03\/wp-image2457-scaled.png?resize=700%2C400&ssl=1 2x"},"classes":[]},{"id":4159,"url":"https:\/\/artstella-elixirs-floraux.com\/en\/product\/coffret-messagers-15-ml-sylfos\/","url_meta":{"origin":12445,"position":2},"title":"COFFRET MESSAGERS 15 ML SYLFOS","author":"eveapprill","date":"9 March 2025","format":false,"excerpt":"Contient les 7 \u00e9lixirs de messagers Sylfos en 15 ml","rel":"","context":"Similar post","block_context":{"text":"Similar post","link":""},"img":{"alt_text":"","src":"https:\/\/i0.wp.com\/artstella-elixirs-floraux.com\/wp-content\/uploads\/2025\/03\/wp-image1495.png?resize=350%2C200&ssl=1","width":350,"height":200,"srcset":"https:\/\/i0.wp.com\/artstella-elixirs-floraux.com\/wp-content\/uploads\/2025\/03\/wp-image1495.png?resize=350%2C200&ssl=1 1x, https:\/\/i0.wp.com\/artstella-elixirs-floraux.com\/wp-content\/uploads\/2025\/03\/wp-image1495.png?resize=525%2C300&ssl=1 1.5x, https:\/\/i0.wp.com\/artstella-elixirs-floraux.com\/wp-content\/uploads\/2025\/03\/wp-image1495.png?resize=700%2C400&ssl=1 2x"},"classes":[]},{"id":4598,"url":"https:\/\/artstella-elixirs-floraux.com\/en\/product\/animal-healing-bush-essences\/","url_meta":{"origin":12445,"position":3},"title":"ANIMAL HEALING BUSH ESSENCES","author":"eveapprill","date":"9 March 2025","format":false,"excerpt":"ANIMAL HEALING BUSH ESSENCES","rel":"","context":"Similar post","block_context":{"text":"Similar post","link":""},"img":{"alt_text":"","src":"","width":0,"height":0},"classes":[]},{"id":4596,"url":"https:\/\/artstella-elixirs-floraux.com\/en\/product\/happy-healthy-kids-bush-essences\/","url_meta":{"origin":12445,"position":4},"title":"HAPPY HEALTHY KIDS BUSH ESSENCES","author":"eveapprill","date":"9 March 2025","format":false,"excerpt":"HAPPY HEALTHY KIDS BUSH ESSENCES","rel":"","context":"Similar post","block_context":{"text":"Similar post","link":""},"img":{"alt_text":"","src":"","width":0,"height":0},"classes":[]},{"id":4157,"url":"https:\/\/artstella-elixirs-floraux.com\/en\/product\/coffret-10-animaux-chamaniques-15ml\/","url_meta":{"origin":12445,"position":5},"title":"COFFRET 10 ANIMAUX CHAMANIQUES 15ML","author":"eveapprill","date":"9 March 2025","format":false,"excerpt":"Contient les 10 animaux chamaniques Sylfos en 15ml","rel":"","context":"Similar post","block_context":{"text":"Similar post","link":""},"img":{"alt_text":"","src":"https:\/\/i0.wp.com\/artstella-elixirs-floraux.com\/wp-content\/uploads\/2025\/03\/wp-image1494.png?resize=350%2C200&ssl=1","width":350,"height":200,"srcset":"https:\/\/i0.wp.com\/artstella-elixirs-floraux.com\/wp-content\/uploads\/2025\/03\/wp-image1494.png?resize=350%2C200&ssl=1 1x, https:\/\/i0.wp.com\/artstella-elixirs-floraux.com\/wp-content\/uploads\/2025\/03\/wp-image1494.png?resize=525%2C300&ssl=1 1.5x, https:\/\/i0.wp.com\/artstella-elixirs-floraux.com\/wp-content\/uploads\/2025\/03\/wp-image1494.png?resize=700%2C400&ssl=1 2x"},"classes":[]}],"_links":{"self":[{"href":"https:\/\/artstella-elixirs-floraux.com\/en\/wp-json\/wp\/v2\/product\/12445","targetHints":{"allow":["GET"]}}],"collection":[{"href":"https:\/\/artstella-elixirs-floraux.com\/en\/wp-json\/wp\/v2\/product"}],"about":[{"href":"https:\/\/artstella-elixirs-floraux.com\/en\/wp-json\/wp\/v2\/types\/product"}],"version-history":[{"count":1,"href":"https:\/\/artstella-elixirs-floraux.com\/en\/wp-json\/wp\/v2\/product\/12445\/revisions"}],"predecessor-version":[{"id":12447,"href":"https:\/\/artstella-elixirs-floraux.com\/en\/wp-json\/wp\/v2\/product\/12445\/revisions\/12447"}],"wp:featuredmedia":[{"embeddable":true,"href":"https:\/\/artstella-elixirs-floraux.com\/en\/wp-json\/wp\/v2\/media\/12446"}],"wp:attachment":[{"href":"https:\/\/artstella-elixirs-floraux.com\/en\/wp-json\/wp\/v2\/media?parent=12445"}],"wp:term":[{"taxonomy":"product_brand","embeddable":true,"href":"https:\/\/artstella-elixirs-floraux.com\/en\/wp-json\/wp\/v2\/product_brand?post=12445"},{"taxonomy":"product_cat","embeddable":true,"href":"https:\/\/artstella-elixirs-floraux.com\/en\/wp-json\/wp\/v2\/product_cat?post=12445"},{"taxonomy":"product_tag","embeddable":true,"href":"https:\/\/artstella-elixirs-floraux.com\/en\/wp-json\/wp\/v2\/product_tag?post=12445"}],"curies":[{"name":"wp","href":"https:\/\/api.w.org\/{rel}","templated":true}]}}