{"id":1877,"date":"2025-05-27T16:37:09","date_gmt":"2025-05-27T16:37:09","guid":{"rendered":"https:\/\/artstella-elixirs-floraux.com\/?post_type=product&#038;p=1877"},"modified":"2026-05-06T14:17:40","modified_gmt":"2026-05-06T14:17:40","slug":"serene-power-15-ml-ltoe","status":"publish","type":"product","link":"https:\/\/artstella-elixirs-floraux.com\/en\/product\/serene-power-15-ml-ltoe\/","title":{"rendered":"SERENE POWER 15 ML LTOE"},"content":{"rendered":"<p><strong><em>Serene Power \/ Pouvoir serein<\/em><\/strong><em> (Compos\u00e9 : Pushing Back The Night, Voice of Courage, Serene Overview.) <\/em>Cet \u00e9lixir apporte imm\u00e9diatement une douce \u00e9nergie. Il vous aidera \u00e0 passer la journ\u00e9e avec calme, clart\u00e9 et s\u00e9r\u00e9nit\u00e9.<\/p>","protected":false},"excerpt":{"rendered":"<p>Serene Power \/ Pouvoir serein (Compos\u00e9 : Pushing Back The Night, Voice of Courage, Serene Overview.) Cet \u00e9lixir apporte imm\u00e9diatement une douce \u00e9nergie. Il vous&#8230;<\/p>","protected":false},"featured_media":12528,"template":"","meta":[],"product_brand":[],"product_cat":[131],"product_tag":[],"class_list":{"0":"post-1877","1":"product","2":"type-product","3":"status-publish","4":"has-post-thumbnail","6":"product_cat-les-composes","8":"first","9":"instock","10":"taxable","11":"shipping-taxable","12":"purchasable","13":"product-type-simple"},"etheme_brands":{"errors":{"invalid_taxonomy":["Invalid taxonomy."]},"error_data":[]},"jetpack_sharing_enabled":true,"jetpack-related-posts":[{"id":5410,"url":"https:\/\/artstella-elixirs-floraux.com\/en\/product\/serene-overview-devata-ltoe-15-ml\/","url_meta":{"origin":1877,"position":0},"title":"Serene overview (Devata) LTOE 15 ML","author":"eveapprill","date":"9 March 2025","format":false,"excerpt":"Serene overview (Devata)\u00a0 \/ Vision sereine \u00a0Cr\u00e9e en soi-m\u00eame les conditions d\u2019une vision sereine et mise en perspective de sa vie.","rel":"","context":"Similar post","block_context":{"text":"Similar post","link":""},"img":{"alt_text":"","src":"https:\/\/i0.wp.com\/artstella-elixirs-floraux.com\/wp-content\/uploads\/2025\/03\/5c814628-c78b-4115-86a8-52838cb0db8c.jpg?resize=350%2C200&ssl=1","width":350,"height":200,"srcset":"https:\/\/i0.wp.com\/artstella-elixirs-floraux.com\/wp-content\/uploads\/2025\/03\/5c814628-c78b-4115-86a8-52838cb0db8c.jpg?resize=350%2C200&ssl=1 1x, https:\/\/i0.wp.com\/artstella-elixirs-floraux.com\/wp-content\/uploads\/2025\/03\/5c814628-c78b-4115-86a8-52838cb0db8c.jpg?resize=525%2C300&ssl=1 1.5x, https:\/\/i0.wp.com\/artstella-elixirs-floraux.com\/wp-content\/uploads\/2025\/03\/5c814628-c78b-4115-86a8-52838cb0db8c.jpg?resize=700%2C400&ssl=1 2x"},"classes":[]},{"id":3505,"url":"https:\/\/artstella-elixirs-floraux.com\/en\/product\/memory-enhancer-15-ml-ltoe\/","url_meta":{"origin":1877,"position":1},"title":"MEMORY ENHANCER 15 ML LTOE","author":"eveapprill","date":"9 March 2025","format":false,"excerpt":"Memory enhancer \/M\u00e9moire (Liberation\/deception, Moon Child, Positive outcome, Serene overview) Ces quatre \u00e9lixirs ont chacun un effet qui \u00e9claircit les processus du mental et am\u00e9liore les capacit\u00e9s m\u00e9morielles.","rel":"","context":"Similar post","block_context":{"text":"Similar post","link":""},"img":{"alt_text":"","src":"https:\/\/i0.wp.com\/artstella-elixirs-floraux.com\/wp-content\/uploads\/2025\/03\/6f562d30-1a12-4d19-8bbb-1d51a2239783.jpg?resize=350%2C200&ssl=1","width":350,"height":200,"srcset":"https:\/\/i0.wp.com\/artstella-elixirs-floraux.com\/wp-content\/uploads\/2025\/03\/6f562d30-1a12-4d19-8bbb-1d51a2239783.jpg?resize=350%2C200&ssl=1 1x, https:\/\/i0.wp.com\/artstella-elixirs-floraux.com\/wp-content\/uploads\/2025\/03\/6f562d30-1a12-4d19-8bbb-1d51a2239783.jpg?resize=525%2C300&ssl=1 1.5x, https:\/\/i0.wp.com\/artstella-elixirs-floraux.com\/wp-content\/uploads\/2025\/03\/6f562d30-1a12-4d19-8bbb-1d51a2239783.jpg?resize=700%2C400&ssl=1 2x"},"classes":[]},{"id":3667,"url":"https:\/\/artstella-elixirs-floraux.com\/en\/product\/59-shivas-trident-ltoe-15-ml\/","url_meta":{"origin":1877,"position":2},"title":"SHIVA&rsquo;S TRIDENT LTOE 15 ML","author":"eveapprill","date":"9 March 2025","format":false,"excerpt":"Shiva\u2019s Trident \/ Trident de Shiva : ouvre la polarit\u00e9 yang du syst\u00e8me des m\u00e9ridiens \u2013 le point baihui* au sommet de la t\u00eate\u00a0 \u2013 et apporte une \u00e9nergie puissante et tourbillonnante","rel":"","context":"Similar post","block_context":{"text":"Similar post","link":""},"img":{"alt_text":"","src":"https:\/\/i0.wp.com\/artstella-elixirs-floraux.com\/wp-content\/uploads\/2025\/03\/69ccbb8d-8a4c-4937-9b07-edb4efe72ae4.jpg?resize=350%2C200&ssl=1","width":350,"height":200,"srcset":"https:\/\/i0.wp.com\/artstella-elixirs-floraux.com\/wp-content\/uploads\/2025\/03\/69ccbb8d-8a4c-4937-9b07-edb4efe72ae4.jpg?resize=350%2C200&ssl=1 1x, https:\/\/i0.wp.com\/artstella-elixirs-floraux.com\/wp-content\/uploads\/2025\/03\/69ccbb8d-8a4c-4937-9b07-edb4efe72ae4.jpg?resize=525%2C300&ssl=1 1.5x, https:\/\/i0.wp.com\/artstella-elixirs-floraux.com\/wp-content\/uploads\/2025\/03\/69ccbb8d-8a4c-4937-9b07-edb4efe72ae4.jpg?resize=700%2C400&ssl=1 2x"},"classes":[]},{"id":3752,"url":"https:\/\/artstella-elixirs-floraux.com\/en\/product\/power-orchid-cuba-15ml-phi\/","url_meta":{"origin":1877,"position":3},"title":"POWER ORCHID (CUBA) 15ML PHI","author":"eveapprill","date":"9 March 2025","format":false,"excerpt":"POWER ORCHID Cirrhopetalum ornatissimum\u00a0\u00ab\u00a0Orchid\u00e9e de pouvoir\u00a0\u00bb\u00a0Cette orchid\u00e9e est originaire d\u2019Asie. L\u2019\u00e9lixir\u00a0: quand dans notre vie, nous sommes arriv\u00e9s \u00e0 un point o\u00f9 nous d\u00e9sirons nous d\u00e9velopper int\u00e9rieurement.","rel":"","context":"Similar post","block_context":{"text":"Similar post","link":""},"img":{"alt_text":"","src":"","width":0,"height":0},"classes":[]}],"_links":{"self":[{"href":"https:\/\/artstella-elixirs-floraux.com\/en\/wp-json\/wp\/v2\/product\/1877","targetHints":{"allow":["GET"]}}],"collection":[{"href":"https:\/\/artstella-elixirs-floraux.com\/en\/wp-json\/wp\/v2\/product"}],"about":[{"href":"https:\/\/artstella-elixirs-floraux.com\/en\/wp-json\/wp\/v2\/types\/product"}],"version-history":[{"count":4,"href":"https:\/\/artstella-elixirs-floraux.com\/en\/wp-json\/wp\/v2\/product\/1877\/revisions"}],"predecessor-version":[{"id":12530,"href":"https:\/\/artstella-elixirs-floraux.com\/en\/wp-json\/wp\/v2\/product\/1877\/revisions\/12530"}],"wp:featuredmedia":[{"embeddable":true,"href":"https:\/\/artstella-elixirs-floraux.com\/en\/wp-json\/wp\/v2\/media\/12528"}],"wp:attachment":[{"href":"https:\/\/artstella-elixirs-floraux.com\/en\/wp-json\/wp\/v2\/media?parent=1877"}],"wp:term":[{"taxonomy":"product_brand","embeddable":true,"href":"https:\/\/artstella-elixirs-floraux.com\/en\/wp-json\/wp\/v2\/product_brand?post=1877"},{"taxonomy":"product_cat","embeddable":true,"href":"https:\/\/artstella-elixirs-floraux.com\/en\/wp-json\/wp\/v2\/product_cat?post=1877"},{"taxonomy":"product_tag","embeddable":true,"href":"https:\/\/artstella-elixirs-floraux.com\/en\/wp-json\/wp\/v2\/product_tag?post=1877"}],"curies":[{"name":"wp","href":"https:\/\/api.w.org\/{rel}","templated":true}]}}