{"id":1921,"date":"2025-05-27T16:08:58","date_gmt":"2025-05-27T16:08:58","guid":{"rendered":"https:\/\/artstella-elixirs-floraux.com\/?post_type=product&#038;p=1921"},"modified":"2025-05-27T16:08:58","modified_gmt":"2025-05-27T16:08:58","slug":"autruche-30-ml-phi","status":"publish","type":"product","link":"https:\/\/artstella-elixirs-floraux.com\/en\/product\/autruche-30-ml-phi\/","title":{"rendered":"AUTRUCHE 30 ML PHI"},"content":{"rendered":"","protected":false},"excerpt":{"rendered":"","protected":false},"featured_media":0,"template":"","meta":[],"product_brand":[],"product_cat":[102],"product_tag":[],"class_list":{"0":"post-1921","1":"product","2":"type-product","3":"status-publish","5":"product_cat-les-elixirs-d-animaux-d-afrique","7":"first","8":"instock","9":"taxable","10":"shipping-taxable","11":"purchasable","12":"product-type-simple"},"etheme_brands":{"errors":{"invalid_taxonomy":["Invalid taxonomy."]},"error_data":[]},"jetpack_sharing_enabled":true,"jetpack-related-posts":[{"id":3958,"url":"https:\/\/artstella-elixirs-floraux.com\/en\/product\/autruche-15-ml-phi\/","url_meta":{"origin":1921,"position":0},"title":"AUTRUCHE 15 ML PHI","author":"eveapprill","date":"9 March 2025","format":false,"excerpt":"Autruche (Struthius camelus) Cet \u00e9lixir convient aux personnes qui ont tendance \u00e0 ne jamais faire les choses directement.","rel":"","context":"Similar post","block_context":{"text":"Similar post","link":""},"img":{"alt_text":"","src":"","width":0,"height":0},"classes":[]},{"id":1920,"url":"https:\/\/artstella-elixirs-floraux.com\/en\/product\/gnou-30-ml-phi\/","url_meta":{"origin":1921,"position":1},"title":"GNOU 30 ML PHI","author":"eveapprill","date":"27 May 2025","format":false,"excerpt":"","rel":"","context":"Similar post","block_context":{"text":"Similar post","link":""},"img":{"alt_text":"","src":"","width":0,"height":0},"classes":[]},{"id":1902,"url":"https:\/\/artstella-elixirs-floraux.com\/en\/product\/dauphin-rose-30-ml-phi\/","url_meta":{"origin":1921,"position":2},"title":"DAUPHIN ROSE 30 ML PHI","author":"eveapprill","date":"23 April 2025","format":false,"excerpt":"","rel":"","context":"Similar post","block_context":{"text":"Similar post","link":""},"img":{"alt_text":"","src":"","width":0,"height":0},"classes":[]},{"id":1919,"url":"https:\/\/artstella-elixirs-floraux.com\/en\/product\/alligator-a-a-phi-30-ml\/","url_meta":{"origin":1921,"position":3},"title":"ALLIGATOR A.A PHI 30 ML","author":"eveapprill","date":"23 April 2025","format":false,"excerpt":"","rel":"","context":"Similar post","block_context":{"text":"Similar post","link":""},"img":{"alt_text":"","src":"","width":0,"height":0},"classes":[]},{"id":1918,"url":"https:\/\/artstella-elixirs-floraux.com\/en\/product\/complexe-jet-lag-phi-30-ml\/","url_meta":{"origin":1921,"position":4},"title":"COMPLEXE JET LAG \/ SLEEP Voyage et Sommeil PHI","author":"eveapprill","date":"11 September 2025","format":false,"excerpt":"COMPLEXE JET LAG \/ SLEEP -\u00a0 Voyage et Sommeil par PHI Am\u00e9liore le sommeil et les phases de repos. Am\u00e9liore la r\u00e9g\u00e9n\u00e9ration. Soutient dans les voyages et les probl\u00e8mes li\u00e9s aux d\u00e9calages horaires.","rel":"","context":"Similar post","block_context":{"text":"Similar post","link":""},"img":{"alt_text":"","src":"https:\/\/i0.wp.com\/artstella-elixirs-floraux.com\/wp-content\/uploads\/2025\/03\/jetlag.jpg?resize=350%2C200&ssl=1","width":350,"height":200},"classes":[]},{"id":6167,"url":"https:\/\/artstella-elixirs-floraux.com\/en\/product\/coffret-11-elixirs-phi-pyramides-15-ml\/","url_meta":{"origin":1921,"position":5},"title":"COFFRET 11 ELIXIRS PHI PYRAMIDES 15 ML","author":"eveapprill","date":"9 March 2025","format":false,"excerpt":"Ce coffret contient les 11 \u00e9lixirs de pyramides PHI en 15ml","rel":"","context":"Similar post","block_context":{"text":"Similar post","link":""},"img":{"alt_text":"","src":"","width":0,"height":0},"classes":[]}],"_links":{"self":[{"href":"https:\/\/artstella-elixirs-floraux.com\/en\/wp-json\/wp\/v2\/product\/1921","targetHints":{"allow":["GET"]}}],"collection":[{"href":"https:\/\/artstella-elixirs-floraux.com\/en\/wp-json\/wp\/v2\/product"}],"about":[{"href":"https:\/\/artstella-elixirs-floraux.com\/en\/wp-json\/wp\/v2\/types\/product"}],"version-history":[{"count":0,"href":"https:\/\/artstella-elixirs-floraux.com\/en\/wp-json\/wp\/v2\/product\/1921\/revisions"}],"wp:attachment":[{"href":"https:\/\/artstella-elixirs-floraux.com\/en\/wp-json\/wp\/v2\/media?parent=1921"}],"wp:term":[{"taxonomy":"product_brand","embeddable":true,"href":"https:\/\/artstella-elixirs-floraux.com\/en\/wp-json\/wp\/v2\/product_brand?post=1921"},{"taxonomy":"product_cat","embeddable":true,"href":"https:\/\/artstella-elixirs-floraux.com\/en\/wp-json\/wp\/v2\/product_cat?post=1921"},{"taxonomy":"product_tag","embeddable":true,"href":"https:\/\/artstella-elixirs-floraux.com\/en\/wp-json\/wp\/v2\/product_tag?post=1921"}],"curies":[{"name":"wp","href":"https:\/\/api.w.org\/{rel}","templated":true}]}}