{"id":1931,"date":"2025-05-27T16:06:46","date_gmt":"2025-05-27T16:06:46","guid":{"rendered":"https:\/\/artstella-elixirs-floraux.com\/?post_type=product&#038;p=1931"},"modified":"2025-05-27T16:06:46","modified_gmt":"2025-05-27T16:06:46","slug":"perroquet-phi-15-ml","status":"publish","type":"product","link":"https:\/\/artstella-elixirs-floraux.com\/en\/product\/perroquet-phi-15-ml\/","title":{"rendered":"PERROQUET PHI 15 ML"},"content":{"rendered":"","protected":false},"excerpt":{"rendered":"","protected":false},"featured_media":0,"template":"","meta":[],"product_brand":[],"product_cat":[101],"product_tag":[],"class_list":{"0":"post-1931","1":"product","2":"type-product","3":"status-publish","5":"product_cat-divers","7":"first","8":"instock","9":"taxable","10":"shipping-taxable","11":"purchasable","12":"product-type-simple"},"etheme_brands":{"errors":{"invalid_taxonomy":["Invalid taxonomy."]},"error_data":[]},"jetpack_sharing_enabled":true,"jetpack-related-posts":[{"id":5834,"url":"https:\/\/artstella-elixirs-floraux.com\/en\/product\/perroquet-parrot-amazonia-tucumana-15-ml-phi\/","url_meta":{"origin":1931,"position":0},"title":"Perroquet &#8211; Parrot ( Amazonia tucumana) 15 ml PHI","author":"eveapprill","date":"9 March 2025","format":false,"excerpt":"\u00a0Perroquet - Parrot ( Amazonia tucumana) Cet \u00e9lixir facilite une communication ouverte, il am\u00e9liore la confiance et la parole. Nous apprenons \u00e0 nous relaxer et \u00e0 nous exprimer \u00e0 partir de nos c\u0153urs. Ainsi les blocages peut se dissoudre. Il nous rend plus sociables. \u00a0","rel":"","context":"Similar post","block_context":{"text":"Similar post","link":""},"img":{"alt_text":"","src":"","width":0,"height":0},"classes":[]},{"id":3022,"url":"https:\/\/artstella-elixirs-floraux.com\/en\/product\/malachite-15-ml-phi\/","url_meta":{"origin":1931,"position":1},"title":"MALACHITE 15 ML PHI","author":"eveapprill","date":"9 March 2025","format":false,"excerpt":"","rel":"","context":"Similar post","block_context":{"text":"Similar post","link":""},"img":{"alt_text":"","src":"https:\/\/i0.wp.com\/artstella-elixirs-floraux.com\/wp-content\/uploads\/2025\/03\/wp-image638.png?resize=350%2C200&ssl=1","width":350,"height":200,"srcset":"https:\/\/i0.wp.com\/artstella-elixirs-floraux.com\/wp-content\/uploads\/2025\/03\/wp-image638.png?resize=350%2C200&ssl=1 1x, https:\/\/i0.wp.com\/artstella-elixirs-floraux.com\/wp-content\/uploads\/2025\/03\/wp-image638.png?resize=525%2C300&ssl=1 1.5x"},"classes":[]},{"id":1922,"url":"https:\/\/artstella-elixirs-floraux.com\/en\/product\/anaconda-15-ml-phi\/","url_meta":{"origin":1931,"position":2},"title":"ANACONDA 15 ML PHI","author":"eveapprill","date":"27 May 2025","format":false,"excerpt":"","rel":"","context":"Similar post","block_context":{"text":"Similar post","link":""},"img":{"alt_text":"","src":"","width":0,"height":0},"classes":[]},{"id":1927,"url":"https:\/\/artstella-elixirs-floraux.com\/en\/product\/gorille-15-ml-phi\/","url_meta":{"origin":1931,"position":3},"title":"GORILLE 15 ML PHI","author":"eveapprill","date":"27 May 2025","format":false,"excerpt":"","rel":"","context":"Similar post","block_context":{"text":"Similar post","link":""},"img":{"alt_text":"","src":"","width":0,"height":0},"classes":[]},{"id":1937,"url":"https:\/\/artstella-elixirs-floraux.com\/en\/product\/tarentule-phi-15-ml\/","url_meta":{"origin":1931,"position":4},"title":"TARENTULE PHI 15 ML","author":"eveapprill","date":"27 May 2025","format":false,"excerpt":"","rel":"","context":"Similar post","block_context":{"text":"Similar post","link":""},"img":{"alt_text":"","src":"","width":0,"height":0},"classes":[]},{"id":2829,"url":"https:\/\/artstella-elixirs-floraux.com\/en\/product\/gentian-15-ml-phi\/","url_meta":{"origin":1931,"position":5},"title":"GENTIAN 15 ML PHI","author":"eveapprill","date":"9 March 2025","format":false,"excerpt":"Gentian (Gentiana amarella) (Gentiane) Nous soutient dans les phases de profond d\u00e9couragement.","rel":"","context":"Similar post","block_context":{"text":"Similar post","link":""},"img":{"alt_text":"","src":"https:\/\/i0.wp.com\/artstella-elixirs-floraux.com\/wp-content\/uploads\/2025\/03\/wp-image343.png?resize=350%2C200&ssl=1","width":350,"height":200},"classes":[]}],"_links":{"self":[{"href":"https:\/\/artstella-elixirs-floraux.com\/en\/wp-json\/wp\/v2\/product\/1931","targetHints":{"allow":["GET"]}}],"collection":[{"href":"https:\/\/artstella-elixirs-floraux.com\/en\/wp-json\/wp\/v2\/product"}],"about":[{"href":"https:\/\/artstella-elixirs-floraux.com\/en\/wp-json\/wp\/v2\/types\/product"}],"version-history":[{"count":0,"href":"https:\/\/artstella-elixirs-floraux.com\/en\/wp-json\/wp\/v2\/product\/1931\/revisions"}],"wp:attachment":[{"href":"https:\/\/artstella-elixirs-floraux.com\/en\/wp-json\/wp\/v2\/media?parent=1931"}],"wp:term":[{"taxonomy":"product_brand","embeddable":true,"href":"https:\/\/artstella-elixirs-floraux.com\/en\/wp-json\/wp\/v2\/product_brand?post=1931"},{"taxonomy":"product_cat","embeddable":true,"href":"https:\/\/artstella-elixirs-floraux.com\/en\/wp-json\/wp\/v2\/product_cat?post=1931"},{"taxonomy":"product_tag","embeddable":true,"href":"https:\/\/artstella-elixirs-floraux.com\/en\/wp-json\/wp\/v2\/product_tag?post=1931"}],"curies":[{"name":"wp","href":"https:\/\/api.w.org\/{rel}","templated":true}]}}