{"id":1959,"date":"2025-08-26T16:52:27","date_gmt":"2025-08-26T16:52:27","guid":{"rendered":"https:\/\/artstella-elixirs-floraux.com\/?post_type=product&#038;p=1959"},"modified":"2025-08-26T16:53:23","modified_gmt":"2025-08-26T16:53:23","slug":"lupin-15-ml-fleur-sylfos","status":"publish","type":"product","link":"https:\/\/artstella-elixirs-floraux.com\/en\/product\/lupin-15-ml-fleur-sylfos\/","title":{"rendered":"LUPIN 15 ML Tarwi FLEUR SYLFOS"},"content":{"rendered":"<table>\n<tbody>\n<tr>\n<td><strong>Lupin \/ Tarwi<\/strong>\u00a0 \u00a0\u00a0<em>Lupinus perennis<\/em> <strong>\u00a0<\/strong>Stimule la g\u00e9n\u00e9rosit\u00e9, l\u2019ouverture de soi, la solidarit\u00e9. Il aide au d\u00e9veloppement autonome de la personnalit\u00e9. Pour se rel\u00e2cher et naviguer dans le fleuve de la vie avec s\u00e9curit\u00e9 et confiance.<strong>\u00a0 <\/strong>Accompagne l\u2019accouchement.<\/td>\n<\/tr>\n<\/tbody>\n<\/table>","protected":false},"excerpt":{"rendered":"<p>Lupin \/ Tarwi\u00a0 \u00a0\u00a0Lupinus perennis \u00a0Stimule la g\u00e9n\u00e9rosit\u00e9, l\u2019ouverture de soi, la solidarit\u00e9. Il aide au d\u00e9veloppement autonome de la personnalit\u00e9. Pour se rel\u00e2cher et&#8230;<\/p>","protected":false},"featured_media":11263,"template":"","meta":[],"product_brand":[],"product_cat":[139],"product_tag":[],"class_list":{"0":"post-1959","1":"product","2":"type-product","3":"status-publish","4":"has-post-thumbnail","6":"product_cat-les-fleurs-andiness-upplementaires-compose","8":"first","9":"instock","10":"taxable","11":"shipping-taxable","12":"purchasable","13":"product-type-simple"},"etheme_brands":{"errors":{"invalid_taxonomy":["Invalid taxonomy."]},"error_data":[]},"jetpack_sharing_enabled":true,"jetpack-related-posts":[{"id":4950,"url":"https:\/\/artstella-elixirs-floraux.com\/en\/product\/nootka-lupine-alaskan-f-sup\/","url_meta":{"origin":1959,"position":0},"title":"NOOTKA LUPINE ALASKAN F SUP","author":"eveapprill","date":"9 March 2025","format":false,"excerpt":"Nootka Lupine Lupin Nous aide \u00e0 r\u00e9v\u00e9ler et \u00e0 faire face \u00e0 des sujets karmiques qui font r\u00e9guli\u00e8rement surface afin de les r\u00e9soudre ; nous montre o\u00f9 porter notre attention et notre \u00e9nergie afin de r\u00e9soudre ces probl\u00e8mes.","rel":"","context":"Similar post","block_context":{"text":"Similar post","link":""},"img":{"alt_text":"","src":"https:\/\/i0.wp.com\/artstella-elixirs-floraux.com\/wp-content\/uploads\/2025\/03\/wp-image1394.png?resize=350%2C200&ssl=1","width":350,"height":200},"classes":[]},{"id":5015,"url":"https:\/\/artstella-elixirs-floraux.com\/en\/product\/white-lupine-alaskan-f-sup\/","url_meta":{"origin":1959,"position":1},"title":"WHITE LUPINE ALASKAN F SUP","author":"eveapprill","date":"9 March 2025","format":false,"excerpt":"White Lupine Lupinus nootkatensis Lupin Indications\u00a0: enferm\u00e9s dans des sch\u00e9mas ancestraux ou des dynamiques familiales malsaines\u00a0; coinc\u00e9s dans la ranc\u0153ur et le ressentiment.","rel":"","context":"Similar post","block_context":{"text":"Similar post","link":""},"img":{"alt_text":"","src":"","width":0,"height":0},"classes":[]}],"_links":{"self":[{"href":"https:\/\/artstella-elixirs-floraux.com\/en\/wp-json\/wp\/v2\/product\/1959","targetHints":{"allow":["GET"]}}],"collection":[{"href":"https:\/\/artstella-elixirs-floraux.com\/en\/wp-json\/wp\/v2\/product"}],"about":[{"href":"https:\/\/artstella-elixirs-floraux.com\/en\/wp-json\/wp\/v2\/types\/product"}],"version-history":[{"count":2,"href":"https:\/\/artstella-elixirs-floraux.com\/en\/wp-json\/wp\/v2\/product\/1959\/revisions"}],"predecessor-version":[{"id":11264,"href":"https:\/\/artstella-elixirs-floraux.com\/en\/wp-json\/wp\/v2\/product\/1959\/revisions\/11264"}],"wp:featuredmedia":[{"embeddable":true,"href":"https:\/\/artstella-elixirs-floraux.com\/en\/wp-json\/wp\/v2\/media\/11263"}],"wp:attachment":[{"href":"https:\/\/artstella-elixirs-floraux.com\/en\/wp-json\/wp\/v2\/media?parent=1959"}],"wp:term":[{"taxonomy":"product_brand","embeddable":true,"href":"https:\/\/artstella-elixirs-floraux.com\/en\/wp-json\/wp\/v2\/product_brand?post=1959"},{"taxonomy":"product_cat","embeddable":true,"href":"https:\/\/artstella-elixirs-floraux.com\/en\/wp-json\/wp\/v2\/product_cat?post=1959"},{"taxonomy":"product_tag","embeddable":true,"href":"https:\/\/artstella-elixirs-floraux.com\/en\/wp-json\/wp\/v2\/product_tag?post=1959"}],"curies":[{"name":"wp","href":"https:\/\/api.w.org\/{rel}","templated":true}]}}