{"id":1963,"date":"2025-05-27T16:08:56","date_gmt":"2025-05-27T16:08:56","guid":{"rendered":"https:\/\/artstella-elixirs-floraux.com\/?post_type=product&#038;p=1963"},"modified":"2025-09-09T14:41:21","modified_gmt":"2025-09-09T14:41:21","slug":"wild-horse-foal-poulain-30ml-wea","status":"publish","type":"product","link":"https:\/\/artstella-elixirs-floraux.com\/en\/product\/wild-horse-foal-poulain-30ml-wea\/","title":{"rendered":"WILD HORSE FOAL POULAIN 30ML WEA"},"content":{"rendered":"","protected":false},"excerpt":{"rendered":"<p><strong><em>Wild Horse Foal (poulain sauvage)<\/em><\/strong><\/p>\n<p>apporte le soutien n\u00e9cessaire pour embrasser et se lib\u00e9rer des larmes de chagrins non r\u00e9solus depuis l\u2019enfance. Favorise la sinc\u00e9rit\u00e9 et la douceur.<\/p>\n<p>Pour embrasser le c\u0153ur tendre et pur de l\u2019enfant en nous, encourageant la douceur et le sentiment d\u2019appartenance. Pour approfondir le ressenti du chakra du c\u0153ur de notre enfant int\u00e9rieur. Aide \u00e0 traiter les probl\u00e8mes de c\u0153ur bris\u00e9 suite \u00e0 des blessures inflig\u00e9es durant l\u2019enfance, permettant de ressentir la douleur de ces blessures et de s\u2019en lib\u00e9rer gr\u00e2ce aux larmes. Pour aller au plus profond de notre c\u0153ur.<\/p>","protected":false},"featured_media":11419,"template":"","meta":[],"product_brand":[],"product_cat":[106],"product_tag":[],"class_list":{"0":"post-1963","1":"product","2":"type-product","3":"status-publish","4":"has-post-thumbnail","6":"product_cat-les-elixirs-de-bebes-d-animaux","8":"first","9":"instock","10":"taxable","11":"shipping-taxable","12":"purchasable","13":"product-type-simple"},"etheme_brands":{"errors":{"invalid_taxonomy":["Invalid taxonomy."]},"error_data":[]},"jetpack_sharing_enabled":true,"jetpack-related-posts":[{"id":1964,"url":"https:\/\/artstella-elixirs-floraux.com\/en\/product\/inner-child-healing-30-ml-wea\/","url_meta":{"origin":1963,"position":0},"title":"INNER CHILD HEALING 30 ML WEA","author":"eveapprill","date":"27 May 2025","format":false,"excerpt":"Ce complexe comprend les 6 \u00e9lixirs de b\u00e9b\u00e9s animaux suivants\u00a0: Hippopotamus Calf \u2013 aide \u00e0 ressentir profond\u00e9ment. Wild Foal \u2013aide \u00e0 se lib\u00e9rer du chagrin profond. Badger Cub \u2013 pour embrasser et exprimer la col\u00e8re. Robin Chick \u2013 pour recevoir l\u2019amour et la chaleur nourrici\u00e8re. Bat Pup \u2013 pour faire\u2026","rel":"","context":"Similar post","block_context":{"text":"Similar post","link":""},"img":{"alt_text":"","src":"https:\/\/i0.wp.com\/artstella-elixirs-floraux.com\/wp-content\/uploads\/2025\/05\/InnerChildHealing.png?resize=350%2C200&ssl=1","width":350,"height":200},"classes":[]},{"id":4283,"url":"https:\/\/artstella-elixirs-floraux.com\/en\/product\/wild-horse-cheval-sauvage-wea-30-ml\/","url_meta":{"origin":1963,"position":1},"title":"WILD HORSE\/CHEVAL SAUVAGE WEA 30 ML","author":"eveapprill","date":"9 March 2025","format":false,"excerpt":"Wild horse (cheval sauvage) D\u00e9veloppe un sens d\u2019ouverture chaleureuse, d\u2019appartenance et de connexion aux autres. Favorise la force, l\u2019endurance et le pouvoir. Ouvre doucement le chakra du c\u0153ur. Utile pour ceux qui sont d\u00e9courag\u00e9s.","rel":"","context":"Similar post","block_context":{"text":"Similar post","link":""},"img":{"alt_text":"","src":"","width":0,"height":0},"classes":[]},{"id":1961,"url":"https:\/\/artstella-elixirs-floraux.com\/en\/product\/hippopotamus-calf-30ml-wea\/","url_meta":{"origin":1963,"position":2},"title":"HIPPOPOTAMUS CALF 30ML WEA","author":"eveapprill","date":"9 September 2025","format":false,"excerpt":"Hippopotamus Calf (b\u00e9b\u00e9 hippopotame) apporte la chaleur nourrici\u00e8re n\u00e9cessaire pour ressentir et exprimer les sentiments cach\u00e9s au fond de nous suite aux blessures de l\u2019enfance. Nous aide \u00e0 nous connecter avec, ressentir et exprimer les sentiments r\u00e9prim\u00e9s suite \u00e0 des blessures\/traumatismes du pass\u00e9 qui doivent \u00eatre lib\u00e9r\u00e9s pour que la\u2026","rel":"","context":"Similar post","block_context":{"text":"Similar post","link":""},"img":{"alt_text":"","src":"https:\/\/i0.wp.com\/artstella-elixirs-floraux.com\/wp-content\/uploads\/2025\/05\/Hippocalf.jpg?resize=350%2C200&ssl=1","width":350,"height":200,"srcset":"https:\/\/i0.wp.com\/artstella-elixirs-floraux.com\/wp-content\/uploads\/2025\/05\/Hippocalf.jpg?resize=350%2C200&ssl=1 1x, https:\/\/i0.wp.com\/artstella-elixirs-floraux.com\/wp-content\/uploads\/2025\/05\/Hippocalf.jpg?resize=525%2C300&ssl=1 1.5x, https:\/\/i0.wp.com\/artstella-elixirs-floraux.com\/wp-content\/uploads\/2025\/05\/Hippocalf.jpg?resize=700%2C400&ssl=1 2x"},"classes":[]},{"id":6319,"url":"https:\/\/artstella-elixirs-floraux.com\/en\/product\/quatrieme-chakra-weae-30ml\/","url_meta":{"origin":1963,"position":3},"title":"QUATRIEME CHAKRA WEAE 30ML","author":"eveapprill","date":"9 March 2025","format":false,"excerpt":"Fourth Chakra Essence fournit un soutien pour recevoir les cadeaux du quatri\u00e8me chakra, notamment: ressentir et exprimer l'amour et la compassion, la paix, l'amour divin, la gu\u00e9rison du c\u0153ur. \u00a0 \u00a0","rel":"","context":"Similar post","block_context":{"text":"Similar post","link":""},"img":{"alt_text":"","src":"https:\/\/i0.wp.com\/artstella-elixirs-floraux.com\/wp-content\/uploads\/2025\/03\/07c03158-dfd3-4f57-9f61-011751f60e74.jpg?resize=350%2C200&ssl=1","width":350,"height":200,"srcset":"https:\/\/i0.wp.com\/artstella-elixirs-floraux.com\/wp-content\/uploads\/2025\/03\/07c03158-dfd3-4f57-9f61-011751f60e74.jpg?resize=350%2C200&ssl=1 1x, https:\/\/i0.wp.com\/artstella-elixirs-floraux.com\/wp-content\/uploads\/2025\/03\/07c03158-dfd3-4f57-9f61-011751f60e74.jpg?resize=525%2C300&ssl=1 1.5x, https:\/\/i0.wp.com\/artstella-elixirs-floraux.com\/wp-content\/uploads\/2025\/03\/07c03158-dfd3-4f57-9f61-011751f60e74.jpg?resize=700%2C400&ssl=1 2x"},"classes":[]},{"id":2327,"url":"https:\/\/artstella-elixirs-floraux.com\/en\/product\/tundra-twayblade-alaskan\/","url_meta":{"origin":1963,"position":4},"title":"Tundra twayblade Alaskan","author":"eveapprill","date":"9 March 2025","format":false,"excerpt":"Tundra twayblade. Listera cordata Douleur et angoisse profondes r\u00e9sultant de blessures du pass\u00e9, fermeture du c\u0153ur pour \u00e9viter de ressentir la souffrance qui y demeure.","rel":"","context":"Similar post","block_context":{"text":"Similar post","link":""},"img":{"alt_text":"","src":"https:\/\/i0.wp.com\/artstella-elixirs-floraux.com\/wp-content\/uploads\/2025\/03\/wp-image595.png?resize=350%2C200&ssl=1","width":350,"height":200},"classes":[]},{"id":4108,"url":"https:\/\/artstella-elixirs-floraux.com\/en\/product\/pudu-sylfos-chamaniques-15-ml\/","url_meta":{"origin":1963,"position":5},"title":"PUDU SYLFOS CHAMANIQUES 15 ML","author":"eveapprill","date":"9 March 2025","format":false,"excerpt":"\u00a0PUDU Compassion \u2013 Sensibilit\u00e9 \u2013 Enfant int\u00e9rieur. La gentillesse et la douceur permettent de soigner les blessures (les n\u00f4tres et celles des autres) et de toucher les c\u0153urs, m\u00eame les plus durs. L\u2019\u00e9lixir aide \u00e0 entrer en contact avec son \u00eatre int\u00e9rieur, son \u00e2me enfantine, il redonne le pouvoir d\u2019\u00eatre\u2026","rel":"","context":"Similar post","block_context":{"text":"Similar post","link":""},"img":{"alt_text":"","src":"","width":0,"height":0},"classes":[]}],"_links":{"self":[{"href":"https:\/\/artstella-elixirs-floraux.com\/en\/wp-json\/wp\/v2\/product\/1963","targetHints":{"allow":["GET"]}}],"collection":[{"href":"https:\/\/artstella-elixirs-floraux.com\/en\/wp-json\/wp\/v2\/product"}],"about":[{"href":"https:\/\/artstella-elixirs-floraux.com\/en\/wp-json\/wp\/v2\/types\/product"}],"version-history":[{"count":1,"href":"https:\/\/artstella-elixirs-floraux.com\/en\/wp-json\/wp\/v2\/product\/1963\/revisions"}],"predecessor-version":[{"id":11420,"href":"https:\/\/artstella-elixirs-floraux.com\/en\/wp-json\/wp\/v2\/product\/1963\/revisions\/11420"}],"wp:featuredmedia":[{"embeddable":true,"href":"https:\/\/artstella-elixirs-floraux.com\/en\/wp-json\/wp\/v2\/media\/11419"}],"wp:attachment":[{"href":"https:\/\/artstella-elixirs-floraux.com\/en\/wp-json\/wp\/v2\/media?parent=1963"}],"wp:term":[{"taxonomy":"product_brand","embeddable":true,"href":"https:\/\/artstella-elixirs-floraux.com\/en\/wp-json\/wp\/v2\/product_brand?post=1963"},{"taxonomy":"product_cat","embeddable":true,"href":"https:\/\/artstella-elixirs-floraux.com\/en\/wp-json\/wp\/v2\/product_cat?post=1963"},{"taxonomy":"product_tag","embeddable":true,"href":"https:\/\/artstella-elixirs-floraux.com\/en\/wp-json\/wp\/v2\/product_tag?post=1963"}],"curies":[{"name":"wp","href":"https:\/\/api.w.org\/{rel}","templated":true}]}}