{"id":1964,"date":"2025-05-27T16:08:56","date_gmt":"2025-05-27T16:08:56","guid":{"rendered":"https:\/\/artstella-elixirs-floraux.com\/?post_type=product&#038;p=1964"},"modified":"2025-09-09T14:34:21","modified_gmt":"2025-09-09T14:34:21","slug":"inner-child-healing-30-ml-wea","status":"publish","type":"product","link":"https:\/\/artstella-elixirs-floraux.com\/en\/product\/inner-child-healing-30-ml-wea\/","title":{"rendered":"INNER CHILD HEALING 30 ML WEA"},"content":{"rendered":"<p>Ce complexe apporte le soutien n\u00e9cessaire pour embrasser, ressentir et se lib\u00e9rer de la col\u00e8re et de la douleur port\u00e9s en nous suite \u00e0 une blessure de l\u2019enfance, et pour conna\u00eetre la Beaut\u00e9 et la Divinit\u00e9 de notre Enfant Int\u00e9rieur. Pour traiter les probl\u00e8mes \u00e9motionnels non r\u00e9solus. Grand soutien lors des voyages int\u00e9rieurs pour exprimer les sentiments r\u00e9prim\u00e9s suite \u00e0 des blessures du pass\u00e9 encore ouvertes, afin de les gu\u00e9rir. Pour se reconnecter avec l\u2019innocence et la beaut\u00e9 de l\u2019enfance. Pour nous soutenir au plus profond de nous, aux endroits les plus sombres.<\/p>","protected":false},"excerpt":{"rendered":"<p>Ce complexe comprend les 6 \u00e9lixirs de b\u00e9b\u00e9s animaux suivants\u00a0:<\/p>\n<p>Hippopotamus Calf \u2013 aide \u00e0 ressentir profond\u00e9ment. Wild Foal \u2013aide \u00e0 se lib\u00e9rer du chagrin profond. Badger Cub \u2013 pour embrasser et exprimer la col\u00e8re. Robin Chick \u2013 pour recevoir l\u2019amour et la chaleur nourrici\u00e8re. Bat Pup \u2013 pour faire face au pass\u00e9 et l\u2019embrasser. Cygnet \u2013 pour embrasser l\u2019enfant divin en nous.<\/p>","protected":false},"featured_media":11413,"template":"","meta":[],"product_brand":[],"product_cat":[106],"product_tag":[],"class_list":{"0":"post-1964","1":"product","2":"type-product","3":"status-publish","4":"has-post-thumbnail","6":"product_cat-les-elixirs-de-bebes-d-animaux","8":"first","9":"instock","10":"taxable","11":"shipping-taxable","12":"purchasable","13":"product-type-simple"},"etheme_brands":{"errors":{"invalid_taxonomy":["Invalid taxonomy."]},"error_data":[]},"jetpack_sharing_enabled":true,"jetpack-related-posts":[{"id":1963,"url":"https:\/\/artstella-elixirs-floraux.com\/en\/product\/wild-horse-foal-poulain-30ml-wea\/","url_meta":{"origin":1964,"position":0},"title":"WILD HORSE FOAL POULAIN 30ML WEA","author":"eveapprill","date":"27 May 2025","format":false,"excerpt":"Wild Horse Foal (poulain sauvage) apporte le soutien n\u00e9cessaire pour embrasser et se lib\u00e9rer des larmes de chagrins non r\u00e9solus depuis l\u2019enfance. Favorise la sinc\u00e9rit\u00e9 et la douceur. Pour embrasser le c\u0153ur tendre et pur de l\u2019enfant en nous, encourageant la douceur et le sentiment d\u2019appartenance. Pour approfondir le ressenti\u2026","rel":"","context":"Similar post","block_context":{"text":"Similar post","link":""},"img":{"alt_text":"","src":"https:\/\/i0.wp.com\/artstella-elixirs-floraux.com\/wp-content\/uploads\/2025\/05\/foal.jpg?resize=350%2C200&ssl=1","width":350,"height":200,"srcset":"https:\/\/i0.wp.com\/artstella-elixirs-floraux.com\/wp-content\/uploads\/2025\/05\/foal.jpg?resize=350%2C200&ssl=1 1x, https:\/\/i0.wp.com\/artstella-elixirs-floraux.com\/wp-content\/uploads\/2025\/05\/foal.jpg?resize=525%2C300&ssl=1 1.5x, https:\/\/i0.wp.com\/artstella-elixirs-floraux.com\/wp-content\/uploads\/2025\/05\/foal.jpg?resize=700%2C400&ssl=1 2x"},"classes":[]},{"id":1961,"url":"https:\/\/artstella-elixirs-floraux.com\/en\/product\/hippopotamus-calf-30ml-wea\/","url_meta":{"origin":1964,"position":1},"title":"HIPPOPOTAMUS CALF 30ML WEA","author":"eveapprill","date":"9 September 2025","format":false,"excerpt":"Hippopotamus Calf (b\u00e9b\u00e9 hippopotame) apporte la chaleur nourrici\u00e8re n\u00e9cessaire pour ressentir et exprimer les sentiments cach\u00e9s au fond de nous suite aux blessures de l\u2019enfance. Nous aide \u00e0 nous connecter avec, ressentir et exprimer les sentiments r\u00e9prim\u00e9s suite \u00e0 des blessures\/traumatismes du pass\u00e9 qui doivent \u00eatre lib\u00e9r\u00e9s pour que la\u2026","rel":"","context":"Similar post","block_context":{"text":"Similar post","link":""},"img":{"alt_text":"","src":"https:\/\/i0.wp.com\/artstella-elixirs-floraux.com\/wp-content\/uploads\/2025\/05\/Hippocalf.jpg?resize=350%2C200&ssl=1","width":350,"height":200,"srcset":"https:\/\/i0.wp.com\/artstella-elixirs-floraux.com\/wp-content\/uploads\/2025\/05\/Hippocalf.jpg?resize=350%2C200&ssl=1 1x, https:\/\/i0.wp.com\/artstella-elixirs-floraux.com\/wp-content\/uploads\/2025\/05\/Hippocalf.jpg?resize=525%2C300&ssl=1 1.5x, https:\/\/i0.wp.com\/artstella-elixirs-floraux.com\/wp-content\/uploads\/2025\/05\/Hippocalf.jpg?resize=700%2C400&ssl=1 2x"},"classes":[]},{"id":2231,"url":"https:\/\/artstella-elixirs-floraux.com\/en\/product\/mountain-wormwood-alaskan\/","url_meta":{"origin":1964,"position":2},"title":"Mountain wormwood Alaskan","author":"eveapprill","date":"9 March 2025","format":false,"excerpt":"Mountain wormwood. Artemisia tilesii Col\u00e8re et ressentiment non r\u00e9solus ; ne r\u00e9ussit pas \u00e0 se pardonner soi-m\u00eame ou les autres pour des actes pass\u00e9s sans tenir compte de l'intention qui les motivait.","rel":"","context":"Similar post","block_context":{"text":"Similar post","link":""},"img":{"alt_text":"","src":"https:\/\/i0.wp.com\/artstella-elixirs-floraux.com\/wp-content\/uploads\/2025\/03\/wp-image567.png?resize=350%2C200&ssl=1","width":350,"height":200},"classes":[]},{"id":3746,"url":"https:\/\/artstella-elixirs-floraux.com\/en\/product\/lady-butterfly-cuba-15-ml-phi\/","url_meta":{"origin":1964,"position":3},"title":"LADY BUTTERFLY (CUBA) 15 ML PHI","author":"eveapprill","date":"9 March 2025","format":false,"excerpt":"LADY BUTTERFLYPsichosys papilo\u00a0\u00ab\u00a0Mademoiselle Papillon\u00a0\u00bb\u00a0\u00a0Est une tr\u00e8s belle orchid\u00e9e color\u00e9e, dont la forme rappelle un papillon. Elle est originaire d\u2019Am\u00e9rique du Sud. L\u2019\u00e9lixir\u00a0: Aide \u00e0 pouvoir exprimer sa beaut\u00e9 int\u00e9rieure, \u00e0 prendre les choses plus \u00e0 la l\u00e9g\u00e8re, \u00e0 traverser la vie avec plus d\u2019assurance.","rel":"","context":"Similar post","block_context":{"text":"Similar post","link":""},"img":{"alt_text":"","src":"","width":0,"height":0},"classes":[]},{"id":2327,"url":"https:\/\/artstella-elixirs-floraux.com\/en\/product\/tundra-twayblade-alaskan\/","url_meta":{"origin":1964,"position":4},"title":"Tundra twayblade Alaskan","author":"eveapprill","date":"9 March 2025","format":false,"excerpt":"Tundra twayblade. Listera cordata Douleur et angoisse profondes r\u00e9sultant de blessures du pass\u00e9, fermeture du c\u0153ur pour \u00e9viter de ressentir la souffrance qui y demeure.","rel":"","context":"Similar post","block_context":{"text":"Similar post","link":""},"img":{"alt_text":"","src":"https:\/\/i0.wp.com\/artstella-elixirs-floraux.com\/wp-content\/uploads\/2025\/03\/wp-image595.png?resize=350%2C200&ssl=1","width":350,"height":200},"classes":[]},{"id":4412,"url":"https:\/\/artstella-elixirs-floraux.com\/en\/product\/loving-child-lamour-enfantin\/","url_meta":{"origin":1964,"position":5},"title":"Loving Child &#8211; L&rsquo;amour enfantin WEAE 30ml","author":"eveapprill","date":"9 March 2025","format":false,"excerpt":"Loving Child (l'amour enfantin) L'amour Enfantin est une ressource unique con\u00e7ue pour aider les enfants \u00e0 ressentir et \u00e0 exprimer l'amour dans tous les aspects de leur vie.","rel":"","context":"Similar post","block_context":{"text":"Similar post","link":""},"img":{"alt_text":"","src":"https:\/\/i0.wp.com\/artstella-elixirs-floraux.com\/wp-content\/uploads\/2025\/03\/092b058c-0517-4bc8-8049-d757b3d14f3e.webp?resize=350%2C200&ssl=1","width":350,"height":200,"srcset":"https:\/\/i0.wp.com\/artstella-elixirs-floraux.com\/wp-content\/uploads\/2025\/03\/092b058c-0517-4bc8-8049-d757b3d14f3e.webp?resize=350%2C200&ssl=1 1x, https:\/\/i0.wp.com\/artstella-elixirs-floraux.com\/wp-content\/uploads\/2025\/03\/092b058c-0517-4bc8-8049-d757b3d14f3e.webp?resize=525%2C300&ssl=1 1.5x, https:\/\/i0.wp.com\/artstella-elixirs-floraux.com\/wp-content\/uploads\/2025\/03\/092b058c-0517-4bc8-8049-d757b3d14f3e.webp?resize=700%2C400&ssl=1 2x"},"classes":[]}],"_links":{"self":[{"href":"https:\/\/artstella-elixirs-floraux.com\/en\/wp-json\/wp\/v2\/product\/1964","targetHints":{"allow":["GET"]}}],"collection":[{"href":"https:\/\/artstella-elixirs-floraux.com\/en\/wp-json\/wp\/v2\/product"}],"about":[{"href":"https:\/\/artstella-elixirs-floraux.com\/en\/wp-json\/wp\/v2\/types\/product"}],"version-history":[{"count":3,"href":"https:\/\/artstella-elixirs-floraux.com\/en\/wp-json\/wp\/v2\/product\/1964\/revisions"}],"predecessor-version":[{"id":11415,"href":"https:\/\/artstella-elixirs-floraux.com\/en\/wp-json\/wp\/v2\/product\/1964\/revisions\/11415"}],"wp:featuredmedia":[{"embeddable":true,"href":"https:\/\/artstella-elixirs-floraux.com\/en\/wp-json\/wp\/v2\/media\/11413"}],"wp:attachment":[{"href":"https:\/\/artstella-elixirs-floraux.com\/en\/wp-json\/wp\/v2\/media?parent=1964"}],"wp:term":[{"taxonomy":"product_brand","embeddable":true,"href":"https:\/\/artstella-elixirs-floraux.com\/en\/wp-json\/wp\/v2\/product_brand?post=1964"},{"taxonomy":"product_cat","embeddable":true,"href":"https:\/\/artstella-elixirs-floraux.com\/en\/wp-json\/wp\/v2\/product_cat?post=1964"},{"taxonomy":"product_tag","embeddable":true,"href":"https:\/\/artstella-elixirs-floraux.com\/en\/wp-json\/wp\/v2\/product_tag?post=1964"}],"curies":[{"name":"wp","href":"https:\/\/api.w.org\/{rel}","templated":true}]}}