{"id":1970,"date":"2025-05-27T16:37:09","date_gmt":"2025-05-27T16:37:09","guid":{"rendered":"https:\/\/artstella-elixirs-floraux.com\/?post_type=product&#038;p=1970"},"modified":"2025-05-27T16:37:09","modified_gmt":"2025-05-27T16:37:09","slug":"kapok-bush-15-ml","status":"publish","type":"product","link":"https:\/\/artstella-elixirs-floraux.com\/en\/product\/kapok-bush-15-ml\/","title":{"rendered":"KAPOK BUSH 15 ML"},"content":{"rendered":"","protected":false},"excerpt":{"rendered":"<p><strong><em>Kapok Bush<\/em><\/strong><\/p>\n<p>Facilement d\u00e9courag\u00e9, \u00eatre r\u00e9sign\u00e9, \u00eatre apathique. Persistance, bonne volont\u00e9 \u00e0 essayer quelque chose, application.<\/p>","protected":false},"featured_media":1971,"template":"","meta":[],"product_brand":[],"product_cat":[107],"product_tag":[],"class_list":{"0":"post-1970","1":"product","2":"type-product","3":"status-publish","4":"has-post-thumbnail","6":"product_cat-les-elixirs-de-fleurs-du-bush-australien","8":"first","9":"instock","10":"taxable","11":"shipping-taxable","12":"purchasable","13":"product-type-simple"},"etheme_brands":{"errors":{"invalid_taxonomy":["Invalid taxonomy."]},"error_data":[]},"jetpack_sharing_enabled":true,"jetpack-related-posts":[{"id":2643,"url":"https:\/\/artstella-elixirs-floraux.com\/en\/product\/crowea-bush-15ml\/","url_meta":{"origin":1970,"position":0},"title":"CROWEA BUSH 15ml","author":"eveapprill","date":"9 March 2025","format":false,"excerpt":"CROWEA Se faire du souci continuellement, se sentir mal dans sa peau. Etre \u00e9quilibr\u00e9 et centr\u00e9, \u00eatre en contact avec ses \u00e9motions.","rel":"","context":"Similar post","block_context":{"text":"Similar post","link":""},"img":{"alt_text":"","src":"https:\/\/i0.wp.com\/artstella-elixirs-floraux.com\/wp-content\/uploads\/2025\/03\/wp-image252.png?resize=350%2C200&ssl=1","width":350,"height":200},"classes":[]},{"id":4443,"url":"https:\/\/artstella-elixirs-floraux.com\/en\/product\/paw-paw-15-ml-bush\/","url_meta":{"origin":1970,"position":1},"title":"PAW PAW 15 ML BUSH","author":"eveapprill","date":"9 March 2025","format":false,"excerpt":"Paw Paw Etre d\u00e9bord\u00e9, \u00eatre accabl\u00e9 par les d\u00e9cisions. Concentration, clart\u00e9.","rel":"","context":"Similar post","block_context":{"text":"Similar post","link":""},"img":{"alt_text":"","src":"https:\/\/i0.wp.com\/artstella-elixirs-floraux.com\/wp-content\/uploads\/2025\/03\/wp-image1051.png?resize=350%2C200&ssl=1","width":350,"height":200},"classes":[]},{"id":1968,"url":"https:\/\/artstella-elixirs-floraux.com\/en\/product\/jacaranda-15-ml-bush\/","url_meta":{"origin":1970,"position":2},"title":"JACARANDA 15 ML BUSH","author":"eveapprill","date":"27 May 2025","format":false,"excerpt":"Jacaranda Personnalit\u00e9 changeante, impression de tourner en rond, d\u00e9s\u0153uvrement. Etre d\u00e9cisif, \u00eatre centr\u00e9, clart\u00e9 d\u2019esprit.","rel":"","context":"Similar post","block_context":{"text":"Similar post","link":""},"img":{"alt_text":"","src":"https:\/\/i0.wp.com\/artstella-elixirs-floraux.com\/wp-content\/uploads\/2025\/03\/wp-image1035.webp?resize=350%2C200&ssl=1","width":350,"height":200},"classes":[]},{"id":2631,"url":"https:\/\/artstella-elixirs-floraux.com\/en\/product\/bluebell-bush-15ml\/","url_meta":{"origin":1970,"position":3},"title":"BLUEBELL BUSH 15ml","author":"eveapprill","date":"9 March 2025","format":false,"excerpt":"BLUEBELL\u00a0 Attitude ferm\u00e9e, peur de manquer, avarice. Ouverture de c\u0153ur, \u00eatre g\u00e9n\u00e9reux.","rel":"","context":"Similar post","block_context":{"text":"Similar post","link":""},"img":{"alt_text":"","src":"https:\/\/i0.wp.com\/artstella-elixirs-floraux.com\/wp-content\/uploads\/2025\/03\/wp-image245.png?resize=350%2C200&ssl=1","width":350,"height":200},"classes":[]},{"id":2672,"url":"https:\/\/artstella-elixirs-floraux.com\/en\/product\/bush-gardenia-15ml\/","url_meta":{"origin":1970,"position":4},"title":"BUSH GARDENIA 15ml","author":"eveapprill","date":"9 March 2025","format":false,"excerpt":"BUSH GARDENIA\u00a0 Se croire tout permis, \u00eatre indiff\u00e9rent envers les autres, \u00e9go\u00efsme. Reprendre de l\u2019int\u00e9r\u00eat pour les autres, am\u00e9lioration de la communication, passion","rel":"","context":"Similar post","block_context":{"text":"Similar post","link":""},"img":{"alt_text":"","src":"","width":0,"height":0},"classes":[]},{"id":2661,"url":"https:\/\/artstella-elixirs-floraux.com\/en\/product\/kangaroo-paw-bush-15-ml\/","url_meta":{"origin":1970,"position":5},"title":"KANGAROO PAW BUSH 15 ML","author":"eveapprill","date":"9 March 2025","format":false,"excerpt":"Kangaroo Paw Manquer de savoir-faire, maladroit, insensible par rapport aux besoins des autres. Etre d\u00e9contract\u00e9, sensibilit\u00e9 envers les autres, savoir-faire, appr\u00e9cier d\u2019\u00eatre avec les autres.","rel":"","context":"Similar post","block_context":{"text":"Similar post","link":""},"img":{"alt_text":"","src":"https:\/\/i0.wp.com\/artstella-elixirs-floraux.com\/wp-content\/uploads\/2025\/03\/wp-image612.png?resize=350%2C200&ssl=1","width":350,"height":200},"classes":[]}],"_links":{"self":[{"href":"https:\/\/artstella-elixirs-floraux.com\/en\/wp-json\/wp\/v2\/product\/1970","targetHints":{"allow":["GET"]}}],"collection":[{"href":"https:\/\/artstella-elixirs-floraux.com\/en\/wp-json\/wp\/v2\/product"}],"about":[{"href":"https:\/\/artstella-elixirs-floraux.com\/en\/wp-json\/wp\/v2\/types\/product"}],"version-history":[{"count":0,"href":"https:\/\/artstella-elixirs-floraux.com\/en\/wp-json\/wp\/v2\/product\/1970\/revisions"}],"wp:featuredmedia":[{"embeddable":true,"href":"https:\/\/artstella-elixirs-floraux.com\/en\/wp-json\/wp\/v2\/media\/1971"}],"wp:attachment":[{"href":"https:\/\/artstella-elixirs-floraux.com\/en\/wp-json\/wp\/v2\/media?parent=1970"}],"wp:term":[{"taxonomy":"product_brand","embeddable":true,"href":"https:\/\/artstella-elixirs-floraux.com\/en\/wp-json\/wp\/v2\/product_brand?post=1970"},{"taxonomy":"product_cat","embeddable":true,"href":"https:\/\/artstella-elixirs-floraux.com\/en\/wp-json\/wp\/v2\/product_cat?post=1970"},{"taxonomy":"product_tag","embeddable":true,"href":"https:\/\/artstella-elixirs-floraux.com\/en\/wp-json\/wp\/v2\/product_tag?post=1970"}],"curies":[{"name":"wp","href":"https:\/\/api.w.org\/{rel}","templated":true}]}}