{"id":1974,"date":"2026-02-17T18:40:45","date_gmt":"2026-02-17T18:40:45","guid":{"rendered":"https:\/\/artstella-elixirs-floraux.com\/?post_type=product&#038;p=1974"},"modified":"2026-02-17T18:41:32","modified_gmt":"2026-02-17T18:41:32","slug":"petit-livre-bush-australien","status":"publish","type":"product","link":"https:\/\/artstella-elixirs-floraux.com\/en\/product\/petit-livre-bush-australien\/","title":{"rendered":"PETIT LIVRE BUSH AUSTRALIEN"},"content":{"rendered":"<p>Description des \u00e9lixirs du Bush (sauf Sedum et Calophyllum)<\/p>","protected":false},"excerpt":{"rendered":"<p>Description des \u00e9lixirs du Bush (sauf Sedum et Calophyllum)<\/p>","protected":false},"featured_media":12145,"template":"","meta":[],"product_brand":[],"product_cat":[158],"product_tag":[],"class_list":{"0":"post-1974","1":"product","2":"type-product","3":"status-publish","4":"has-post-thumbnail","6":"product_cat-livres-divers-francais","8":"first","9":"instock","10":"taxable","11":"shipping-taxable","12":"purchasable","13":"product-type-simple"},"etheme_brands":{"errors":{"invalid_taxonomy":["Invalid taxonomy."]},"error_data":[]},"jetpack_sharing_enabled":true,"jetpack-related-posts":[{"id":6327,"url":"https:\/\/artstella-elixirs-floraux.com\/en\/product\/calophyllum-bush-15ml\/","url_meta":{"origin":1974,"position":0},"title":"Calophyllum Bush 15ml","author":"eveapprill","date":"9 March 2025","format":false,"excerpt":"Calophyllum, le dernier n\u00e9 des \u00e9lixirs du Bush australien aide \u00e0 d\u00e9velopper et \u00e0 activer nos qualit\u00e9s de leader.","rel":"","context":"Similar post","block_context":{"text":"Similar post","link":""},"img":{"alt_text":"Calophyllum Bush 15ml","src":"https:\/\/i0.wp.com\/artstella-elixirs-floraux.com\/wp-content\/uploads\/2025\/03\/wp-image2339.png?resize=350%2C200&ssl=1","width":350,"height":200},"classes":[]},{"id":4592,"url":"https:\/\/artstella-elixirs-floraux.com\/en\/product\/petit-livre-bush-anglais\/","url_meta":{"origin":1974,"position":1},"title":"PETIT LIVRE BUSH en anglais","author":"eveapprill","date":"9 March 2025","format":false,"excerpt":"PETIT LIVRE BUSH en anglais Ce Livre de r\u00e9f\u00e9rence en anglais pr\u00e9sente les diff\u00e9rents \u00e9lixirs du Bush Australien. Il fait partie du coffret complet.","rel":"","context":"Similar post","block_context":{"text":"Similar post","link":""},"img":{"alt_text":"","src":"https:\/\/i0.wp.com\/artstella-elixirs-floraux.com\/wp-content\/uploads\/2025\/03\/Cheminer-avec-les-elixirs.jpg?resize=350%2C200&ssl=1","width":350,"height":200,"srcset":"https:\/\/i0.wp.com\/artstella-elixirs-floraux.com\/wp-content\/uploads\/2025\/03\/Cheminer-avec-les-elixirs.jpg?resize=350%2C200&ssl=1 1x, https:\/\/i0.wp.com\/artstella-elixirs-floraux.com\/wp-content\/uploads\/2025\/03\/Cheminer-avec-les-elixirs.jpg?resize=525%2C300&ssl=1 1.5x"},"classes":[]},{"id":6388,"url":"https:\/\/artstella-elixirs-floraux.com\/en\/product\/2025-essence-bush-australien-30ml\/","url_meta":{"origin":1974,"position":2},"title":"2025 Essence Bush australien 30ml","author":"eveapprill","date":"9 March 2025","format":false,"excerpt":"Compos\u00e9 2025 cr\u00e9\u00e9 par Ian White Pour embrasser avec audace son potentiel et saisir de nouvelles opportunit\u00e9s","rel":"","context":"Similar post","block_context":{"text":"Similar post","link":""},"img":{"alt_text":"2025 Essence Bush australien 30ml","src":"https:\/\/i0.wp.com\/artstella-elixirs-floraux.com\/wp-content\/uploads\/2025\/03\/wp-image2483.webp?resize=350%2C200&ssl=1","width":350,"height":200,"srcset":"https:\/\/i0.wp.com\/artstella-elixirs-floraux.com\/wp-content\/uploads\/2025\/03\/wp-image2483.webp?resize=350%2C200&ssl=1 1x, https:\/\/i0.wp.com\/artstella-elixirs-floraux.com\/wp-content\/uploads\/2025\/03\/wp-image2483.webp?resize=525%2C300&ssl=1 1.5x, https:\/\/i0.wp.com\/artstella-elixirs-floraux.com\/wp-content\/uploads\/2025\/03\/wp-image2483.webp?resize=700%2C400&ssl=1 2x"},"classes":[]},{"id":12141,"url":"https:\/\/artstella-elixirs-floraux.com\/en\/product\/livre-les-elixirs-du-bush-australien\/","url_meta":{"origin":1974,"position":3},"title":"Livre Les \u00e9lixirs du Bush Australien","author":"eveapprill","date":"17 February 2026","format":false,"excerpt":"Description des premiers \u00e9lixirs r\u00e9alis\u00e9s par Ian White","rel":"","context":"Similar post","block_context":{"text":"Similar post","link":""},"img":{"alt_text":"","src":"","width":0,"height":0},"classes":[]},{"id":4586,"url":"https:\/\/artstella-elixirs-floraux.com\/en\/product\/la-guerison-bush-australien-tome2\/","url_meta":{"origin":1974,"position":4},"title":"LA GUERISON BUSH AUSTRALIEN TOME2","author":"eveapprill","date":"9 March 2025","format":false,"excerpt":"A nouveau disponible : Le deuxi\u00e8me livre de Ian White pr\u00e9sentant la suite de ses recherches et des cl\u00e9s pour utiliser les \u00e9lixirs avec diff\u00e9rentes approches.","rel":"","context":"Similar post","block_context":{"text":"Similar post","link":""},"img":{"alt_text":"","src":"https:\/\/i0.wp.com\/artstella-elixirs-floraux.com\/wp-content\/uploads\/2025\/03\/wp-image1368.png?resize=350%2C200&ssl=1","width":350,"height":200,"srcset":"https:\/\/i0.wp.com\/artstella-elixirs-floraux.com\/wp-content\/uploads\/2025\/03\/wp-image1368.png?resize=350%2C200&ssl=1 1x, https:\/\/i0.wp.com\/artstella-elixirs-floraux.com\/wp-content\/uploads\/2025\/03\/wp-image1368.png?resize=525%2C300&ssl=1 1.5x"},"classes":[]},{"id":6377,"url":"https:\/\/artstella-elixirs-floraux.com\/en\/product\/sedum-caeruleum-15-ml-bush-australien\/","url_meta":{"origin":1974,"position":5},"title":"Sedum Caeruleum 15 ml Bush Australien","author":"eveapprill","date":"9 March 2025","format":false,"excerpt":"Normal 0 21 false false false FR X-NONE X-NONE \/* Style Definitions *\/ table.MsoNormalTable {mso-style-name:\"Tableau Normal\"; mso-tstyle-rowband-size:0; mso-tstyle-colband-size:0; mso-style-noshow:yes; mso-style-priority:99; mso-style-parent:\"\"; mso-padding-alt:0cm 5.4pt 0cm 5.4pt; mso-para-margin-top:0cm; mso-para-margin-right:0cm; mso-para-margin-bottom:8.0pt; mso-para-margin-left:0cm; line-height:107%; mso-pagination:widow-orphan; font-size:11.0pt; font-family:\"Calibri\",sans-serif; mso-ascii-font-family:Calibri; mso-ascii-theme-font:minor-latin; mso-hansi-font-family:Calibri; mso-hansi-theme-font:minor-latin; mso-bidi-font-family:\"Times New Roman\"; mso-bidi-theme-font:minor-bidi; mso-fareast-language:EN-US;} Sedum apporte la plus haute source d\u2019\u00e9nergie spirituelle\u2026","rel":"","context":"Similar post","block_context":{"text":"Similar post","link":""},"img":{"alt_text":"","src":"https:\/\/i0.wp.com\/artstella-elixirs-floraux.com\/wp-content\/uploads\/2025\/03\/wp-image2459.png?resize=350%2C200&ssl=1","width":350,"height":200,"srcset":"https:\/\/i0.wp.com\/artstella-elixirs-floraux.com\/wp-content\/uploads\/2025\/03\/wp-image2459.png?resize=350%2C200&ssl=1 1x, https:\/\/i0.wp.com\/artstella-elixirs-floraux.com\/wp-content\/uploads\/2025\/03\/wp-image2459.png?resize=525%2C300&ssl=1 1.5x, https:\/\/i0.wp.com\/artstella-elixirs-floraux.com\/wp-content\/uploads\/2025\/03\/wp-image2459.png?resize=700%2C400&ssl=1 2x, https:\/\/i0.wp.com\/artstella-elixirs-floraux.com\/wp-content\/uploads\/2025\/03\/wp-image2459.png?resize=1050%2C600&ssl=1 3x, https:\/\/i0.wp.com\/artstella-elixirs-floraux.com\/wp-content\/uploads\/2025\/03\/wp-image2459.png?resize=1400%2C800&ssl=1 4x"},"classes":[]}],"_links":{"self":[{"href":"https:\/\/artstella-elixirs-floraux.com\/en\/wp-json\/wp\/v2\/product\/1974","targetHints":{"allow":["GET"]}}],"collection":[{"href":"https:\/\/artstella-elixirs-floraux.com\/en\/wp-json\/wp\/v2\/product"}],"about":[{"href":"https:\/\/artstella-elixirs-floraux.com\/en\/wp-json\/wp\/v2\/types\/product"}],"version-history":[{"count":2,"href":"https:\/\/artstella-elixirs-floraux.com\/en\/wp-json\/wp\/v2\/product\/1974\/revisions"}],"predecessor-version":[{"id":12146,"href":"https:\/\/artstella-elixirs-floraux.com\/en\/wp-json\/wp\/v2\/product\/1974\/revisions\/12146"}],"wp:featuredmedia":[{"embeddable":true,"href":"https:\/\/artstella-elixirs-floraux.com\/en\/wp-json\/wp\/v2\/media\/12145"}],"wp:attachment":[{"href":"https:\/\/artstella-elixirs-floraux.com\/en\/wp-json\/wp\/v2\/media?parent=1974"}],"wp:term":[{"taxonomy":"product_brand","embeddable":true,"href":"https:\/\/artstella-elixirs-floraux.com\/en\/wp-json\/wp\/v2\/product_brand?post=1974"},{"taxonomy":"product_cat","embeddable":true,"href":"https:\/\/artstella-elixirs-floraux.com\/en\/wp-json\/wp\/v2\/product_cat?post=1974"},{"taxonomy":"product_tag","embeddable":true,"href":"https:\/\/artstella-elixirs-floraux.com\/en\/wp-json\/wp\/v2\/product_tag?post=1974"}],"curies":[{"name":"wp","href":"https:\/\/api.w.org\/{rel}","templated":true}]}}