{"id":2070,"date":"2025-03-09T12:50:15","date_gmt":"2025-03-09T12:50:15","guid":{"rendered":"https:\/\/artstella-elixirs-floraux.com\/product\/alder\/"},"modified":"2025-06-12T22:26:54","modified_gmt":"2025-06-12T22:26:54","slug":"alder","status":"publish","type":"product","link":"https:\/\/artstella-elixirs-floraux.com\/en\/product\/alder\/","title":{"rendered":"Alder 7.5 ML"},"content":{"rendered":"","protected":false},"excerpt":{"rendered":"<p style=\"background-color: #ffffff;\"><span style=\"color: #008000;\"><strong><span style=\"vertical-align: inherit;\"><span style=\"vertical-align: inherit;\">Aulne, Alnus crispa, Aulne<\/span><\/span><\/strong><\/span><\/p>\n<p style=\"background-color: #ffffff;\">Pour ceux qui\u00a0 ont des difficult\u00e9s \u00e0 voir le sens profond des le\u00e7ons de la vie, qui n&rsquo;envisagent la vie que superficielement . Favorise la Clart\u00e9 de perception \u00e0 tous les niveau, permet de reconnaitre la v\u00e9rit\u00e9 sup\u00e9rieure dans chaque exp\u00e9rience de vie<\/p>","protected":false},"featured_media":10728,"template":"","meta":[],"product_brand":[],"product_cat":[119],"product_tag":[],"class_list":{"0":"post-2070","1":"product","2":"type-product","3":"status-publish","4":"has-post-thumbnail","6":"product_cat-les-72-elixirs-floraux","8":"first","9":"instock","10":"taxable","11":"shipping-taxable","12":"product-type-variable"},"etheme_brands":{"errors":{"invalid_taxonomy":["Invalid taxonomy."]},"error_data":[]},"jetpack_sharing_enabled":true,"jetpack-related-posts":[{"id":3581,"url":"https:\/\/artstella-elixirs-floraux.com\/en\/product\/foyer-de-la-vie-15-ml-lto\/","url_meta":{"origin":2070,"position":0},"title":"FURNACE OF LIFE 15 ml LTO","author":"eveapprill","date":"9 March 2025","format":false,"excerpt":"Foyer de la vie Si nous n'arrivons pas \u00e0 accepter la vie comme une opportunit\u00e9 de cultiver des qualit\u00e9s, ou ne parvenons pas \u00e0 comprendre la signification de circonstances difficiles ou douloureuses, notre vie ne sera pas dirig\u00e9e par une intention universelle la plus haute mais par notre syst\u00e8me de\u2026","rel":"","context":"Similar post","block_context":{"text":"Similar post","link":""},"img":{"alt_text":"","src":"https:\/\/i0.wp.com\/artstella-elixirs-floraux.com\/wp-content\/uploads\/2025\/03\/027600df-716e-4647-a147-d88952f3c186.jpg?resize=350%2C200&ssl=1","width":350,"height":200,"srcset":"https:\/\/i0.wp.com\/artstella-elixirs-floraux.com\/wp-content\/uploads\/2025\/03\/027600df-716e-4647-a147-d88952f3c186.jpg?resize=350%2C200&ssl=1 1x, https:\/\/i0.wp.com\/artstella-elixirs-floraux.com\/wp-content\/uploads\/2025\/03\/027600df-716e-4647-a147-d88952f3c186.jpg?resize=525%2C300&ssl=1 1.5x, https:\/\/i0.wp.com\/artstella-elixirs-floraux.com\/wp-content\/uploads\/2025\/03\/027600df-716e-4647-a147-d88952f3c186.jpg?resize=700%2C400&ssl=1 2x"},"classes":[]},{"id":2299,"url":"https:\/\/artstella-elixirs-floraux.com\/en\/product\/spiraea-alaskan\/","url_meta":{"origin":2070,"position":1},"title":"Spiraea Alaskan","author":"eveapprill","date":"9 March 2025","format":false,"excerpt":"Spiraea. Spirea beauverdiana Ne se sent pas soutenu par la vie, met ses propres limitations \u00e0 la fa\u00e7on dont la vie nous soutient, attachement aux choses telles qu'elles sont m\u00eame si on ne les aime pas.","rel":"","context":"Similar post","block_context":{"text":"Similar post","link":""},"img":{"alt_text":"","src":"https:\/\/i0.wp.com\/artstella-elixirs-floraux.com\/wp-content\/uploads\/2025\/03\/wp-image588.png?resize=350%2C200&ssl=1","width":350,"height":200},"classes":[]},{"id":4255,"url":"https:\/\/artstella-elixirs-floraux.com\/en\/product\/rabbit-lapin-wea-30-ml\/","url_meta":{"origin":2070,"position":2},"title":"RABBIT\/LAPIN WEA 30 ML","author":"eveapprill","date":"9 March 2025","format":false,"excerpt":"Rabbit (lapin) Pour soutenir la cr\u00e9ation de l\u2019abondance \u00e0 tous les niveaux de sa vie. D\u00e9veloppe la cr\u00e9ativit\u00e9 et la manifestation dans tous les aspects de sa vie. D\u00e9veloppe la cr\u00e9ativit\u00e9 et la manifestation dans tous les aspects de la vie. Aide \u00e0 cr\u00e9er la vie de ses r\u00eaves.","rel":"","context":"Similar post","block_context":{"text":"Similar post","link":""},"img":{"alt_text":"","src":"https:\/\/i0.wp.com\/artstella-elixirs-floraux.com\/wp-content\/uploads\/2025\/03\/wp-image2271.png?resize=350%2C200&ssl=1","width":350,"height":200,"srcset":"https:\/\/i0.wp.com\/artstella-elixirs-floraux.com\/wp-content\/uploads\/2025\/03\/wp-image2271.png?resize=350%2C200&ssl=1 1x, https:\/\/i0.wp.com\/artstella-elixirs-floraux.com\/wp-content\/uploads\/2025\/03\/wp-image2271.png?resize=525%2C300&ssl=1 1.5x, https:\/\/i0.wp.com\/artstella-elixirs-floraux.com\/wp-content\/uploads\/2025\/03\/wp-image2271.png?resize=700%2C400&ssl=1 2x"},"classes":[]},{"id":5220,"url":"https:\/\/artstella-elixirs-floraux.com\/en\/product\/beluga\/","url_meta":{"origin":2070,"position":3},"title":"Beluga","author":"eveapprill","date":"9 March 2025","format":false,"excerpt":"Cet \u00e9lixir nous rappelle la joie et la l\u00e9g\u00e8ret\u00e9 enfantine. Il nous apprend \u00e0 ne pas prendre la vie trop au s\u00e9rieux et \u00e0 rester enjou\u00e9","rel":"","context":"Similar post","block_context":{"text":"Similar post","link":""},"img":{"alt_text":"","src":"https:\/\/i0.wp.com\/artstella-elixirs-floraux.com\/wp-content\/uploads\/2025\/03\/wp-image1501.png?resize=350%2C200&ssl=1","width":350,"height":200},"classes":[]},{"id":4103,"url":"https:\/\/artstella-elixirs-floraux.com\/en\/product\/colibri-picaflor-el-chamaniques-15ml\/","url_meta":{"origin":2070,"position":4},"title":"COLIBRI \/ PICAFLOR EL CHAMANIQUES 15ML","author":"eveapprill","date":"9 March 2025","format":false,"excerpt":"PICAFLOR \/ COLIBRI\u00a0 Joie \u2013 Force de Vie. Enseigne \u00e0 traverser la vie de fa\u00e7on plus l\u00e9g\u00e8re surtout lorsque nous sommes surcharg\u00e9s par trop de pr\u00e9occupations et de probl\u00e8mes.","rel":"","context":"Similar post","block_context":{"text":"Similar post","link":""},"img":{"alt_text":"","src":"","width":0,"height":0},"classes":[]},{"id":4115,"url":"https:\/\/artstella-elixirs-floraux.com\/en\/product\/saumon-sylfos-15ml\/","url_meta":{"origin":2070,"position":5},"title":"SAUMON SYLFOS 15ML","author":"eveapprill","date":"9 March 2025","format":false,"excerpt":"SALM\u00d3N \/ SAUMON\u00a0\u00a0 Connaissance de la Vie \u2013 Confiance \u2013 Libert\u00e9. En voyageur vers le Divin, le saumon\u00a0 aide \u00e0 trouver la signification et l\u2019objectif spirituel de notre vie.","rel":"","context":"Similar post","block_context":{"text":"Similar post","link":""},"img":{"alt_text":"","src":"","width":0,"height":0},"classes":[]}],"_links":{"self":[{"href":"https:\/\/artstella-elixirs-floraux.com\/en\/wp-json\/wp\/v2\/product\/2070","targetHints":{"allow":["GET"]}}],"collection":[{"href":"https:\/\/artstella-elixirs-floraux.com\/en\/wp-json\/wp\/v2\/product"}],"about":[{"href":"https:\/\/artstella-elixirs-floraux.com\/en\/wp-json\/wp\/v2\/types\/product"}],"version-history":[{"count":3,"href":"https:\/\/artstella-elixirs-floraux.com\/en\/wp-json\/wp\/v2\/product\/2070\/revisions"}],"predecessor-version":[{"id":10731,"href":"https:\/\/artstella-elixirs-floraux.com\/en\/wp-json\/wp\/v2\/product\/2070\/revisions\/10731"}],"wp:featuredmedia":[{"embeddable":true,"href":"https:\/\/artstella-elixirs-floraux.com\/en\/wp-json\/wp\/v2\/media\/10728"}],"wp:attachment":[{"href":"https:\/\/artstella-elixirs-floraux.com\/en\/wp-json\/wp\/v2\/media?parent=2070"}],"wp:term":[{"taxonomy":"product_brand","embeddable":true,"href":"https:\/\/artstella-elixirs-floraux.com\/en\/wp-json\/wp\/v2\/product_brand?post=2070"},{"taxonomy":"product_cat","embeddable":true,"href":"https:\/\/artstella-elixirs-floraux.com\/en\/wp-json\/wp\/v2\/product_cat?post=2070"},{"taxonomy":"product_tag","embeddable":true,"href":"https:\/\/artstella-elixirs-floraux.com\/en\/wp-json\/wp\/v2\/product_tag?post=2070"}],"curies":[{"name":"wp","href":"https:\/\/api.w.org\/{rel}","templated":true}]}}