{"id":2078,"date":"2025-03-09T12:50:24","date_gmt":"2025-03-09T12:50:24","guid":{"rendered":"https:\/\/artstella-elixirs-floraux.com\/product\/balsam-poplar-alaskan\/"},"modified":"2025-04-14T12:31:35","modified_gmt":"2025-04-14T12:31:35","slug":"balsam-poplar-alaskan","status":"publish","type":"product","link":"https:\/\/artstella-elixirs-floraux.com\/en\/product\/balsam-poplar-alaskan\/","title":{"rendered":"Balsam poplar Alaskan"},"content":{"rendered":"","protected":false},"excerpt":{"rendered":"<p><strong><span style=\"color: #008000;\">BALSAM POPLAR<\/span><\/strong><\/p>\n<p>\u00abAn\u00e9mie \u00bb \u00c9motionnel et sexuelle r\u00e9sultant la plupart du temps un choc traumatisme, voil\u00e0 manque de stabilit\u00e9.Permet la lib\u00e9ration de tensions physiques et \u00e9motionnelles associ\u00e9es \u00e0 un traumatisme sexuel ; \u00e9quilibre et contribue \u00e0 ancrer notre \u00e9nergie sexuelle.<\/p>","protected":false},"featured_media":2079,"template":"","meta":[],"product_brand":[],"product_cat":[119,109],"product_tag":[],"class_list":{"0":"post-2078","1":"product","2":"type-product","3":"status-publish","4":"has-post-thumbnail","6":"product_cat-les-72-elixirs-floraux","7":"product_cat-les-elixirs-alaska","9":"first","10":"instock","11":"taxable","12":"shipping-taxable","13":"purchasable","14":"product-type-variable"},"etheme_brands":{"errors":{"invalid_taxonomy":["Invalid taxonomy."]},"error_data":[]},"jetpack_sharing_enabled":true,"jetpack-related-posts":[{"id":2335,"url":"https:\/\/artstella-elixirs-floraux.com\/en\/product\/white-fireweed-alaskan\/","url_meta":{"origin":2078,"position":0},"title":"White fireweed Alaskan","author":"eveapprill","date":"9 March 2025","format":false,"excerpt":"White fireweed. Epilobium angustifolium. Epilobe Profond traumatisme et choc ; profonde ali\u00e9nation du corps apr\u00e8s un abus sexuel ou \u00e9motionnel.","rel":"","context":"Similar post","block_context":{"text":"Similar post","link":""},"img":{"alt_text":"","src":"https:\/\/i0.wp.com\/artstella-elixirs-floraux.com\/wp-content\/uploads\/2025\/03\/wp-image597.png?resize=350%2C200&ssl=1","width":350,"height":200},"classes":[]},{"id":2264,"url":"https:\/\/artstella-elixirs-floraux.com\/en\/product\/river-beauty-alaskan\/","url_meta":{"origin":2078,"position":1},"title":"River beauty Alaskan","author":"eveapprill","date":"9 March 2025","format":false,"excerpt":"River beauty. Epilobium latifolium An\u00e9antissement \u00e9motionnel ; d\u00e9pass\u00e9 par le chagrin et la tristesse, ou un sentiment intense de perte ;","rel":"","context":"Similar post","block_context":{"text":"Similar post","link":""},"img":{"alt_text":"","src":"https:\/\/i0.wp.com\/artstella-elixirs-floraux.com\/wp-content\/uploads\/2025\/03\/wp-image577.png?resize=350%2C200&ssl=1","width":350,"height":200},"classes":[]},{"id":2741,"url":"https:\/\/artstella-elixirs-floraux.com\/en\/product\/sexuality-bush-30-ml\/","url_meta":{"origin":2078,"position":2},"title":"SEXUALITY BUSH 30 ml","author":"eveapprill","date":"9 March 2025","format":false,"excerpt":"Sexuality Aide \u00e0 combattre la honte et les effets d'abus sexuels. Permet de se sentir \u00e0 l'aise dans son corps en l'acceptant pleinement.","rel":"","context":"Similar post","block_context":{"text":"Similar post","link":""},"img":{"alt_text":"","src":"https:\/\/i0.wp.com\/artstella-elixirs-floraux.com\/wp-content\/uploads\/2025\/03\/7c97458c-aad1-4c91-bbba-533f0a37ab5a.jpg?resize=350%2C200&ssl=1","width":350,"height":200,"srcset":"https:\/\/i0.wp.com\/artstella-elixirs-floraux.com\/wp-content\/uploads\/2025\/03\/7c97458c-aad1-4c91-bbba-533f0a37ab5a.jpg?resize=350%2C200&ssl=1 1x, https:\/\/i0.wp.com\/artstella-elixirs-floraux.com\/wp-content\/uploads\/2025\/03\/7c97458c-aad1-4c91-bbba-533f0a37ab5a.jpg?resize=525%2C300&ssl=1 1.5x, https:\/\/i0.wp.com\/artstella-elixirs-floraux.com\/wp-content\/uploads\/2025\/03\/7c97458c-aad1-4c91-bbba-533f0a37ab5a.jpg?resize=700%2C400&ssl=1 2x"},"classes":[]},{"id":5631,"url":"https:\/\/artstella-elixirs-floraux.com\/en\/product\/basilic-10ml\/","url_meta":{"origin":2078,"position":3},"title":"Basilic 10ml","author":"eveapprill","date":"9 March 2025","format":false,"excerpt":"Basilic Sexualit\u00e9 \u00e9quilibr\u00e9e. Pour int\u00e9grer les d\u00e9sirs \u00e9motionnels et sexuels aux valeurs spirituelles sp\u00e9cialement lorsque sexualit\u00e9 et spiritualit\u00e9 sont per\u00e7ues en tant que forces antagonistes.","rel":"","context":"Similar post","block_context":{"text":"Similar post","link":""},"img":{"alt_text":"","src":"https:\/\/i0.wp.com\/artstella-elixirs-floraux.com\/wp-content\/uploads\/2025\/03\/wp-image1818.png?resize=350%2C200&ssl=1","width":350,"height":200},"classes":[]},{"id":4148,"url":"https:\/\/artstella-elixirs-floraux.com\/en\/product\/pruna-sylfos-15ml-pap\/","url_meta":{"origin":2078,"position":4},"title":"PRUNA SYLFOS 15ML PAP","author":"eveapprill","date":"9 March 2025","format":false,"excerpt":"PRUNA Satyrium pruni \u00a0Rem\u00e8de d\u2019urgence Il s\u2019agit l\u00e0 d\u2019un autre \u00e9lixir fondamental pour toutes les situations de crises et d\u2019urgences, afin d\u2019adoucir les traumatismes car il suspend la douleur \u00e9motionnelle, ce qui permet de se centrer de nouveau afin de pouvoir prendre...","rel":"","context":"Similar post","block_context":{"text":"Similar post","link":""},"img":{"alt_text":"","src":"https:\/\/i0.wp.com\/artstella-elixirs-floraux.com\/wp-content\/uploads\/2025\/03\/f515f618-f396-4f08-afd9-24892856f420.jpg?resize=350%2C200&ssl=1","width":350,"height":200,"srcset":"https:\/\/i0.wp.com\/artstella-elixirs-floraux.com\/wp-content\/uploads\/2025\/03\/f515f618-f396-4f08-afd9-24892856f420.jpg?resize=350%2C200&ssl=1 1x, https:\/\/i0.wp.com\/artstella-elixirs-floraux.com\/wp-content\/uploads\/2025\/03\/f515f618-f396-4f08-afd9-24892856f420.jpg?resize=525%2C300&ssl=1 1.5x, https:\/\/i0.wp.com\/artstella-elixirs-floraux.com\/wp-content\/uploads\/2025\/03\/f515f618-f396-4f08-afd9-24892856f420.jpg?resize=700%2C400&ssl=1 2x"},"classes":[]},{"id":4501,"url":"https:\/\/artstella-elixirs-floraux.com\/en\/product\/wisteria-15-ml-bush\/","url_meta":{"origin":2078,"position":5},"title":"WISTERIA 15 ML BUSH","author":"eveapprill","date":"9 March 2025","format":false,"excerpt":"Wisteria Pour les femmes qui ne se sentent pas \u00e0 l\u2019aise avec leur sexualit\u00e9, peur qui a son origine dans l\u2019abus sexuel. Confiance, am\u00e9lioration de la vie sexuelle.","rel":"","context":"Similar post","block_context":{"text":"Similar post","link":""},"img":{"alt_text":"","src":"https:\/\/i0.wp.com\/artstella-elixirs-floraux.com\/wp-content\/uploads\/2025\/03\/wp-image1085.png?resize=350%2C200&ssl=1","width":350,"height":200},"classes":[]}],"_links":{"self":[{"href":"https:\/\/artstella-elixirs-floraux.com\/en\/wp-json\/wp\/v2\/product\/2078","targetHints":{"allow":["GET"]}}],"collection":[{"href":"https:\/\/artstella-elixirs-floraux.com\/en\/wp-json\/wp\/v2\/product"}],"about":[{"href":"https:\/\/artstella-elixirs-floraux.com\/en\/wp-json\/wp\/v2\/types\/product"}],"version-history":[{"count":0,"href":"https:\/\/artstella-elixirs-floraux.com\/en\/wp-json\/wp\/v2\/product\/2078\/revisions"}],"wp:featuredmedia":[{"embeddable":true,"href":"https:\/\/artstella-elixirs-floraux.com\/en\/wp-json\/wp\/v2\/media\/2079"}],"wp:attachment":[{"href":"https:\/\/artstella-elixirs-floraux.com\/en\/wp-json\/wp\/v2\/media?parent=2078"}],"wp:term":[{"taxonomy":"product_brand","embeddable":true,"href":"https:\/\/artstella-elixirs-floraux.com\/en\/wp-json\/wp\/v2\/product_brand?post=2078"},{"taxonomy":"product_cat","embeddable":true,"href":"https:\/\/artstella-elixirs-floraux.com\/en\/wp-json\/wp\/v2\/product_cat?post=2078"},{"taxonomy":"product_tag","embeddable":true,"href":"https:\/\/artstella-elixirs-floraux.com\/en\/wp-json\/wp\/v2\/product_tag?post=2078"}],"curies":[{"name":"wp","href":"https:\/\/api.w.org\/{rel}","templated":true}]}}