{"id":2086,"date":"2025-03-09T12:50:34","date_gmt":"2025-03-09T12:50:34","guid":{"rendered":"https:\/\/artstella-elixirs-floraux.com\/product\/bladder-wort-alaskan\/"},"modified":"2025-05-27T22:10:15","modified_gmt":"2025-05-27T22:10:15","slug":"bladder-wort-alaskan","status":"publish","type":"product","link":"https:\/\/artstella-elixirs-floraux.com\/en\/product\/bladder-wort-alaskan\/","title":{"rendered":"Bladder Wort Alaskan"},"content":{"rendered":"","protected":false},"excerpt":{"rendered":"<p>Bladder Wort Alaska<\/p>\n<p>Pi\u00e9g\u00e9 dans l&rsquo;illusion, incapacit\u00e9 \u00e0 prendre des d\u00e9cisions pour notre plus grand bien ; manque de discernement, souvent d\u00e9\u00e7u ou roul\u00e9.Pour voir \u00e0 travers l&rsquo;illusion gr\u00e2ce \u00e0 la connaissance int\u00e9rieur, soutient le discernement face \u00e0 la malhonn\u00eatet\u00e9 d&rsquo;autrui. Renforce notre capacit\u00e9 \u00e0 percevoir la v\u00e9rit\u00e9 malgr\u00e9 la confusion.<\/p>","protected":false},"featured_media":2087,"template":"","meta":[],"product_brand":[],"product_cat":[119,109],"product_tag":[],"class_list":{"0":"post-2086","1":"product","2":"type-product","3":"status-publish","4":"has-post-thumbnail","6":"product_cat-les-72-elixirs-floraux","7":"product_cat-les-elixirs-alaska","9":"first","10":"instock","11":"taxable","12":"shipping-taxable","13":"purchasable","14":"product-type-variable"},"etheme_brands":{"errors":{"invalid_taxonomy":["Invalid taxonomy."]},"error_data":[]},"jetpack_sharing_enabled":true,"jetpack-related-posts":[{"id":4223,"url":"https:\/\/artstella-elixirs-floraux.com\/en\/product\/dragonfly-libellule-wea-30-ml\/","url_meta":{"origin":2086,"position":0},"title":"DRAGONFLY\/LIBELLULE WEA 30 ML","author":"eveapprill","date":"9 March 2025","format":false,"excerpt":"Dragonfly (libellule) En Ma\u00eetre de l\u2019illusion, cet \u00e9lixir aide \u00e0 voyager entre les diff\u00e9rentes dimensions et \u00e0 s\u2019ouvrir aux \u00e9nergies spirituelles. Pour se r\u00e9veiller de ses illusions personnelles. Pour la relaxation et le repos apr\u00e8s les p\u00e9riodes charg\u00e9es.","rel":"","context":"Similar post","block_context":{"text":"Similar post","link":""},"img":{"alt_text":"","src":"https:\/\/i0.wp.com\/artstella-elixirs-floraux.com\/wp-content\/uploads\/2025\/03\/wp-image2255.png?resize=350%2C200&ssl=1","width":350,"height":200,"srcset":"https:\/\/i0.wp.com\/artstella-elixirs-floraux.com\/wp-content\/uploads\/2025\/03\/wp-image2255.png?resize=350%2C200&ssl=1 1x, https:\/\/i0.wp.com\/artstella-elixirs-floraux.com\/wp-content\/uploads\/2025\/03\/wp-image2255.png?resize=525%2C300&ssl=1 1.5x, https:\/\/i0.wp.com\/artstella-elixirs-floraux.com\/wp-content\/uploads\/2025\/03\/wp-image2255.png?resize=700%2C400&ssl=1 2x, https:\/\/i0.wp.com\/artstella-elixirs-floraux.com\/wp-content\/uploads\/2025\/03\/wp-image2255.png?resize=1050%2C600&ssl=1 3x"},"classes":[]},{"id":2619,"url":"https:\/\/artstella-elixirs-floraux.com\/en\/product\/angelsword-15ml\/","url_meta":{"origin":2086,"position":1},"title":"ANGELSWORD 15ml","author":"eveapprill","date":"9 March 2025","format":false,"excerpt":"Angelsword Difficult\u00e9 \u00e0 se connecter avec son Moi sup\u00e9rieur. Discernement spirituel, lib\u00e9ration des \u00e9nergies psychiques n\u00e9gatives, acc\u00e8s aux dons des vies ant\u00e9rieures, communication spirituelle sans entraves.","rel":"","context":"Similar post","block_context":{"text":"Similar post","link":""},"img":{"alt_text":"","src":"https:\/\/i0.wp.com\/artstella-elixirs-floraux.com\/wp-content\/uploads\/2025\/03\/Angelsword-.jpg?resize=350%2C200&ssl=1","width":350,"height":200,"srcset":"https:\/\/i0.wp.com\/artstella-elixirs-floraux.com\/wp-content\/uploads\/2025\/03\/Angelsword-.jpg?resize=350%2C200&ssl=1 1x, https:\/\/i0.wp.com\/artstella-elixirs-floraux.com\/wp-content\/uploads\/2025\/03\/Angelsword-.jpg?resize=525%2C300&ssl=1 1.5x, https:\/\/i0.wp.com\/artstella-elixirs-floraux.com\/wp-content\/uploads\/2025\/03\/Angelsword-.jpg?resize=700%2C400&ssl=1 2x"},"classes":[]},{"id":4177,"url":"https:\/\/artstella-elixirs-floraux.com\/en\/product\/uriel-messagers-sylfos-15ml\/","url_meta":{"origin":2086,"position":2},"title":"URIEL (MESSAGERS) SYLFOS 15ML","author":"eveapprill","date":"9 March 2025","format":false,"excerpt":"URIEL Service d\u00e9sint\u00e9ress\u00e9, Don, Accueil, Service, Discernement, Paix, Reconnaissance du Divin en toute chose.","rel":"","context":"Similar post","block_context":{"text":"Similar post","link":""},"img":{"alt_text":"","src":"","width":0,"height":0},"classes":[]},{"id":5920,"url":"https:\/\/artstella-elixirs-floraux.com\/en\/product\/folle-avoine-10ml-deva\/","url_meta":{"origin":2086,"position":3},"title":"Folle avoine 10ml DEVA","author":"eveapprill","date":"9 March 2025","format":false,"excerpt":"Folle avoine - Wild oat Bromus ramosus Discernement des capacit\u00e9s et d\u00e9finition des objectifs \u00e0 suivre. Pour ceux qui sont incertains, insatisfaits sur la direction \u00e0 donner \u00e0 leur vie, qui ont une ambition non d\u00e9finie ou qui n'arrivent pas \u00e0 la r\u00e9aliser.","rel":"","context":"Similar post","block_context":{"text":"Similar post","link":""},"img":{"alt_text":"","src":"","width":0,"height":0},"classes":[]},{"id":3859,"url":"https:\/\/artstella-elixirs-floraux.com\/en\/product\/anemone-de-mer-phi-15-ml\/","url_meta":{"origin":2086,"position":4},"title":"ANEMONE DE MER PHI 15 ML","author":"eveapprill","date":"9 March 2025","format":false,"excerpt":"An\u00e9mone de mer ( Stichodactyla mertensii) Seeanemone. Renforce la conscience de groupe et sa coh\u00e9sion. Aide \u00e0 discerner ce qui va ensemble. Aide \u00e0 rel\u00e2cher les tensions.","rel":"","context":"Similar post","block_context":{"text":"Similar post","link":""},"img":{"alt_text":"","src":"","width":0,"height":0},"classes":[]},{"id":12277,"url":"https:\/\/artstella-elixirs-floraux.com\/en\/product\/12-orchidee-de-la-sagesse-lycaste-longipetala-sylfos\/","url_meta":{"origin":2086,"position":5},"title":"12. ORCHID\u00c9E DE LA SAGESSE Lycaste longipetala Sylfos","author":"eveapprill","date":"13 March 2026","format":false,"excerpt":"\u00c9lixir de\u00a0discernement sup\u00e9rieur et de compr\u00e9hension spirituelle. Aide \u00e0 d\u00e9couvrir le but de l\u2019\u00e2me, clarifie l\u2019esprit et ouvre l\u2019acc\u00e8s \u00e0 la sagesse int\u00e9rieure.","rel":"","context":"Similar post","block_context":{"text":"Similar post","link":""},"img":{"alt_text":"","src":"https:\/\/i0.wp.com\/artstella-elixirs-floraux.com\/wp-content\/uploads\/2026\/03\/12_sabiduria_-WEB.png?resize=350%2C200&ssl=1","width":350,"height":200},"classes":[]}],"_links":{"self":[{"href":"https:\/\/artstella-elixirs-floraux.com\/en\/wp-json\/wp\/v2\/product\/2086","targetHints":{"allow":["GET"]}}],"collection":[{"href":"https:\/\/artstella-elixirs-floraux.com\/en\/wp-json\/wp\/v2\/product"}],"about":[{"href":"https:\/\/artstella-elixirs-floraux.com\/en\/wp-json\/wp\/v2\/types\/product"}],"version-history":[{"count":0,"href":"https:\/\/artstella-elixirs-floraux.com\/en\/wp-json\/wp\/v2\/product\/2086\/revisions"}],"wp:featuredmedia":[{"embeddable":true,"href":"https:\/\/artstella-elixirs-floraux.com\/en\/wp-json\/wp\/v2\/media\/2087"}],"wp:attachment":[{"href":"https:\/\/artstella-elixirs-floraux.com\/en\/wp-json\/wp\/v2\/media?parent=2086"}],"wp:term":[{"taxonomy":"product_brand","embeddable":true,"href":"https:\/\/artstella-elixirs-floraux.com\/en\/wp-json\/wp\/v2\/product_brand?post=2086"},{"taxonomy":"product_cat","embeddable":true,"href":"https:\/\/artstella-elixirs-floraux.com\/en\/wp-json\/wp\/v2\/product_cat?post=2086"},{"taxonomy":"product_tag","embeddable":true,"href":"https:\/\/artstella-elixirs-floraux.com\/en\/wp-json\/wp\/v2\/product_tag?post=2086"}],"curies":[{"name":"wp","href":"https:\/\/api.w.org\/{rel}","templated":true}]}}