{"id":2090,"date":"2025-03-09T12:50:39","date_gmt":"2025-03-09T12:50:39","guid":{"rendered":"https:\/\/artstella-elixirs-floraux.com\/product\/blueberry-pollen-alaskan\/"},"modified":"2025-06-08T16:38:41","modified_gmt":"2025-06-08T16:38:41","slug":"blueberry-pollen-alaskan","status":"publish","type":"product","link":"https:\/\/artstella-elixirs-floraux.com\/en\/product\/blueberry-pollen-alaskan\/","title":{"rendered":"Blueberry Pollen Alaskan"},"content":{"rendered":"","protected":false},"excerpt":{"rendered":"<p><strong><span style=\"color: #008000;\">Blueberry Pollen Alaska <\/span><\/strong><\/p>\n<p>Pour ceux qui ne croient pas assez \u00e0 leur potentiel d&rsquo;abondance, ont une faible id\u00e9e de la prosp\u00e9rit\u00e9, et connaissent des difficult\u00e9s \u00e0 recevoir des autres et de la terre. Permet une extension sur tous les niveaux pour s&rsquo;accorder \u00e0 l&rsquo;abondance ; facilite la dissolution des sch\u00e9mas mentaux restrictifs qui limitent la capacit\u00e9 de r\u00e9aliser concr\u00e8tement nos desseins<\/p>","protected":false},"featured_media":2091,"template":"","meta":[],"product_brand":[],"product_cat":[119,109],"product_tag":[],"class_list":{"0":"post-2090","1":"product","2":"type-product","3":"status-publish","4":"has-post-thumbnail","6":"product_cat-les-72-elixirs-floraux","7":"product_cat-les-elixirs-alaska","9":"first","10":"instock","11":"taxable","12":"shipping-taxable","13":"purchasable","14":"product-type-variable"},"etheme_brands":{"errors":{"invalid_taxonomy":["Invalid taxonomy."]},"error_data":[]},"jetpack_sharing_enabled":true,"jetpack-related-posts":[{"id":2098,"url":"https:\/\/artstella-elixirs-floraux.com\/en\/product\/bog-blueberry-alaskan\/","url_meta":{"origin":2090,"position":0},"title":"Bog Blueberry Alaskan","author":"eveapprill","date":"9 March 2025","format":false,"excerpt":"Bog Blueberry Conception \u00ab donnant-donnant \u00bb de l'abondance, trop attach\u00e9 \u00e0 la forme mat\u00e9rielle de la manifestation de la vie.Permet de neutraliser les croyances limitant l'abondance sur tous les niveaux, encourage \u00e0 s'ouvrir \u00e0 l'abondance qui s'offre avec acceptation et gratitude.","rel":"","context":"Similar post","block_context":{"text":"Similar post","link":""},"img":{"alt_text":"","src":"https:\/\/i0.wp.com\/artstella-elixirs-floraux.com\/wp-content\/uploads\/2025\/03\/wp-image44.png?resize=350%2C200&ssl=1","width":350,"height":200},"classes":[]},{"id":5528,"url":"https:\/\/artstella-elixirs-floraux.com\/en\/product\/go-create-spray-alaska-60-ml\/","url_meta":{"origin":2090,"position":1},"title":"GO CREATE SPRAY ALASKA 60ml","author":"eveapprill","date":"9 March 2025","format":false,"excerpt":"GO CREATE\u00a0 (Cr\u00e9ativit\u00e9) (spray 60ml) Combinaison soutenant l'abondance. Elle est faite pour nous aider \u00e0 co-cr\u00e9er ce que vous voulez, avez besoin de et d\u00e9sirez dans vos vie avec moins de r\u00e9sistance, plus de facilit\u00e9 et d'efficacit\u00e9.","rel":"","context":"Similar post","block_context":{"text":"Similar post","link":""},"img":{"alt_text":"","src":"https:\/\/i0.wp.com\/artstella-elixirs-floraux.com\/wp-content\/uploads\/2025\/03\/a3a37652-b137-43bd-9eb5-5397cb3760f1.jpg?resize=350%2C200&ssl=1","width":350,"height":200,"srcset":"https:\/\/i0.wp.com\/artstella-elixirs-floraux.com\/wp-content\/uploads\/2025\/03\/a3a37652-b137-43bd-9eb5-5397cb3760f1.jpg?resize=350%2C200&ssl=1 1x, https:\/\/i0.wp.com\/artstella-elixirs-floraux.com\/wp-content\/uploads\/2025\/03\/a3a37652-b137-43bd-9eb5-5397cb3760f1.jpg?resize=525%2C300&ssl=1 1.5x, https:\/\/i0.wp.com\/artstella-elixirs-floraux.com\/wp-content\/uploads\/2025\/03\/a3a37652-b137-43bd-9eb5-5397cb3760f1.jpg?resize=700%2C400&ssl=1 2x"},"classes":[]},{"id":3381,"url":"https:\/\/artstella-elixirs-floraux.com\/en\/product\/blueberry-cactus-15-ml-phi\/","url_meta":{"origin":2090,"position":2},"title":"BLUEBERRY CACTUS 15 ML PHI","author":"eveapprill","date":"9 March 2025","format":false,"excerpt":"Blueberry cactus (Myrtillocactus geometrizans) favorise la d\u00e9limitation et la protection pour mieux int\u00e9grer le plan \u00e9motionnel. Il renforce et permet \u00e0 notre potentiel de se d\u00e9ployer enti\u00e8rement. Nous pouvons appr\u00e9cier la beaut\u00e9 dans la vie.","rel":"","context":"Similar post","block_context":{"text":"Similar post","link":""},"img":{"alt_text":"","src":"https:\/\/i0.wp.com\/artstella-elixirs-floraux.com\/wp-content\/uploads\/2025\/03\/wp-image367.png?resize=350%2C200&ssl=1","width":350,"height":200},"classes":[]},{"id":2284,"url":"https:\/\/artstella-elixirs-floraux.com\/en\/product\/sitka-spruce-pollen-alaskan\/","url_meta":{"origin":2090,"position":3},"title":"Sitka spruce pollen Alaskan","author":"eveapprill","date":"9 March 2025","format":false,"excerpt":"Sitka spruce pollen. Picea sitchensis Manque d'humilit\u00e9 dans son rapport \u00e0 la terre ; d\u00e9s\u00e9quilibre entre les expressions masculine et f\u00e9minine du pouvoir","rel":"","context":"Similar post","block_context":{"text":"Similar post","link":""},"img":{"alt_text":"","src":"https:\/\/i0.wp.com\/artstella-elixirs-floraux.com\/wp-content\/uploads\/2025\/03\/wp-image582.png?resize=350%2C200&ssl=1","width":350,"height":200},"classes":[]},{"id":2115,"url":"https:\/\/artstella-elixirs-floraux.com\/en\/product\/cattail-pollen-alaska\/","url_meta":{"origin":2090,"position":4},"title":"CATTAIL POLLEN ALASKA","author":"eveapprill","date":"9 March 2025","format":false,"excerpt":"CATTAIL POLLEN ALASKA Affaibli par des liens et des implications qui ne servent pas notre v\u00e9rit\u00e9 la plus profonde, sensation de ne pas \u00eatre soutenu par les autres. parmet\u00a0 de se reconnecter \u00e0 la v\u00e9rit\u00e9 personnelle qui \u00e9claire notre chemin de vie choisi, et grace \u00e0 la force interieure d'agir\u2026","rel":"","context":"Similar post","block_context":{"text":"Similar post","link":""},"img":{"alt_text":"","src":"https:\/\/i0.wp.com\/artstella-elixirs-floraux.com\/wp-content\/uploads\/2025\/03\/wp-image550.png?resize=350%2C200&ssl=1","width":350,"height":200},"classes":[]},{"id":2709,"url":"https:\/\/artstella-elixirs-floraux.com\/en\/product\/soul-support-alaska\/","url_meta":{"origin":2090,"position":5},"title":"SOUL SUPPORT ALASKA","author":"eveapprill","date":"9 March 2025","format":false,"excerpt":"Soul support (Support de l\u2019\u00e2me) existe en spray Contient : Cattell Pollen. Chalice well. Cotton Grass. Firenze. Labrador Tema. Malachite. River Beauty. Tuby. White Firenze.. Correspond \u00e0 la pr\u00e9paration d\u2019urgence. Elle peut \u00eatre utilis\u00e9e pour maintenir force et stabilit\u00e9 et \u00e9quilibre dans toute situation de stress ou de traumatisme","rel":"","context":"Similar post","block_context":{"text":"Similar post","link":""},"img":{"alt_text":"","src":"https:\/\/i0.wp.com\/artstella-elixirs-floraux.com\/wp-content\/uploads\/2025\/03\/ca7328c6-de94-4934-a288-a35ba1678624.jpg?resize=350%2C200&ssl=1","width":350,"height":200,"srcset":"https:\/\/i0.wp.com\/artstella-elixirs-floraux.com\/wp-content\/uploads\/2025\/03\/ca7328c6-de94-4934-a288-a35ba1678624.jpg?resize=350%2C200&ssl=1 1x, https:\/\/i0.wp.com\/artstella-elixirs-floraux.com\/wp-content\/uploads\/2025\/03\/ca7328c6-de94-4934-a288-a35ba1678624.jpg?resize=525%2C300&ssl=1 1.5x, https:\/\/i0.wp.com\/artstella-elixirs-floraux.com\/wp-content\/uploads\/2025\/03\/ca7328c6-de94-4934-a288-a35ba1678624.jpg?resize=700%2C400&ssl=1 2x"},"classes":[]}],"_links":{"self":[{"href":"https:\/\/artstella-elixirs-floraux.com\/en\/wp-json\/wp\/v2\/product\/2090","targetHints":{"allow":["GET"]}}],"collection":[{"href":"https:\/\/artstella-elixirs-floraux.com\/en\/wp-json\/wp\/v2\/product"}],"about":[{"href":"https:\/\/artstella-elixirs-floraux.com\/en\/wp-json\/wp\/v2\/types\/product"}],"version-history":[{"count":0,"href":"https:\/\/artstella-elixirs-floraux.com\/en\/wp-json\/wp\/v2\/product\/2090\/revisions"}],"wp:featuredmedia":[{"embeddable":true,"href":"https:\/\/artstella-elixirs-floraux.com\/en\/wp-json\/wp\/v2\/media\/2091"}],"wp:attachment":[{"href":"https:\/\/artstella-elixirs-floraux.com\/en\/wp-json\/wp\/v2\/media?parent=2090"}],"wp:term":[{"taxonomy":"product_brand","embeddable":true,"href":"https:\/\/artstella-elixirs-floraux.com\/en\/wp-json\/wp\/v2\/product_brand?post=2090"},{"taxonomy":"product_cat","embeddable":true,"href":"https:\/\/artstella-elixirs-floraux.com\/en\/wp-json\/wp\/v2\/product_cat?post=2090"},{"taxonomy":"product_tag","embeddable":true,"href":"https:\/\/artstella-elixirs-floraux.com\/en\/wp-json\/wp\/v2\/product_tag?post=2090"}],"curies":[{"name":"wp","href":"https:\/\/api.w.org\/{rel}","templated":true}]}}