{"id":2106,"date":"2025-03-09T12:50:54","date_gmt":"2025-03-09T12:50:54","guid":{"rendered":"https:\/\/artstella-elixirs-floraux.com\/product\/bunchberry-alaska\/"},"modified":"2025-04-14T12:18:58","modified_gmt":"2025-04-14T12:18:58","slug":"bunchberry-alaska","status":"publish","type":"product","link":"https:\/\/artstella-elixirs-floraux.com\/en\/product\/bunchberry-alaska\/","title":{"rendered":"BUNCHBERRY ALASKA"},"content":{"rendered":"","protected":false},"excerpt":{"rendered":"<p><strong><span style=\"color: #008000;\">BUNCHBERRY ALASKA<\/span><\/strong><\/p>\n<p>Manque de concentration ; facilement distrait ou pris par l&rsquo;agitation \u00e9motionnelle des autres, impression de toujours manquer de temps. Facilite une pens\u00e9e coh\u00e9rente, aide \u00e0 \u00eatre \u00e0 l&rsquo;\u00e9coute et donc moins distrait ; favorise la constance mentale et la clart\u00e9 \u00e9motionnelle dans les moments o\u00f9 l&rsquo;on est tr\u00e8s sollicit\u00e9.<\/p>","protected":false},"featured_media":2107,"template":"","meta":[],"product_brand":[],"product_cat":[119],"product_tag":[],"class_list":{"0":"post-2106","1":"product","2":"type-product","3":"status-publish","4":"has-post-thumbnail","6":"product_cat-les-72-elixirs-floraux","8":"first","9":"instock","10":"taxable","11":"shipping-taxable","12":"purchasable","13":"product-type-variable"},"etheme_brands":{"errors":{"invalid_taxonomy":["Invalid taxonomy."]},"error_data":[]},"jetpack_sharing_enabled":true,"jetpack-related-posts":[{"id":2689,"url":"https:\/\/artstella-elixirs-floraux.com\/en\/product\/easy-learning-alaska\/","url_meta":{"origin":2106,"position":0},"title":"EASY LEARNING ALASKA","author":"eveapprill","date":"9 March 2025","format":false,"excerpt":"Easy Learning\u00a0 (Apprendre facilement) existe en gouttes et en\u00a0 spray Contient : Blue Topaz. Bunchberry . Lapis Lazuli . Star Ruby . Stinging Nettle\u00a0. White Spruce. Facilite tous les aspects des processus d'apprentissage, autant pour les enfants que pour les adultes. Et ceci sur trois axes :","rel":"","context":"Similar post","block_context":{"text":"Similar post","link":""},"img":{"alt_text":"","src":"https:\/\/i0.wp.com\/artstella-elixirs-floraux.com\/wp-content\/uploads\/2025\/03\/95bf250c-1f74-4836-b456-57fd1dc1b7a8.jpg?resize=350%2C200&ssl=1","width":350,"height":200,"srcset":"https:\/\/i0.wp.com\/artstella-elixirs-floraux.com\/wp-content\/uploads\/2025\/03\/95bf250c-1f74-4836-b456-57fd1dc1b7a8.jpg?resize=350%2C200&ssl=1 1x, https:\/\/i0.wp.com\/artstella-elixirs-floraux.com\/wp-content\/uploads\/2025\/03\/95bf250c-1f74-4836-b456-57fd1dc1b7a8.jpg?resize=525%2C300&ssl=1 1.5x, https:\/\/i0.wp.com\/artstella-elixirs-floraux.com\/wp-content\/uploads\/2025\/03\/95bf250c-1f74-4836-b456-57fd1dc1b7a8.jpg?resize=700%2C400&ssl=1 2x"},"classes":[]},{"id":11338,"url":"https:\/\/artstella-elixirs-floraux.com\/en\/product\/easy-learning-apprendre-facilement-spray-alaska\/","url_meta":{"origin":2106,"position":1},"title":"EASY LEARNING &#8211; Apprendre Facilement SPRAY ALASKA","author":"eveapprill","date":"31 August 2025","format":false,"excerpt":"Easy Learning (Apprendre facilement) - \u00a0 Blue Topaz\u009f Bunchberry \u009f Lapis Lazuli \u009f Star Ruby Stinging Nettle \u009f White Spruce Easy Learning est un spray destin\u00e9 \u00e0 faciliter tous les aspects du processus d'apprentissage, tant pour les enfants que les adultes. Il am\u00e9liore la concentration, la capacit\u00e9 \u00e0 ne pas\u2026","rel":"","context":"Similar post","block_context":{"text":"Similar post","link":""},"img":{"alt_text":"","src":"https:\/\/i0.wp.com\/artstella-elixirs-floraux.com\/wp-content\/uploads\/2025\/08\/easy-learning.jpg?resize=350%2C200&ssl=1","width":350,"height":200},"classes":[]},{"id":2141,"url":"https:\/\/artstella-elixirs-floraux.com\/en\/product\/dandelion-alaska\/","url_meta":{"origin":2106,"position":2},"title":"DANDELION ALASKA","author":"eveapprill","date":"9 March 2025","format":false,"excerpt":"DANDELION ALASKA Manque de consciences par rapport \u00e0 des attitudes mentales qui ont conduit \u00e0 des tensions musculaires chroniques ; difficult\u00e9 \u00e0 rel\u00e2cher l'\u00e9nergie \u00e9motionnelle accumul\u00e9e dans le corps. Permet gr\u00e2ce \u00e0 la compr\u00e9hension et \u00e0 une meilleure connexion entre le corps et l'esprit de rel\u00e2cher les tensions \u00e9motionnelles des\u2026","rel":"","context":"Similar post","block_context":{"text":"Similar post","link":""},"img":{"alt_text":"","src":"https:\/\/i0.wp.com\/artstella-elixirs-floraux.com\/wp-content\/uploads\/2025\/03\/wp-image558.png?resize=350%2C200&ssl=1","width":350,"height":200},"classes":[]},{"id":2154,"url":"https:\/\/artstella-elixirs-floraux.com\/en\/product\/foxglove-alaska\/","url_meta":{"origin":2106,"position":3},"title":"FOXGLOVE ALASKA","author":"eveapprill","date":"9 March 2025","format":false,"excerpt":"FOXGLOVE ALASKA Peur de l'inconnu; manque d'ouverture face au d\u00e9fi; ne peut voir les causes de nos conflits et difficult\u00e9s. Lib\u00e9ration des peurs et de tension \u00e9motionnelle au niveau du c\u0153ur; permet \u00e0 nos perceptions de s'\u00e9largir pour voir la v\u00e9rit\u00e9 de la situation.","rel":"","context":"Similar post","block_context":{"text":"Similar post","link":""},"img":{"alt_text":"","src":"https:\/\/i0.wp.com\/artstella-elixirs-floraux.com\/wp-content\/uploads\/2025\/03\/wp-image457.png?resize=350%2C200&ssl=1","width":350,"height":200},"classes":[]},{"id":2078,"url":"https:\/\/artstella-elixirs-floraux.com\/en\/product\/balsam-poplar-alaskan\/","url_meta":{"origin":2106,"position":4},"title":"Balsam poplar Alaskan","author":"eveapprill","date":"9 March 2025","format":false,"excerpt":"BALSAM POPLAR \u00abAn\u00e9mie \u00bb \u00c9motionnel et sexuelle r\u00e9sultant la plupart du temps un choc traumatisme, voil\u00e0 manque de stabilit\u00e9.Permet la lib\u00e9ration de tensions physiques et \u00e9motionnelles associ\u00e9es \u00e0 un traumatisme sexuel ; \u00e9quilibre et contribue \u00e0 ancrer notre \u00e9nergie sexuelle.","rel":"","context":"Similar post","block_context":{"text":"Similar post","link":""},"img":{"alt_text":"","src":"https:\/\/i0.wp.com\/artstella-elixirs-floraux.com\/wp-content\/uploads\/2025\/03\/wp-image39.webp?resize=350%2C200&ssl=1","width":350,"height":200},"classes":[]},{"id":2133,"url":"https:\/\/artstella-elixirs-floraux.com\/en\/product\/cotton-grass-alaska\/","url_meta":{"origin":2106,"position":5},"title":"COTTON GRASS ALASKA","author":"eveapprill","date":"9 March 2025","format":false,"excerpt":"COTTON GRASS ALASKA Chocs et traumatismes provenant d'un accident, pour ceux qui sont fix\u00e9s sur l'inconfort plut\u00f4t que sur le processus d'auto gu\u00e9rison. Permet de comprendre les circonstances qui ont men\u00e9 \u00e0 un accident ou une blessure de mani\u00e8re \u00e0 dissoudre le traumatisme sur le plan physique aussi bien qu'\u00e9motionnel\u2026","rel":"","context":"Similar post","block_context":{"text":"Similar post","link":""},"img":{"alt_text":"","src":"https:\/\/i0.wp.com\/artstella-elixirs-floraux.com\/wp-content\/uploads\/2025\/03\/wp-image556.png?resize=350%2C200&ssl=1","width":350,"height":200},"classes":[]}],"_links":{"self":[{"href":"https:\/\/artstella-elixirs-floraux.com\/en\/wp-json\/wp\/v2\/product\/2106","targetHints":{"allow":["GET"]}}],"collection":[{"href":"https:\/\/artstella-elixirs-floraux.com\/en\/wp-json\/wp\/v2\/product"}],"about":[{"href":"https:\/\/artstella-elixirs-floraux.com\/en\/wp-json\/wp\/v2\/types\/product"}],"version-history":[{"count":0,"href":"https:\/\/artstella-elixirs-floraux.com\/en\/wp-json\/wp\/v2\/product\/2106\/revisions"}],"wp:featuredmedia":[{"embeddable":true,"href":"https:\/\/artstella-elixirs-floraux.com\/en\/wp-json\/wp\/v2\/media\/2107"}],"wp:attachment":[{"href":"https:\/\/artstella-elixirs-floraux.com\/en\/wp-json\/wp\/v2\/media?parent=2106"}],"wp:term":[{"taxonomy":"product_brand","embeddable":true,"href":"https:\/\/artstella-elixirs-floraux.com\/en\/wp-json\/wp\/v2\/product_brand?post=2106"},{"taxonomy":"product_cat","embeddable":true,"href":"https:\/\/artstella-elixirs-floraux.com\/en\/wp-json\/wp\/v2\/product_cat?post=2106"},{"taxonomy":"product_tag","embeddable":true,"href":"https:\/\/artstella-elixirs-floraux.com\/en\/wp-json\/wp\/v2\/product_tag?post=2106"}],"curies":[{"name":"wp","href":"https:\/\/api.w.org\/{rel}","templated":true}]}}