{"id":2111,"date":"2025-03-09T12:50:58","date_gmt":"2025-03-09T12:50:58","guid":{"rendered":"https:\/\/artstella-elixirs-floraux.com\/product\/cassandra-alaska\/"},"modified":"2025-04-14T12:17:19","modified_gmt":"2025-04-14T12:17:19","slug":"cassandra-alaska","status":"publish","type":"product","link":"https:\/\/artstella-elixirs-floraux.com\/en\/product\/cassandra-alaska\/","title":{"rendered":"CASSANDRA ALASKA"},"content":{"rendered":"","protected":false},"excerpt":{"rendered":"<p><strong><span style=\"color: #008000;\">CASSANDRA ALASKA.<\/span><\/strong><\/p>\n<p>Anxi\u00e9t\u00e9, incapacit\u00e9 \u00e0 se tourner vers l&rsquo;int\u00e9rieur, \u00e0 se relaxer dans les niveaux plus profond de m\u00e9ditation. Calme, encourage la paix de l&rsquo;esprit et permet de percevoir la vie \u00e0 partir du calme int\u00e9rieur.<\/p>","protected":false},"featured_media":2112,"template":"","meta":[],"product_brand":[],"product_cat":[119],"product_tag":[],"class_list":{"0":"post-2111","1":"product","2":"type-product","3":"status-publish","4":"has-post-thumbnail","6":"product_cat-les-72-elixirs-floraux","8":"first","9":"instock","10":"taxable","11":"shipping-taxable","12":"purchasable","13":"product-type-variable"},"etheme_brands":{"errors":{"invalid_taxonomy":["Invalid taxonomy."]},"error_data":[]},"jetpack_sharing_enabled":true,"jetpack-related-posts":[{"id":2331,"url":"https:\/\/artstella-elixirs-floraux.com\/en\/product\/twinflower-alaskan\/","url_meta":{"origin":2111,"position":0},"title":"Twinflower Alaskan","author":"eveapprill","date":"9 March 2025","format":false,"excerpt":"Twinflower. Linnaea Borealis Communication r\u00e9active ou sur la d\u00e9fensive ; difficult\u00e9 \u00e0 comprendre ce que disent les autres.","rel":"","context":"Similar post","block_context":{"text":"Similar post","link":""},"img":{"alt_text":"","src":"https:\/\/i0.wp.com\/artstella-elixirs-floraux.com\/wp-content\/uploads\/2025\/03\/wp-image596.png?resize=350%2C200&ssl=1","width":350,"height":200},"classes":[]},{"id":4864,"url":"https:\/\/artstella-elixirs-floraux.com\/en\/product\/alaska-violet-alaska-f-sup\/","url_meta":{"origin":2111,"position":1},"title":"ALASKA VIOLET ALASKA F SUP","author":"eveapprill","date":"9 March 2025","format":false,"excerpt":"Alaska Violet Indications : le manque de mise \u00e0 la terre ; frileuse ; timides ; r\u00e9ticents ; Impossible d'actualiser son but dans la vie d'une mani\u00e8re pratique sur le plan physique.","rel":"","context":"Similar post","block_context":{"text":"Similar post","link":""},"img":{"alt_text":"","src":"https:\/\/i0.wp.com\/artstella-elixirs-floraux.com\/wp-content\/uploads\/2025\/03\/wp-image1371.png?resize=350%2C200&ssl=1","width":350,"height":200},"classes":[]},{"id":2137,"url":"https:\/\/artstella-elixirs-floraux.com\/en\/product\/cow-parsnip-alaska\/","url_meta":{"origin":2111,"position":2},"title":"COW PARSNIP ALASKA","author":"eveapprill","date":"9 March 2025","format":false,"excerpt":"COW PARSNIP ALASKA D\u00e9racin\u00e9 ; incertain de sa direction int\u00e9rieure, incapacit\u00e9 \u00e0 s'adapter apr\u00e8s un changement ou un d\u00e9m\u00e9nagement. Mal du pays, nostalgie. Favorise l'adaptation \u00e0 un nouvel environnement et la paix de l'esprit m\u00eame dans des p\u00e9riodes de grands changements.","rel":"","context":"Similar post","block_context":{"text":"Similar post","link":""},"img":{"alt_text":"","src":"https:\/\/i0.wp.com\/artstella-elixirs-floraux.com\/wp-content\/uploads\/2025\/03\/wp-image557.png?resize=350%2C200&ssl=1","width":350,"height":200,"srcset":"https:\/\/i0.wp.com\/artstella-elixirs-floraux.com\/wp-content\/uploads\/2025\/03\/wp-image557.png?resize=350%2C200&ssl=1 1x, https:\/\/i0.wp.com\/artstella-elixirs-floraux.com\/wp-content\/uploads\/2025\/03\/wp-image557.png?resize=525%2C300&ssl=1 1.5x"},"classes":[]},{"id":2115,"url":"https:\/\/artstella-elixirs-floraux.com\/en\/product\/cattail-pollen-alaska\/","url_meta":{"origin":2111,"position":3},"title":"CATTAIL POLLEN ALASKA","author":"eveapprill","date":"9 March 2025","format":false,"excerpt":"CATTAIL POLLEN ALASKA Affaibli par des liens et des implications qui ne servent pas notre v\u00e9rit\u00e9 la plus profonde, sensation de ne pas \u00eatre soutenu par les autres. parmet\u00a0 de se reconnecter \u00e0 la v\u00e9rit\u00e9 personnelle qui \u00e9claire notre chemin de vie choisi, et grace \u00e0 la force interieure d'agir\u2026","rel":"","context":"Similar post","block_context":{"text":"Similar post","link":""},"img":{"alt_text":"","src":"https:\/\/i0.wp.com\/artstella-elixirs-floraux.com\/wp-content\/uploads\/2025\/03\/wp-image550.png?resize=350%2C200&ssl=1","width":350,"height":200},"classes":[]},{"id":2086,"url":"https:\/\/artstella-elixirs-floraux.com\/en\/product\/bladder-wort-alaskan\/","url_meta":{"origin":2111,"position":4},"title":"Bladder Wort Alaskan","author":"eveapprill","date":"9 March 2025","format":false,"excerpt":"Bladder Wort Alaska Pi\u00e9g\u00e9 dans l'illusion, incapacit\u00e9 \u00e0 prendre des d\u00e9cisions pour notre plus grand bien ; manque de discernement, souvent d\u00e9\u00e7u ou roul\u00e9.Pour voir \u00e0 travers l'illusion gr\u00e2ce \u00e0 la connaissance int\u00e9rieur, soutient le discernement face \u00e0 la malhonn\u00eatet\u00e9 d'autrui. Renforce notre capacit\u00e9 \u00e0 percevoir la v\u00e9rit\u00e9 malgr\u00e9 la\u2026","rel":"","context":"Similar post","block_context":{"text":"Similar post","link":""},"img":{"alt_text":"","src":"https:\/\/i0.wp.com\/artstella-elixirs-floraux.com\/wp-content\/uploads\/2025\/03\/wp-image41.webp?resize=350%2C200&ssl=1","width":350,"height":200},"classes":[]},{"id":2141,"url":"https:\/\/artstella-elixirs-floraux.com\/en\/product\/dandelion-alaska\/","url_meta":{"origin":2111,"position":5},"title":"DANDELION ALASKA","author":"eveapprill","date":"9 March 2025","format":false,"excerpt":"DANDELION ALASKA Manque de consciences par rapport \u00e0 des attitudes mentales qui ont conduit \u00e0 des tensions musculaires chroniques ; difficult\u00e9 \u00e0 rel\u00e2cher l'\u00e9nergie \u00e9motionnelle accumul\u00e9e dans le corps. Permet gr\u00e2ce \u00e0 la compr\u00e9hension et \u00e0 une meilleure connexion entre le corps et l'esprit de rel\u00e2cher les tensions \u00e9motionnelles des\u2026","rel":"","context":"Similar post","block_context":{"text":"Similar post","link":""},"img":{"alt_text":"","src":"https:\/\/i0.wp.com\/artstella-elixirs-floraux.com\/wp-content\/uploads\/2025\/03\/wp-image558.png?resize=350%2C200&ssl=1","width":350,"height":200},"classes":[]}],"_links":{"self":[{"href":"https:\/\/artstella-elixirs-floraux.com\/en\/wp-json\/wp\/v2\/product\/2111","targetHints":{"allow":["GET"]}}],"collection":[{"href":"https:\/\/artstella-elixirs-floraux.com\/en\/wp-json\/wp\/v2\/product"}],"about":[{"href":"https:\/\/artstella-elixirs-floraux.com\/en\/wp-json\/wp\/v2\/types\/product"}],"version-history":[{"count":0,"href":"https:\/\/artstella-elixirs-floraux.com\/en\/wp-json\/wp\/v2\/product\/2111\/revisions"}],"wp:featuredmedia":[{"embeddable":true,"href":"https:\/\/artstella-elixirs-floraux.com\/en\/wp-json\/wp\/v2\/media\/2112"}],"wp:attachment":[{"href":"https:\/\/artstella-elixirs-floraux.com\/en\/wp-json\/wp\/v2\/media?parent=2111"}],"wp:term":[{"taxonomy":"product_brand","embeddable":true,"href":"https:\/\/artstella-elixirs-floraux.com\/en\/wp-json\/wp\/v2\/product_brand?post=2111"},{"taxonomy":"product_cat","embeddable":true,"href":"https:\/\/artstella-elixirs-floraux.com\/en\/wp-json\/wp\/v2\/product_cat?post=2111"},{"taxonomy":"product_tag","embeddable":true,"href":"https:\/\/artstella-elixirs-floraux.com\/en\/wp-json\/wp\/v2\/product_tag?post=2111"}],"curies":[{"name":"wp","href":"https:\/\/api.w.org\/{rel}","templated":true}]}}