{"id":2128,"date":"2025-03-09T12:51:12","date_gmt":"2025-03-09T12:51:12","guid":{"rendered":"https:\/\/artstella-elixirs-floraux.com\/product\/comandra-alaska\/"},"modified":"2025-04-14T11:56:51","modified_gmt":"2025-04-14T11:56:51","slug":"comandra-alaska","status":"publish","type":"product","link":"https:\/\/artstella-elixirs-floraux.com\/en\/product\/comandra-alaska\/","title":{"rendered":"COMANDRA ALASKA"},"content":{"rendered":"<p>Permet de maintenir notre perspective sur le visible et l&rsquo;invisible, dans les loments de passage d&rsquo;une dimension \u00e0 l&rsquo;autre. Permet par l&rsquo;ouverture du coeur d&rsquo;\u00eatre un pont entre la troisi\u00e8me et la quatri\u00e8me dimension.<\/p>","protected":false},"excerpt":{"rendered":"<p><strong><span style=\"color: #008000;\">COMANDRA ALASKA<\/span><\/strong><\/p>\n<p>Facult\u00e9 de vision sous d\u00e9velopp\u00e9e ou non ancr\u00e9e et donc sans utilit\u00e9. Trop centr\u00e9 sur les Aspects mat\u00e9riels du monde physique. permet de d\u00e9velopper nos capacit\u00e9s \u00e0 percevoir le monde physique d&rsquo;un point de vu plus \u00e9lev\u00e9.<\/p>","protected":false},"featured_media":2129,"template":"","meta":[],"product_brand":[],"product_cat":[119],"product_tag":[],"class_list":{"0":"post-2128","1":"product","2":"type-product","3":"status-publish","4":"has-post-thumbnail","6":"product_cat-les-72-elixirs-floraux","8":"first","9":"instock","10":"taxable","11":"shipping-taxable","12":"purchasable","13":"product-type-variable"},"etheme_brands":{"errors":{"invalid_taxonomy":["Invalid taxonomy."]},"error_data":[]},"jetpack_sharing_enabled":true,"jetpack-related-posts":[{"id":2119,"url":"https:\/\/artstella-elixirs-floraux.com\/en\/product\/chiming-bells-alaska\/","url_meta":{"origin":2128,"position":0},"title":"CHIMING BELLS ALASKA","author":"eveapprill","date":"9 March 2025","format":false,"excerpt":"CHIMING BELLS ALASKA D\u00e9prim\u00e9 abattu manque d'enthousiasme, sans joie dans la vie quotidienne, sensation de faiblesse physique et d'instabilit\u00e9. Permet\u00a0 de faire l'exp\u00e9rience de la joie de la paix et de sentir une stabilit\u00e9 sur la plan physique de notre \u00eatre. Ouvre nos coeurs \u00e0 l'\u00e9nergie d'amour de la M\u00e8re\u2026","rel":"","context":"Similar post","block_context":{"text":"Similar post","link":""},"img":{"alt_text":"","src":"https:\/\/i0.wp.com\/artstella-elixirs-floraux.com\/wp-content\/uploads\/2025\/03\/wp-image551.png?resize=350%2C200&ssl=1","width":350,"height":200},"classes":[]},{"id":2133,"url":"https:\/\/artstella-elixirs-floraux.com\/en\/product\/cotton-grass-alaska\/","url_meta":{"origin":2128,"position":1},"title":"COTTON GRASS ALASKA","author":"eveapprill","date":"9 March 2025","format":false,"excerpt":"COTTON GRASS ALASKA Chocs et traumatismes provenant d'un accident, pour ceux qui sont fix\u00e9s sur l'inconfort plut\u00f4t que sur le processus d'auto gu\u00e9rison. Permet de comprendre les circonstances qui ont men\u00e9 \u00e0 un accident ou une blessure de mani\u00e8re \u00e0 dissoudre le traumatisme sur le plan physique aussi bien qu'\u00e9motionnel\u2026","rel":"","context":"Similar post","block_context":{"text":"Similar post","link":""},"img":{"alt_text":"","src":"https:\/\/i0.wp.com\/artstella-elixirs-floraux.com\/wp-content\/uploads\/2025\/03\/wp-image556.png?resize=350%2C200&ssl=1","width":350,"height":200},"classes":[]},{"id":2150,"url":"https:\/\/artstella-elixirs-floraux.com\/en\/product\/forget-me-not-alaska\/","url_meta":{"origin":2128,"position":2},"title":"FORGET ME NOT ALASKA","author":"eveapprill","date":"9 March 2025","format":false,"excerpt":"FORGET ME NOT ALASKA Sensation d'\u00eatre s\u00e9par\u00e9 ; difficult\u00e9 \u00e0 connecter la dimension spirituelle, connexion aux autres bloqu\u00e9e par des peurs inconscientes, sensation de culpabilit\u00e9 en rapport avec des actions du pass\u00e9. Permet de rel\u00e2cher les peurs, sentiments de culpabilit\u00e9 et souffrances subconscientes, permet de retrouver respect et compassion envers\u2026","rel":"","context":"Similar post","block_context":{"text":"Similar post","link":""},"img":{"alt_text":"","src":"https:\/\/i0.wp.com\/artstella-elixirs-floraux.com\/wp-content\/uploads\/2025\/03\/wp-image561.png?resize=350%2C200&ssl=1","width":350,"height":200},"classes":[]},{"id":5116,"url":"https:\/\/artstella-elixirs-floraux.com\/en\/product\/rutile-7-5-ml-alaska-gem-sup\/","url_meta":{"origin":2128,"position":3},"title":"RUTILE 7.5 ML ALASKA GEM SUP","author":"eveapprill","date":"9 March 2025","format":false,"excerpt":"Rutile Indication\u00a0: Se sentant prisonnier de la forme physique\u00a0; int\u00e9r\u00eat tourn\u00e9 vers le mat\u00e9rialiste dans la vie\u00a0; faible connexion \u00e0 la terre\u00a0; manque de conscience des dimensions non physiques de la r\u00e9alit\u00e9.","rel":"","context":"Similar post","block_context":{"text":"Similar post","link":""},"img":{"alt_text":"","src":"","width":0,"height":0},"classes":[]},{"id":5037,"url":"https:\/\/artstella-elixirs-floraux.com\/en\/product\/amber-ambre-alaska-gem-sup\/","url_meta":{"origin":2128,"position":4},"title":"AMBER \/ AMBRE ALASKA GEM SUP","author":"eveapprill","date":"9 March 2025","format":false,"excerpt":"Amber - Ambre Indication\u00a0: manque de force et de flexibilit\u00e9, maladresse\u00a0; prudence excessive\u00a0; peur des blessures\u00a0; mauvaise image du corps, plus sp\u00e9cialement durant l\u2019adolescence ou en vieillissant.","rel":"","context":"Similar post","block_context":{"text":"Similar post","link":""},"img":{"alt_text":"","src":"https:\/\/i0.wp.com\/artstella-elixirs-floraux.com\/wp-content\/uploads\/2025\/03\/wp-image1397.png?resize=350%2C200&ssl=1","width":350,"height":200},"classes":[]},{"id":4864,"url":"https:\/\/artstella-elixirs-floraux.com\/en\/product\/alaska-violet-alaska-f-sup\/","url_meta":{"origin":2128,"position":5},"title":"ALASKA VIOLET ALASKA F SUP","author":"eveapprill","date":"9 March 2025","format":false,"excerpt":"Alaska Violet Indications : le manque de mise \u00e0 la terre ; frileuse ; timides ; r\u00e9ticents ; Impossible d'actualiser son but dans la vie d'une mani\u00e8re pratique sur le plan physique.","rel":"","context":"Similar post","block_context":{"text":"Similar post","link":""},"img":{"alt_text":"","src":"https:\/\/i0.wp.com\/artstella-elixirs-floraux.com\/wp-content\/uploads\/2025\/03\/wp-image1371.png?resize=350%2C200&ssl=1","width":350,"height":200},"classes":[]}],"_links":{"self":[{"href":"https:\/\/artstella-elixirs-floraux.com\/en\/wp-json\/wp\/v2\/product\/2128","targetHints":{"allow":["GET"]}}],"collection":[{"href":"https:\/\/artstella-elixirs-floraux.com\/en\/wp-json\/wp\/v2\/product"}],"about":[{"href":"https:\/\/artstella-elixirs-floraux.com\/en\/wp-json\/wp\/v2\/types\/product"}],"version-history":[{"count":0,"href":"https:\/\/artstella-elixirs-floraux.com\/en\/wp-json\/wp\/v2\/product\/2128\/revisions"}],"wp:featuredmedia":[{"embeddable":true,"href":"https:\/\/artstella-elixirs-floraux.com\/en\/wp-json\/wp\/v2\/media\/2129"}],"wp:attachment":[{"href":"https:\/\/artstella-elixirs-floraux.com\/en\/wp-json\/wp\/v2\/media?parent=2128"}],"wp:term":[{"taxonomy":"product_brand","embeddable":true,"href":"https:\/\/artstella-elixirs-floraux.com\/en\/wp-json\/wp\/v2\/product_brand?post=2128"},{"taxonomy":"product_cat","embeddable":true,"href":"https:\/\/artstella-elixirs-floraux.com\/en\/wp-json\/wp\/v2\/product_cat?post=2128"},{"taxonomy":"product_tag","embeddable":true,"href":"https:\/\/artstella-elixirs-floraux.com\/en\/wp-json\/wp\/v2\/product_tag?post=2128"}],"curies":[{"name":"wp","href":"https:\/\/api.w.org\/{rel}","templated":true}]}}