{"id":2141,"date":"2025-03-09T12:51:23","date_gmt":"2025-03-09T12:51:23","guid":{"rendered":"https:\/\/artstella-elixirs-floraux.com\/product\/dandelion-alaska\/"},"modified":"2025-04-14T11:51:39","modified_gmt":"2025-04-14T11:51:39","slug":"dandelion-alaska","status":"publish","type":"product","link":"https:\/\/artstella-elixirs-floraux.com\/en\/product\/dandelion-alaska\/","title":{"rendered":"DANDELION ALASKA"},"content":{"rendered":"","protected":false},"excerpt":{"rendered":"<p><strong><span style=\"color: #008000;\">DANDELION ALASKA<\/span><\/strong><\/p>\n<p>Manque de consciences par rapport \u00e0 des attitudes mentales qui ont conduit \u00e0 des tensions musculaires chroniques ; difficult\u00e9 \u00e0 rel\u00e2cher l&rsquo;\u00e9nergie \u00e9motionnelle accumul\u00e9e dans le corps. Permet gr\u00e2ce \u00e0 la compr\u00e9hension et \u00e0 une meilleure connexion entre le corps et l&rsquo;esprit de rel\u00e2cher les tensions \u00e9motionnelles des tissus musculaires.<\/p>","protected":false},"featured_media":2142,"template":"","meta":[],"product_brand":[],"product_cat":[119],"product_tag":[],"class_list":{"0":"post-2141","1":"product","2":"type-product","3":"status-publish","4":"has-post-thumbnail","6":"product_cat-les-72-elixirs-floraux","8":"first","9":"instock","10":"taxable","11":"shipping-taxable","12":"purchasable","13":"product-type-variable"},"etheme_brands":{"errors":{"invalid_taxonomy":["Invalid taxonomy."]},"error_data":[]},"jetpack_sharing_enabled":true,"jetpack-related-posts":[{"id":2154,"url":"https:\/\/artstella-elixirs-floraux.com\/en\/product\/foxglove-alaska\/","url_meta":{"origin":2141,"position":0},"title":"FOXGLOVE ALASKA","author":"eveapprill","date":"9 March 2025","format":false,"excerpt":"FOXGLOVE ALASKA Peur de l'inconnu; manque d'ouverture face au d\u00e9fi; ne peut voir les causes de nos conflits et difficult\u00e9s. Lib\u00e9ration des peurs et de tension \u00e9motionnelle au niveau du c\u0153ur; permet \u00e0 nos perceptions de s'\u00e9largir pour voir la v\u00e9rit\u00e9 de la situation.","rel":"","context":"Similar post","block_context":{"text":"Similar post","link":""},"img":{"alt_text":"","src":"https:\/\/i0.wp.com\/artstella-elixirs-floraux.com\/wp-content\/uploads\/2025\/03\/wp-image457.png?resize=350%2C200&ssl=1","width":350,"height":200},"classes":[]},{"id":2078,"url":"https:\/\/artstella-elixirs-floraux.com\/en\/product\/balsam-poplar-alaskan\/","url_meta":{"origin":2141,"position":1},"title":"Balsam poplar Alaskan","author":"eveapprill","date":"9 March 2025","format":false,"excerpt":"BALSAM POPLAR \u00abAn\u00e9mie \u00bb \u00c9motionnel et sexuelle r\u00e9sultant la plupart du temps un choc traumatisme, voil\u00e0 manque de stabilit\u00e9.Permet la lib\u00e9ration de tensions physiques et \u00e9motionnelles associ\u00e9es \u00e0 un traumatisme sexuel ; \u00e9quilibre et contribue \u00e0 ancrer notre \u00e9nergie sexuelle.","rel":"","context":"Similar post","block_context":{"text":"Similar post","link":""},"img":{"alt_text":"","src":"https:\/\/i0.wp.com\/artstella-elixirs-floraux.com\/wp-content\/uploads\/2025\/03\/wp-image39.webp?resize=350%2C200&ssl=1","width":350,"height":200},"classes":[]},{"id":2335,"url":"https:\/\/artstella-elixirs-floraux.com\/en\/product\/white-fireweed-alaskan\/","url_meta":{"origin":2141,"position":2},"title":"White fireweed Alaskan","author":"eveapprill","date":"9 March 2025","format":false,"excerpt":"White fireweed. Epilobium angustifolium. Epilobe Profond traumatisme et choc ; profonde ali\u00e9nation du corps apr\u00e8s un abus sexuel ou \u00e9motionnel.","rel":"","context":"Similar post","block_context":{"text":"Similar post","link":""},"img":{"alt_text":"","src":"https:\/\/i0.wp.com\/artstella-elixirs-floraux.com\/wp-content\/uploads\/2025\/03\/wp-image597.png?resize=350%2C200&ssl=1","width":350,"height":200},"classes":[]},{"id":2106,"url":"https:\/\/artstella-elixirs-floraux.com\/en\/product\/bunchberry-alaska\/","url_meta":{"origin":2141,"position":3},"title":"BUNCHBERRY ALASKA","author":"eveapprill","date":"9 March 2025","format":false,"excerpt":"BUNCHBERRY ALASKA Manque de concentration ; facilement distrait ou pris par l'agitation \u00e9motionnelle des autres, impression de toujours manquer de temps. Facilite une pens\u00e9e coh\u00e9rente, aide \u00e0 \u00eatre \u00e0 l'\u00e9coute et donc moins distrait ; favorise la constance mentale et la clart\u00e9 \u00e9motionnelle dans les moments o\u00f9 l'on est tr\u00e8s\u2026","rel":"","context":"Similar post","block_context":{"text":"Similar post","link":""},"img":{"alt_text":"","src":"https:\/\/i0.wp.com\/artstella-elixirs-floraux.com\/wp-content\/uploads\/2025\/03\/wp-image46.png?resize=350%2C200&ssl=1","width":350,"height":200},"classes":[]},{"id":2288,"url":"https:\/\/artstella-elixirs-floraux.com\/en\/product\/soapberry-alaskan\/","url_meta":{"origin":2141,"position":4},"title":"Soapberry Alaskan","author":"eveapprill","date":"9 March 2025","format":false,"excerpt":"Soapberry. Sheperdia canadensis Crainte du pouvoir de la Nature, peur de son propre pouvoir, utilisation de son pouvoir de fa\u00e7on d\u00e9s\u00e9quilibr\u00e9e, inappropri\u00e9e et irresponsable.","rel":"","context":"Similar post","block_context":{"text":"Similar post","link":""},"img":{"alt_text":"","src":"https:\/\/i0.wp.com\/artstella-elixirs-floraux.com\/wp-content\/uploads\/2025\/03\/wp-image583.png?resize=350%2C200&ssl=1","width":350,"height":200},"classes":[]},{"id":2150,"url":"https:\/\/artstella-elixirs-floraux.com\/en\/product\/forget-me-not-alaska\/","url_meta":{"origin":2141,"position":5},"title":"FORGET ME NOT ALASKA","author":"eveapprill","date":"9 March 2025","format":false,"excerpt":"FORGET ME NOT ALASKA Sensation d'\u00eatre s\u00e9par\u00e9 ; difficult\u00e9 \u00e0 connecter la dimension spirituelle, connexion aux autres bloqu\u00e9e par des peurs inconscientes, sensation de culpabilit\u00e9 en rapport avec des actions du pass\u00e9. Permet de rel\u00e2cher les peurs, sentiments de culpabilit\u00e9 et souffrances subconscientes, permet de retrouver respect et compassion envers\u2026","rel":"","context":"Similar post","block_context":{"text":"Similar post","link":""},"img":{"alt_text":"","src":"https:\/\/i0.wp.com\/artstella-elixirs-floraux.com\/wp-content\/uploads\/2025\/03\/wp-image561.png?resize=350%2C200&ssl=1","width":350,"height":200},"classes":[]}],"_links":{"self":[{"href":"https:\/\/artstella-elixirs-floraux.com\/en\/wp-json\/wp\/v2\/product\/2141","targetHints":{"allow":["GET"]}}],"collection":[{"href":"https:\/\/artstella-elixirs-floraux.com\/en\/wp-json\/wp\/v2\/product"}],"about":[{"href":"https:\/\/artstella-elixirs-floraux.com\/en\/wp-json\/wp\/v2\/types\/product"}],"version-history":[{"count":0,"href":"https:\/\/artstella-elixirs-floraux.com\/en\/wp-json\/wp\/v2\/product\/2141\/revisions"}],"wp:featuredmedia":[{"embeddable":true,"href":"https:\/\/artstella-elixirs-floraux.com\/en\/wp-json\/wp\/v2\/media\/2142"}],"wp:attachment":[{"href":"https:\/\/artstella-elixirs-floraux.com\/en\/wp-json\/wp\/v2\/media?parent=2141"}],"wp:term":[{"taxonomy":"product_brand","embeddable":true,"href":"https:\/\/artstella-elixirs-floraux.com\/en\/wp-json\/wp\/v2\/product_brand?post=2141"},{"taxonomy":"product_cat","embeddable":true,"href":"https:\/\/artstella-elixirs-floraux.com\/en\/wp-json\/wp\/v2\/product_cat?post=2141"},{"taxonomy":"product_tag","embeddable":true,"href":"https:\/\/artstella-elixirs-floraux.com\/en\/wp-json\/wp\/v2\/product_tag?post=2141"}],"curies":[{"name":"wp","href":"https:\/\/api.w.org\/{rel}","templated":true}]}}