{"id":2146,"date":"2025-03-09T12:51:26","date_gmt":"2025-03-09T12:51:26","guid":{"rendered":"https:\/\/artstella-elixirs-floraux.com\/product\/fireweed-alaska\/"},"modified":"2025-04-14T11:50:24","modified_gmt":"2025-04-14T11:50:24","slug":"fireweed-alaska","status":"publish","type":"product","link":"https:\/\/artstella-elixirs-floraux.com\/en\/product\/fireweed-alaska\/","title":{"rendered":"FIREWEED ALASKA"},"content":{"rendered":"","protected":false},"excerpt":{"rendered":"<p><strong><span style=\"color: #008000;\">FIREWEED ALASKA <\/span><\/strong><\/p>\n<p>Choc ou traumatisme ; \u00e9nergie stagnante sur tout niveau ; se sent \u00e9puis\u00e9 ; faible connexion avec la terre. Tendance \u00e0 projeter le pass\u00e9 dans le futur. Pour soulager les chocs et les traumatismes ; renforce la connexion terrestre ; Permet de dissoudre les vieux \u00ab\u00a0circuits d&rsquo;\u00e9nergie\u00a0\u00bb du corps \u00e9th\u00e9rique pour initier de nouveaux cycles de revitalisation.<\/p>","protected":false},"featured_media":2147,"template":"","meta":[],"product_brand":[],"product_cat":[119],"product_tag":[],"class_list":{"0":"post-2146","1":"product","2":"type-product","3":"status-publish","4":"has-post-thumbnail","6":"product_cat-les-72-elixirs-floraux","8":"first","9":"instock","10":"taxable","11":"shipping-taxable","12":"purchasable","13":"product-type-variable"},"etheme_brands":{"errors":{"invalid_taxonomy":["Invalid taxonomy."]},"error_data":[]},"jetpack_sharing_enabled":true,"jetpack-related-posts":[{"id":2335,"url":"https:\/\/artstella-elixirs-floraux.com\/en\/product\/white-fireweed-alaskan\/","url_meta":{"origin":2146,"position":0},"title":"White fireweed Alaskan","author":"eveapprill","date":"9 March 2025","format":false,"excerpt":"White fireweed. Epilobium angustifolium. Epilobe Profond traumatisme et choc ; profonde ali\u00e9nation du corps apr\u00e8s un abus sexuel ou \u00e9motionnel.","rel":"","context":"Similar post","block_context":{"text":"Similar post","link":""},"img":{"alt_text":"","src":"https:\/\/i0.wp.com\/artstella-elixirs-floraux.com\/wp-content\/uploads\/2025\/03\/wp-image597.png?resize=350%2C200&ssl=1","width":350,"height":200},"classes":[]},{"id":2133,"url":"https:\/\/artstella-elixirs-floraux.com\/en\/product\/cotton-grass-alaska\/","url_meta":{"origin":2146,"position":1},"title":"COTTON GRASS ALASKA","author":"eveapprill","date":"9 March 2025","format":false,"excerpt":"COTTON GRASS ALASKA Chocs et traumatismes provenant d'un accident, pour ceux qui sont fix\u00e9s sur l'inconfort plut\u00f4t que sur le processus d'auto gu\u00e9rison. Permet de comprendre les circonstances qui ont men\u00e9 \u00e0 un accident ou une blessure de mani\u00e8re \u00e0 dissoudre le traumatisme sur le plan physique aussi bien qu'\u00e9motionnel\u2026","rel":"","context":"Similar post","block_context":{"text":"Similar post","link":""},"img":{"alt_text":"","src":"https:\/\/i0.wp.com\/artstella-elixirs-floraux.com\/wp-content\/uploads\/2025\/03\/wp-image556.png?resize=350%2C200&ssl=1","width":350,"height":200},"classes":[]},{"id":2078,"url":"https:\/\/artstella-elixirs-floraux.com\/en\/product\/balsam-poplar-alaskan\/","url_meta":{"origin":2146,"position":2},"title":"Balsam poplar Alaskan","author":"eveapprill","date":"9 March 2025","format":false,"excerpt":"BALSAM POPLAR \u00abAn\u00e9mie \u00bb \u00c9motionnel et sexuelle r\u00e9sultant la plupart du temps un choc traumatisme, voil\u00e0 manque de stabilit\u00e9.Permet la lib\u00e9ration de tensions physiques et \u00e9motionnelles associ\u00e9es \u00e0 un traumatisme sexuel ; \u00e9quilibre et contribue \u00e0 ancrer notre \u00e9nergie sexuelle.","rel":"","context":"Similar post","block_context":{"text":"Similar post","link":""},"img":{"alt_text":"","src":"https:\/\/i0.wp.com\/artstella-elixirs-floraux.com\/wp-content\/uploads\/2025\/03\/wp-image39.webp?resize=350%2C200&ssl=1","width":350,"height":200},"classes":[]},{"id":5875,"url":"https:\/\/artstella-elixirs-floraux.com\/en\/product\/soul-support-spray-120ml\/","url_meta":{"origin":2146,"position":3},"title":"SOUL SUPPORT SPRAY ALASKA","author":"eveapprill","date":"9 March 2025","format":false,"excerpt":"Soul support (Soutien de l\u2019\u00e2me) Correspond \u00e0 la pr\u00e9paration d\u2019urgence.","rel":"","context":"Similar post","block_context":{"text":"Similar post","link":""},"img":{"alt_text":"Sprays","src":"https:\/\/i0.wp.com\/artstella-elixirs-floraux.com\/wp-content\/uploads\/2025\/03\/7691d083-6c4b-4693-8449-eb757c5320ed.jpg?resize=350%2C200&ssl=1","width":350,"height":200,"srcset":"https:\/\/i0.wp.com\/artstella-elixirs-floraux.com\/wp-content\/uploads\/2025\/03\/7691d083-6c4b-4693-8449-eb757c5320ed.jpg?resize=350%2C200&ssl=1 1x, https:\/\/i0.wp.com\/artstella-elixirs-floraux.com\/wp-content\/uploads\/2025\/03\/7691d083-6c4b-4693-8449-eb757c5320ed.jpg?resize=525%2C300&ssl=1 1.5x, https:\/\/i0.wp.com\/artstella-elixirs-floraux.com\/wp-content\/uploads\/2025\/03\/7691d083-6c4b-4693-8449-eb757c5320ed.jpg?resize=700%2C400&ssl=1 2x"},"classes":[]},{"id":5470,"url":"https:\/\/artstella-elixirs-floraux.com\/en\/product\/ornithogale-etoile-de-b-bloes-10ml\/","url_meta":{"origin":2146,"position":4},"title":"Ornithogale \u00c9toile de B BLOES 10ML","author":"eveapprill","date":"9 March 2025","format":false,"excerpt":"\u00c9toile de Bethlehem \/ Ornithogalum umbellatum (Star of Bethlehem) Ouvre \u00e0 l\u2019\u00e9nergie universelle et \u00e0 la connexion avec le moi sup\u00e9rieur.","rel":"","context":"Similar post","block_context":{"text":"Similar post","link":""},"img":{"alt_text":"","src":"","width":0,"height":0},"classes":[]},{"id":2141,"url":"https:\/\/artstella-elixirs-floraux.com\/en\/product\/dandelion-alaska\/","url_meta":{"origin":2146,"position":5},"title":"DANDELION ALASKA","author":"eveapprill","date":"9 March 2025","format":false,"excerpt":"DANDELION ALASKA Manque de consciences par rapport \u00e0 des attitudes mentales qui ont conduit \u00e0 des tensions musculaires chroniques ; difficult\u00e9 \u00e0 rel\u00e2cher l'\u00e9nergie \u00e9motionnelle accumul\u00e9e dans le corps. Permet gr\u00e2ce \u00e0 la compr\u00e9hension et \u00e0 une meilleure connexion entre le corps et l'esprit de rel\u00e2cher les tensions \u00e9motionnelles des\u2026","rel":"","context":"Similar post","block_context":{"text":"Similar post","link":""},"img":{"alt_text":"","src":"https:\/\/i0.wp.com\/artstella-elixirs-floraux.com\/wp-content\/uploads\/2025\/03\/wp-image558.png?resize=350%2C200&ssl=1","width":350,"height":200},"classes":[]}],"_links":{"self":[{"href":"https:\/\/artstella-elixirs-floraux.com\/en\/wp-json\/wp\/v2\/product\/2146","targetHints":{"allow":["GET"]}}],"collection":[{"href":"https:\/\/artstella-elixirs-floraux.com\/en\/wp-json\/wp\/v2\/product"}],"about":[{"href":"https:\/\/artstella-elixirs-floraux.com\/en\/wp-json\/wp\/v2\/types\/product"}],"version-history":[{"count":0,"href":"https:\/\/artstella-elixirs-floraux.com\/en\/wp-json\/wp\/v2\/product\/2146\/revisions"}],"wp:featuredmedia":[{"embeddable":true,"href":"https:\/\/artstella-elixirs-floraux.com\/en\/wp-json\/wp\/v2\/media\/2147"}],"wp:attachment":[{"href":"https:\/\/artstella-elixirs-floraux.com\/en\/wp-json\/wp\/v2\/media?parent=2146"}],"wp:term":[{"taxonomy":"product_brand","embeddable":true,"href":"https:\/\/artstella-elixirs-floraux.com\/en\/wp-json\/wp\/v2\/product_brand?post=2146"},{"taxonomy":"product_cat","embeddable":true,"href":"https:\/\/artstella-elixirs-floraux.com\/en\/wp-json\/wp\/v2\/product_cat?post=2146"},{"taxonomy":"product_tag","embeddable":true,"href":"https:\/\/artstella-elixirs-floraux.com\/en\/wp-json\/wp\/v2\/product_tag?post=2146"}],"curies":[{"name":"wp","href":"https:\/\/api.w.org\/{rel}","templated":true}]}}