{"id":2150,"date":"2025-03-09T12:51:30","date_gmt":"2025-03-09T12:51:30","guid":{"rendered":"https:\/\/artstella-elixirs-floraux.com\/product\/forget-me-not-alaska\/"},"modified":"2025-04-14T11:48:50","modified_gmt":"2025-04-14T11:48:50","slug":"forget-me-not-alaska","status":"publish","type":"product","link":"https:\/\/artstella-elixirs-floraux.com\/en\/product\/forget-me-not-alaska\/","title":{"rendered":"FORGET ME NOT ALASKA"},"content":{"rendered":"","protected":false},"excerpt":{"rendered":"<p><strong><span style=\"color: #008000;\">FORGET ME NOT ALASKA<\/span><\/strong><\/p>\n<p>Sensation d&rsquo;\u00eatre s\u00e9par\u00e9 ; difficult\u00e9 \u00e0 connecter la dimension spirituelle, connexion aux autres bloqu\u00e9e par des peurs inconscientes, sensation de culpabilit\u00e9 en rapport avec des actions du pass\u00e9. Permet de rel\u00e2cher les peurs, sentiments de culpabilit\u00e9 et souffrances subconscientes, permet de retrouver respect et compassion envers soi m\u00eame et les autres.<\/p>","protected":false},"featured_media":2151,"template":"","meta":[],"product_brand":[],"product_cat":[119],"product_tag":[],"class_list":{"0":"post-2150","1":"product","2":"type-product","3":"status-publish","4":"has-post-thumbnail","6":"product_cat-les-72-elixirs-floraux","8":"first","9":"instock","10":"taxable","11":"shipping-taxable","12":"purchasable","13":"product-type-variable"},"etheme_brands":{"errors":{"invalid_taxonomy":["Invalid taxonomy."]},"error_data":[]},"jetpack_sharing_enabled":true,"jetpack-related-posts":[{"id":2311,"url":"https:\/\/artstella-elixirs-floraux.com\/en\/product\/sweetgale-alaskan\/","url_meta":{"origin":2150,"position":0},"title":"Sweetgale Alaskan","author":"eveapprill","date":"9 March 2025","format":false,"excerpt":"Sweetgale. Myrica gale \u00c9motions bloqu\u00e9es dans les chakras de base ; communication avec les autres sur le mode de la d\u00e9fensive, manque de clart\u00e9 qui se manifeste par le conflit, la critique et\/ou la culpabilit\u00e9.","rel":"","context":"Similar post","block_context":{"text":"Similar post","link":""},"img":{"alt_text":"","src":"https:\/\/i0.wp.com\/artstella-elixirs-floraux.com\/wp-content\/uploads\/2025\/03\/wp-image591.png?resize=350%2C200&ssl=1","width":350,"height":200},"classes":[]},{"id":2154,"url":"https:\/\/artstella-elixirs-floraux.com\/en\/product\/foxglove-alaska\/","url_meta":{"origin":2150,"position":1},"title":"FOXGLOVE ALASKA","author":"eveapprill","date":"9 March 2025","format":false,"excerpt":"FOXGLOVE ALASKA Peur de l'inconnu; manque d'ouverture face au d\u00e9fi; ne peut voir les causes de nos conflits et difficult\u00e9s. Lib\u00e9ration des peurs et de tension \u00e9motionnelle au niveau du c\u0153ur; permet \u00e0 nos perceptions de s'\u00e9largir pour voir la v\u00e9rit\u00e9 de la situation.","rel":"","context":"Similar post","block_context":{"text":"Similar post","link":""},"img":{"alt_text":"","src":"https:\/\/i0.wp.com\/artstella-elixirs-floraux.com\/wp-content\/uploads\/2025\/03\/wp-image457.png?resize=350%2C200&ssl=1","width":350,"height":200},"classes":[]},{"id":5066,"url":"https:\/\/artstella-elixirs-floraux.com\/en\/product\/diopside-7-5ml-alaska-gem-sup\/","url_meta":{"origin":2150,"position":2},"title":"DIOPSIDE 7.5ML ALASKA GEM SUP","author":"eveapprill","date":"9 March 2025","format":false,"excerpt":"Diopside \u2013 Diopside Indication\u00a0: peur de l\u2019abandon, de dispara\u00eetre, mauvaise estime de soi et de sa valeur\u00a0; attitudes compulsives et n\u00e9gatives envers soi-m\u00eame\u00a0; surcompensation \u00e0 cause d\u2019un sentiment d\u2019inf\u00e9riorit\u00e9\u00a0; manque d\u2019intimit\u00e9 dans les relations avec les autres et soi-m\u00eame.","rel":"","context":"Similar post","block_context":{"text":"Similar post","link":""},"img":{"alt_text":"","src":"","width":0,"height":0},"classes":[]},{"id":2102,"url":"https:\/\/artstella-elixirs-floraux.com\/en\/product\/bog-rosemary-alaska\/","url_meta":{"origin":2150,"position":3},"title":"BOG ROSEMARY ALASKA","author":"eveapprill","date":"9 March 2025","format":false,"excerpt":"BOG ROSEMARY ALASKA Pour le manque de confiance, la peur paralysante de l'inconnu, l'incapacit\u00e9 de prendre des risques. lib\u00e8re de la peur et de la r\u00e9sistance \u00e0 avancer. Renforce la foi.","rel":"","context":"Similar post","block_context":{"text":"Similar post","link":""},"img":{"alt_text":"","src":"https:\/\/i0.wp.com\/artstella-elixirs-floraux.com\/wp-content\/uploads\/2025\/03\/wp-image45.png?resize=350%2C200&ssl=1","width":350,"height":200},"classes":[]},{"id":2115,"url":"https:\/\/artstella-elixirs-floraux.com\/en\/product\/cattail-pollen-alaska\/","url_meta":{"origin":2150,"position":4},"title":"CATTAIL POLLEN ALASKA","author":"eveapprill","date":"9 March 2025","format":false,"excerpt":"CATTAIL POLLEN ALASKA Affaibli par des liens et des implications qui ne servent pas notre v\u00e9rit\u00e9 la plus profonde, sensation de ne pas \u00eatre soutenu par les autres. parmet\u00a0 de se reconnecter \u00e0 la v\u00e9rit\u00e9 personnelle qui \u00e9claire notre chemin de vie choisi, et grace \u00e0 la force interieure d'agir\u2026","rel":"","context":"Similar post","block_context":{"text":"Similar post","link":""},"img":{"alt_text":"","src":"https:\/\/i0.wp.com\/artstella-elixirs-floraux.com\/wp-content\/uploads\/2025\/03\/wp-image550.png?resize=350%2C200&ssl=1","width":350,"height":200},"classes":[]},{"id":2119,"url":"https:\/\/artstella-elixirs-floraux.com\/en\/product\/chiming-bells-alaska\/","url_meta":{"origin":2150,"position":5},"title":"CHIMING BELLS ALASKA","author":"eveapprill","date":"9 March 2025","format":false,"excerpt":"CHIMING BELLS ALASKA D\u00e9prim\u00e9 abattu manque d'enthousiasme, sans joie dans la vie quotidienne, sensation de faiblesse physique et d'instabilit\u00e9. Permet\u00a0 de faire l'exp\u00e9rience de la joie de la paix et de sentir une stabilit\u00e9 sur la plan physique de notre \u00eatre. Ouvre nos coeurs \u00e0 l'\u00e9nergie d'amour de la M\u00e8re\u2026","rel":"","context":"Similar post","block_context":{"text":"Similar post","link":""},"img":{"alt_text":"","src":"https:\/\/i0.wp.com\/artstella-elixirs-floraux.com\/wp-content\/uploads\/2025\/03\/wp-image551.png?resize=350%2C200&ssl=1","width":350,"height":200},"classes":[]}],"_links":{"self":[{"href":"https:\/\/artstella-elixirs-floraux.com\/en\/wp-json\/wp\/v2\/product\/2150","targetHints":{"allow":["GET"]}}],"collection":[{"href":"https:\/\/artstella-elixirs-floraux.com\/en\/wp-json\/wp\/v2\/product"}],"about":[{"href":"https:\/\/artstella-elixirs-floraux.com\/en\/wp-json\/wp\/v2\/types\/product"}],"version-history":[{"count":0,"href":"https:\/\/artstella-elixirs-floraux.com\/en\/wp-json\/wp\/v2\/product\/2150\/revisions"}],"wp:featuredmedia":[{"embeddable":true,"href":"https:\/\/artstella-elixirs-floraux.com\/en\/wp-json\/wp\/v2\/media\/2151"}],"wp:attachment":[{"href":"https:\/\/artstella-elixirs-floraux.com\/en\/wp-json\/wp\/v2\/media?parent=2150"}],"wp:term":[{"taxonomy":"product_brand","embeddable":true,"href":"https:\/\/artstella-elixirs-floraux.com\/en\/wp-json\/wp\/v2\/product_brand?post=2150"},{"taxonomy":"product_cat","embeddable":true,"href":"https:\/\/artstella-elixirs-floraux.com\/en\/wp-json\/wp\/v2\/product_cat?post=2150"},{"taxonomy":"product_tag","embeddable":true,"href":"https:\/\/artstella-elixirs-floraux.com\/en\/wp-json\/wp\/v2\/product_tag?post=2150"}],"curies":[{"name":"wp","href":"https:\/\/api.w.org\/{rel}","templated":true}]}}