{"id":2154,"date":"2025-03-09T12:51:33","date_gmt":"2025-03-09T12:51:33","guid":{"rendered":"https:\/\/artstella-elixirs-floraux.com\/product\/foxglove-alaska\/"},"modified":"2025-04-14T11:47:34","modified_gmt":"2025-04-14T11:47:34","slug":"foxglove-alaska","status":"publish","type":"product","link":"https:\/\/artstella-elixirs-floraux.com\/en\/product\/foxglove-alaska\/","title":{"rendered":"FOXGLOVE ALASKA"},"content":{"rendered":"","protected":false},"excerpt":{"rendered":"<p><strong><span style=\"color: #008000;\">FOXGLOVE ALASKA <\/span><\/strong><\/p>\n<p>Peur de l&rsquo;inconnu; manque d&rsquo;ouverture face au d\u00e9fi; ne peut voir les causes de nos conflits et difficult\u00e9s.<\/p>\n<p>Lib\u00e9ration des peurs et de tension \u00e9motionnelle au niveau du c\u0153ur; permet \u00e0 nos perceptions de s&rsquo;\u00e9largir pour voir la v\u00e9rit\u00e9 de la situation.<\/p>","protected":false},"featured_media":2155,"template":"","meta":[],"product_brand":[],"product_cat":[119],"product_tag":[],"class_list":{"0":"post-2154","1":"product","2":"type-product","3":"status-publish","4":"has-post-thumbnail","6":"product_cat-les-72-elixirs-floraux","8":"first","9":"instock","10":"taxable","11":"shipping-taxable","12":"purchasable","13":"product-type-variable"},"etheme_brands":{"errors":{"invalid_taxonomy":["Invalid taxonomy."]},"error_data":[]},"jetpack_sharing_enabled":true,"jetpack-related-posts":[{"id":2102,"url":"https:\/\/artstella-elixirs-floraux.com\/en\/product\/bog-rosemary-alaska\/","url_meta":{"origin":2154,"position":0},"title":"BOG ROSEMARY ALASKA","author":"eveapprill","date":"9 March 2025","format":false,"excerpt":"BOG ROSEMARY ALASKA Pour le manque de confiance, la peur paralysante de l'inconnu, l'incapacit\u00e9 de prendre des risques. lib\u00e8re de la peur et de la r\u00e9sistance \u00e0 avancer. Renforce la foi.","rel":"","context":"Similar post","block_context":{"text":"Similar post","link":""},"img":{"alt_text":"","src":"https:\/\/i0.wp.com\/artstella-elixirs-floraux.com\/wp-content\/uploads\/2025\/03\/wp-image45.png?resize=350%2C200&ssl=1","width":350,"height":200},"classes":[]},{"id":2150,"url":"https:\/\/artstella-elixirs-floraux.com\/en\/product\/forget-me-not-alaska\/","url_meta":{"origin":2154,"position":1},"title":"FORGET ME NOT ALASKA","author":"eveapprill","date":"9 March 2025","format":false,"excerpt":"FORGET ME NOT ALASKA Sensation d'\u00eatre s\u00e9par\u00e9 ; difficult\u00e9 \u00e0 connecter la dimension spirituelle, connexion aux autres bloqu\u00e9e par des peurs inconscientes, sensation de culpabilit\u00e9 en rapport avec des actions du pass\u00e9. Permet de rel\u00e2cher les peurs, sentiments de culpabilit\u00e9 et souffrances subconscientes, permet de retrouver respect et compassion envers\u2026","rel":"","context":"Similar post","block_context":{"text":"Similar post","link":""},"img":{"alt_text":"","src":"https:\/\/i0.wp.com\/artstella-elixirs-floraux.com\/wp-content\/uploads\/2025\/03\/wp-image561.png?resize=350%2C200&ssl=1","width":350,"height":200},"classes":[]},{"id":5066,"url":"https:\/\/artstella-elixirs-floraux.com\/en\/product\/diopside-7-5ml-alaska-gem-sup\/","url_meta":{"origin":2154,"position":2},"title":"DIOPSIDE 7.5ML ALASKA GEM SUP","author":"eveapprill","date":"9 March 2025","format":false,"excerpt":"Diopside \u2013 Diopside Indication\u00a0: peur de l\u2019abandon, de dispara\u00eetre, mauvaise estime de soi et de sa valeur\u00a0; attitudes compulsives et n\u00e9gatives envers soi-m\u00eame\u00a0; surcompensation \u00e0 cause d\u2019un sentiment d\u2019inf\u00e9riorit\u00e9\u00a0; manque d\u2019intimit\u00e9 dans les relations avec les autres et soi-m\u00eame.","rel":"","context":"Similar post","block_context":{"text":"Similar post","link":""},"img":{"alt_text":"","src":"","width":0,"height":0},"classes":[]},{"id":5037,"url":"https:\/\/artstella-elixirs-floraux.com\/en\/product\/amber-ambre-alaska-gem-sup\/","url_meta":{"origin":2154,"position":3},"title":"AMBER \/ AMBRE ALASKA GEM SUP","author":"eveapprill","date":"9 March 2025","format":false,"excerpt":"Amber - Ambre Indication\u00a0: manque de force et de flexibilit\u00e9, maladresse\u00a0; prudence excessive\u00a0; peur des blessures\u00a0; mauvaise image du corps, plus sp\u00e9cialement durant l\u2019adolescence ou en vieillissant.","rel":"","context":"Similar post","block_context":{"text":"Similar post","link":""},"img":{"alt_text":"","src":"https:\/\/i0.wp.com\/artstella-elixirs-floraux.com\/wp-content\/uploads\/2025\/03\/wp-image1397.png?resize=350%2C200&ssl=1","width":350,"height":200},"classes":[]},{"id":2288,"url":"https:\/\/artstella-elixirs-floraux.com\/en\/product\/soapberry-alaskan\/","url_meta":{"origin":2154,"position":4},"title":"Soapberry Alaskan","author":"eveapprill","date":"9 March 2025","format":false,"excerpt":"Soapberry. Sheperdia canadensis Crainte du pouvoir de la Nature, peur de son propre pouvoir, utilisation de son pouvoir de fa\u00e7on d\u00e9s\u00e9quilibr\u00e9e, inappropri\u00e9e et irresponsable.","rel":"","context":"Similar post","block_context":{"text":"Similar post","link":""},"img":{"alt_text":"","src":"https:\/\/i0.wp.com\/artstella-elixirs-floraux.com\/wp-content\/uploads\/2025\/03\/wp-image583.png?resize=350%2C200&ssl=1","width":350,"height":200},"classes":[]},{"id":2343,"url":"https:\/\/artstella-elixirs-floraux.com\/en\/product\/white-violet-alaskan\/","url_meta":{"origin":2154,"position":5},"title":"White violet Alaskan","author":"eveapprill","date":"9 March 2025","format":false,"excerpt":"White violet. Viola renifolia Claustrophobie ; peur de perdre son identit\u00e9 au sein d'un groupe ; incapacit\u00e9 \u00e0 exprimer sa sensibilit\u00e9 d'une mani\u00e8re ais\u00e9e.","rel":"","context":"Similar post","block_context":{"text":"Similar post","link":""},"img":{"alt_text":"","src":"https:\/\/i0.wp.com\/artstella-elixirs-floraux.com\/wp-content\/uploads\/2025\/03\/wp-image599.png?resize=350%2C200&ssl=1","width":350,"height":200},"classes":[]}],"_links":{"self":[{"href":"https:\/\/artstella-elixirs-floraux.com\/en\/wp-json\/wp\/v2\/product\/2154","targetHints":{"allow":["GET"]}}],"collection":[{"href":"https:\/\/artstella-elixirs-floraux.com\/en\/wp-json\/wp\/v2\/product"}],"about":[{"href":"https:\/\/artstella-elixirs-floraux.com\/en\/wp-json\/wp\/v2\/types\/product"}],"version-history":[{"count":0,"href":"https:\/\/artstella-elixirs-floraux.com\/en\/wp-json\/wp\/v2\/product\/2154\/revisions"}],"wp:featuredmedia":[{"embeddable":true,"href":"https:\/\/artstella-elixirs-floraux.com\/en\/wp-json\/wp\/v2\/media\/2155"}],"wp:attachment":[{"href":"https:\/\/artstella-elixirs-floraux.com\/en\/wp-json\/wp\/v2\/media?parent=2154"}],"wp:term":[{"taxonomy":"product_brand","embeddable":true,"href":"https:\/\/artstella-elixirs-floraux.com\/en\/wp-json\/wp\/v2\/product_brand?post=2154"},{"taxonomy":"product_cat","embeddable":true,"href":"https:\/\/artstella-elixirs-floraux.com\/en\/wp-json\/wp\/v2\/product_cat?post=2154"},{"taxonomy":"product_tag","embeddable":true,"href":"https:\/\/artstella-elixirs-floraux.com\/en\/wp-json\/wp\/v2\/product_tag?post=2154"}],"curies":[{"name":"wp","href":"https:\/\/api.w.org\/{rel}","templated":true}]}}