{"id":2158,"date":"2025-03-09T12:51:37","date_gmt":"2025-03-09T12:51:37","guid":{"rendered":"https:\/\/artstella-elixirs-floraux.com\/product\/golden-corydalis-alaskan\/"},"modified":"2025-04-14T11:46:14","modified_gmt":"2025-04-14T11:46:14","slug":"golden-corydalis-alaskan","status":"publish","type":"product","link":"https:\/\/artstella-elixirs-floraux.com\/en\/product\/golden-corydalis-alaskan\/","title":{"rendered":"GOLDEN CORYDALIS ALASKAN"},"content":{"rendered":"<p><strong>GOLDEN CORYDALIS<\/strong>. <em>Corydalis aurea<\/em><\/p>\n<p>N&rsquo;arrive pas \u00e0 travailler de mani\u00e8re centr\u00e9e avec l&rsquo;ensemble de son talent de son adresse, de ses connaissances; submerg\u00e9 par les nouvelles exp\u00e9riences; ne comprend pas l&rsquo;articulation de sa vie.<\/p>\n<p>Soutient la r\u00e9int\u00e9gration de l&rsquo;identit\u00e9 apr\u00e8s un processus de profonde transformation. Permet d&rsquo;\u00e9tablir et de maintenir un lien avec le moi sup\u00e9rieur qui facilite l&rsquo;int\u00e9gration des exp\u00e9riences de vie selon les besoins de notre \u00e2me.<\/p>","protected":false},"excerpt":{"rendered":"<p><strong>GOLDEN CORYDALIS<\/strong>. <em>Corydalis aurea<\/em><\/p>\n<p>N&rsquo;arrive pas \u00e0 travailler de mani\u00e8re centr\u00e9e avec l&rsquo;ensemble de son talent; submerg\u00e9 par\u00a0de nouvelles exp\u00e9riences; ne comprend pas l&rsquo;articulation de sa vie. Soutient la r\u00e9int\u00e9gration de l&rsquo;identit\u00e9 apr\u00e8s une profonde transformation. Permet d&rsquo;\u00e9tablir et de maintenir un lien avec le moi sup\u00e9rieur facilitant l&rsquo;int\u00e9gration des exp\u00e9riences de vie.<\/p>","protected":false},"featured_media":2159,"template":"","meta":[],"product_brand":[],"product_cat":[119],"product_tag":[],"class_list":{"0":"post-2158","1":"product","2":"type-product","3":"status-publish","4":"has-post-thumbnail","6":"product_cat-les-72-elixirs-floraux","8":"first","9":"instock","10":"taxable","11":"shipping-taxable","12":"purchasable","13":"product-type-variable"},"etheme_brands":{"errors":{"invalid_taxonomy":["Invalid taxonomy."]},"error_data":[]},"jetpack_sharing_enabled":true,"jetpack-related-posts":[{"id":2343,"url":"https:\/\/artstella-elixirs-floraux.com\/en\/product\/white-violet-alaskan\/","url_meta":{"origin":2158,"position":0},"title":"White violet Alaskan","author":"eveapprill","date":"9 March 2025","format":false,"excerpt":"White violet. Viola renifolia Claustrophobie ; peur de perdre son identit\u00e9 au sein d'un groupe ; incapacit\u00e9 \u00e0 exprimer sa sensibilit\u00e9 d'une mani\u00e8re ais\u00e9e.","rel":"","context":"Similar post","block_context":{"text":"Similar post","link":""},"img":{"alt_text":"","src":"https:\/\/i0.wp.com\/artstella-elixirs-floraux.com\/wp-content\/uploads\/2025\/03\/wp-image599.png?resize=350%2C200&ssl=1","width":350,"height":200},"classes":[]},{"id":2211,"url":"https:\/\/artstella-elixirs-floraux.com\/en\/product\/ladies-tresses-alaskan\/","url_meta":{"origin":2158,"position":1},"title":"Ladie\u2019s tresses.Alaskan","author":"eveapprill","date":"9 March 2025","format":false,"excerpt":"Ladie\u2019s tresses. Spiranthes romanzoffiana Manque de connexion entre les le\u00e7ons de notre vie et notre but. Reconnection difficile avec le corps \u00e0 la suite d'une blessure s\u00e9rieuse ou d'une exp\u00e9rience traumatisante","rel":"","context":"Similar post","block_context":{"text":"Similar post","link":""},"img":{"alt_text":"","src":"https:\/\/i0.wp.com\/artstella-elixirs-floraux.com\/wp-content\/uploads\/2025\/03\/wp-image562.png?resize=350%2C200&ssl=1","width":350,"height":200},"classes":[]},{"id":2070,"url":"https:\/\/artstella-elixirs-floraux.com\/en\/product\/alder\/","url_meta":{"origin":2158,"position":2},"title":"Alder 7.5 ML","author":"eveapprill","date":"9 March 2025","format":false,"excerpt":"Aulne, Alnus crispa, Aulne Pour ceux qui\u00a0 ont des difficult\u00e9s \u00e0 voir le sens profond des le\u00e7ons de la vie, qui n'envisagent la vie que superficielement . Favorise la Clart\u00e9 de perception \u00e0 tous les niveau, permet de reconnaitre la v\u00e9rit\u00e9 sup\u00e9rieure dans chaque exp\u00e9rience de vie","rel":"","context":"Similar post","block_context":{"text":"Similar post","link":""},"img":{"alt_text":"","src":"https:\/\/i0.wp.com\/artstella-elixirs-floraux.com\/wp-content\/uploads\/2025\/03\/wp-image37-e1749400586511-1.webp?resize=350%2C200&ssl=1","width":350,"height":200},"classes":[]},{"id":4101,"url":"https:\/\/artstella-elixirs-floraux.com\/en\/product\/serpiente-serpent-transmutation-15ml\/","url_meta":{"origin":2158,"position":3},"title":"SERPIENTE \/ SERPENT Transmutation 15ML","author":"eveapprill","date":"9 March 2025","format":false,"excerpt":"SERPIENTE \/ SERPENT Transmutation \u2013 Force de Vie \u2013 R\u00e9g\u00e9n\u00e9ration. Le Serpent accompagne les mues r\u00e9guli\u00e8res n\u00e9cessaires, mais aussi les grandes transformations qui impliquent de laisser le \u00ab\u00a0vieux\u00a0\u00bb pour acc\u00e9der au \u00ab\u00a0nouveau\u00a0\u00bb.","rel":"","context":"Similar post","block_context":{"text":"Similar post","link":""},"img":{"alt_text":"","src":"","width":0,"height":0},"classes":[]},{"id":4112,"url":"https:\/\/artstella-elixirs-floraux.com\/en\/product\/grenouille-rana-el-cham-15ml\/","url_meta":{"origin":2158,"position":4},"title":"GRENOUILLE\/ RANA EL CHAM 15ML","author":"eveapprill","date":"9 March 2025","format":false,"excerpt":"RANA \/ GRENOUILLE Gu\u00e9rison \u00e9motionnelle \u2013 Force pour affronter les changements. Renouveau. Aide \u00e0 comprendre sainement les besoins des autres. Permet de canaliser le flux cr\u00e9atif pour l\u2019exprimer notamment \u00e0 travers l\u2019art.","rel":"","context":"Similar post","block_context":{"text":"Similar post","link":""},"img":{"alt_text":"","src":"","width":0,"height":0},"classes":[]},{"id":2082,"url":"https:\/\/artstella-elixirs-floraux.com\/en\/product\/black-spruce-alaskan\/","url_meta":{"origin":2158,"position":5},"title":"Black Spruce Alaskan","author":"eveapprill","date":"9 March 2025","format":false,"excerpt":"BLACK SPRUCE ALASKA Conceptions \u00e9troites de la vie ; tendance \u00e0 oublier les le\u00e7ons des exp\u00e9riences pass\u00e9es. Permet une int\u00e9gration de l'information cl\u00e9s mais le son y exp\u00e9rience du pass\u00e9. Pour acc\u00e9der \u00e0 la sagesse \u00e9ternelle et arch\u00e9type de la conscience collective de la terre.","rel":"","context":"Similar post","block_context":{"text":"Similar post","link":""},"img":{"alt_text":"","src":"https:\/\/i0.wp.com\/artstella-elixirs-floraux.com\/wp-content\/uploads\/2025\/03\/wp-image40-1.webp?resize=350%2C200&ssl=1","width":350,"height":200},"classes":[]}],"_links":{"self":[{"href":"https:\/\/artstella-elixirs-floraux.com\/en\/wp-json\/wp\/v2\/product\/2158","targetHints":{"allow":["GET"]}}],"collection":[{"href":"https:\/\/artstella-elixirs-floraux.com\/en\/wp-json\/wp\/v2\/product"}],"about":[{"href":"https:\/\/artstella-elixirs-floraux.com\/en\/wp-json\/wp\/v2\/types\/product"}],"version-history":[{"count":0,"href":"https:\/\/artstella-elixirs-floraux.com\/en\/wp-json\/wp\/v2\/product\/2158\/revisions"}],"wp:featuredmedia":[{"embeddable":true,"href":"https:\/\/artstella-elixirs-floraux.com\/en\/wp-json\/wp\/v2\/media\/2159"}],"wp:attachment":[{"href":"https:\/\/artstella-elixirs-floraux.com\/en\/wp-json\/wp\/v2\/media?parent=2158"}],"wp:term":[{"taxonomy":"product_brand","embeddable":true,"href":"https:\/\/artstella-elixirs-floraux.com\/en\/wp-json\/wp\/v2\/product_brand?post=2158"},{"taxonomy":"product_cat","embeddable":true,"href":"https:\/\/artstella-elixirs-floraux.com\/en\/wp-json\/wp\/v2\/product_cat?post=2158"},{"taxonomy":"product_tag","embeddable":true,"href":"https:\/\/artstella-elixirs-floraux.com\/en\/wp-json\/wp\/v2\/product_tag?post=2158"}],"curies":[{"name":"wp","href":"https:\/\/api.w.org\/{rel}","templated":true}]}}