{"id":2162,"date":"2025-03-09T12:51:40","date_gmt":"2025-03-09T12:51:40","guid":{"rendered":"https:\/\/artstella-elixirs-floraux.com\/product\/grass-of-parnassus-alaskan\/"},"modified":"2025-04-14T11:44:36","modified_gmt":"2025-04-14T11:44:36","slug":"grass-of-parnassus-alaskan","status":"publish","type":"product","link":"https:\/\/artstella-elixirs-floraux.com\/en\/product\/grass-of-parnassus-alaskan\/","title":{"rendered":"GRASS OF PARNASSUS ALASKAN"},"content":{"rendered":"<p><strong><em>Grass of Parnassus. Parnassia palustris<\/em><\/strong><\/p>\n<p>Difficult\u00e9 \u00e0 maintenir l&rsquo;int\u00e9grit\u00e9 de son champ d&rsquo;\u00e9nergie dans des environnements toxiques ou surpeupl\u00e9s, besoin des corps subtils d&rsquo;\u00eatre nettoy\u00e9s et r\u00e9 \u00e9nerg\u00e9tis\u00e9s. Nettoie tous les niveaux du syst\u00e8me \u00e9nerg\u00e9tique avec les vertus purifiantes et nourrici\u00e8res de la Lumi\u00e8re. Pour arriver \u00e0 l&rsquo;accomplissement des exp\u00e9riences pass\u00e9es sur tous les niveaux.<\/p>","protected":false},"excerpt":{"rendered":"<p><span style=\"color: #008000;\"><strong><em>Grass of Parnassus. Parnassia palustris<\/em><\/strong><\/span><\/p>\n<p>Difficult\u00e9 \u00e0 maintenir l&rsquo;int\u00e9grit\u00e9 de son champ d&rsquo;\u00e9nergie dans des environnements toxiques ou surpeupl\u00e9s, besoin des corps subtils d&rsquo;\u00eatre nettoy\u00e9s et r\u00e9 \u00e9nerg\u00e9tis\u00e9s.<\/p>","protected":false},"featured_media":2163,"template":"","meta":[],"product_brand":[],"product_cat":[119],"product_tag":[],"class_list":{"0":"post-2162","1":"product","2":"type-product","3":"status-publish","4":"has-post-thumbnail","6":"product_cat-les-72-elixirs-floraux","8":"first","9":"instock","10":"taxable","11":"shipping-taxable","12":"purchasable","13":"product-type-variable"},"etheme_brands":{"errors":{"invalid_taxonomy":["Invalid taxonomy."]},"error_data":[]},"jetpack_sharing_enabled":true,"jetpack-related-posts":[{"id":2699,"url":"https:\/\/artstella-elixirs-floraux.com\/en\/product\/lighten-up-alaska\/","url_meta":{"origin":2162,"position":0},"title":"LIGHTEN UP ALASKA","author":"eveapprill","date":"9 March 2025","format":false,"excerpt":"Lighten up (Allumer la lumi\u00e8re) existe en gouttes et en\u00a0 spray. Contient : Carnelian . Grass of Parnassus . Orange Calcite . Solstice Sun. Pour ceux qui \u00e9prouvent une carence en lumi\u00e8re naturelle (pays du nord, appartement mal \u00e9clair\u00e9) ou parce que leur syst\u00e8me \u00e9nerg\u00e9tique est bloqu\u00e9.","rel":"","context":"Similar post","block_context":{"text":"Similar post","link":""},"img":{"alt_text":"","src":"https:\/\/i0.wp.com\/artstella-elixirs-floraux.com\/wp-content\/uploads\/2025\/03\/2edc7c31-74b3-4ee1-b54d-b234c5659ced.jpg?resize=350%2C200&ssl=1","width":350,"height":200,"srcset":"https:\/\/i0.wp.com\/artstella-elixirs-floraux.com\/wp-content\/uploads\/2025\/03\/2edc7c31-74b3-4ee1-b54d-b234c5659ced.jpg?resize=350%2C200&ssl=1 1x, https:\/\/i0.wp.com\/artstella-elixirs-floraux.com\/wp-content\/uploads\/2025\/03\/2edc7c31-74b3-4ee1-b54d-b234c5659ced.jpg?resize=525%2C300&ssl=1 1.5x, https:\/\/i0.wp.com\/artstella-elixirs-floraux.com\/wp-content\/uploads\/2025\/03\/2edc7c31-74b3-4ee1-b54d-b234c5659ced.jpg?resize=700%2C400&ssl=1 2x"},"classes":[]},{"id":11324,"url":"https:\/\/artstella-elixirs-floraux.com\/en\/product\/lighten-up-lumiere-energie-spray\/","url_meta":{"origin":2162,"position":1},"title":"Lighten Up (Lumi\u00e8re\/Energie) &#8211; Spray","author":"eveapprill","date":"31 August 2025","format":false,"excerpt":"Lighten Up est un complexe destin\u00e9 \u00e0 amplifier notre capacit\u00e9 \u00e0 incarner la lumi\u00e8re. Il a un effet fortifiant, \u00e9nergisant, inspirateur, nourricier et all\u00e9geant. Il a \u00e9t\u00e9 cr\u00e9\u00e9 sp\u00e9cifiquement pour ceux qui souffrent du manque de lumi\u00e8re, soit en raison de leur situation g\u00e9ographique (latitudes extr\u00eame nord ou sud), de\u2026","rel":"","context":"Similar post","block_context":{"text":"Similar post","link":""},"img":{"alt_text":"","src":"https:\/\/i0.wp.com\/artstella-elixirs-floraux.com\/wp-content\/uploads\/2025\/08\/lighten-up.jpg?resize=350%2C200&ssl=1","width":350,"height":200},"classes":[]},{"id":5108,"url":"https:\/\/artstella-elixirs-floraux.com\/en\/product\/tourmalated-quartz-30-ml-gem-sup\/","url_meta":{"origin":2162,"position":2},"title":"TOURMALATED QUARTZ 30 ML GEM SUP","author":"eveapprill","date":"9 April 2025","format":false,"excerpt":"Tourmalated Quartz \u2013 Quartz tourmaline Indications\u00a0: flux d\u2019\u00e9nergie congestionn\u00e9 ou d\u00e9s\u00e9quilibr\u00e9 entre les chakras et les corps subtils\u00a0; \u00e9nergie toxique dans l\u2019aura\u00a0; manque de circulation dans les chakras inf\u00e9rieurs d\u2019\u00e9nergies spirituelles","rel":"","context":"Similar post","block_context":{"text":"Similar post","link":""},"img":{"alt_text":"","src":"https:\/\/i0.wp.com\/artstella-elixirs-floraux.com\/wp-content\/uploads\/2025\/03\/wp-image1420.png?resize=350%2C200&ssl=1","width":350,"height":200},"classes":[]},{"id":3687,"url":"https:\/\/artstella-elixirs-floraux.com\/en\/product\/70-voice-of-courage-ltoe-15ml\/","url_meta":{"origin":2162,"position":3},"title":"70. VOICE OF COURAGE LTOE 15ML","author":"eveapprill","date":"9 March 2025","format":false,"excerpt":"Voice of Courage \/ la Voix du courage Un \u00e9lixir tr\u00e8s important pour gu\u00e9rir les niveaux profonds du 3\u00e8me chakra, de m\u00eame qu\u2019il \u00e9nerg\u00e9tise le chakra de la gorge. Donne force et courage et permet de renouveler notre engagement par rapport aux buts de notre \u00e2me dans cette vie","rel":"","context":"Similar post","block_context":{"text":"Similar post","link":""},"img":{"alt_text":"","src":"https:\/\/i0.wp.com\/artstella-elixirs-floraux.com\/wp-content\/uploads\/2025\/03\/29909093-978a-4b79-857b-1fffc2be6331.jpg?resize=350%2C200&ssl=1","width":350,"height":200,"srcset":"https:\/\/i0.wp.com\/artstella-elixirs-floraux.com\/wp-content\/uploads\/2025\/03\/29909093-978a-4b79-857b-1fffc2be6331.jpg?resize=350%2C200&ssl=1 1x, https:\/\/i0.wp.com\/artstella-elixirs-floraux.com\/wp-content\/uploads\/2025\/03\/29909093-978a-4b79-857b-1fffc2be6331.jpg?resize=525%2C300&ssl=1 1.5x, https:\/\/i0.wp.com\/artstella-elixirs-floraux.com\/wp-content\/uploads\/2025\/03\/29909093-978a-4b79-857b-1fffc2be6331.jpg?resize=700%2C400&ssl=1 2x"},"classes":[]},{"id":2359,"url":"https:\/\/artstella-elixirs-floraux.com\/en\/product\/yarrow-alaskan\/","url_meta":{"origin":2162,"position":4},"title":"Yarrow Alaskan","author":"eveapprill","date":"9 March 2025","format":false,"excerpt":"Yarrow. Achillea borealis. Achill\u00e9e Hypersensibilit\u00e9 \u00e0 l'environnement ; recherche la protection \u00e0 l'ext\u00e9rieur, int\u00e9grit\u00e9 de l'aura atteinte par un accident ou un traumatisme pass\u00e9 ou pr\u00e9sent.","rel":"","context":"Similar post","block_context":{"text":"Similar post","link":""},"img":{"alt_text":"","src":"https:\/\/i0.wp.com\/artstella-elixirs-floraux.com\/wp-content\/uploads\/2025\/03\/wp-image603.png?resize=350%2C200&ssl=1","width":350,"height":200},"classes":[]},{"id":4574,"url":"https:\/\/artstella-elixirs-floraux.com\/en\/product\/purification-alaska\/","url_meta":{"origin":2162,"position":5},"title":"PURIFICATION SPRAY ALASKA","author":"eveapprill","date":"9 March 2025","format":false,"excerpt":"Purification Existe en gouttes et en spray. Contient : Black Tourmaline Firerweed . Portage Glacier.\u00a0 Sweetgrass .Permet de nettoyer et purifier votre maison, l\u2019environnement de votre travail, ou votre champ \u00e9nerg\u00e9tique.","rel":"","context":"Similar post","block_context":{"text":"Similar post","link":""},"img":{"alt_text":"","src":"https:\/\/i0.wp.com\/artstella-elixirs-floraux.com\/wp-content\/uploads\/2025\/03\/purification-pt-1.jpg?resize=350%2C200&ssl=1","width":350,"height":200},"classes":[]}],"_links":{"self":[{"href":"https:\/\/artstella-elixirs-floraux.com\/en\/wp-json\/wp\/v2\/product\/2162","targetHints":{"allow":["GET"]}}],"collection":[{"href":"https:\/\/artstella-elixirs-floraux.com\/en\/wp-json\/wp\/v2\/product"}],"about":[{"href":"https:\/\/artstella-elixirs-floraux.com\/en\/wp-json\/wp\/v2\/types\/product"}],"version-history":[{"count":0,"href":"https:\/\/artstella-elixirs-floraux.com\/en\/wp-json\/wp\/v2\/product\/2162\/revisions"}],"wp:featuredmedia":[{"embeddable":true,"href":"https:\/\/artstella-elixirs-floraux.com\/en\/wp-json\/wp\/v2\/media\/2163"}],"wp:attachment":[{"href":"https:\/\/artstella-elixirs-floraux.com\/en\/wp-json\/wp\/v2\/media?parent=2162"}],"wp:term":[{"taxonomy":"product_brand","embeddable":true,"href":"https:\/\/artstella-elixirs-floraux.com\/en\/wp-json\/wp\/v2\/product_brand?post=2162"},{"taxonomy":"product_cat","embeddable":true,"href":"https:\/\/artstella-elixirs-floraux.com\/en\/wp-json\/wp\/v2\/product_cat?post=2162"},{"taxonomy":"product_tag","embeddable":true,"href":"https:\/\/artstella-elixirs-floraux.com\/en\/wp-json\/wp\/v2\/product_tag?post=2162"}],"curies":[{"name":"wp","href":"https:\/\/api.w.org\/{rel}","templated":true}]}}