{"id":2174,"date":"2025-03-09T12:52:04","date_gmt":"2025-03-09T12:52:04","guid":{"rendered":"https:\/\/artstella-elixirs-floraux.com\/product\/green-fairy-orchid-alaskan\/"},"modified":"2025-04-14T11:36:42","modified_gmt":"2025-04-14T11:36:42","slug":"green-fairy-orchid-alaskan","status":"publish","type":"product","link":"https:\/\/artstella-elixirs-floraux.com\/en\/product\/green-fairy-orchid-alaskan\/","title":{"rendered":"Green fairy orchid Alaskan"},"content":{"rendered":"<p><span style=\"color: #008000\"><strong><em>Green fairy orchid. Hammarbya paludosa<\/em><\/strong><\/span><\/p>\n<p>D\u00e9s\u00e9quilibre de base entre les aspects masculins et f\u00e9minins du moi ; difficult\u00e9 \u00e0 r\u00e9soudre les conflits internes ; maintient la s\u00e9paration par la d\u00e9fensive. Nous aide \u00e0 percevoir notre c\u0153ur avec sinc\u00e9rit\u00e9, sans rien de cach\u00e9, ouvre le c\u0153ur de mani\u00e8re \u00e0 exp\u00e9rimenter la pl\u00e9nitude de l&rsquo;homme et de la femme int\u00e9rieurs.<\/p>","protected":false},"excerpt":{"rendered":"<p><span style=\"color: #008000\"><strong><em>Green fairy orchid. Hammarbya paludosa<\/em><\/strong><\/span><\/p>\n<p>D\u00e9s\u00e9quilibre de base entre les aspects masculins et f\u00e9minins du moi ; difficult\u00e9 \u00e0 r\u00e9soudre les conflits internes ; maintient la s\u00e9paration par la d\u00e9fensive.<\/p>","protected":false},"featured_media":2175,"template":"","meta":[],"product_brand":[],"product_cat":[119],"product_tag":[],"class_list":{"0":"post-2174","1":"product","2":"type-product","3":"status-publish","4":"has-post-thumbnail","6":"product_cat-les-72-elixirs-floraux","8":"first","9":"instock","10":"taxable","11":"shipping-taxable","12":"purchasable","13":"product-type-variable"},"etheme_brands":{"errors":{"invalid_taxonomy":["Invalid taxonomy."]},"error_data":[]},"jetpack_sharing_enabled":true,"jetpack-related-posts":[{"id":2170,"url":"https:\/\/artstella-elixirs-floraux.com\/en\/product\/green-bog-orchid-alaskan\/","url_meta":{"origin":2174,"position":0},"title":"Green bog orchid Alaskan","author":"eveapprill","date":"9 March 2025","format":false,"excerpt":"Green bog orchid. Platanthera obtusata Sensibilit\u00e9 bloqu\u00e9e par des exp\u00e9riences douloureuses ou effrayantes contenues au niveau du c\u0153ur. GREEN BOG ORCHID ALASKA 7.5 ML","rel":"","context":"Similar post","block_context":{"text":"Similar post","link":""},"img":{"alt_text":"","src":"https:\/\/i0.wp.com\/artstella-elixirs-floraux.com\/wp-content\/uploads\/2025\/03\/wp-image538.png?resize=350%2C200&ssl=1","width":350,"height":200},"classes":[]},{"id":2284,"url":"https:\/\/artstella-elixirs-floraux.com\/en\/product\/sitka-spruce-pollen-alaskan\/","url_meta":{"origin":2174,"position":1},"title":"Sitka spruce pollen Alaskan","author":"eveapprill","date":"9 March 2025","format":false,"excerpt":"Sitka spruce pollen. Picea sitchensis Manque d'humilit\u00e9 dans son rapport \u00e0 la terre ; d\u00e9s\u00e9quilibre entre les expressions masculine et f\u00e9minine du pouvoir","rel":"","context":"Similar post","block_context":{"text":"Similar post","link":""},"img":{"alt_text":"","src":"https:\/\/i0.wp.com\/artstella-elixirs-floraux.com\/wp-content\/uploads\/2025\/03\/wp-image582.png?resize=350%2C200&ssl=1","width":350,"height":200},"classes":[]},{"id":4921,"url":"https:\/\/artstella-elixirs-floraux.com\/en\/product\/fairy-slipper-alaskan-f-sup\/","url_meta":{"origin":2174,"position":2},"title":"FAIRY SLIPPER ALASKAN F SUP","author":"eveapprill","date":"9 March 2025","format":false,"excerpt":"Fairy Slipper \u00a0Calypso bulbeuse Aide \u00e0 incarner notre pouvoir et notre beaut\u00e9 ; soutien afin de donner une direction claire \u00e0 notre individualit\u00e9 ; aide \u00e0 manifester notre sagesse par notre corps physique ; renforce le principe masculin tant chez l\u2019homme que chez la femme ; facilite une communication claire\u2026","rel":"","context":"Similar post","block_context":{"text":"Similar post","link":""},"img":{"alt_text":"","src":"https:\/\/i0.wp.com\/artstella-elixirs-floraux.com\/wp-content\/uploads\/2025\/03\/wp-image1386.png?resize=350%2C200&ssl=1","width":350,"height":200},"classes":[]},{"id":4958,"url":"https:\/\/artstella-elixirs-floraux.com\/en\/product\/northern-green-orchid-alaskan-fs\/","url_meta":{"origin":2174,"position":3},"title":"Northern Green Orchid ALASKAN FS","author":"eveapprill","date":"9 March 2025","format":false,"excerpt":"Pale Corydalis Corydalis sempervirens Pour d\u00e9velopper un sens plus fort de qui l\u2019on est dans nos relations ; aligne et int\u00e8gre le dessein personnel et Divin avec les forces du c\u0153ur ; att\u00e9nue des sch\u00e9mas de d\u00e9pendance affective et d\u2019amour conditionnel ; \u00e0 concevoir nos relations comme autant de catalyseurs\u2026","rel":"","context":"Similar post","block_context":{"text":"Similar post","link":""},"img":{"alt_text":"","src":"","width":0,"height":0},"classes":[]},{"id":4416,"url":"https:\/\/artstella-elixirs-floraux.com\/en\/product\/green-spider-orchid-15-ml-bush\/","url_meta":{"origin":2174,"position":4},"title":"GREEN SPIDER ORCHID 15 ML BUSH","author":"eveapprill","date":"9 March 2025","format":false,"excerpt":"Green Spider orchid Cauchemars et phobies dus aux vies ant\u00e9rieures, ne pas supporter la vie du sang. Apprendre \u00e0 ne pas divulguer certaines informations, communication t\u00e9l\u00e9pathique, \u00eatre en harmonie.","rel":"","context":"Similar post","block_context":{"text":"Similar post","link":""},"img":{"alt_text":"","src":"https:\/\/i0.wp.com\/artstella-elixirs-floraux.com\/wp-content\/uploads\/2025\/03\/wp-image1029.png?resize=350%2C200&ssl=1","width":350,"height":200},"classes":[]},{"id":5698,"url":"https:\/\/artstella-elixirs-floraux.com\/en\/product\/grenadier-10-ml-deva\/","url_meta":{"origin":2174,"position":5},"title":"Grenadier 15 ml DEVA","author":"eveapprill","date":"9 March 2025","format":false,"excerpt":"Grenadier Cr\u00e9ativit\u00e9 f\u00e9minine. Aide les femmes \u00e0 r\u00e9soudre les conflits dont la source est un d\u00e9s\u00e9quilibre entre carri\u00e8re professionnelle et vie familiale. Elixir conseill\u00e9 aux femmes qui rejettent leur f\u00e9minit\u00e9.","rel":"","context":"Similar post","block_context":{"text":"Similar post","link":""},"img":{"alt_text":"","src":"https:\/\/i0.wp.com\/artstella-elixirs-floraux.com\/wp-content\/uploads\/2025\/03\/wp-image2406.png?resize=350%2C200&ssl=1","width":350,"height":200},"classes":[]}],"_links":{"self":[{"href":"https:\/\/artstella-elixirs-floraux.com\/en\/wp-json\/wp\/v2\/product\/2174","targetHints":{"allow":["GET"]}}],"collection":[{"href":"https:\/\/artstella-elixirs-floraux.com\/en\/wp-json\/wp\/v2\/product"}],"about":[{"href":"https:\/\/artstella-elixirs-floraux.com\/en\/wp-json\/wp\/v2\/types\/product"}],"version-history":[{"count":0,"href":"https:\/\/artstella-elixirs-floraux.com\/en\/wp-json\/wp\/v2\/product\/2174\/revisions"}],"wp:featuredmedia":[{"embeddable":true,"href":"https:\/\/artstella-elixirs-floraux.com\/en\/wp-json\/wp\/v2\/media\/2175"}],"wp:attachment":[{"href":"https:\/\/artstella-elixirs-floraux.com\/en\/wp-json\/wp\/v2\/media?parent=2174"}],"wp:term":[{"taxonomy":"product_brand","embeddable":true,"href":"https:\/\/artstella-elixirs-floraux.com\/en\/wp-json\/wp\/v2\/product_brand?post=2174"},{"taxonomy":"product_cat","embeddable":true,"href":"https:\/\/artstella-elixirs-floraux.com\/en\/wp-json\/wp\/v2\/product_cat?post=2174"},{"taxonomy":"product_tag","embeddable":true,"href":"https:\/\/artstella-elixirs-floraux.com\/en\/wp-json\/wp\/v2\/product_tag?post=2174"}],"curies":[{"name":"wp","href":"https:\/\/api.w.org\/{rel}","templated":true}]}}