{"id":2182,"date":"2025-03-09T12:52:12","date_gmt":"2025-03-09T12:52:12","guid":{"rendered":"https:\/\/artstella-elixirs-floraux.com\/product\/hairy-buttertwort-alaskan\/"},"modified":"2025-04-14T11:33:12","modified_gmt":"2025-04-14T11:33:12","slug":"hairy-buttertwort-alaskan","status":"publish","type":"product","link":"https:\/\/artstella-elixirs-floraux.com\/en\/product\/hairy-buttertwort-alaskan\/","title":{"rendered":"Hairy buttertwort Alaskan"},"content":{"rendered":"<p><span style=\"color: #008000;\"><strong><em>Hairy buttertwort. Pinguicula villosa<\/em><\/strong><\/span><\/p>\n<p>Incapacit\u00e9 \u00e0 reconna\u00eetre ou \u00e0 faire confiance \u00e0 la guidance int\u00e9rieure, plus sp\u00e9cialement dans les moments de d\u00e9fi ou de le\u00e7ons de vie ; manque de conscience du probl\u00e8me cl\u00e9 qui permet de r\u00e9soudre une situation. Nous aide \u00e0 acc\u00e9der consciemment \u00e0 la guidance et au soutien dont nous avons besoin pour traverser une phase de transition ou un conflit, avec facilit\u00e9 gr\u00e2ce \u00e0 une compr\u00e9hension plus profonde et sans engendrer de crise ou de maladie<\/p>","protected":false},"excerpt":{"rendered":"<p><span style=\"color: #008000;\"><strong><em>Hairy buttertwort. Pinguicula villosa<\/em><\/strong><\/span><\/p>\n<p>Incapacit\u00e9 \u00e0 reconna\u00eetre ou \u00e0 faire confiance \u00e0 la guidance int\u00e9rieure, plus sp\u00e9cialement dans les moments de d\u00e9fi ou de le\u00e7ons de vie ; manque de conscience du probl\u00e8me cl\u00e9 qui permet de r\u00e9soudre une situation.<\/p>","protected":false},"featured_media":2183,"template":"","meta":[],"product_brand":[],"product_cat":[119],"product_tag":[],"class_list":{"0":"post-2182","1":"product","2":"type-product","3":"status-publish","4":"has-post-thumbnail","6":"product_cat-les-72-elixirs-floraux","8":"first","9":"instock","10":"taxable","11":"shipping-taxable","12":"purchasable","13":"product-type-variable"},"etheme_brands":{"errors":{"invalid_taxonomy":["Invalid taxonomy."]},"error_data":[]},"jetpack_sharing_enabled":true,"jetpack-related-posts":[{"id":2260,"url":"https:\/\/artstella-elixirs-floraux.com\/en\/product\/prickly-wild-rose-alaskan\/","url_meta":{"origin":2182,"position":0},"title":"Prickly wild rose Alaskan","author":"eveapprill","date":"9 March 2025","format":false,"excerpt":"Prickly wild rose. Rosa acicularis Manque de confiance et de foi ; se sent sans espoir ; apathique et sans int\u00e9r\u00eat. Incapacit\u00e9 \u00e0 garder le c\u0153ur ouvert dans les situations hostiles.","rel":"","context":"Similar post","block_context":{"text":"Similar post","link":""},"img":{"alt_text":"","src":"https:\/\/i0.wp.com\/artstella-elixirs-floraux.com\/wp-content\/uploads\/2025\/03\/wp-image576.png?resize=350%2C200&ssl=1","width":350,"height":200},"classes":[]},{"id":2272,"url":"https:\/\/artstella-elixirs-floraux.com\/en\/product\/shooting-star-alaskan\/","url_meta":{"origin":2182,"position":1},"title":"Shooting star Alaskan","author":"eveapprill","date":"9 March 2025","format":false,"excerpt":"Shooting star. Dodecatheon frigidum Sentiment de ne pas appartenir \u00e0 la terre ; nostalgie d'un pays inconnu ; incapacit\u00e9 \u00e0 comprendre sa raison d'\u00eatre ici.","rel":"","context":"Similar post","block_context":{"text":"Similar post","link":""},"img":{"alt_text":"","src":"https:\/\/i0.wp.com\/artstella-elixirs-floraux.com\/wp-content\/uploads\/2025\/03\/wp-image579.png?resize=350%2C200&ssl=1","width":350,"height":200},"classes":[]},{"id":5420,"url":"https:\/\/artstella-elixirs-floraux.com\/en\/product\/angelique-engelwortel-10ml\/","url_meta":{"origin":2182,"position":2},"title":"Ang\u00e9lique ENGELWORTEL 10ML","author":"eveapprill","date":"9 March 2025","format":false,"excerpt":"Angelica archangelica(Ang\u00e9lique)\u00a0Engelwortel Apporte la protection des royaumes spirituels et l\u2019aide des forces b\u00e9n\u00e9fiques d\u2019en haut, la protection des \u201canges\u201d, et notamment dans des situations o\u00f9 l\u2019on traverse la s\u00e9paration avec \u00ab\u00a0l\u2019autre c\u00f4t\u00e9\u00a0\u00bb","rel":"","context":"Similar post","block_context":{"text":"Similar post","link":""},"img":{"alt_text":"","src":"","width":0,"height":0},"classes":[]},{"id":2621,"url":"https:\/\/artstella-elixirs-floraux.com\/en\/product\/autumn-leaves-bush-15ml\/","url_meta":{"origin":2182,"position":3},"title":"AUTUMN LEAVES BUSH 15ML","author":"eveapprill","date":"9 March 2025","format":false,"excerpt":"AUTUMN LEAVES permet d'entendre, voir et ressentir la communication de l'autre c\u00f4t\u00e9 du miroir et ainsi d'\u00eatre ouvert(e) \u00e0 cette guidance et \u00e0 cette communication. Il accentue d'avantage la notion de l\u00e2cher prise et d'approfondissement. Les feuilles elles-m\u00eames furent cueillies dans une r\u00e9gion sacr\u00e9e en Automne, au moment pr\u00e9cis de\u2026","rel":"","context":"Similar post","block_context":{"text":"Similar post","link":""},"img":{"alt_text":"","src":"https:\/\/i0.wp.com\/artstella-elixirs-floraux.com\/wp-content\/uploads\/2025\/03\/wp-image261.png?resize=350%2C200&ssl=1","width":350,"height":200},"classes":[]},{"id":4103,"url":"https:\/\/artstella-elixirs-floraux.com\/en\/product\/colibri-picaflor-el-chamaniques-15ml\/","url_meta":{"origin":2182,"position":4},"title":"COLIBRI \/ PICAFLOR EL CHAMANIQUES 15ML","author":"eveapprill","date":"9 March 2025","format":false,"excerpt":"PICAFLOR \/ COLIBRI\u00a0 Joie \u2013 Force de Vie. Enseigne \u00e0 traverser la vie de fa\u00e7on plus l\u00e9g\u00e8re surtout lorsque nous sommes surcharg\u00e9s par trop de pr\u00e9occupations et de probl\u00e8mes.","rel":"","context":"Similar post","block_context":{"text":"Similar post","link":""},"img":{"alt_text":"","src":"","width":0,"height":0},"classes":[]},{"id":3644,"url":"https:\/\/artstella-elixirs-floraux.com\/en\/product\/47-redemption-dream-lto-15-ml\/","url_meta":{"origin":2182,"position":5},"title":"47. REDEMPTION DREAM LTO 15 ML","author":"eveapprill","date":"9 March 2025","format":false,"excerpt":"Redemption dream \/ R\u00eave de r\u00e9demption : Nous aide \u00e0 entrer en contact avec des couches profondes de culpabilit\u00e9 ou de honte, permettant \u00e0 la conscience de les r\u00e9soudre, consciemment ou inconsciemment.","rel":"","context":"Similar post","block_context":{"text":"Similar post","link":""},"img":{"alt_text":"","src":"https:\/\/i0.wp.com\/artstella-elixirs-floraux.com\/wp-content\/uploads\/2025\/03\/c06df7e9-ffe1-4f58-a720-122549177628.jpg?resize=350%2C200&ssl=1","width":350,"height":200,"srcset":"https:\/\/i0.wp.com\/artstella-elixirs-floraux.com\/wp-content\/uploads\/2025\/03\/c06df7e9-ffe1-4f58-a720-122549177628.jpg?resize=350%2C200&ssl=1 1x, https:\/\/i0.wp.com\/artstella-elixirs-floraux.com\/wp-content\/uploads\/2025\/03\/c06df7e9-ffe1-4f58-a720-122549177628.jpg?resize=525%2C300&ssl=1 1.5x, https:\/\/i0.wp.com\/artstella-elixirs-floraux.com\/wp-content\/uploads\/2025\/03\/c06df7e9-ffe1-4f58-a720-122549177628.jpg?resize=700%2C400&ssl=1 2x"},"classes":[]}],"_links":{"self":[{"href":"https:\/\/artstella-elixirs-floraux.com\/en\/wp-json\/wp\/v2\/product\/2182","targetHints":{"allow":["GET"]}}],"collection":[{"href":"https:\/\/artstella-elixirs-floraux.com\/en\/wp-json\/wp\/v2\/product"}],"about":[{"href":"https:\/\/artstella-elixirs-floraux.com\/en\/wp-json\/wp\/v2\/types\/product"}],"version-history":[{"count":0,"href":"https:\/\/artstella-elixirs-floraux.com\/en\/wp-json\/wp\/v2\/product\/2182\/revisions"}],"wp:featuredmedia":[{"embeddable":true,"href":"https:\/\/artstella-elixirs-floraux.com\/en\/wp-json\/wp\/v2\/media\/2183"}],"wp:attachment":[{"href":"https:\/\/artstella-elixirs-floraux.com\/en\/wp-json\/wp\/v2\/media?parent=2182"}],"wp:term":[{"taxonomy":"product_brand","embeddable":true,"href":"https:\/\/artstella-elixirs-floraux.com\/en\/wp-json\/wp\/v2\/product_brand?post=2182"},{"taxonomy":"product_cat","embeddable":true,"href":"https:\/\/artstella-elixirs-floraux.com\/en\/wp-json\/wp\/v2\/product_cat?post=2182"},{"taxonomy":"product_tag","embeddable":true,"href":"https:\/\/artstella-elixirs-floraux.com\/en\/wp-json\/wp\/v2\/product_tag?post=2182"}],"curies":[{"name":"wp","href":"https:\/\/api.w.org\/{rel}","templated":true}]}}