{"id":2194,"date":"2025-03-09T12:52:23","date_gmt":"2025-03-09T12:52:23","guid":{"rendered":"https:\/\/artstella-elixirs-floraux.com\/product\/icelandic-poppy-alaskan\/"},"modified":"2025-04-14T11:28:05","modified_gmt":"2025-04-14T11:28:05","slug":"icelandic-poppy-alaskan","status":"publish","type":"product","link":"https:\/\/artstella-elixirs-floraux.com\/en\/product\/icelandic-poppy-alaskan\/","title":{"rendered":"Icelandic poppy Alaskan"},"content":{"rendered":"<p><span style=\"color: #339966;\"><strong><em>Icelandic poppy. Papaver nudicaule<\/em><\/strong><\/span><\/p>\n<p>Peu de conscience de l&rsquo;identit\u00e9 spirituelle ; aspects de survie, de sexualit\u00e9 et de spiritualit\u00e9 non int\u00e9gr\u00e9s, manque d&rsquo;\u00e9nergie spirituelle dans les chakras inf\u00e9rieurs. D\u00e9ploie en douceur la r\u00e9ceptivit\u00e9 spirituelle ; renforce notre capacit\u00e9 \u00e0 int\u00e9grer et rayonner l&rsquo;\u00e9nergie spirituelle dans tous les domaines de notre vie.<\/p>","protected":false},"excerpt":{"rendered":"<p><span style=\"color: #008000;\"><strong><em>Icelandic poppy. Papaver nudicaule<\/em><\/strong><\/span><\/p>\n<p>Peu de conscience de l&rsquo;identit\u00e9 spirituelle ; aspects de survie, de sexualit\u00e9 et de spiritualit\u00e9 non int\u00e9gr\u00e9s, manque d&rsquo;\u00e9nergie spirituelle dans les chakras inf\u00e9rieurs.<\/p>","protected":false},"featured_media":2195,"template":"","meta":[],"product_brand":[],"product_cat":[119],"product_tag":[],"class_list":{"0":"post-2194","1":"product","2":"type-product","3":"status-publish","4":"has-post-thumbnail","6":"product_cat-les-72-elixirs-floraux","8":"first","9":"instock","10":"taxable","11":"shipping-taxable","12":"purchasable","13":"product-type-variable"},"etheme_brands":{"errors":{"invalid_taxonomy":["Invalid taxonomy."]},"error_data":[]},"jetpack_sharing_enabled":true,"jetpack-related-posts":[{"id":4983,"url":"https:\/\/artstella-elixirs-floraux.com\/en\/product\/red-purple-poppy-alaskan-f-sup\/","url_meta":{"origin":2194,"position":0},"title":"RED PURPLE POPPY ALASKAN F SUP","author":"eveapprill","date":"9 March 2025","format":false,"excerpt":"Red-Purple PoppyPapaver somniferum Pavot rouge Indications\u00a0: ind\u00e9cision; l\u00e9thargie; manque d\u2019inspiration; \u00e9nergie stagnante dans les chakras inf\u00e9rieurs\u00a0; ressentant un manque de guidance et de soutien des royaumes spirituels.","rel":"","context":"Similar post","block_context":{"text":"Similar post","link":""},"img":{"alt_text":"","src":"","width":0,"height":0},"classes":[]},{"id":5631,"url":"https:\/\/artstella-elixirs-floraux.com\/en\/product\/basilic-10ml\/","url_meta":{"origin":2194,"position":1},"title":"Basilic 10ml","author":"eveapprill","date":"9 March 2025","format":false,"excerpt":"Basilic Sexualit\u00e9 \u00e9quilibr\u00e9e. Pour int\u00e9grer les d\u00e9sirs \u00e9motionnels et sexuels aux valeurs spirituelles sp\u00e9cialement lorsque sexualit\u00e9 et spiritualit\u00e9 sont per\u00e7ues en tant que forces antagonistes.","rel":"","context":"Similar post","block_context":{"text":"Similar post","link":""},"img":{"alt_text":"","src":"https:\/\/i0.wp.com\/artstella-elixirs-floraux.com\/wp-content\/uploads\/2025\/03\/wp-image1818.png?resize=350%2C200&ssl=1","width":350,"height":200},"classes":[]},{"id":5464,"url":"https:\/\/artstella-elixirs-floraux.com\/en\/product\/escholzia-california-poppy-10ml\/","url_meta":{"origin":2194,"position":2},"title":"Escholzia &#8211; California poppy 10ML","author":"eveapprill","date":"9 March 2025","format":false,"excerpt":"Escholzia \/ Eschscholzia california (california poppy) SLAAPMUTSJE Pour faire confiance \u00e0 notre ressenti et \u00e0 notre c\u0153ur.\u00a0 Apporte chaleur, confiance et paix au niveau du c\u0153ur. Pour d\u00e9passer les aspects superficiels et rechercher la sagesse int\u00e9rieure.","rel":"","context":"Similar post","block_context":{"text":"Similar post","link":""},"img":{"alt_text":"","src":"","width":0,"height":0},"classes":[]},{"id":5108,"url":"https:\/\/artstella-elixirs-floraux.com\/en\/product\/tourmalated-quartz-30-ml-gem-sup\/","url_meta":{"origin":2194,"position":3},"title":"TOURMALATED QUARTZ 30 ML GEM SUP","author":"eveapprill","date":"9 April 2025","format":false,"excerpt":"Tourmalated Quartz \u2013 Quartz tourmaline Indications\u00a0: flux d\u2019\u00e9nergie congestionn\u00e9 ou d\u00e9s\u00e9quilibr\u00e9 entre les chakras et les corps subtils\u00a0; \u00e9nergie toxique dans l\u2019aura\u00a0; manque de circulation dans les chakras inf\u00e9rieurs d\u2019\u00e9nergies spirituelles","rel":"","context":"Similar post","block_context":{"text":"Similar post","link":""},"img":{"alt_text":"","src":"https:\/\/i0.wp.com\/artstella-elixirs-floraux.com\/wp-content\/uploads\/2025\/03\/wp-image1420.png?resize=350%2C200&ssl=1","width":350,"height":200},"classes":[]},{"id":5049,"url":"https:\/\/artstella-elixirs-floraux.com\/en\/product\/black-tourmaline-master-q-7-5-ml\/","url_meta":{"origin":2194,"position":4},"title":"BLACK TOURMALINE MASTER Q 7.5 ML","author":"eveapprill","date":"9 March 2025","format":false,"excerpt":"Black Tourmaline\/Master Quartz \u2013 Tourmaline noire \/quartz ma\u00eetre Indication flux d\u2019\u00e9nergie restreint dans certaines parties du corps\u00a0; haut niveau d\u2019\u00e9nergies toxiques dans les chakras\u00a0; incapacit\u00e9 \u00e0 int\u00e9grer l\u2019\u00e9nergie spirituelle avec la programmation de la survie.","rel":"","context":"Similar post","block_context":{"text":"Similar post","link":""},"img":{"alt_text":"","src":"https:\/\/i0.wp.com\/artstella-elixirs-floraux.com\/wp-content\/uploads\/2025\/03\/wp-image1400.png?resize=350%2C200&ssl=1","width":350,"height":200},"classes":[]},{"id":4458,"url":"https:\/\/artstella-elixirs-floraux.com\/en\/product\/red-lily-15-ml-bush\/","url_meta":{"origin":2194,"position":5},"title":"RED LILY 15 ML BUSH","author":"eveapprill","date":"9 March 2025","format":false,"excerpt":"Red Lily Manque de connexion spirituelle, ind\u00e9cis, manque de concentration, r\u00eaveries. Etre centr\u00e9, concentration, vivre dans le pr\u00e9sent, ouvre le chakra coronal, \u00e9volution spirituelle.","rel":"","context":"Similar post","block_context":{"text":"Similar post","link":""},"img":{"alt_text":"","src":"https:\/\/i0.wp.com\/artstella-elixirs-floraux.com\/wp-content\/uploads\/2025\/03\/wp-image1059.png?resize=350%2C200&ssl=1","width":350,"height":200},"classes":[]}],"_links":{"self":[{"href":"https:\/\/artstella-elixirs-floraux.com\/en\/wp-json\/wp\/v2\/product\/2194","targetHints":{"allow":["GET"]}}],"collection":[{"href":"https:\/\/artstella-elixirs-floraux.com\/en\/wp-json\/wp\/v2\/product"}],"about":[{"href":"https:\/\/artstella-elixirs-floraux.com\/en\/wp-json\/wp\/v2\/types\/product"}],"version-history":[{"count":0,"href":"https:\/\/artstella-elixirs-floraux.com\/en\/wp-json\/wp\/v2\/product\/2194\/revisions"}],"wp:featuredmedia":[{"embeddable":true,"href":"https:\/\/artstella-elixirs-floraux.com\/en\/wp-json\/wp\/v2\/media\/2195"}],"wp:attachment":[{"href":"https:\/\/artstella-elixirs-floraux.com\/en\/wp-json\/wp\/v2\/media?parent=2194"}],"wp:term":[{"taxonomy":"product_brand","embeddable":true,"href":"https:\/\/artstella-elixirs-floraux.com\/en\/wp-json\/wp\/v2\/product_brand?post=2194"},{"taxonomy":"product_cat","embeddable":true,"href":"https:\/\/artstella-elixirs-floraux.com\/en\/wp-json\/wp\/v2\/product_cat?post=2194"},{"taxonomy":"product_tag","embeddable":true,"href":"https:\/\/artstella-elixirs-floraux.com\/en\/wp-json\/wp\/v2\/product_tag?post=2194"}],"curies":[{"name":"wp","href":"https:\/\/api.w.org\/{rel}","templated":true}]}}