{"id":2198,"date":"2025-03-09T12:52:27","date_gmt":"2025-03-09T12:52:27","guid":{"rendered":"https:\/\/artstella-elixirs-floraux.com\/product\/jacobs-ladder-alaskan\/"},"modified":"2025-04-14T11:26:45","modified_gmt":"2025-04-14T11:26:45","slug":"jacobs-ladder-alaskan","status":"publish","type":"product","link":"https:\/\/artstella-elixirs-floraux.com\/en\/product\/jacobs-ladder-alaskan\/","title":{"rendered":"Jacob\u2019s ladder Alaskan"},"content":{"rendered":"<p><span style=\"color: #008000;\"><strong><em>Jacob\u2019s ladder. Polemonium pulcherrimum<\/em><\/strong><\/span><\/p>\n<p>Manque de clart\u00e9 sur les motivations ou les intentions ; manque de confiance dans le monde spirituel, tentative de contr\u00f4le mental pour r\u00e9pondre \u00e0 ses besoins et d\u00e9sirs. Aligne l&rsquo;intention et la motivation avec la sagesse du moi sup\u00e9rieur ; pour laisser de c\u00f4t\u00e9 le besoin de tout planifier et recevoir ce qui est disponible \u00e0 chaque instant.<\/p>","protected":false},"excerpt":{"rendered":"<p><span style=\"color: #008000;\"><strong><em>Jacob\u2019s ladder. Polemonium pulcherrimum<\/em><\/strong><\/span><\/p>\n<p>Manque de clart\u00e9 sur les motivations ou les intentions ; manque de confiance dans le monde spirituel, tentative de contr\u00f4le mental pour r\u00e9pondre \u00e0 ses besoins et d\u00e9sirs.DER ALASKA 7.5 ML<\/p>","protected":false},"featured_media":2199,"template":"","meta":[],"product_brand":[],"product_cat":[119],"product_tag":[],"class_list":{"0":"post-2198","1":"product","2":"type-product","3":"status-publish","4":"has-post-thumbnail","6":"product_cat-les-72-elixirs-floraux","8":"first","9":"instock","10":"taxable","11":"shipping-taxable","12":"purchasable","13":"product-type-variable"},"etheme_brands":{"errors":{"invalid_taxonomy":["Invalid taxonomy."]},"error_data":[]},"jetpack_sharing_enabled":true,"jetpack-related-posts":[{"id":12332,"url":"https:\/\/artstella-elixirs-floraux.com\/en\/product\/citrine-citrino-15ml-sylfos\/","url_meta":{"origin":2198,"position":0},"title":"CITRINE- CITRINO 15ml Sylfos","author":"eveapprill","date":"16 March 2026","format":false,"excerpt":"La citrine active la confiance, l'optimisme et la clart\u00e9 mentale, aidant \u00e0 surmonter les blocages cr\u00e9atifs et les pens\u00e9es limitantes. Il favorise la prise de d\u00e9cision et le lancement de projets. Il est id\u00e9al en cas de manque de motivation ou d'orientation. Son \u00e9nergie stimule une vision plus expansive et\u2026","rel":"","context":"Similar post","block_context":{"text":"Similar post","link":""},"img":{"alt_text":"","src":"https:\/\/i0.wp.com\/artstella-elixirs-floraux.com\/wp-content\/uploads\/2026\/03\/Citrino_1.png?resize=350%2C200&ssl=1","width":350,"height":200},"classes":[]},{"id":2231,"url":"https:\/\/artstella-elixirs-floraux.com\/en\/product\/mountain-wormwood-alaskan\/","url_meta":{"origin":2198,"position":1},"title":"Mountain wormwood Alaskan","author":"eveapprill","date":"9 March 2025","format":false,"excerpt":"Mountain wormwood. Artemisia tilesii Col\u00e8re et ressentiment non r\u00e9solus ; ne r\u00e9ussit pas \u00e0 se pardonner soi-m\u00eame ou les autres pour des actes pass\u00e9s sans tenir compte de l'intention qui les motivait.","rel":"","context":"Similar post","block_context":{"text":"Similar post","link":""},"img":{"alt_text":"","src":"https:\/\/i0.wp.com\/artstella-elixirs-floraux.com\/wp-content\/uploads\/2025\/03\/wp-image567.png?resize=350%2C200&ssl=1","width":350,"height":200},"classes":[]},{"id":6280,"url":"https:\/\/artstella-elixirs-floraux.com\/en\/product\/lantana-sylfos-15ml\/","url_meta":{"origin":2198,"position":2},"title":"LANTANA SYLFOS 15ML","author":"eveapprill","date":"9 March 2025","format":false,"excerpt":"LANTANA \u2013Lantana camara Sensibilit\u00e9 \u2013 Luminosit\u00e9 - Karma aide \u00e0 r\u00e9soudre les manques de motivation, de direction et de clart\u00e9, en amenant directement \u00e0 ce qui est bloqu\u00e9 dans notre conscience.","rel":"","context":"Similar post","block_context":{"text":"Similar post","link":""},"img":{"alt_text":"","src":"https:\/\/i0.wp.com\/artstella-elixirs-floraux.com\/wp-content\/uploads\/2025\/03\/wp-image2229.png?resize=350%2C200&ssl=1","width":350,"height":200},"classes":[]},{"id":2106,"url":"https:\/\/artstella-elixirs-floraux.com\/en\/product\/bunchberry-alaska\/","url_meta":{"origin":2198,"position":3},"title":"BUNCHBERRY ALASKA","author":"eveapprill","date":"9 March 2025","format":false,"excerpt":"BUNCHBERRY ALASKA Manque de concentration ; facilement distrait ou pris par l'agitation \u00e9motionnelle des autres, impression de toujours manquer de temps. Facilite une pens\u00e9e coh\u00e9rente, aide \u00e0 \u00eatre \u00e0 l'\u00e9coute et donc moins distrait ; favorise la constance mentale et la clart\u00e9 \u00e9motionnelle dans les moments o\u00f9 l'on est tr\u00e8s\u2026","rel":"","context":"Similar post","block_context":{"text":"Similar post","link":""},"img":{"alt_text":"","src":"https:\/\/i0.wp.com\/artstella-elixirs-floraux.com\/wp-content\/uploads\/2025\/03\/wp-image46.png?resize=350%2C200&ssl=1","width":350,"height":200},"classes":[]},{"id":2323,"url":"https:\/\/artstella-elixirs-floraux.com\/en\/product\/tundra-rose-alaskan\/","url_meta":{"origin":2198,"position":4},"title":"Tundra rose Alaskan","author":"eveapprill","date":"9 March 2025","format":false,"excerpt":"Tundra rose. Potentilla fructicosa Sans espoir ; manque d'inspiration et de motivation ; submerg\u00e9 par les responsabilit\u00e9s dont on s'est charg\u00e9. Redonne espoir, courage et inspiration","rel":"","context":"Similar post","block_context":{"text":"Similar post","link":""},"img":{"alt_text":"","src":"https:\/\/i0.wp.com\/artstella-elixirs-floraux.com\/wp-content\/uploads\/2025\/03\/wp-image594.png?resize=350%2C200&ssl=1","width":350,"height":200},"classes":[]},{"id":5504,"url":"https:\/\/artstella-elixirs-floraux.com\/en\/product\/chemin-spirituel-bloesem-remedies\/","url_meta":{"origin":2198,"position":5},"title":"Chemin spirituel Bloesem Remedies","author":"eveapprill","date":"9 March 2025","format":false,"excerpt":"CHEMIN SPIRITUEL - HET SPIRITUELE PAD - Compos\u00e9 contenant\u00a0Eschscholzia, Bignone et Bourrache Ce compos\u00e9 aide \u00e0 s\u2019orienter de fa\u00e7on spirituelle dans la vie.","rel":"","context":"Similar post","block_context":{"text":"Similar post","link":""},"img":{"alt_text":"","src":"","width":0,"height":0},"classes":[]}],"_links":{"self":[{"href":"https:\/\/artstella-elixirs-floraux.com\/en\/wp-json\/wp\/v2\/product\/2198","targetHints":{"allow":["GET"]}}],"collection":[{"href":"https:\/\/artstella-elixirs-floraux.com\/en\/wp-json\/wp\/v2\/product"}],"about":[{"href":"https:\/\/artstella-elixirs-floraux.com\/en\/wp-json\/wp\/v2\/types\/product"}],"version-history":[{"count":0,"href":"https:\/\/artstella-elixirs-floraux.com\/en\/wp-json\/wp\/v2\/product\/2198\/revisions"}],"wp:featuredmedia":[{"embeddable":true,"href":"https:\/\/artstella-elixirs-floraux.com\/en\/wp-json\/wp\/v2\/media\/2199"}],"wp:attachment":[{"href":"https:\/\/artstella-elixirs-floraux.com\/en\/wp-json\/wp\/v2\/media?parent=2198"}],"wp:term":[{"taxonomy":"product_brand","embeddable":true,"href":"https:\/\/artstella-elixirs-floraux.com\/en\/wp-json\/wp\/v2\/product_brand?post=2198"},{"taxonomy":"product_cat","embeddable":true,"href":"https:\/\/artstella-elixirs-floraux.com\/en\/wp-json\/wp\/v2\/product_cat?post=2198"},{"taxonomy":"product_tag","embeddable":true,"href":"https:\/\/artstella-elixirs-floraux.com\/en\/wp-json\/wp\/v2\/product_tag?post=2198"}],"curies":[{"name":"wp","href":"https:\/\/api.w.org\/{rel}","templated":true}]}}