{"id":2219,"date":"2025-03-09T12:52:46","date_gmt":"2025-03-09T12:52:46","guid":{"rendered":"https:\/\/artstella-elixirs-floraux.com\/product\/lambs-quarters-alaskan\/"},"modified":"2025-04-14T10:15:37","modified_gmt":"2025-04-14T10:15:37","slug":"lambs-quarters-alaskan","status":"publish","type":"product","link":"https:\/\/artstella-elixirs-floraux.com\/en\/product\/lambs-quarters-alaskan\/","title":{"rendered":"Lamb\u2019s quarters Alaskan"},"content":{"rendered":"<p><span style=\"color: #008000\"><strong><em>Lamb\u2019s quarters. Chenopodium album<\/em><\/strong><\/span><\/p>\n<p>Quand nous sommes limit\u00e9s par ce que nous pouvons saisir avec le mental. Manque d&rsquo;\u00e9quilibre entre le mental et le c\u0153ur, le rationnel et l&rsquo;intuitif. Gu\u00e9rit la s\u00e9paration entre le c\u0153ur et l\u2019esprit, entre le rationnel et l&rsquo;intuitif ; \u00e9quilibre le pouvoir de l&rsquo;esprit avec la joie du c\u0153ur<\/p>","protected":false},"excerpt":{"rendered":"<p><span style=\"color: #008000\"><strong><em>Lamb\u2019s quarters. Chenopodium album<\/em><\/strong><\/span><\/p>\n<p>Quand nous sommes limit\u00e9s par ce que nous pouvons saisir avec le mental. Manque d&rsquo;\u00e9quilibre entre le mental et le c\u0153ur, le rationnel et l&rsquo;intuitif.<\/p>","protected":false},"featured_media":2220,"template":"","meta":[],"product_brand":[],"product_cat":[119],"product_tag":[],"class_list":{"0":"post-2219","1":"product","2":"type-product","3":"status-publish","4":"has-post-thumbnail","6":"product_cat-les-72-elixirs-floraux","8":"first","9":"instock","10":"taxable","11":"shipping-taxable","12":"purchasable","13":"product-type-variable"},"etheme_brands":{"errors":{"invalid_taxonomy":["Invalid taxonomy."]},"error_data":[]},"jetpack_sharing_enabled":true,"jetpack-related-posts":[{"id":2351,"url":"https:\/\/artstella-elixirs-floraux.com\/en\/product\/wild-rhubarb-alaskan\/","url_meta":{"origin":2219,"position":0},"title":"Wild rhubarb Alaskan","author":"eveapprill","date":"9 March 2025","format":false,"excerpt":"Wild rhubar. Poligonum alaskanum R\u00e9sistance mentale et inflexibilit\u00e9 ; esprit influenc\u00e9 par l'ego ; communication entre le c\u0153ur et l'esprit bloqu\u00e9e ...","rel":"","context":"Similar post","block_context":{"text":"Similar post","link":""},"img":{"alt_text":"","src":"https:\/\/i0.wp.com\/artstella-elixirs-floraux.com\/wp-content\/uploads\/2025\/03\/wp-image601.png?resize=350%2C200&ssl=1","width":350,"height":200},"classes":[]},{"id":2680,"url":"https:\/\/artstella-elixirs-floraux.com\/en\/product\/beyond-words\/","url_meta":{"origin":2219,"position":1},"title":"BEYOND WORDS","author":"eveapprill","date":"9 March 2025","format":false,"excerpt":"Beyond Words\u00a0 (Au-del\u00e0 des mots) Gouttes uniquement Contient : Azurite \u2022 Devil's Club \u2022 Lamb's Quarters \u2022 Lapis Lazuli \u2022 Sweetgale \u2022 Twinflower \u2022 Yellow Violet Permet d'augmenter la capacit\u00e9 d'expression verbale et non- verbale. Facilite l'\u00e9change du flux d'informations et d'id\u00e9es entre deux personnes et donc la compr\u00e9hension.","rel":"","context":"Similar post","block_context":{"text":"Similar post","link":""},"img":{"alt_text":"","src":"https:\/\/i0.wp.com\/artstella-elixirs-floraux.com\/wp-content\/uploads\/2025\/03\/1b8b47cb-0680-4a76-aa14-035469736d97.jpg?resize=350%2C200&ssl=1","width":350,"height":200,"srcset":"https:\/\/i0.wp.com\/artstella-elixirs-floraux.com\/wp-content\/uploads\/2025\/03\/1b8b47cb-0680-4a76-aa14-035469736d97.jpg?resize=350%2C200&ssl=1 1x, https:\/\/i0.wp.com\/artstella-elixirs-floraux.com\/wp-content\/uploads\/2025\/03\/1b8b47cb-0680-4a76-aa14-035469736d97.jpg?resize=525%2C300&ssl=1 1.5x, https:\/\/i0.wp.com\/artstella-elixirs-floraux.com\/wp-content\/uploads\/2025\/03\/1b8b47cb-0680-4a76-aa14-035469736d97.jpg?resize=700%2C400&ssl=1 2x"},"classes":[]},{"id":5526,"url":"https:\/\/artstella-elixirs-floraux.com\/en\/product\/beyond-words-spray-60ml\/","url_meta":{"origin":2219,"position":2},"title":"BEYOND WORDS SPRAY 60ml","author":"eveapprill","date":"9 March 2025","format":false,"excerpt":"BEYOND WORDS (Au-del\u00e0 des mots) (spray 60 ml) Est une formule qui permet d'augmenter notre capacit\u00e9 d'expression verbale et non - verbale. Elle facilite l'\u00e9change du flux d'informations et d'id\u00e9es entre deux personnes et donc la compr\u00e9hension.","rel":"","context":"Similar post","block_context":{"text":"Similar post","link":""},"img":{"alt_text":"","src":"https:\/\/i0.wp.com\/artstella-elixirs-floraux.com\/wp-content\/uploads\/2025\/03\/876d2e65-744e-4ea5-95bc-59cb409a0719.jpg?resize=350%2C200&ssl=1","width":350,"height":200,"srcset":"https:\/\/i0.wp.com\/artstella-elixirs-floraux.com\/wp-content\/uploads\/2025\/03\/876d2e65-744e-4ea5-95bc-59cb409a0719.jpg?resize=350%2C200&ssl=1 1x, https:\/\/i0.wp.com\/artstella-elixirs-floraux.com\/wp-content\/uploads\/2025\/03\/876d2e65-744e-4ea5-95bc-59cb409a0719.jpg?resize=525%2C300&ssl=1 1.5x, https:\/\/i0.wp.com\/artstella-elixirs-floraux.com\/wp-content\/uploads\/2025\/03\/876d2e65-744e-4ea5-95bc-59cb409a0719.jpg?resize=700%2C400&ssl=1 2x"},"classes":[]},{"id":5452,"url":"https:\/\/artstella-elixirs-floraux.com\/en\/product\/digitale-foxglove-vingerhoedskruid-10ml\/","url_meta":{"origin":2219,"position":3},"title":"Digitale &#8211; Foxglove- VINGERHOEDSKRUID 10ml","author":"eveapprill","date":"9 March 2025","format":false,"excerpt":"Digitale \/ Digitalis purpurea (foxglove) Pour d\u00e9passer le mental. Facilite les processus mentaux et permet de recontacter le c\u0153ur. Nous aide \u00e0 nous lib\u00e9rer de sch\u00e9mas de comportements que nous pensons devoir avoir.","rel":"","context":"Similar post","block_context":{"text":"Similar post","link":""},"img":{"alt_text":"","src":"","width":0,"height":0},"classes":[]},{"id":3185,"url":"https:\/\/artstella-elixirs-floraux.com\/en\/product\/rose-provence-15-ml-phi\/","url_meta":{"origin":2219,"position":4},"title":"ROSE PROVENCE 15 ML PHI","author":"eveapprill","date":"9 March 2025","format":false,"excerpt":"Rose de Provence (Rosa centifolia) (Provence Rose) Nous aide \u00e0 d\u00e9passer les obstacles apparents et relie le c\u0153ur \u00e0 la raison. Il apporte un \u00e9quilibre entre l\u2019esprit et les sentiments.","rel":"","context":"Similar post","block_context":{"text":"Similar post","link":""},"img":{"alt_text":"","src":"https:\/\/i0.wp.com\/artstella-elixirs-floraux.com\/wp-content\/uploads\/2025\/03\/wp-image406.png?resize=350%2C200&ssl=1","width":350,"height":200},"classes":[]},{"id":5932,"url":"https:\/\/artstella-elixirs-floraux.com\/en\/product\/marronnier-blanc-10-ml-deva\/","url_meta":{"origin":2219,"position":5},"title":"Marronnier blanc 10 ml DEVA","author":"eveapprill","date":"9 March 2025","format":false,"excerpt":"Marronnier blanc - White chestnut Aesculus hippocastanum Clart\u00e9 mentale, tranquillit\u00e9 d\u2019esprit Calme le mental, favorise la concentration, l'intuition et la cr\u00e9ativit\u00e9. Pour supprimer le bavardage mental, les id\u00e9es fixes et les pens\u00e9es r\u00e9p\u00e9titives.","rel":"","context":"Similar post","block_context":{"text":"Similar post","link":""},"img":{"alt_text":"","src":"","width":0,"height":0},"classes":[]}],"_links":{"self":[{"href":"https:\/\/artstella-elixirs-floraux.com\/en\/wp-json\/wp\/v2\/product\/2219","targetHints":{"allow":["GET"]}}],"collection":[{"href":"https:\/\/artstella-elixirs-floraux.com\/en\/wp-json\/wp\/v2\/product"}],"about":[{"href":"https:\/\/artstella-elixirs-floraux.com\/en\/wp-json\/wp\/v2\/types\/product"}],"version-history":[{"count":0,"href":"https:\/\/artstella-elixirs-floraux.com\/en\/wp-json\/wp\/v2\/product\/2219\/revisions"}],"wp:featuredmedia":[{"embeddable":true,"href":"https:\/\/artstella-elixirs-floraux.com\/en\/wp-json\/wp\/v2\/media\/2220"}],"wp:attachment":[{"href":"https:\/\/artstella-elixirs-floraux.com\/en\/wp-json\/wp\/v2\/media?parent=2219"}],"wp:term":[{"taxonomy":"product_brand","embeddable":true,"href":"https:\/\/artstella-elixirs-floraux.com\/en\/wp-json\/wp\/v2\/product_brand?post=2219"},{"taxonomy":"product_cat","embeddable":true,"href":"https:\/\/artstella-elixirs-floraux.com\/en\/wp-json\/wp\/v2\/product_cat?post=2219"},{"taxonomy":"product_tag","embeddable":true,"href":"https:\/\/artstella-elixirs-floraux.com\/en\/wp-json\/wp\/v2\/product_tag?post=2219"}],"curies":[{"name":"wp","href":"https:\/\/api.w.org\/{rel}","templated":true}]}}