{"id":2223,"date":"2025-03-09T12:52:49","date_gmt":"2025-03-09T12:52:49","guid":{"rendered":"https:\/\/artstella-elixirs-floraux.com\/product\/monkshood-alaskan\/"},"modified":"2025-04-14T10:14:00","modified_gmt":"2025-04-14T10:14:00","slug":"monkshood-alaskan","status":"publish","type":"product","link":"https:\/\/artstella-elixirs-floraux.com\/en\/product\/monkshood-alaskan\/","title":{"rendered":"Monkshood Alaskan"},"content":{"rendered":"<p><span style=\"color: #008000;\"><strong><em>Monkshood. Aconit delphinifolium<\/em><\/strong><\/span><\/p>\n<p>Difficult\u00e9 \u00e0 accepter le contact physique avec les autres ; confusion au niveau de son identit\u00e9 spirituelle ; effray\u00e9 \u00e0 l&rsquo;id\u00e9e d&rsquo;explorer ses zones d&rsquo;ombres. Apporte la protection pour entrer en contact avec les profondeurs du moi, renforce notre capacit\u00e9 d&rsquo;interaction avec autrui gr\u00e2ce \u00e0 une reconnaissance claire de notre identit\u00e9 divine.<\/p>","protected":false},"excerpt":{"rendered":"<p><span style=\"color: #008000;\"><strong><em>Monkshood. Aconit delphinifolium<\/em><\/strong><\/span><\/p>\n<p>Difficult\u00e9 \u00e0 accepter le contact physique avec les autres ; confusion au niveau de son identit\u00e9 spirituelle ; effray\u00e9 \u00e0 l&rsquo;id\u00e9e d&rsquo;explorer ses zones d&rsquo;ombres<\/p>","protected":false},"featured_media":2224,"template":"","meta":[],"product_brand":[],"product_cat":[119],"product_tag":[],"class_list":{"0":"post-2223","1":"product","2":"type-product","3":"status-publish","4":"has-post-thumbnail","6":"product_cat-les-72-elixirs-floraux","8":"first","9":"instock","10":"taxable","11":"shipping-taxable","12":"purchasable","13":"product-type-variable"},"etheme_brands":{"errors":{"invalid_taxonomy":["Invalid taxonomy."]},"error_data":[]},"jetpack_sharing_enabled":true,"jetpack-related-posts":[{"id":6284,"url":"https:\/\/artstella-elixirs-floraux.com\/en\/product\/lierre-veneneux-poison-oak-sylfos-15ml\/","url_meta":{"origin":2223,"position":0},"title":"LIERRE V\u00c9N\u00c9NEUX \/ POISON OAK Sylfos 15ML","author":"eveapprill","date":"9 March 2025","format":false,"excerpt":"Lierre v\u00e9n\u00e9neux (Toxicodendron diversiloba) Confiance \u2013 Sexualit\u00e9 - Ancrage Pour ceux qui manquent de confiance parce qu'ils ne reconnaissent pas les limites entre eux et les autres. Ils ont tendance \u00e0 mettre une barri\u00e8re envers leurs contacts intimes, par peur du rejet et\/ou d'une \u00e9ventuelle douleur physique notamment dans leurs\u2026","rel":"","context":"Similar post","block_context":{"text":"Similar post","link":""},"img":{"alt_text":"","src":"https:\/\/i0.wp.com\/artstella-elixirs-floraux.com\/wp-content\/uploads\/2025\/03\/wp-image2230.png?resize=350%2C200&ssl=1","width":350,"height":200},"classes":[]},{"id":4966,"url":"https:\/\/artstella-elixirs-floraux.com\/en\/product\/pasque-flower-alaskan-f-sup\/","url_meta":{"origin":2223,"position":1},"title":"PASQUE FLOWER ALASKAN F SUP","author":"eveapprill","date":"9 March 2025","format":false,"excerpt":"Pasque Flower Pulsatilla patens An\u00e9mone de Prairie Indications\u00a0: timide et distant\u00a0; mauvaises d\u00e9limitations\u00a0; trop sensible au contact\u00a0physique; perte d\u2019identit\u00e9 dans la foule ou dans l\u2019intimit\u00e9.","rel":"","context":"Similar post","block_context":{"text":"Similar post","link":""},"img":{"alt_text":"","src":"","width":0,"height":0},"classes":[]},{"id":2619,"url":"https:\/\/artstella-elixirs-floraux.com\/en\/product\/angelsword-15ml\/","url_meta":{"origin":2223,"position":2},"title":"ANGELSWORD 15ml","author":"eveapprill","date":"9 March 2025","format":false,"excerpt":"Angelsword Difficult\u00e9 \u00e0 se connecter avec son Moi sup\u00e9rieur. Discernement spirituel, lib\u00e9ration des \u00e9nergies psychiques n\u00e9gatives, acc\u00e8s aux dons des vies ant\u00e9rieures, communication spirituelle sans entraves.","rel":"","context":"Similar post","block_context":{"text":"Similar post","link":""},"img":{"alt_text":"","src":"https:\/\/i0.wp.com\/artstella-elixirs-floraux.com\/wp-content\/uploads\/2025\/03\/Angelsword-.jpg?resize=350%2C200&ssl=1","width":350,"height":200,"srcset":"https:\/\/i0.wp.com\/artstella-elixirs-floraux.com\/wp-content\/uploads\/2025\/03\/Angelsword-.jpg?resize=350%2C200&ssl=1 1x, https:\/\/i0.wp.com\/artstella-elixirs-floraux.com\/wp-content\/uploads\/2025\/03\/Angelsword-.jpg?resize=525%2C300&ssl=1 1.5x, https:\/\/i0.wp.com\/artstella-elixirs-floraux.com\/wp-content\/uploads\/2025\/03\/Angelsword-.jpg?resize=700%2C400&ssl=1 2x"},"classes":[]},{"id":2190,"url":"https:\/\/artstella-elixirs-floraux.com\/en\/product\/horsetail-alaskan\/","url_meta":{"origin":2223,"position":3},"title":"Horsetail Alaskan","author":"eveapprill","date":"9 March 2025","format":false,"excerpt":"Horsetail. Equisetum arvense. Pr\u00eale Communication d\u00e9form\u00e9e avec les niveaux de sa conscience. Difficult\u00e9 \u00e0 communiquer avec son moi sup\u00e9rieur et les autres, m\u00eame les animaux.","rel":"","context":"Similar post","block_context":{"text":"Similar post","link":""},"img":{"alt_text":"","src":"https:\/\/i0.wp.com\/artstella-elixirs-floraux.com\/wp-content\/uploads\/2025\/03\/wp-image543.png?resize=350%2C200&ssl=1","width":350,"height":200},"classes":[]},{"id":2343,"url":"https:\/\/artstella-elixirs-floraux.com\/en\/product\/white-violet-alaskan\/","url_meta":{"origin":2223,"position":4},"title":"White violet Alaskan","author":"eveapprill","date":"9 March 2025","format":false,"excerpt":"White violet. Viola renifolia Claustrophobie ; peur de perdre son identit\u00e9 au sein d'un groupe ; incapacit\u00e9 \u00e0 exprimer sa sensibilit\u00e9 d'une mani\u00e8re ais\u00e9e.","rel":"","context":"Similar post","block_context":{"text":"Similar post","link":""},"img":{"alt_text":"","src":"https:\/\/i0.wp.com\/artstella-elixirs-floraux.com\/wp-content\/uploads\/2025\/03\/wp-image599.png?resize=350%2C200&ssl=1","width":350,"height":200},"classes":[]},{"id":2194,"url":"https:\/\/artstella-elixirs-floraux.com\/en\/product\/icelandic-poppy-alaskan\/","url_meta":{"origin":2223,"position":5},"title":"Icelandic poppy Alaskan","author":"eveapprill","date":"9 March 2025","format":false,"excerpt":"Icelandic poppy. Papaver nudicaule Peu de conscience de l'identit\u00e9 spirituelle ; aspects de survie, de sexualit\u00e9 et de spiritualit\u00e9 non int\u00e9gr\u00e9s, manque d'\u00e9nergie spirituelle dans les chakras inf\u00e9rieurs.","rel":"","context":"Similar post","block_context":{"text":"Similar post","link":""},"img":{"alt_text":"","src":"https:\/\/i0.wp.com\/artstella-elixirs-floraux.com\/wp-content\/uploads\/2025\/03\/wp-image544.png?resize=350%2C200&ssl=1","width":350,"height":200},"classes":[]}],"_links":{"self":[{"href":"https:\/\/artstella-elixirs-floraux.com\/en\/wp-json\/wp\/v2\/product\/2223","targetHints":{"allow":["GET"]}}],"collection":[{"href":"https:\/\/artstella-elixirs-floraux.com\/en\/wp-json\/wp\/v2\/product"}],"about":[{"href":"https:\/\/artstella-elixirs-floraux.com\/en\/wp-json\/wp\/v2\/types\/product"}],"version-history":[{"count":0,"href":"https:\/\/artstella-elixirs-floraux.com\/en\/wp-json\/wp\/v2\/product\/2223\/revisions"}],"wp:featuredmedia":[{"embeddable":true,"href":"https:\/\/artstella-elixirs-floraux.com\/en\/wp-json\/wp\/v2\/media\/2224"}],"wp:attachment":[{"href":"https:\/\/artstella-elixirs-floraux.com\/en\/wp-json\/wp\/v2\/media?parent=2223"}],"wp:term":[{"taxonomy":"product_brand","embeddable":true,"href":"https:\/\/artstella-elixirs-floraux.com\/en\/wp-json\/wp\/v2\/product_brand?post=2223"},{"taxonomy":"product_cat","embeddable":true,"href":"https:\/\/artstella-elixirs-floraux.com\/en\/wp-json\/wp\/v2\/product_cat?post=2223"},{"taxonomy":"product_tag","embeddable":true,"href":"https:\/\/artstella-elixirs-floraux.com\/en\/wp-json\/wp\/v2\/product_tag?post=2223"}],"curies":[{"name":"wp","href":"https:\/\/api.w.org\/{rel}","templated":true}]}}