{"id":2231,"date":"2025-03-09T12:52:56","date_gmt":"2025-03-09T12:52:56","guid":{"rendered":"https:\/\/artstella-elixirs-floraux.com\/product\/mountain-wormwood-alaskan\/"},"modified":"2025-04-14T10:10:50","modified_gmt":"2025-04-14T10:10:50","slug":"mountain-wormwood-alaskan","status":"publish","type":"product","link":"https:\/\/artstella-elixirs-floraux.com\/en\/product\/mountain-wormwood-alaskan\/","title":{"rendered":"Mountain wormwood Alaskan"},"content":{"rendered":"<p><span style=\"color: #008000;\"><strong><em>Mountain wormwood. Artemisia tilesii<\/em><\/strong><\/span><\/p>\n<p>Col\u00e8re et ressentiment non r\u00e9solus ; ne r\u00e9ussit pas \u00e0 se pardonner soi-m\u00eame ou les autres pour des actes pass\u00e9s sans tenir compte de l&rsquo;intention qui les motivait. Gu\u00e9rison des vieilles blessures et lib\u00e9ration du ressentiment, envers nous-m\u00eames ou les autres<\/p>","protected":false},"excerpt":{"rendered":"<p><span style=\"color: #008000;\"><strong><em>Mountain wormwood. Artemisia tilesii<\/em><\/strong><\/span><\/p>\n<p>Col\u00e8re et ressentiment non r\u00e9solus ; ne r\u00e9ussit pas \u00e0 se pardonner soi-m\u00eame ou les autres pour des actes pass\u00e9s sans tenir compte de l&rsquo;intention qui les motivait.<\/p>","protected":false},"featured_media":2232,"template":"","meta":[],"product_brand":[],"product_cat":[119],"product_tag":[],"class_list":{"0":"post-2231","1":"product","2":"type-product","3":"status-publish","4":"has-post-thumbnail","6":"product_cat-les-72-elixirs-floraux","8":"first","9":"instock","10":"taxable","11":"shipping-taxable","12":"purchasable","13":"product-type-variable"},"etheme_brands":{"errors":{"invalid_taxonomy":["Invalid taxonomy."]},"error_data":[]},"jetpack_sharing_enabled":true,"jetpack-related-posts":[{"id":4179,"url":"https:\/\/artstella-elixirs-floraux.com\/en\/product\/zadkiel-messagers-sylfos-15ml\/","url_meta":{"origin":2231,"position":0},"title":"ZADKIEL (MESSAGERS) SYLFOS 15ML","author":"eveapprill","date":"9 March 2025","format":false,"excerpt":"ZADKIEL Pardon, Mis\u00e9ricorde, Compassion, Amour, Transmutation, Transformation. Permet de trouver le pardon pour soi-m\u00eame comme pour les autres, de se lib\u00e9rer de la col\u00e8re","rel":"","context":"Similar post","block_context":{"text":"Similar post","link":""},"img":{"alt_text":"","src":"","width":0,"height":0},"classes":[]},{"id":4433,"url":"https:\/\/artstella-elixirs-floraux.com\/en\/product\/mountain-devil-15-ml-bush\/","url_meta":{"origin":2231,"position":1},"title":"MOUNTAIN DEVIL 15 ML BUSH","author":"eveapprill","date":"9 March 2025","format":false,"excerpt":"Mountain Devil Haine, col\u00e8re, jalousie, rancune, soup\u00e7on. Amour inconditionnel, bonheur, pardon, paix int\u00e9rieure.","rel":"","context":"Similar post","block_context":{"text":"Similar post","link":""},"img":{"alt_text":"","src":"https:\/\/i0.wp.com\/artstella-elixirs-floraux.com\/wp-content\/uploads\/2025\/03\/wp-image1044.png?resize=350%2C200&ssl=1","width":350,"height":200},"classes":[]},{"id":1964,"url":"https:\/\/artstella-elixirs-floraux.com\/en\/product\/inner-child-healing-30-ml-wea\/","url_meta":{"origin":2231,"position":2},"title":"INNER CHILD HEALING 30 ML WEA","author":"eveapprill","date":"27 May 2025","format":false,"excerpt":"Ce complexe comprend les 6 \u00e9lixirs de b\u00e9b\u00e9s animaux suivants\u00a0: Hippopotamus Calf \u2013 aide \u00e0 ressentir profond\u00e9ment. Wild Foal \u2013aide \u00e0 se lib\u00e9rer du chagrin profond. Badger Cub \u2013 pour embrasser et exprimer la col\u00e8re. Robin Chick \u2013 pour recevoir l\u2019amour et la chaleur nourrici\u00e8re. Bat Pup \u2013 pour faire\u2026","rel":"","context":"Similar post","block_context":{"text":"Similar post","link":""},"img":{"alt_text":"","src":"https:\/\/i0.wp.com\/artstella-elixirs-floraux.com\/wp-content\/uploads\/2025\/05\/InnerChildHealing.png?resize=350%2C200&ssl=1","width":350,"height":200},"classes":[]},{"id":4245,"url":"https:\/\/artstella-elixirs-floraux.com\/en\/product\/mountain-lion-puma-wea-30-ml\/","url_meta":{"origin":2231,"position":3},"title":"MOUNTAIN LION\/PUMA WEA 30 ML","author":"eveapprill","date":"9 March 2025","format":false,"excerpt":"Mountain Lion (puma) Favorise l\u2019action d\u00e9termin\u00e9e. Est d\u2019un grand soutien pour manifester ses r\u00eaves et visions Aide \u00e0 rester vrai envers soi-m\u00eame. Favorise la capacit\u00e9 \u00e0 \u00ab\u00a0agir selon ses dires\u00a0\u00bb.","rel":"","context":"Similar post","block_context":{"text":"Similar post","link":""},"img":{"alt_text":"","src":"","width":0,"height":0},"classes":[]},{"id":5007,"url":"https:\/\/artstella-elixirs-floraux.com\/en\/product\/stinging-nettle-alaskan-f-sup\/","url_meta":{"origin":2231,"position":4},"title":"STINGING NETTLE ALASKAN F SUP","author":"eveapprill","date":"9 March 2025","format":false,"excerpt":"Stinging Nettle Urtica gracilis Ortie Indications\u00a0: sur la d\u00e9fensive en raison de traumatismes non r\u00e9solus\u00a0; en col\u00e8re, contrari\u00e9\u00a0; d\u00e9connect\u00e9 quand il y a beaucoup \u00e0 faire.","rel":"","context":"Similar post","block_context":{"text":"Similar post","link":""},"img":{"alt_text":"","src":"","width":0,"height":0},"classes":[]},{"id":1963,"url":"https:\/\/artstella-elixirs-floraux.com\/en\/product\/wild-horse-foal-poulain-30ml-wea\/","url_meta":{"origin":2231,"position":5},"title":"WILD HORSE FOAL POULAIN 30ML WEA","author":"eveapprill","date":"27 May 2025","format":false,"excerpt":"Wild Horse Foal (poulain sauvage) apporte le soutien n\u00e9cessaire pour embrasser et se lib\u00e9rer des larmes de chagrins non r\u00e9solus depuis l\u2019enfance. Favorise la sinc\u00e9rit\u00e9 et la douceur. Pour embrasser le c\u0153ur tendre et pur de l\u2019enfant en nous, encourageant la douceur et le sentiment d\u2019appartenance. Pour approfondir le ressenti\u2026","rel":"","context":"Similar post","block_context":{"text":"Similar post","link":""},"img":{"alt_text":"","src":"https:\/\/i0.wp.com\/artstella-elixirs-floraux.com\/wp-content\/uploads\/2025\/05\/foal.jpg?resize=350%2C200&ssl=1","width":350,"height":200,"srcset":"https:\/\/i0.wp.com\/artstella-elixirs-floraux.com\/wp-content\/uploads\/2025\/05\/foal.jpg?resize=350%2C200&ssl=1 1x, https:\/\/i0.wp.com\/artstella-elixirs-floraux.com\/wp-content\/uploads\/2025\/05\/foal.jpg?resize=525%2C300&ssl=1 1.5x, https:\/\/i0.wp.com\/artstella-elixirs-floraux.com\/wp-content\/uploads\/2025\/05\/foal.jpg?resize=700%2C400&ssl=1 2x"},"classes":[]}],"_links":{"self":[{"href":"https:\/\/artstella-elixirs-floraux.com\/en\/wp-json\/wp\/v2\/product\/2231","targetHints":{"allow":["GET"]}}],"collection":[{"href":"https:\/\/artstella-elixirs-floraux.com\/en\/wp-json\/wp\/v2\/product"}],"about":[{"href":"https:\/\/artstella-elixirs-floraux.com\/en\/wp-json\/wp\/v2\/types\/product"}],"version-history":[{"count":0,"href":"https:\/\/artstella-elixirs-floraux.com\/en\/wp-json\/wp\/v2\/product\/2231\/revisions"}],"wp:featuredmedia":[{"embeddable":true,"href":"https:\/\/artstella-elixirs-floraux.com\/en\/wp-json\/wp\/v2\/media\/2232"}],"wp:attachment":[{"href":"https:\/\/artstella-elixirs-floraux.com\/en\/wp-json\/wp\/v2\/media?parent=2231"}],"wp:term":[{"taxonomy":"product_brand","embeddable":true,"href":"https:\/\/artstella-elixirs-floraux.com\/en\/wp-json\/wp\/v2\/product_brand?post=2231"},{"taxonomy":"product_cat","embeddable":true,"href":"https:\/\/artstella-elixirs-floraux.com\/en\/wp-json\/wp\/v2\/product_cat?post=2231"},{"taxonomy":"product_tag","embeddable":true,"href":"https:\/\/artstella-elixirs-floraux.com\/en\/wp-json\/wp\/v2\/product_tag?post=2231"}],"curies":[{"name":"wp","href":"https:\/\/api.w.org\/{rel}","templated":true}]}}