{"id":2243,"date":"2025-03-09T12:53:09","date_gmt":"2025-03-09T12:53:09","guid":{"rendered":"https:\/\/artstella-elixirs-floraux.com\/product\/one-sided-wintergreen-alaskan\/"},"modified":"2025-04-14T10:03:38","modified_gmt":"2025-04-14T10:03:38","slug":"one-sided-wintergreen-alaskan","status":"publish","type":"product","link":"https:\/\/artstella-elixirs-floraux.com\/en\/product\/one-sided-wintergreen-alaskan\/","title":{"rendered":"One -sided wintergreen Alaskan"},"content":{"rendered":"<p><span style=\"color: #008000;\"><strong><em>One -sided wintergreen. Pyrola secunda<\/em><\/strong><\/span><\/p>\n<p>Dysfonctionnement de nos \u00ab\u00a0fronti\u00e8res\u00a0\u00bb, trop influenc\u00e9s par l&rsquo;\u00e9nergie des autres, inconscient de l&rsquo;influence et de l&rsquo;action de l&rsquo;\u00e9nergie sur les autres. Permet aux personnes sensibles de comprendre comment ils influencent et sont influenc\u00e9s par l&rsquo;\u00e9nergie d&rsquo;autrui, nous apprend comment travailler dans la proximit\u00e9 des autres sans perdre son propre centre, pour cr\u00e9er des fronti\u00e8res \u00e9nerg\u00e9tiques bas\u00e9es sur la conscience de notre propre sensibilit\u00e9.<\/p>","protected":false},"excerpt":{"rendered":"<p><span style=\"color: #008000;\"><strong><em>One -sided wintergreen. Pyrola secunda<\/em><\/strong><\/span><\/p>\n<p>Dysfonctionnement de nos \u00ab\u00a0fronti\u00e8res\u00a0\u00bb, trop influenc\u00e9s par l&rsquo;\u00e9nergie des autres, inconscient de l&rsquo;influence et de l&rsquo;action de l&rsquo;\u00e9nergie sur les autres.<\/p>","protected":false},"featured_media":2244,"template":"","meta":[],"product_brand":[],"product_cat":[119],"product_tag":[],"class_list":{"0":"post-2243","1":"product","2":"type-product","3":"status-publish","4":"has-post-thumbnail","6":"product_cat-les-72-elixirs-floraux","8":"first","9":"instock","10":"taxable","11":"shipping-taxable","12":"purchasable","13":"product-type-variable"},"etheme_brands":{"errors":{"invalid_taxonomy":["Invalid taxonomy."]},"error_data":[]},"jetpack_sharing_enabled":true,"jetpack-related-posts":[{"id":3223,"url":"https:\/\/artstella-elixirs-floraux.com\/en\/product\/achillee-blanche-phi-15-ml\/","url_meta":{"origin":2243,"position":0},"title":"ACHILLEE BLANCHE PHI 15 ML","author":"eveapprill","date":"9 March 2025","format":false,"excerpt":"Achill\u00e9e blanche (Achillea millefolium) (Schafgarbe) Renforce notre champ d'\u00e9nergie particuli\u00e8rement dans les phases de transformation. Pour \u00eatre prot\u00e9g\u00e9s des influences n\u00e9gatives de l\u2019environnement. Recommand\u00e9 aux \u00eatres soumis aux influences n\u00e9gatives de leur milieu.","rel":"","context":"Similar post","block_context":{"text":"Similar post","link":""},"img":{"alt_text":"","src":"https:\/\/i0.wp.com\/artstella-elixirs-floraux.com\/wp-content\/uploads\/2025\/03\/wp-image392.png?resize=350%2C200&ssl=1","width":350,"height":200},"classes":[]},{"id":5432,"url":"https:\/\/artstella-elixirs-floraux.com\/en\/product\/cephalanthere-rouge-orchid-rote-bosvogeltje\/","url_meta":{"origin":2243,"position":1},"title":"C\u00e9phalanth\u00e8re rouge Orchid ROTE BOSVOGELTJE","author":"eveapprill","date":"9 March 2025","format":false,"excerpt":"\u00a0C\u00e9phalanth\u00e8re rouge - Cephalanthera rubra- RODE BOSVOGELTJE Cette orchid\u00e9e permet de se sentir l\u2019unit\u00e9 de notre \u00eatre en toutes circonstances. Il apporte de l\u2019assurance int\u00e9rieure, pour ne pas se laisser influencer par les gens ou les circonstances,\u00a0","rel":"","context":"Similar post","block_context":{"text":"Similar post","link":""},"img":{"alt_text":"","src":"","width":0,"height":0},"classes":[]},{"id":5464,"url":"https:\/\/artstella-elixirs-floraux.com\/en\/product\/escholzia-california-poppy-10ml\/","url_meta":{"origin":2243,"position":2},"title":"Escholzia &#8211; California poppy 10ML","author":"","date":"9 March 2025","format":false,"excerpt":"Escholzia \/ Eschscholzia california (california poppy) SLAAPMUTSJE Pour faire confiance \u00e0 notre ressenti et \u00e0 notre c\u0153ur.\u00a0 Apporte chaleur, confiance et paix au niveau du c\u0153ur. Pour d\u00e9passer les aspects superficiels et rechercher la sagesse int\u00e9rieure.","rel":"","context":"Similar post","block_context":{"text":"Similar post","link":""},"img":{"alt_text":"","src":"","width":0,"height":0},"classes":[]},{"id":4360,"url":"https:\/\/artstella-elixirs-floraux.com\/en\/product\/bear-cub-ourson-wea-30-ml\/","url_meta":{"origin":2243,"position":3},"title":"BEAR CUB\/OURSON WEA 30 ML","author":"eveapprill","date":"9 March 2025","format":false,"excerpt":"Bear Cub (ourson) Favorise la prise de conscience de nos sentiments et de ceux des autres. Cet \u00e9lixir nous \u00e9claire sur l\u2019influence de nos actions sur les autres. Pour approfondir la prise de conscience de soi, l\u2019ancrage, l\u2019introspection et mieux nous conna\u00eetre. Pour savoir qui nous sommes.","rel":"","context":"Similar post","block_context":{"text":"Similar post","link":""},"img":{"alt_text":"","src":"https:\/\/i0.wp.com\/artstella-elixirs-floraux.com\/wp-content\/uploads\/2025\/03\/wp-image2318.png?resize=350%2C200&ssl=1","width":350,"height":200,"srcset":"https:\/\/i0.wp.com\/artstella-elixirs-floraux.com\/wp-content\/uploads\/2025\/03\/wp-image2318.png?resize=350%2C200&ssl=1 1x, https:\/\/i0.wp.com\/artstella-elixirs-floraux.com\/wp-content\/uploads\/2025\/03\/wp-image2318.png?resize=525%2C300&ssl=1 1.5x, https:\/\/i0.wp.com\/artstella-elixirs-floraux.com\/wp-content\/uploads\/2025\/03\/wp-image2318.png?resize=700%2C400&ssl=1 2x, https:\/\/i0.wp.com\/artstella-elixirs-floraux.com\/wp-content\/uploads\/2025\/03\/wp-image2318.png?resize=1050%2C600&ssl=1 3x"},"classes":[]},{"id":2215,"url":"https:\/\/artstella-elixirs-floraux.com\/en\/product\/ladys-slipper-alaskan\/","url_meta":{"origin":2243,"position":4},"title":"Lady\u2019s slipper Alaskan","author":"eveapprill","date":"9 March 2025","format":false,"excerpt":"Lady\u2019s slipper. Spiranthes romanzoffiana Manque de sensibilit\u00e9 au flux d'\u00e9nergie dans et autour du corps ; r\u00e9sistance \u00e0 recevoir l'\u00e9nergie gu\u00e9risseuse des autres","rel":"","context":"Similar post","block_context":{"text":"Similar post","link":""},"img":{"alt_text":"","src":"https:\/\/i0.wp.com\/artstella-elixirs-floraux.com\/wp-content\/uploads\/2025\/03\/wp-image563.png?resize=350%2C200&ssl=1","width":350,"height":200},"classes":[]},{"id":3356,"url":"https:\/\/artstella-elixirs-floraux.com\/en\/product\/golden-barrel-cactus-15-ml-phi\/","url_meta":{"origin":2243,"position":5},"title":"GOLDEN BARREL CACTUS 15 ML PHI","author":"eveapprill","date":"9 March 2025","format":false,"excerpt":"Golden barrel cactus dit \u00ab\u00a0coussin de belle m\u00e8re\u00a0\u00bb. (Echinocactus grusonii) Quand nous sommes soumis \u00e0 de trop nombreuses influences et facteurs perturbateurs, l'\u00e9lixir favorise le recentrage, et notamment des personnes qui ont tendance \u00e0 se laisser influencer trop facilement.","rel":"","context":"Similar post","block_context":{"text":"Similar post","link":""},"img":{"alt_text":"","src":"https:\/\/i0.wp.com\/artstella-elixirs-floraux.com\/wp-content\/uploads\/2025\/03\/wp-image360.png?resize=350%2C200&ssl=1","width":350,"height":200},"classes":[]}],"_links":{"self":[{"href":"https:\/\/artstella-elixirs-floraux.com\/en\/wp-json\/wp\/v2\/product\/2243","targetHints":{"allow":["GET"]}}],"collection":[{"href":"https:\/\/artstella-elixirs-floraux.com\/en\/wp-json\/wp\/v2\/product"}],"about":[{"href":"https:\/\/artstella-elixirs-floraux.com\/en\/wp-json\/wp\/v2\/types\/product"}],"version-history":[{"count":0,"href":"https:\/\/artstella-elixirs-floraux.com\/en\/wp-json\/wp\/v2\/product\/2243\/revisions"}],"wp:featuredmedia":[{"embeddable":true,"href":"https:\/\/artstella-elixirs-floraux.com\/en\/wp-json\/wp\/v2\/media\/2244"}],"wp:attachment":[{"href":"https:\/\/artstella-elixirs-floraux.com\/en\/wp-json\/wp\/v2\/media?parent=2243"}],"wp:term":[{"taxonomy":"product_brand","embeddable":true,"href":"https:\/\/artstella-elixirs-floraux.com\/en\/wp-json\/wp\/v2\/product_brand?post=2243"},{"taxonomy":"product_cat","embeddable":true,"href":"https:\/\/artstella-elixirs-floraux.com\/en\/wp-json\/wp\/v2\/product_cat?post=2243"},{"taxonomy":"product_tag","embeddable":true,"href":"https:\/\/artstella-elixirs-floraux.com\/en\/wp-json\/wp\/v2\/product_tag?post=2243"}],"curies":[{"name":"wp","href":"https:\/\/api.w.org\/{rel}","templated":true}]}}