{"id":2288,"date":"2025-03-09T12:53:51","date_gmt":"2025-03-09T12:53:51","guid":{"rendered":"https:\/\/artstella-elixirs-floraux.com\/product\/soapberry-alaskan\/"},"modified":"2025-06-08T23:32:23","modified_gmt":"2025-06-08T23:32:23","slug":"soapberry-alaskan","status":"publish","type":"product","link":"https:\/\/artstella-elixirs-floraux.com\/en\/product\/soapberry-alaskan\/","title":{"rendered":"Soapberry Alaskan"},"content":{"rendered":"<p><span style=\"color: #008000;\"><strong><em>Soapberry. Sheperdia canadensis<\/em><\/strong><\/span><\/p>\n<p>Crainte du pouvoir de la Nature, peur de son propre pouvoir, utilisation de son pouvoir de fa\u00e7on d\u00e9s\u00e9quilibr\u00e9e, inappropri\u00e9e et irresponsable. Nous aide \u00e0 rel\u00e2cher les tensions li\u00e9es \u00e0 la peur de la nature ; nous aide \u00e0 canaliser l&rsquo;expression de la puissance \u00e0 travers nos c\u0153urs<\/p>","protected":false},"excerpt":{"rendered":"<p><span style=\"color: #008000;\"><strong><em>Soapberry. Sheperdia canadensis<\/em><\/strong><\/span><\/p>\n<p>Crainte du pouvoir de la Nature, peur de son propre pouvoir, utilisation de son pouvoir de fa\u00e7on d\u00e9s\u00e9quilibr\u00e9e, inappropri\u00e9e et irresponsable.<\/p>","protected":false},"featured_media":2289,"template":"","meta":[],"product_brand":[],"product_cat":[119,82,109],"product_tag":[],"class_list":{"0":"post-2288","1":"product","2":"type-product","3":"status-publish","4":"has-post-thumbnail","6":"product_cat-les-72-elixirs-floraux","7":"product_cat-elixirs","8":"product_cat-les-elixirs-alaska","10":"first","11":"instock","12":"taxable","13":"shipping-taxable","14":"purchasable","15":"product-type-variable"},"etheme_brands":{"errors":{"invalid_taxonomy":["Invalid taxonomy."]},"error_data":[]},"jetpack_sharing_enabled":true,"jetpack-related-posts":[{"id":2284,"url":"https:\/\/artstella-elixirs-floraux.com\/en\/product\/sitka-spruce-pollen-alaskan\/","url_meta":{"origin":2288,"position":0},"title":"Sitka spruce pollen Alaskan","author":"eveapprill","date":"9 March 2025","format":false,"excerpt":"Sitka spruce pollen. Picea sitchensis Manque d'humilit\u00e9 dans son rapport \u00e0 la terre ; d\u00e9s\u00e9quilibre entre les expressions masculine et f\u00e9minine du pouvoir","rel":"","context":"Similar post","block_context":{"text":"Similar post","link":""},"img":{"alt_text":"","src":"https:\/\/i0.wp.com\/artstella-elixirs-floraux.com\/wp-content\/uploads\/2025\/03\/wp-image582.png?resize=350%2C200&ssl=1","width":350,"height":200},"classes":[]},{"id":4201,"url":"https:\/\/artstella-elixirs-floraux.com\/en\/product\/bear-ours-wea-30-ml\/","url_meta":{"origin":2288,"position":1},"title":"BEAR\/OURS WEA 30 ML","author":"eveapprill","date":"9 March 2025","format":false,"excerpt":"Bear (ours) Aide \u00e0 incuber les id\u00e9es, plans et r\u00eaves et \u00e0 les concr\u00e9tiser. Pour se mettre en contact avec le pouvoir de son propre inconscient et cultiver la force, l\u2019ancrage et le pouvoir.","rel":"","context":"Similar post","block_context":{"text":"Similar post","link":""},"img":{"alt_text":"","src":"https:\/\/i0.wp.com\/artstella-elixirs-floraux.com\/wp-content\/uploads\/2025\/03\/wp-image2247.png?resize=350%2C200&ssl=1","width":350,"height":200,"srcset":"https:\/\/i0.wp.com\/artstella-elixirs-floraux.com\/wp-content\/uploads\/2025\/03\/wp-image2247.png?resize=350%2C200&ssl=1 1x, https:\/\/i0.wp.com\/artstella-elixirs-floraux.com\/wp-content\/uploads\/2025\/03\/wp-image2247.png?resize=525%2C300&ssl=1 1.5x, https:\/\/i0.wp.com\/artstella-elixirs-floraux.com\/wp-content\/uploads\/2025\/03\/wp-image2247.png?resize=700%2C400&ssl=1 2x, https:\/\/i0.wp.com\/artstella-elixirs-floraux.com\/wp-content\/uploads\/2025\/03\/wp-image2247.png?resize=1050%2C600&ssl=1 3x"},"classes":[]},{"id":4110,"url":"https:\/\/artstella-elixirs-floraux.com\/en\/product\/puma-el-chamaniques-15-ml\/","url_meta":{"origin":2288,"position":2},"title":"PUMA EL CHAMANIQUES 15 ML","author":"eveapprill","date":"9 March 2025","format":false,"excerpt":"PUMA\u00a0 \" Le Gardien du Temple\" Leadership \u2013 Contr\u00f4le de l\u2019ego - Pouvoir L\u2019\u00e9lixir aide \u00e0 prendre nos responsabilit\u00e9s. Il soutient l\u2019action efficace et apporte l\u2019aide n\u00e9cessaire pour manifester nos r\u00eaves et nos visions.","rel":"","context":"Similar post","block_context":{"text":"Similar post","link":""},"img":{"alt_text":"","src":"","width":0,"height":0},"classes":[]},{"id":5003,"url":"https:\/\/artstella-elixirs-floraux.com\/en\/product\/star-gentian-alaskan-f-sup\/","url_meta":{"origin":2288,"position":3},"title":"STAR GENTIAN ALASKAN F SUP","author":"eveapprill","date":"9 March 2025","format":false,"excerpt":"Star Gentian\u00a0 Swertia perennis Swertie vivace Indications\u00a0: insensibilit\u00e9, manque de d\u00e9votion ou d\u2019engagement \u00e0 des id\u00e9aux \u00e9lev\u00e9s\u00a0; tendance \u00e0 la comp\u00e9tition plut\u00f4t qu\u2019\u00e0 la coop\u00e9ration.","rel":"","context":"Similar post","block_context":{"text":"Similar post","link":""},"img":{"alt_text":"","src":"","width":0,"height":0},"classes":[]},{"id":2433,"url":"https:\/\/artstella-elixirs-floraux.com\/en\/product\/typhoon\/","url_meta":{"origin":2288,"position":4},"title":"TYPHOON &#8211; Typhon","author":"eveapprill","date":"9 March 2025","format":false,"excerpt":"TYPHOON - Typhon enseigne comment accepter le pouvoir de la nature dans sa capacit\u00e9 \u00e0 nettoyer, avec suffisamment de confiance pour lui laisser faire son travail de gu\u00e9rison. Il rappelle aussi comment ancrer nos vies dans l\u2019essentiel, en sachant laisser le reste. (\u00c9dition limit\u00e9e)","rel":"","context":"Similar post","block_context":{"text":"Similar post","link":""},"img":{"alt_text":"","src":"https:\/\/i0.wp.com\/artstella-elixirs-floraux.com\/wp-content\/uploads\/2025\/03\/wp-image1470.png?resize=350%2C200&ssl=1","width":350,"height":200},"classes":[]},{"id":6211,"url":"https:\/\/artstella-elixirs-floraux.com\/en\/product\/elixir-ocean-n-26-phi-15ml\/","url_meta":{"origin":2288,"position":5},"title":"ELIXIR OCEAN N\u00b0 26 PHI 15ml","author":"eveapprill","date":"9 March 2025","format":false,"excerpt":"ELIXIR OCEAN N\u00b0 26\u00a0 agit au niveau de l\u2019inconscient profond. Des sentiments profonds de peurs ou d\u2019ins\u00e9curit\u00e9 peuvent \u00eatre conscientis\u00e9s. Il am\u00e9liore et renforce la paix int\u00e9rieure et la confiance. Gr\u00e2ce \u00e0 cette confiance renouvel\u00e9e, il devient possible de se lib\u00e9rer des choses anciennes de fa\u00e7on \u00e0 pouvoir progresser int\u00e9rieurement.","rel":"","context":"Similar post","block_context":{"text":"Similar post","link":""},"img":{"alt_text":"","src":"","width":0,"height":0},"classes":[]}],"_links":{"self":[{"href":"https:\/\/artstella-elixirs-floraux.com\/en\/wp-json\/wp\/v2\/product\/2288","targetHints":{"allow":["GET"]}}],"collection":[{"href":"https:\/\/artstella-elixirs-floraux.com\/en\/wp-json\/wp\/v2\/product"}],"about":[{"href":"https:\/\/artstella-elixirs-floraux.com\/en\/wp-json\/wp\/v2\/types\/product"}],"version-history":[{"count":0,"href":"https:\/\/artstella-elixirs-floraux.com\/en\/wp-json\/wp\/v2\/product\/2288\/revisions"}],"wp:featuredmedia":[{"embeddable":true,"href":"https:\/\/artstella-elixirs-floraux.com\/en\/wp-json\/wp\/v2\/media\/2289"}],"wp:attachment":[{"href":"https:\/\/artstella-elixirs-floraux.com\/en\/wp-json\/wp\/v2\/media?parent=2288"}],"wp:term":[{"taxonomy":"product_brand","embeddable":true,"href":"https:\/\/artstella-elixirs-floraux.com\/en\/wp-json\/wp\/v2\/product_brand?post=2288"},{"taxonomy":"product_cat","embeddable":true,"href":"https:\/\/artstella-elixirs-floraux.com\/en\/wp-json\/wp\/v2\/product_cat?post=2288"},{"taxonomy":"product_tag","embeddable":true,"href":"https:\/\/artstella-elixirs-floraux.com\/en\/wp-json\/wp\/v2\/product_tag?post=2288"}],"curies":[{"name":"wp","href":"https:\/\/api.w.org\/{rel}","templated":true}]}}