{"id":2299,"date":"2025-03-09T12:54:00","date_gmt":"2025-03-09T12:54:00","guid":{"rendered":"https:\/\/artstella-elixirs-floraux.com\/product\/spiraea-alaskan\/"},"modified":"2025-06-08T23:32:22","modified_gmt":"2025-06-08T23:32:22","slug":"spiraea-alaskan","status":"publish","type":"product","link":"https:\/\/artstella-elixirs-floraux.com\/en\/product\/spiraea-alaskan\/","title":{"rendered":"Spiraea Alaskan"},"content":{"rendered":"<p><span style=\"color: #008000;\"><strong><em>Spiraea. Spirea beauverdiana<\/em><\/strong><\/span><\/p>\n<p>Ne se sent pas soutenu par la vie, met ses propres limitations \u00e0 la fa\u00e7on dont la vie nous soutient, attachement aux choses telles qu&rsquo;elles sont m\u00eame si on ne les aime pas. Pour une acceptation inconditionnelle du soutien de toutes sortes, nous apprend \u00e0 nourrir et \u00e0 \u00eatre nourris par la vie \u00e0 travers l&rsquo;ouverture et la gratitude.<\/p>","protected":false},"excerpt":{"rendered":"<p><span style=\"color: #008000;\"><strong><em>Spiraea. Spirea beauverdiana<\/em><\/strong><\/span><\/p>\n<p>Ne se sent pas soutenu par la vie, met ses propres limitations \u00e0 la fa\u00e7on dont la vie nous soutient, attachement aux choses telles qu&rsquo;elles sont m\u00eame si on ne les aime pas.<\/p>","protected":false},"featured_media":2300,"template":"","meta":[],"product_brand":[],"product_cat":[119,82,109],"product_tag":[],"class_list":{"0":"post-2299","1":"product","2":"type-product","3":"status-publish","4":"has-post-thumbnail","6":"product_cat-les-72-elixirs-floraux","7":"product_cat-elixirs","8":"product_cat-les-elixirs-alaska","10":"first","11":"instock","12":"taxable","13":"shipping-taxable","14":"purchasable","15":"product-type-variable"},"etheme_brands":{"errors":{"invalid_taxonomy":["Invalid taxonomy."]},"error_data":[]},"jetpack_sharing_enabled":true,"jetpack-related-posts":[{"id":6048,"url":"https:\/\/artstella-elixirs-floraux.com\/en\/product\/elixir-ocean-n10-phi-15ml\/","url_meta":{"origin":2299,"position":0},"title":"ELIXIR OCEAN N\u00b010 PHI 15ML","author":"eveapprill","date":"9 March 2025","format":false,"excerpt":"L\u2019\u00e9lixir aide \u00e0 \u00e9quilibrer nos \u00e9motions et notre Ego. De cette fa\u00e7on, nous pouvons mieux nous int\u00e9grer dans un groupe et agir de fa\u00e7on coordonn\u00e9e. Il nous aide \u00e9nerg\u00e9tiquement (cellules, groupes) \u00e0 int\u00e9grer des structures et soutient la collaboration pour le succ\u00e8s de tous. Coordination et harmonisation.","rel":"","context":"Similar post","block_context":{"text":"Similar post","link":""},"img":{"alt_text":"","src":"https:\/\/i0.wp.com\/artstella-elixirs-floraux.com\/wp-content\/uploads\/2025\/03\/wp-image2048.png?resize=350%2C200&ssl=1","width":350,"height":200},"classes":[]},{"id":4864,"url":"https:\/\/artstella-elixirs-floraux.com\/en\/product\/alaska-violet-alaska-f-sup\/","url_meta":{"origin":2299,"position":1},"title":"ALASKA VIOLET ALASKA F SUP","author":"eveapprill","date":"9 March 2025","format":false,"excerpt":"Alaska Violet Indications : le manque de mise \u00e0 la terre ; frileuse ; timides ; r\u00e9ticents ; Impossible d'actualiser son but dans la vie d'une mani\u00e8re pratique sur le plan physique.","rel":"","context":"Similar post","block_context":{"text":"Similar post","link":""},"img":{"alt_text":"","src":"https:\/\/i0.wp.com\/artstella-elixirs-floraux.com\/wp-content\/uploads\/2025\/03\/wp-image1371.png?resize=350%2C200&ssl=1","width":350,"height":200},"classes":[]},{"id":3509,"url":"https:\/\/artstella-elixirs-floraux.com\/en\/product\/positive-flow-lto-15-ml\/","url_meta":{"origin":2299,"position":2},"title":"POSITIVE FLOW LTO 15 ML","author":"eveapprill","date":"9 March 2025","format":false,"excerpt":"Positive flow \/ Flux positif : Est compos\u00e9 de \"Pushing back the Nigth\" et de \"Positive Outcome\", pour favoriser l'abondance. Ce compos\u00e9 a une forte action sur le plexus solaire de m\u00eame que le centre \"ajana\" entre les sourcils et soutient un sentiment de \"je peux le faire","rel":"","context":"Similar post","block_context":{"text":"Similar post","link":""},"img":{"alt_text":"","src":"https:\/\/i0.wp.com\/artstella-elixirs-floraux.com\/wp-content\/uploads\/2025\/03\/dd7269bb-4eec-4fbd-b957-0f46453cd529.jpg?resize=350%2C200&ssl=1","width":350,"height":200,"srcset":"https:\/\/i0.wp.com\/artstella-elixirs-floraux.com\/wp-content\/uploads\/2025\/03\/dd7269bb-4eec-4fbd-b957-0f46453cd529.jpg?resize=350%2C200&ssl=1 1x, https:\/\/i0.wp.com\/artstella-elixirs-floraux.com\/wp-content\/uploads\/2025\/03\/dd7269bb-4eec-4fbd-b957-0f46453cd529.jpg?resize=525%2C300&ssl=1 1.5x, https:\/\/i0.wp.com\/artstella-elixirs-floraux.com\/wp-content\/uploads\/2025\/03\/dd7269bb-4eec-4fbd-b957-0f46453cd529.jpg?resize=700%2C400&ssl=1 2x"},"classes":[]},{"id":6062,"url":"https:\/\/artstella-elixirs-floraux.com\/en\/product\/elixir-ocean-n17-phi-15ml\/","url_meta":{"origin":2299,"position":3},"title":"ELIXIR OCEAN N\u00b017 PHI 15ML","author":"eveapprill","date":"9 March 2025","format":false,"excerpt":"L\u2019\u00e9lixir agit sur les blocages tr\u00e8s profond\u00e9ment ancr\u00e9s dans le subconscient. Les sentiments tels la peur et la honte peuvent \u00eatre lib\u00e9r\u00e9s. Il aide \u00e0 d\u00e9velopper une clart\u00e9 int\u00e9rieure et am\u00e9liore l\u2019estime de soi.e.","rel":"","context":"Similar post","block_context":{"text":"Similar post","link":""},"img":{"alt_text":"","src":"","width":0,"height":0},"classes":[]},{"id":5069,"url":"https:\/\/artstella-elixirs-floraux.com\/en\/product\/green-tour-verte-30ml-gem-sup\/","url_meta":{"origin":2299,"position":4},"title":"GREEN TOUR\/ VERTE 30ML GEM SUP","author":"eveapprill","date":"9 March 2025","format":false,"excerpt":"Green Tourmaline \u2013 Tourmaline verte Indication : peurs et sentiments d\u2019inf\u00e9riorit\u00e9 bloquant les liens intimes du c\u0153ur aux autres\u00a0; manque de transparence dans les relations\u00a0; difficult\u00e9 \u00e0 rester pr\u00e9sent dans la confrontation \u00e0 de fortes \u00e9motions ou aux autres.","rel":"","context":"Similar post","block_context":{"text":"Similar post","link":""},"img":{"alt_text":"","src":"https:\/\/i0.wp.com\/artstella-elixirs-floraux.com\/wp-content\/uploads\/2025\/03\/wp-image1405.png?resize=350%2C200&ssl=1","width":350,"height":200},"classes":[]},{"id":6103,"url":"https:\/\/artstella-elixirs-floraux.com\/en\/product\/coprin-chevelu-phi\/","url_meta":{"origin":2299,"position":5},"title":"Coprin chevelu PHI","author":"eveapprill","date":"9 March 2025","format":false,"excerpt":"Coprin chevelu - Schopftintling: (Coprinus comatus) Pour ceux qui ont du mal \u00e0 se remettre en question et ont tendance \u00e0 critiquer.","rel":"","context":"Similar post","block_context":{"text":"Similar post","link":""},"img":{"alt_text":"","src":"","width":0,"height":0},"classes":[]}],"_links":{"self":[{"href":"https:\/\/artstella-elixirs-floraux.com\/en\/wp-json\/wp\/v2\/product\/2299","targetHints":{"allow":["GET"]}}],"collection":[{"href":"https:\/\/artstella-elixirs-floraux.com\/en\/wp-json\/wp\/v2\/product"}],"about":[{"href":"https:\/\/artstella-elixirs-floraux.com\/en\/wp-json\/wp\/v2\/types\/product"}],"version-history":[{"count":0,"href":"https:\/\/artstella-elixirs-floraux.com\/en\/wp-json\/wp\/v2\/product\/2299\/revisions"}],"wp:featuredmedia":[{"embeddable":true,"href":"https:\/\/artstella-elixirs-floraux.com\/en\/wp-json\/wp\/v2\/media\/2300"}],"wp:attachment":[{"href":"https:\/\/artstella-elixirs-floraux.com\/en\/wp-json\/wp\/v2\/media?parent=2299"}],"wp:term":[{"taxonomy":"product_brand","embeddable":true,"href":"https:\/\/artstella-elixirs-floraux.com\/en\/wp-json\/wp\/v2\/product_brand?post=2299"},{"taxonomy":"product_cat","embeddable":true,"href":"https:\/\/artstella-elixirs-floraux.com\/en\/wp-json\/wp\/v2\/product_cat?post=2299"},{"taxonomy":"product_tag","embeddable":true,"href":"https:\/\/artstella-elixirs-floraux.com\/en\/wp-json\/wp\/v2\/product_tag?post=2299"}],"curies":[{"name":"wp","href":"https:\/\/api.w.org\/{rel}","templated":true}]}}