{"id":2307,"date":"2025-03-09T12:54:08","date_gmt":"2025-03-09T12:54:08","guid":{"rendered":"https:\/\/artstella-elixirs-floraux.com\/product\/sunflower-alaskan\/"},"modified":"2025-06-08T23:32:22","modified_gmt":"2025-06-08T23:32:22","slug":"sunflower-alaskan","status":"publish","type":"product","link":"https:\/\/artstella-elixirs-floraux.com\/en\/product\/sunflower-alaskan\/","title":{"rendered":"Sunflower Alaskan"},"content":{"rendered":"<p><strong><em>Sunflower. Helianthus annuala., Tournesol<\/em><\/strong><\/p>\n<p>D\u00e9s\u00e9quilibre de l&rsquo;\u00e9nergie masculine chez l&rsquo;homme ou la femme, lien trop faible ou dysfonctionnel au p\u00e8re, ou \u00e0 notre propre identit\u00e9 en tant que p\u00e8re. Renforce le rayonnement de notre moi, encourage une expression \u00e9quilibr\u00e9e de l&rsquo;\u00e9nergie masculine aussi bien chez l&rsquo;homme que la femme ; d\u00e9veloppe un lien sain \u00e0 l&rsquo;autorit\u00e9<\/p>","protected":false},"excerpt":{"rendered":"<p><strong><em>Sunflower. Helianthus annuala., Tournesol<\/em><\/strong><\/p>\n<p>D\u00e9s\u00e9quilibre de l&rsquo;\u00e9nergie masculine chez l&rsquo;homme ou la femme, lien trop faible ou dysfonctionnel au p\u00e8re, ou \u00e0 notre propre identit\u00e9 en tant que p\u00e8re.<\/p>","protected":false},"featured_media":2308,"template":"","meta":[],"product_brand":[],"product_cat":[119,82,109],"product_tag":[],"class_list":{"0":"post-2307","1":"product","2":"type-product","3":"status-publish","4":"has-post-thumbnail","6":"product_cat-les-72-elixirs-floraux","7":"product_cat-elixirs","8":"product_cat-les-elixirs-alaska","10":"first","11":"instock","12":"taxable","13":"shipping-taxable","14":"purchasable","15":"product-type-variable"},"etheme_brands":{"errors":{"invalid_taxonomy":["Invalid taxonomy."]},"error_data":[]},"jetpack_sharing_enabled":true,"jetpack-related-posts":[{"id":2430,"url":"https:\/\/artstella-elixirs-floraux.com\/en\/product\/solar-eclipse\/","url_meta":{"origin":2307,"position":0},"title":"Solar Eclipse &#8211; Eclipse solaire","author":"eveapprill","date":"9 March 2025","format":false,"excerpt":"Eclipse Solaire Harmonise et \u00e9quilibre les \u00e9nergies f\u00e9minines et masculines, aussi bien chez les hommes que les femmes, il soutient la conscience de l\u2019accroissement du pouvoir masculin int\u00e9rieur. (\u00c9dition limit\u00e9e)","rel":"","context":"Similar post","block_context":{"text":"Similar post","link":""},"img":{"alt_text":"","src":"","width":0,"height":0},"classes":[]},{"id":5972,"url":"https:\/\/artstella-elixirs-floraux.com\/en\/product\/topinambour-bloesem-10ml\/","url_meta":{"origin":2307,"position":1},"title":"TOPINAMBOUR BLOESEM 10ML","author":"eveapprill","date":"9 March 2025","format":false,"excerpt":"TOPINAMBOUR- Helianthus tuberosus.- ZONNEBLOEM Ce tournesol, connu en fran\u00e7ais sous le nom topinambour ou artichaut de J\u00e9rusalem, travaille sur le principe paternel pour les hommes comme pour des femmes. Cette essence nous aide \u00e0 nous d\u00e9fendre, restaure la connexion avec l\u2019arch\u00e9type du p\u00e8re et de se d\u00e9faire des probl\u00e8mes qui\u2026","rel":"","context":"Similar post","block_context":{"text":"Similar post","link":""},"img":{"alt_text":"","src":"","width":0,"height":0},"classes":[]},{"id":2174,"url":"https:\/\/artstella-elixirs-floraux.com\/en\/product\/green-fairy-orchid-alaskan\/","url_meta":{"origin":2307,"position":2},"title":"Green fairy orchid Alaskan","author":"eveapprill","date":"9 March 2025","format":false,"excerpt":"Green fairy orchid. Hammarbya paludosa D\u00e9s\u00e9quilibre de base entre les aspects masculins et f\u00e9minins du moi ; difficult\u00e9 \u00e0 r\u00e9soudre les conflits internes ; maintient la s\u00e9paration par la d\u00e9fensive.","rel":"","context":"Similar post","block_context":{"text":"Similar post","link":""},"img":{"alt_text":"","src":"https:\/\/i0.wp.com\/artstella-elixirs-floraux.com\/wp-content\/uploads\/2025\/03\/wp-image539.png?resize=350%2C200&ssl=1","width":350,"height":200},"classes":[]},{"id":4921,"url":"https:\/\/artstella-elixirs-floraux.com\/en\/product\/fairy-slipper-alaskan-f-sup\/","url_meta":{"origin":2307,"position":3},"title":"FAIRY SLIPPER ALASKAN F SUP","author":"eveapprill","date":"9 March 2025","format":false,"excerpt":"Fairy Slipper \u00a0Calypso bulbeuse Aide \u00e0 incarner notre pouvoir et notre beaut\u00e9 ; soutien afin de donner une direction claire \u00e0 notre individualit\u00e9 ; aide \u00e0 manifester notre sagesse par notre corps physique ; renforce le principe masculin tant chez l\u2019homme que chez la femme ; facilite une communication claire\u2026","rel":"","context":"Similar post","block_context":{"text":"Similar post","link":""},"img":{"alt_text":"","src":"https:\/\/i0.wp.com\/artstella-elixirs-floraux.com\/wp-content\/uploads\/2025\/03\/wp-image1386.png?resize=350%2C200&ssl=1","width":350,"height":200},"classes":[]},{"id":5566,"url":"https:\/\/artstella-elixirs-floraux.com\/en\/product\/ravenelle-sylfos-15-ml\/","url_meta":{"origin":2307,"position":4},"title":"RAVENELLE SYLFOS 15 ML","author":"eveapprill","date":"9 March 2025","format":false,"excerpt":"RAVENELLE\u00a0 Raphanus raphanistrum RABANO \u00a0 \u00a0 Pour gu\u00e9rir les blessures dans la relation avec le p\u00e8re ou l\u2019image masculine.","rel":"","context":"Similar post","block_context":{"text":"Similar post","link":""},"img":{"alt_text":"","src":"","width":0,"height":0},"classes":[]},{"id":5138,"url":"https:\/\/artstella-elixirs-floraux.com\/en\/product\/pater-15-ml\/","url_meta":{"origin":2307,"position":5},"title":"PATER 15 ML","author":"eveapprill","date":"9 March 2025","format":false,"excerpt":"PATER 15ML Pour se reconnecter au sch\u00e9ma \u00e9motionnel du \u00ab\u00a0P\u00e8re Int\u00e9rieur\u00a0\u00bb. Aide \u00e0 clarifier la lign\u00e9e paternelle, aussi bien ascendante que descendante. Apporte un soutien au niveau physique et psychique dans la relation au p\u00e8re et d\u00e9veloppe \u00a0l'union et la r\u00e9conciliation p\u00e8re\/enfant. Permet une relation saine \u00e0 l\u2019autorit\u00e9 et au\u2026","rel":"","context":"Similar post","block_context":{"text":"Similar post","link":""},"img":{"alt_text":"","src":"https:\/\/i0.wp.com\/artstella-elixirs-floraux.com\/wp-content\/uploads\/2025\/03\/825ba292-20de-49d2-a6f8-42ef8c9b88bc.jpg?resize=350%2C200&ssl=1","width":350,"height":200,"srcset":"https:\/\/i0.wp.com\/artstella-elixirs-floraux.com\/wp-content\/uploads\/2025\/03\/825ba292-20de-49d2-a6f8-42ef8c9b88bc.jpg?resize=350%2C200&ssl=1 1x, https:\/\/i0.wp.com\/artstella-elixirs-floraux.com\/wp-content\/uploads\/2025\/03\/825ba292-20de-49d2-a6f8-42ef8c9b88bc.jpg?resize=525%2C300&ssl=1 1.5x, https:\/\/i0.wp.com\/artstella-elixirs-floraux.com\/wp-content\/uploads\/2025\/03\/825ba292-20de-49d2-a6f8-42ef8c9b88bc.jpg?resize=700%2C400&ssl=1 2x"},"classes":[]}],"_links":{"self":[{"href":"https:\/\/artstella-elixirs-floraux.com\/en\/wp-json\/wp\/v2\/product\/2307","targetHints":{"allow":["GET"]}}],"collection":[{"href":"https:\/\/artstella-elixirs-floraux.com\/en\/wp-json\/wp\/v2\/product"}],"about":[{"href":"https:\/\/artstella-elixirs-floraux.com\/en\/wp-json\/wp\/v2\/types\/product"}],"version-history":[{"count":0,"href":"https:\/\/artstella-elixirs-floraux.com\/en\/wp-json\/wp\/v2\/product\/2307\/revisions"}],"wp:featuredmedia":[{"embeddable":true,"href":"https:\/\/artstella-elixirs-floraux.com\/en\/wp-json\/wp\/v2\/media\/2308"}],"wp:attachment":[{"href":"https:\/\/artstella-elixirs-floraux.com\/en\/wp-json\/wp\/v2\/media?parent=2307"}],"wp:term":[{"taxonomy":"product_brand","embeddable":true,"href":"https:\/\/artstella-elixirs-floraux.com\/en\/wp-json\/wp\/v2\/product_brand?post=2307"},{"taxonomy":"product_cat","embeddable":true,"href":"https:\/\/artstella-elixirs-floraux.com\/en\/wp-json\/wp\/v2\/product_cat?post=2307"},{"taxonomy":"product_tag","embeddable":true,"href":"https:\/\/artstella-elixirs-floraux.com\/en\/wp-json\/wp\/v2\/product_tag?post=2307"}],"curies":[{"name":"wp","href":"https:\/\/api.w.org\/{rel}","templated":true}]}}