{"id":2311,"date":"2025-03-09T12:54:12","date_gmt":"2025-03-09T12:54:12","guid":{"rendered":"https:\/\/artstella-elixirs-floraux.com\/product\/sweetgale-alaskan\/"},"modified":"2025-06-08T23:32:22","modified_gmt":"2025-06-08T23:32:22","slug":"sweetgale-alaskan","status":"publish","type":"product","link":"https:\/\/artstella-elixirs-floraux.com\/en\/product\/sweetgale-alaskan\/","title":{"rendered":"Sweetgale Alaskan"},"content":{"rendered":"<p><span style=\"color: #008000;\"><strong><em>Sweetgale. Myrica gale<\/em><\/strong><\/span><\/p>\n<p>\u00c9motions bloqu\u00e9es dans les chakras de base ; communication avec les autres sur le mode de la d\u00e9fensive, manque de clart\u00e9 qui se manifeste par le conflit, la critique et\/ou la culpabilit\u00e9. Permet d&rsquo;identifier et de rel\u00e2cher les tensions profondes qui d\u00e9terminent la qualit\u00e9 de notre communication avec les autres, plus sp\u00e9cialement dans les rapports homme\/femme.<\/p>","protected":false},"excerpt":{"rendered":"<p><span style=\"color: #008000;\"><strong><em>Sweetgale. Myrica gale<\/em><\/strong><\/span><\/p>\n<p>\u00c9motions bloqu\u00e9es dans les chakras de base ; communication avec les autres sur le mode de la d\u00e9fensive, manque de clart\u00e9 qui se manifeste par le conflit, la critique et\/ou la culpabilit\u00e9.<\/p>","protected":false},"featured_media":2312,"template":"","meta":[],"product_brand":[],"product_cat":[119,82,109],"product_tag":[],"class_list":{"0":"post-2311","1":"product","2":"type-product","3":"status-publish","4":"has-post-thumbnail","6":"product_cat-les-72-elixirs-floraux","7":"product_cat-elixirs","8":"product_cat-les-elixirs-alaska","10":"first","11":"instock","12":"taxable","13":"shipping-taxable","14":"purchasable","15":"product-type-variable"},"etheme_brands":{"errors":{"invalid_taxonomy":["Invalid taxonomy."]},"error_data":[]},"jetpack_sharing_enabled":true,"jetpack-related-posts":[{"id":2150,"url":"https:\/\/artstella-elixirs-floraux.com\/en\/product\/forget-me-not-alaska\/","url_meta":{"origin":2311,"position":0},"title":"FORGET ME NOT ALASKA","author":"eveapprill","date":"9 March 2025","format":false,"excerpt":"FORGET ME NOT ALASKA Sensation d'\u00eatre s\u00e9par\u00e9 ; difficult\u00e9 \u00e0 connecter la dimension spirituelle, connexion aux autres bloqu\u00e9e par des peurs inconscientes, sensation de culpabilit\u00e9 en rapport avec des actions du pass\u00e9. Permet de rel\u00e2cher les peurs, sentiments de culpabilit\u00e9 et souffrances subconscientes, permet de retrouver respect et compassion envers\u2026","rel":"","context":"Similar post","block_context":{"text":"Similar post","link":""},"img":{"alt_text":"","src":"https:\/\/i0.wp.com\/artstella-elixirs-floraux.com\/wp-content\/uploads\/2025\/03\/wp-image561.png?resize=350%2C200&ssl=1","width":350,"height":200},"classes":[]},{"id":4001,"url":"https:\/\/artstella-elixirs-floraux.com\/en\/product\/boldo-15-ml-sylfos\/","url_meta":{"origin":2311,"position":1},"title":"BOLDO \/ BOLDO SYLFOS","author":"eveapprill","date":"9 March 2025","format":false,"excerpt":"BOLDO Boldea fragans R\u00e9conciliation avec soi, gu\u00e9rison des \u00e9motions. Aide \u00e0 surmonter l\u2019amertume, la culpabilit\u00e9, le manque d\u2019int\u00e9r\u00eat pour la vie et pour soi,","rel":"","context":"Similar post","block_context":{"text":"Similar post","link":""},"img":{"alt_text":"","src":"","width":0,"height":0},"classes":[]},{"id":2680,"url":"https:\/\/artstella-elixirs-floraux.com\/en\/product\/beyond-words\/","url_meta":{"origin":2311,"position":2},"title":"BEYOND WORDS","author":"eveapprill","date":"9 March 2025","format":false,"excerpt":"Beyond Words\u00a0 (Au-del\u00e0 des mots) Gouttes uniquement Contient : Azurite \u2022 Devil's Club \u2022 Lamb's Quarters \u2022 Lapis Lazuli \u2022 Sweetgale \u2022 Twinflower \u2022 Yellow Violet Permet d'augmenter la capacit\u00e9 d'expression verbale et non- verbale. Facilite l'\u00e9change du flux d'informations et d'id\u00e9es entre deux personnes et donc la compr\u00e9hension.","rel":"","context":"Similar post","block_context":{"text":"Similar post","link":""},"img":{"alt_text":"","src":"https:\/\/i0.wp.com\/artstella-elixirs-floraux.com\/wp-content\/uploads\/2025\/03\/1b8b47cb-0680-4a76-aa14-035469736d97.jpg?resize=350%2C200&ssl=1","width":350,"height":200,"srcset":"https:\/\/i0.wp.com\/artstella-elixirs-floraux.com\/wp-content\/uploads\/2025\/03\/1b8b47cb-0680-4a76-aa14-035469736d97.jpg?resize=350%2C200&ssl=1 1x, https:\/\/i0.wp.com\/artstella-elixirs-floraux.com\/wp-content\/uploads\/2025\/03\/1b8b47cb-0680-4a76-aa14-035469736d97.jpg?resize=525%2C300&ssl=1 1.5x, https:\/\/i0.wp.com\/artstella-elixirs-floraux.com\/wp-content\/uploads\/2025\/03\/1b8b47cb-0680-4a76-aa14-035469736d97.jpg?resize=700%2C400&ssl=1 2x"},"classes":[]},{"id":5526,"url":"https:\/\/artstella-elixirs-floraux.com\/en\/product\/beyond-words-spray-60ml\/","url_meta":{"origin":2311,"position":3},"title":"BEYOND WORDS SPRAY 60ml","author":"eveapprill","date":"9 March 2025","format":false,"excerpt":"BEYOND WORDS (Au-del\u00e0 des mots) (spray 60 ml) Est une formule qui permet d'augmenter notre capacit\u00e9 d'expression verbale et non - verbale. Elle facilite l'\u00e9change du flux d'informations et d'id\u00e9es entre deux personnes et donc la compr\u00e9hension.","rel":"","context":"Similar post","block_context":{"text":"Similar post","link":""},"img":{"alt_text":"","src":"https:\/\/i0.wp.com\/artstella-elixirs-floraux.com\/wp-content\/uploads\/2025\/03\/876d2e65-744e-4ea5-95bc-59cb409a0719.jpg?resize=350%2C200&ssl=1","width":350,"height":200,"srcset":"https:\/\/i0.wp.com\/artstella-elixirs-floraux.com\/wp-content\/uploads\/2025\/03\/876d2e65-744e-4ea5-95bc-59cb409a0719.jpg?resize=350%2C200&ssl=1 1x, https:\/\/i0.wp.com\/artstella-elixirs-floraux.com\/wp-content\/uploads\/2025\/03\/876d2e65-744e-4ea5-95bc-59cb409a0719.jpg?resize=525%2C300&ssl=1 1.5x, https:\/\/i0.wp.com\/artstella-elixirs-floraux.com\/wp-content\/uploads\/2025\/03\/876d2e65-744e-4ea5-95bc-59cb409a0719.jpg?resize=700%2C400&ssl=1 2x"},"classes":[]},{"id":2331,"url":"https:\/\/artstella-elixirs-floraux.com\/en\/product\/twinflower-alaskan\/","url_meta":{"origin":2311,"position":4},"title":"Twinflower Alaskan","author":"eveapprill","date":"9 March 2025","format":false,"excerpt":"Twinflower. Linnaea Borealis Communication r\u00e9active ou sur la d\u00e9fensive ; difficult\u00e9 \u00e0 comprendre ce que disent les autres.","rel":"","context":"Similar post","block_context":{"text":"Similar post","link":""},"img":{"alt_text":"","src":"https:\/\/i0.wp.com\/artstella-elixirs-floraux.com\/wp-content\/uploads\/2025\/03\/wp-image596.png?resize=350%2C200&ssl=1","width":350,"height":200},"classes":[]},{"id":5468,"url":"https:\/\/artstella-elixirs-floraux.com\/en\/product\/bignone-trumpet-vine-10-ml\/","url_meta":{"origin":2311,"position":5},"title":"Bignone &#8211; TRUMPET VINE 10 ML","author":"eveapprill","date":"9 March 2025","format":false,"excerpt":"Bignone \/ Campis radicans (trumpet vine) Am\u00e9liore la qualit\u00e9 de la communication en l\u2019approfondissant","rel":"","context":"Similar post","block_context":{"text":"Similar post","link":""},"img":{"alt_text":"","src":"","width":0,"height":0},"classes":[]}],"_links":{"self":[{"href":"https:\/\/artstella-elixirs-floraux.com\/en\/wp-json\/wp\/v2\/product\/2311","targetHints":{"allow":["GET"]}}],"collection":[{"href":"https:\/\/artstella-elixirs-floraux.com\/en\/wp-json\/wp\/v2\/product"}],"about":[{"href":"https:\/\/artstella-elixirs-floraux.com\/en\/wp-json\/wp\/v2\/types\/product"}],"version-history":[{"count":0,"href":"https:\/\/artstella-elixirs-floraux.com\/en\/wp-json\/wp\/v2\/product\/2311\/revisions"}],"wp:featuredmedia":[{"embeddable":true,"href":"https:\/\/artstella-elixirs-floraux.com\/en\/wp-json\/wp\/v2\/media\/2312"}],"wp:attachment":[{"href":"https:\/\/artstella-elixirs-floraux.com\/en\/wp-json\/wp\/v2\/media?parent=2311"}],"wp:term":[{"taxonomy":"product_brand","embeddable":true,"href":"https:\/\/artstella-elixirs-floraux.com\/en\/wp-json\/wp\/v2\/product_brand?post=2311"},{"taxonomy":"product_cat","embeddable":true,"href":"https:\/\/artstella-elixirs-floraux.com\/en\/wp-json\/wp\/v2\/product_cat?post=2311"},{"taxonomy":"product_tag","embeddable":true,"href":"https:\/\/artstella-elixirs-floraux.com\/en\/wp-json\/wp\/v2\/product_tag?post=2311"}],"curies":[{"name":"wp","href":"https:\/\/api.w.org\/{rel}","templated":true}]}}