{"id":2319,"date":"2025-03-09T12:54:20","date_gmt":"2025-03-09T12:54:20","guid":{"rendered":"https:\/\/artstella-elixirs-floraux.com\/product\/tamarack-alaskan\/"},"modified":"2025-06-08T23:32:21","modified_gmt":"2025-06-08T23:32:21","slug":"tamarack-alaskan","status":"publish","type":"product","link":"https:\/\/artstella-elixirs-floraux.com\/en\/product\/tamarack-alaskan\/","title":{"rendered":"Tamarack Alaskan"},"content":{"rendered":"<p><strong><em>Tamarack. Larix laricina. Famille du m\u00e9l\u00e8ze<\/em><\/strong><\/p>\n<p>Manque de confiance dans nos capacit\u00e9s ou talents, manque d&rsquo;estime, manque de conscience de ce dont nous sommes vraiment capables. D\u00e9veloppe la confiance en soi en am\u00e9liorant la compr\u00e9hension de nos forces et capacit\u00e9s ; encourage le d\u00e9veloppement conscient de notre individualit\u00e9.<\/p>","protected":false},"excerpt":{"rendered":"<p><strong><em>Tamarack. Larix laricina. Famille du m\u00e9l\u00e8ze<\/em><\/strong><\/p>\n<p>Manque de confiance dans nos capacit\u00e9s ou talents, manque d&rsquo;estime, manque de conscience de ce dont nous sommes vraiment capables.<\/p>","protected":false},"featured_media":2320,"template":"","meta":[],"product_brand":[],"product_cat":[119,82,109],"product_tag":[],"class_list":{"0":"post-2319","1":"product","2":"type-product","3":"status-publish","4":"has-post-thumbnail","6":"product_cat-les-72-elixirs-floraux","7":"product_cat-elixirs","8":"product_cat-les-elixirs-alaska","10":"first","11":"instock","12":"taxable","13":"shipping-taxable","14":"purchasable","15":"product-type-variable"},"etheme_brands":{"errors":{"invalid_taxonomy":["Invalid taxonomy."]},"error_data":[]},"jetpack_sharing_enabled":true,"jetpack-related-posts":[{"id":5936,"url":"https:\/\/artstella-elixirs-floraux.com\/en\/product\/meleze-15-ml-deva\/","url_meta":{"origin":2319,"position":0},"title":"M\u00e9l\u00e8ze 15 ml DEVA","author":"eveapprill","date":"9 March 2025","format":false,"excerpt":"M\u00e9l\u00e8ze - Larch Larix decidua Confiance en soi Pour ceux qui, par manque de confiance, ont peur de l'echec ou du ridicule. D\u00e9veloppe la cr\u00e9ativit\u00e9 et l'aplomb. Facilite la prise de d\u00e9cision et l'action.","rel":"","context":"Similar post","block_context":{"text":"Similar post","link":""},"img":{"alt_text":"","src":"","width":0,"height":0},"classes":[]},{"id":4163,"url":"https:\/\/artstella-elixirs-floraux.com\/en\/product\/papillon-mariposa-el-chamaniques-15ml\/","url_meta":{"origin":2319,"position":1},"title":"PAPILLON \/ MARIPOSA EL CHAMANIQUES 15ML","author":"eveapprill","date":"9 March 2025","format":false,"excerpt":"MARIPOSA \/ PAPILLON Transformation, espoir, cr\u00e9ativit\u00e9 Cet \u00e9lixir est vraiment celui de la transformation, pour passer de la chenille au papillon, transformer les ins\u00e9curit\u00e9s, les manques de confiance et les doutes en s\u00e9curit\u00e9, estime de soi et espoir.","rel":"","context":"Similar post","block_context":{"text":"Similar post","link":""},"img":{"alt_text":"","src":"","width":0,"height":0},"classes":[]},{"id":2182,"url":"https:\/\/artstella-elixirs-floraux.com\/en\/product\/hairy-buttertwort-alaskan\/","url_meta":{"origin":2319,"position":2},"title":"Hairy buttertwort Alaskan","author":"eveapprill","date":"9 March 2025","format":false,"excerpt":"Hairy buttertwort. Pinguicula villosa Incapacit\u00e9 \u00e0 reconna\u00eetre ou \u00e0 faire confiance \u00e0 la guidance int\u00e9rieure, plus sp\u00e9cialement dans les moments de d\u00e9fi ou de le\u00e7ons de vie ; manque de conscience du probl\u00e8me cl\u00e9 qui permet de r\u00e9soudre une situation.","rel":"","context":"Similar post","block_context":{"text":"Similar post","link":""},"img":{"alt_text":"","src":"https:\/\/i0.wp.com\/artstella-elixirs-floraux.com\/wp-content\/uploads\/2025\/03\/wp-image541.png?resize=350%2C200&ssl=1","width":350,"height":200},"classes":[]},{"id":5019,"url":"https:\/\/artstella-elixirs-floraux.com\/en\/product\/wild-sweet-pea-alaskan-f-sup\/","url_meta":{"origin":2319,"position":3},"title":"WILD SWEET PEA ALASKAN F SUP","author":"eveapprill","date":"9 March 2025","format":false,"excerpt":"Wild Sweet Pea Hedysarum mackenzii Pois de senteur sauvage Indications\u00a0: manque de confiance dans ses aptitudes sociales\u00a0; tendance \u00e0 s\u2019isoler plut\u00f4t qu\u2019\u00e0 rechercher la compagnie des autres.","rel":"","context":"Similar post","block_context":{"text":"Similar post","link":""},"img":{"alt_text":"","src":"","width":0,"height":0},"classes":[]},{"id":4651,"url":"https:\/\/artstella-elixirs-floraux.com\/en\/product\/go-create\/","url_meta":{"origin":2319,"position":4},"title":"GO-CREATE","author":"eveapprill","date":"9 March 2025","format":false,"excerpt":"GO-CREATE Go-Create est un complexe d'abondance. Il a \u00e9t\u00e9 formul\u00e9 pour nous aider \u00e0 co-cr\u00e9er ce que nous voulons et souhaitons dans notre vie avec moins de r\u00e9sistance, plus de facilit\u00e9 et d'efficacit\u00e9.","rel":"","context":"Similar post","block_context":{"text":"Similar post","link":""},"img":{"alt_text":"","src":"https:\/\/i0.wp.com\/artstella-elixirs-floraux.com\/wp-content\/uploads\/2025\/03\/7bbe4e42-149d-46f3-9e4f-73f4081edae4.jpg?resize=350%2C200&ssl=1","width":350,"height":200,"srcset":"https:\/\/i0.wp.com\/artstella-elixirs-floraux.com\/wp-content\/uploads\/2025\/03\/7bbe4e42-149d-46f3-9e4f-73f4081edae4.jpg?resize=350%2C200&ssl=1 1x, https:\/\/i0.wp.com\/artstella-elixirs-floraux.com\/wp-content\/uploads\/2025\/03\/7bbe4e42-149d-46f3-9e4f-73f4081edae4.jpg?resize=525%2C300&ssl=1 1.5x, https:\/\/i0.wp.com\/artstella-elixirs-floraux.com\/wp-content\/uploads\/2025\/03\/7bbe4e42-149d-46f3-9e4f-73f4081edae4.jpg?resize=700%2C400&ssl=1 2x"},"classes":[]},{"id":2674,"url":"https:\/\/artstella-elixirs-floraux.com\/en\/product\/five-corners-bush-15ml\/","url_meta":{"origin":2319,"position":5},"title":"FIVE CORNERS BUSH 15ml","author":"eveapprill","date":"9 March 2025","format":false,"excerpt":"\u00a0FIVE CORNERS Peu d\u2019estime de soi, manque de confiance en soi, se d\u00e9tester, personnalit\u00e9 r\u00e9prim\u00e9e. Amour et acceptation de soi, reconna\u00eetre la beaut\u00e9 en soi, exprimer sa vraie nature.","rel":"","context":"Similar post","block_context":{"text":"Similar post","link":""},"img":{"alt_text":"","src":"https:\/\/i0.wp.com\/artstella-elixirs-floraux.com\/wp-content\/uploads\/2025\/03\/wp-image257.png?resize=350%2C200&ssl=1","width":350,"height":200},"classes":[]}],"_links":{"self":[{"href":"https:\/\/artstella-elixirs-floraux.com\/en\/wp-json\/wp\/v2\/product\/2319","targetHints":{"allow":["GET"]}}],"collection":[{"href":"https:\/\/artstella-elixirs-floraux.com\/en\/wp-json\/wp\/v2\/product"}],"about":[{"href":"https:\/\/artstella-elixirs-floraux.com\/en\/wp-json\/wp\/v2\/types\/product"}],"version-history":[{"count":0,"href":"https:\/\/artstella-elixirs-floraux.com\/en\/wp-json\/wp\/v2\/product\/2319\/revisions"}],"wp:featuredmedia":[{"embeddable":true,"href":"https:\/\/artstella-elixirs-floraux.com\/en\/wp-json\/wp\/v2\/media\/2320"}],"wp:attachment":[{"href":"https:\/\/artstella-elixirs-floraux.com\/en\/wp-json\/wp\/v2\/media?parent=2319"}],"wp:term":[{"taxonomy":"product_brand","embeddable":true,"href":"https:\/\/artstella-elixirs-floraux.com\/en\/wp-json\/wp\/v2\/product_brand?post=2319"},{"taxonomy":"product_cat","embeddable":true,"href":"https:\/\/artstella-elixirs-floraux.com\/en\/wp-json\/wp\/v2\/product_cat?post=2319"},{"taxonomy":"product_tag","embeddable":true,"href":"https:\/\/artstella-elixirs-floraux.com\/en\/wp-json\/wp\/v2\/product_tag?post=2319"}],"curies":[{"name":"wp","href":"https:\/\/api.w.org\/{rel}","templated":true}]}}