{"id":2331,"date":"2025-03-09T12:54:31","date_gmt":"2025-03-09T12:54:31","guid":{"rendered":"https:\/\/artstella-elixirs-floraux.com\/product\/twinflower-alaskan\/"},"modified":"2025-06-08T23:32:20","modified_gmt":"2025-06-08T23:32:20","slug":"twinflower-alaskan","status":"publish","type":"product","link":"https:\/\/artstella-elixirs-floraux.com\/en\/product\/twinflower-alaskan\/","title":{"rendered":"Twinflower Alaskan"},"content":{"rendered":"<p><span style=\"color: #008000;\"><strong><em>Twinflower. Linnaea Borealis<\/em><\/strong><\/span><\/p>\n<p>Communication r\u00e9active ou sur la d\u00e9fensive ; difficult\u00e9 \u00e0 comprendre ce que disent les autres. Pour l&rsquo;\u00e9quilibre dans la communication, permet d\u2019apprendre \u00e0 \u00e9couter et \u00e0 parler aux autres dans une attitude int\u00e9rieure de calme et de neutralit\u00e9.<\/p>","protected":false},"excerpt":{"rendered":"<p><span style=\"color: #008000;\"><strong><em>Twinflower. Linnaea Borealis<\/em><\/strong><\/span><\/p>\n<p>Communication r\u00e9active ou sur la d\u00e9fensive ; difficult\u00e9 \u00e0 comprendre ce que disent les autres.<\/p>","protected":false},"featured_media":2332,"template":"","meta":[],"product_brand":[],"product_cat":[119,82,109],"product_tag":[],"class_list":{"0":"post-2331","1":"product","2":"type-product","3":"status-publish","4":"has-post-thumbnail","6":"product_cat-les-72-elixirs-floraux","7":"product_cat-elixirs","8":"product_cat-les-elixirs-alaska","10":"first","11":"instock","12":"taxable","13":"shipping-taxable","14":"purchasable","15":"product-type-variable"},"etheme_brands":{"errors":{"invalid_taxonomy":["Invalid taxonomy."]},"error_data":[]},"jetpack_sharing_enabled":true,"jetpack-related-posts":[{"id":2680,"url":"https:\/\/artstella-elixirs-floraux.com\/en\/product\/beyond-words\/","url_meta":{"origin":2331,"position":0},"title":"BEYOND WORDS","author":"eveapprill","date":"9 March 2025","format":false,"excerpt":"Beyond Words\u00a0 (Au-del\u00e0 des mots) Gouttes uniquement Contient : Azurite \u2022 Devil's Club \u2022 Lamb's Quarters \u2022 Lapis Lazuli \u2022 Sweetgale \u2022 Twinflower \u2022 Yellow Violet Permet d'augmenter la capacit\u00e9 d'expression verbale et non- verbale. Facilite l'\u00e9change du flux d'informations et d'id\u00e9es entre deux personnes et donc la compr\u00e9hension.","rel":"","context":"Similar post","block_context":{"text":"Similar post","link":""},"img":{"alt_text":"","src":"https:\/\/i0.wp.com\/artstella-elixirs-floraux.com\/wp-content\/uploads\/2025\/03\/1b8b47cb-0680-4a76-aa14-035469736d97.jpg?resize=350%2C200&ssl=1","width":350,"height":200,"srcset":"https:\/\/i0.wp.com\/artstella-elixirs-floraux.com\/wp-content\/uploads\/2025\/03\/1b8b47cb-0680-4a76-aa14-035469736d97.jpg?resize=350%2C200&ssl=1 1x, https:\/\/i0.wp.com\/artstella-elixirs-floraux.com\/wp-content\/uploads\/2025\/03\/1b8b47cb-0680-4a76-aa14-035469736d97.jpg?resize=525%2C300&ssl=1 1.5x, https:\/\/i0.wp.com\/artstella-elixirs-floraux.com\/wp-content\/uploads\/2025\/03\/1b8b47cb-0680-4a76-aa14-035469736d97.jpg?resize=700%2C400&ssl=1 2x"},"classes":[]},{"id":5526,"url":"https:\/\/artstella-elixirs-floraux.com\/en\/product\/beyond-words-spray-60ml\/","url_meta":{"origin":2331,"position":1},"title":"BEYOND WORDS SPRAY 60ml","author":"eveapprill","date":"9 March 2025","format":false,"excerpt":"BEYOND WORDS (Au-del\u00e0 des mots) (spray 60 ml) Est une formule qui permet d'augmenter notre capacit\u00e9 d'expression verbale et non - verbale. Elle facilite l'\u00e9change du flux d'informations et d'id\u00e9es entre deux personnes et donc la compr\u00e9hension.","rel":"","context":"Similar post","block_context":{"text":"Similar post","link":""},"img":{"alt_text":"","src":"https:\/\/i0.wp.com\/artstella-elixirs-floraux.com\/wp-content\/uploads\/2025\/03\/876d2e65-744e-4ea5-95bc-59cb409a0719.jpg?resize=350%2C200&ssl=1","width":350,"height":200,"srcset":"https:\/\/i0.wp.com\/artstella-elixirs-floraux.com\/wp-content\/uploads\/2025\/03\/876d2e65-744e-4ea5-95bc-59cb409a0719.jpg?resize=350%2C200&ssl=1 1x, https:\/\/i0.wp.com\/artstella-elixirs-floraux.com\/wp-content\/uploads\/2025\/03\/876d2e65-744e-4ea5-95bc-59cb409a0719.jpg?resize=525%2C300&ssl=1 1.5x, https:\/\/i0.wp.com\/artstella-elixirs-floraux.com\/wp-content\/uploads\/2025\/03\/876d2e65-744e-4ea5-95bc-59cb409a0719.jpg?resize=700%2C400&ssl=1 2x"},"classes":[]},{"id":2390,"url":"https:\/\/artstella-elixirs-floraux.com\/en\/product\/northern-light\/","url_meta":{"origin":2331,"position":2},"title":"NORTHERN LIGHT &#8211; Aurores bor\u00e9ales","author":"eveapprill","date":"9 March 2025","format":false,"excerpt":"NORTHERN LIGHT. LUMIERE DU NORD Cet \u00e9lixir a \u00e9t\u00e9 fait lors d'une nuit arctique venteuse avec des temp\u00e9ratures inf\u00e9rieures \u00e0 z\u00e9ro, sous le foisonnement vert d'une aurore bor\u00e9ale. Il nous aide \u00e0 nous d\u00e9passer la seule perspective terrestre pour joindre la danse de la source de la cr\u00e9ation.","rel":"","context":"Similar post","block_context":{"text":"Similar post","link":""},"img":{"alt_text":"","src":"https:\/\/i0.wp.com\/artstella-elixirs-floraux.com\/wp-content\/uploads\/2025\/03\/Northern_Lights_1024x1024.jpg?resize=350%2C200&ssl=1","width":350,"height":200},"classes":[]},{"id":2190,"url":"https:\/\/artstella-elixirs-floraux.com\/en\/product\/horsetail-alaskan\/","url_meta":{"origin":2331,"position":3},"title":"Horsetail Alaskan","author":"eveapprill","date":"9 March 2025","format":false,"excerpt":"Horsetail. Equisetum arvense. Pr\u00eale Communication d\u00e9form\u00e9e avec les niveaux de sa conscience. Difficult\u00e9 \u00e0 communiquer avec son moi sup\u00e9rieur et les autres, m\u00eame les animaux.","rel":"","context":"Similar post","block_context":{"text":"Similar post","link":""},"img":{"alt_text":"","src":"https:\/\/i0.wp.com\/artstella-elixirs-floraux.com\/wp-content\/uploads\/2025\/03\/wp-image543.png?resize=350%2C200&ssl=1","width":350,"height":200},"classes":[]},{"id":2311,"url":"https:\/\/artstella-elixirs-floraux.com\/en\/product\/sweetgale-alaskan\/","url_meta":{"origin":2331,"position":4},"title":"Sweetgale Alaskan","author":"eveapprill","date":"9 March 2025","format":false,"excerpt":"Sweetgale. Myrica gale \u00c9motions bloqu\u00e9es dans les chakras de base ; communication avec les autres sur le mode de la d\u00e9fensive, manque de clart\u00e9 qui se manifeste par le conflit, la critique et\/ou la culpabilit\u00e9.","rel":"","context":"Similar post","block_context":{"text":"Similar post","link":""},"img":{"alt_text":"","src":"https:\/\/i0.wp.com\/artstella-elixirs-floraux.com\/wp-content\/uploads\/2025\/03\/wp-image591.png?resize=350%2C200&ssl=1","width":350,"height":200},"classes":[]},{"id":2239,"url":"https:\/\/artstella-elixirs-floraux.com\/en\/product\/northern-twayblade-alaskan\/","url_meta":{"origin":2331,"position":5},"title":"Northern twayblade Alaskan","author":"eveapprill","date":"9 March 2025","format":false,"excerpt":"Northern twayblade. Listera borealis R\u00e9sistance \u00e0 s'ouvrir aux niveaux subtils de sa conscience ; incapable de concilier","rel":"","context":"Similar post","block_context":{"text":"Similar post","link":""},"img":{"alt_text":"","src":"https:\/\/i0.wp.com\/artstella-elixirs-floraux.com\/wp-content\/uploads\/2025\/03\/wp-image569.png?resize=350%2C200&ssl=1","width":350,"height":200},"classes":[]}],"_links":{"self":[{"href":"https:\/\/artstella-elixirs-floraux.com\/en\/wp-json\/wp\/v2\/product\/2331","targetHints":{"allow":["GET"]}}],"collection":[{"href":"https:\/\/artstella-elixirs-floraux.com\/en\/wp-json\/wp\/v2\/product"}],"about":[{"href":"https:\/\/artstella-elixirs-floraux.com\/en\/wp-json\/wp\/v2\/types\/product"}],"version-history":[{"count":0,"href":"https:\/\/artstella-elixirs-floraux.com\/en\/wp-json\/wp\/v2\/product\/2331\/revisions"}],"wp:featuredmedia":[{"embeddable":true,"href":"https:\/\/artstella-elixirs-floraux.com\/en\/wp-json\/wp\/v2\/media\/2332"}],"wp:attachment":[{"href":"https:\/\/artstella-elixirs-floraux.com\/en\/wp-json\/wp\/v2\/media?parent=2331"}],"wp:term":[{"taxonomy":"product_brand","embeddable":true,"href":"https:\/\/artstella-elixirs-floraux.com\/en\/wp-json\/wp\/v2\/product_brand?post=2331"},{"taxonomy":"product_cat","embeddable":true,"href":"https:\/\/artstella-elixirs-floraux.com\/en\/wp-json\/wp\/v2\/product_cat?post=2331"},{"taxonomy":"product_tag","embeddable":true,"href":"https:\/\/artstella-elixirs-floraux.com\/en\/wp-json\/wp\/v2\/product_tag?post=2331"}],"curies":[{"name":"wp","href":"https:\/\/api.w.org\/{rel}","templated":true}]}}