{"id":2339,"date":"2025-03-09T12:54:39","date_gmt":"2025-03-09T12:54:39","guid":{"rendered":"https:\/\/artstella-elixirs-floraux.com\/product\/white-spruce-alaskan\/"},"modified":"2025-06-08T23:32:20","modified_gmt":"2025-06-08T23:32:20","slug":"white-spruce-alaskan","status":"publish","type":"product","link":"https:\/\/artstella-elixirs-floraux.com\/en\/product\/white-spruce-alaskan\/","title":{"rendered":"White spruce Alaskan"},"content":{"rendered":"<p><span style=\"color: #008000\"><strong><em>White spruce. Picea glauca<\/em><\/strong><\/span><\/p>\n<p>Surcharge d&rsquo;informations ; sensation d&rsquo;\u00eatre d\u00e9sint\u00e9gr\u00e9, incapacit\u00e9 \u00e0 appliquer ses connaissances dans les d\u00e9fis de la vie ; difficult\u00e9 \u00e0 distinguer ce que l&rsquo;on ressent de ce que l&rsquo;on pense. Ancre la sagesse spirituelle au niveau du corps, nous aide \u00e0 assembler la logique, l&rsquo;intuition et l&rsquo;\u00e9motion pour une action unifi\u00e9e dans l&rsquo;instant pr\u00e9sent.<\/p>","protected":false},"excerpt":{"rendered":"<p><span style=\"color: #008000\"><strong><em>White spruce. Picea glauca<\/em><\/strong><\/span><\/p>\n<p>Surcharge d&rsquo;informations ; sensation d&rsquo;\u00eatre d\u00e9sint\u00e9gr\u00e9, incapacit\u00e9 \u00e0 appliquer ses connaissances dans les d\u00e9fis de la vie<\/p>","protected":false},"featured_media":2340,"template":"","meta":[],"product_brand":[],"product_cat":[119,82,109],"product_tag":[],"class_list":{"0":"post-2339","1":"product","2":"type-product","3":"status-publish","4":"has-post-thumbnail","6":"product_cat-les-72-elixirs-floraux","7":"product_cat-elixirs","8":"product_cat-les-elixirs-alaska","10":"first","11":"instock","12":"taxable","13":"shipping-taxable","14":"purchasable","15":"product-type-variable"},"etheme_brands":{"errors":{"invalid_taxonomy":["Invalid taxonomy."]},"error_data":[]},"jetpack_sharing_enabled":true,"jetpack-related-posts":[{"id":2284,"url":"https:\/\/artstella-elixirs-floraux.com\/en\/product\/sitka-spruce-pollen-alaskan\/","url_meta":{"origin":2339,"position":0},"title":"Sitka spruce pollen Alaskan","author":"eveapprill","date":"9 March 2025","format":false,"excerpt":"Sitka spruce pollen. Picea sitchensis Manque d'humilit\u00e9 dans son rapport \u00e0 la terre ; d\u00e9s\u00e9quilibre entre les expressions masculine et f\u00e9minine du pouvoir","rel":"","context":"Similar post","block_context":{"text":"Similar post","link":""},"img":{"alt_text":"","src":"https:\/\/i0.wp.com\/artstella-elixirs-floraux.com\/wp-content\/uploads\/2025\/03\/wp-image582.png?resize=350%2C200&ssl=1","width":350,"height":200},"classes":[]},{"id":2082,"url":"https:\/\/artstella-elixirs-floraux.com\/en\/product\/black-spruce-alaskan\/","url_meta":{"origin":2339,"position":1},"title":"Black Spruce Alaskan","author":"eveapprill","date":"9 March 2025","format":false,"excerpt":"BLACK SPRUCE ALASKA Conceptions \u00e9troites de la vie ; tendance \u00e0 oublier les le\u00e7ons des exp\u00e9riences pass\u00e9es. Permet une int\u00e9gration de l'information cl\u00e9s mais le son y exp\u00e9rience du pass\u00e9. Pour acc\u00e9der \u00e0 la sagesse \u00e9ternelle et arch\u00e9type de la conscience collective de la terre.","rel":"","context":"Similar post","block_context":{"text":"Similar post","link":""},"img":{"alt_text":"","src":"https:\/\/i0.wp.com\/artstella-elixirs-floraux.com\/wp-content\/uploads\/2025\/03\/wp-image40-1.webp?resize=350%2C200&ssl=1","width":350,"height":200},"classes":[]},{"id":2689,"url":"https:\/\/artstella-elixirs-floraux.com\/en\/product\/easy-learning-alaska\/","url_meta":{"origin":2339,"position":2},"title":"EASY LEARNING ALASKA","author":"eveapprill","date":"9 March 2025","format":false,"excerpt":"Easy Learning\u00a0 (Apprendre facilement) existe en gouttes et en\u00a0 spray Contient : Blue Topaz. Bunchberry . Lapis Lazuli . Star Ruby . Stinging Nettle\u00a0. White Spruce. Facilite tous les aspects des processus d'apprentissage, autant pour les enfants que pour les adultes. Et ceci sur trois axes :","rel":"","context":"Similar post","block_context":{"text":"Similar post","link":""},"img":{"alt_text":"","src":"https:\/\/i0.wp.com\/artstella-elixirs-floraux.com\/wp-content\/uploads\/2025\/03\/95bf250c-1f74-4836-b456-57fd1dc1b7a8.jpg?resize=350%2C200&ssl=1","width":350,"height":200,"srcset":"https:\/\/i0.wp.com\/artstella-elixirs-floraux.com\/wp-content\/uploads\/2025\/03\/95bf250c-1f74-4836-b456-57fd1dc1b7a8.jpg?resize=350%2C200&ssl=1 1x, https:\/\/i0.wp.com\/artstella-elixirs-floraux.com\/wp-content\/uploads\/2025\/03\/95bf250c-1f74-4836-b456-57fd1dc1b7a8.jpg?resize=525%2C300&ssl=1 1.5x, https:\/\/i0.wp.com\/artstella-elixirs-floraux.com\/wp-content\/uploads\/2025\/03\/95bf250c-1f74-4836-b456-57fd1dc1b7a8.jpg?resize=700%2C400&ssl=1 2x"},"classes":[]},{"id":11338,"url":"https:\/\/artstella-elixirs-floraux.com\/en\/product\/easy-learning-apprendre-facilement-spray-alaska\/","url_meta":{"origin":2339,"position":3},"title":"EASY LEARNING &#8211; Apprendre Facilement SPRAY ALASKA","author":"eveapprill","date":"31 August 2025","format":false,"excerpt":"Easy Learning (Apprendre facilement) - \u00a0 Blue Topaz\u009f Bunchberry \u009f Lapis Lazuli \u009f Star Ruby Stinging Nettle \u009f White Spruce Easy Learning est un spray destin\u00e9 \u00e0 faciliter tous les aspects du processus d'apprentissage, tant pour les enfants que les adultes. Il am\u00e9liore la concentration, la capacit\u00e9 \u00e0 ne pas\u2026","rel":"","context":"Similar post","block_context":{"text":"Similar post","link":""},"img":{"alt_text":"","src":"https:\/\/i0.wp.com\/artstella-elixirs-floraux.com\/wp-content\/uploads\/2025\/08\/easy-learning.jpg?resize=350%2C200&ssl=1","width":350,"height":200},"classes":[]},{"id":2343,"url":"https:\/\/artstella-elixirs-floraux.com\/en\/product\/white-violet-alaskan\/","url_meta":{"origin":2339,"position":4},"title":"White violet Alaskan","author":"eveapprill","date":"9 March 2025","format":false,"excerpt":"White violet. Viola renifolia Claustrophobie ; peur de perdre son identit\u00e9 au sein d'un groupe ; incapacit\u00e9 \u00e0 exprimer sa sensibilit\u00e9 d'une mani\u00e8re ais\u00e9e.","rel":"","context":"Similar post","block_context":{"text":"Similar post","link":""},"img":{"alt_text":"","src":"https:\/\/i0.wp.com\/artstella-elixirs-floraux.com\/wp-content\/uploads\/2025\/03\/wp-image599.png?resize=350%2C200&ssl=1","width":350,"height":200},"classes":[]},{"id":2182,"url":"https:\/\/artstella-elixirs-floraux.com\/en\/product\/hairy-buttertwort-alaskan\/","url_meta":{"origin":2339,"position":5},"title":"Hairy buttertwort Alaskan","author":"eveapprill","date":"9 March 2025","format":false,"excerpt":"Hairy buttertwort. Pinguicula villosa Incapacit\u00e9 \u00e0 reconna\u00eetre ou \u00e0 faire confiance \u00e0 la guidance int\u00e9rieure, plus sp\u00e9cialement dans les moments de d\u00e9fi ou de le\u00e7ons de vie ; manque de conscience du probl\u00e8me cl\u00e9 qui permet de r\u00e9soudre une situation.","rel":"","context":"Similar post","block_context":{"text":"Similar post","link":""},"img":{"alt_text":"","src":"https:\/\/i0.wp.com\/artstella-elixirs-floraux.com\/wp-content\/uploads\/2025\/03\/wp-image541.png?resize=350%2C200&ssl=1","width":350,"height":200},"classes":[]}],"_links":{"self":[{"href":"https:\/\/artstella-elixirs-floraux.com\/en\/wp-json\/wp\/v2\/product\/2339","targetHints":{"allow":["GET"]}}],"collection":[{"href":"https:\/\/artstella-elixirs-floraux.com\/en\/wp-json\/wp\/v2\/product"}],"about":[{"href":"https:\/\/artstella-elixirs-floraux.com\/en\/wp-json\/wp\/v2\/types\/product"}],"version-history":[{"count":0,"href":"https:\/\/artstella-elixirs-floraux.com\/en\/wp-json\/wp\/v2\/product\/2339\/revisions"}],"wp:featuredmedia":[{"embeddable":true,"href":"https:\/\/artstella-elixirs-floraux.com\/en\/wp-json\/wp\/v2\/media\/2340"}],"wp:attachment":[{"href":"https:\/\/artstella-elixirs-floraux.com\/en\/wp-json\/wp\/v2\/media?parent=2339"}],"wp:term":[{"taxonomy":"product_brand","embeddable":true,"href":"https:\/\/artstella-elixirs-floraux.com\/en\/wp-json\/wp\/v2\/product_brand?post=2339"},{"taxonomy":"product_cat","embeddable":true,"href":"https:\/\/artstella-elixirs-floraux.com\/en\/wp-json\/wp\/v2\/product_cat?post=2339"},{"taxonomy":"product_tag","embeddable":true,"href":"https:\/\/artstella-elixirs-floraux.com\/en\/wp-json\/wp\/v2\/product_tag?post=2339"}],"curies":[{"name":"wp","href":"https:\/\/api.w.org\/{rel}","templated":true}]}}