{"id":2343,"date":"2025-03-09T12:54:42","date_gmt":"2025-03-09T12:54:42","guid":{"rendered":"https:\/\/artstella-elixirs-floraux.com\/product\/white-violet-alaskan\/"},"modified":"2025-06-08T23:32:20","modified_gmt":"2025-06-08T23:32:20","slug":"white-violet-alaskan","status":"publish","type":"product","link":"https:\/\/artstella-elixirs-floraux.com\/en\/product\/white-violet-alaskan\/","title":{"rendered":"White violet Alaskan"},"content":{"rendered":"<p><strong><em>White violet. Viola renifolia<\/em><\/strong><\/p>\n<p>Claustrophobie ; peur de perdre son identit\u00e9 au sein d&rsquo;un groupe ; incapacit\u00e9 \u00e0 exprimer sa sensibilit\u00e9 d&rsquo;une mani\u00e8re ais\u00e9e. Soutient le sentiment de protection du moi-sup\u00e9rieur et des forces spirituelles bienveillantes ; aide les hypersensibles \u00e0 retrouver confiance et \u00e0 pr\u00e9server un sens de leur espace.<\/p>","protected":false},"excerpt":{"rendered":"<p><strong><em>White violet. Viola renifolia<\/em><\/strong><\/p>\n<p>Claustrophobie ; peur de perdre son identit\u00e9 au sein d&rsquo;un groupe ; incapacit\u00e9 \u00e0 exprimer sa sensibilit\u00e9 d&rsquo;une mani\u00e8re ais\u00e9e.<\/p>","protected":false},"featured_media":2344,"template":"","meta":[],"product_brand":[],"product_cat":[119,82,109],"product_tag":[],"class_list":{"0":"post-2343","1":"product","2":"type-product","3":"status-publish","4":"has-post-thumbnail","6":"product_cat-les-72-elixirs-floraux","7":"product_cat-elixirs","8":"product_cat-les-elixirs-alaska","10":"first","11":"instock","12":"taxable","13":"shipping-taxable","14":"purchasable","15":"product-type-variable"},"etheme_brands":{"errors":{"invalid_taxonomy":["Invalid taxonomy."]},"error_data":[]},"jetpack_sharing_enabled":true,"jetpack-related-posts":[{"id":5027,"url":"https:\/\/artstella-elixirs-floraux.com\/en\/product\/yellow-violet-alas-f-sup\/","url_meta":{"origin":2343,"position":0},"title":"YELLOW VIOLET ALAS F SUP","author":"eveapprill","date":"9 March 2025","format":false,"excerpt":"Yellow Violet Viola biflora Pens\u00e9e jaune Indications\u00a0: communication sur la d\u00e9fensive\u00a0; trac\u00a0; terreur pour parler en public\u00a0; expression bloqu\u00e9es par la peur d\u2019\u00eatre jug\u00e9e ou ridicule.","rel":"","context":"Similar post","block_context":{"text":"Similar post","link":""},"img":{"alt_text":"","src":"","width":0,"height":0},"classes":[]},{"id":3229,"url":"https:\/\/artstella-elixirs-floraux.com\/en\/product\/violette-15-ml-phi\/","url_meta":{"origin":2343,"position":1},"title":"VIOLETTE 15 ML PHI","author":"eveapprill","date":"9 March 2025","format":false,"excerpt":"Violette (Viola Hirta) (Veilchen) Pour les personnes qui se sentent isol\u00e9es dans un groupe. Nous apprenons \u00e0 nous ouvrir davantage aux autres et \u00e0 d\u00e9velopper chaleur et confiance dans nos rapports avec autrui. Facilite l'acc\u00e8s \u00e0 nos souvenirs.","rel":"","context":"Similar post","block_context":{"text":"Similar post","link":""},"img":{"alt_text":"","src":"https:\/\/i0.wp.com\/artstella-elixirs-floraux.com\/wp-content\/uploads\/2025\/03\/wp-image395.png?resize=350%2C200&ssl=1","width":350,"height":200},"classes":[]},{"id":2094,"url":"https:\/\/artstella-elixirs-floraux.com\/en\/product\/blue-elf-viola-alaskan\/","url_meta":{"origin":2343,"position":2},"title":"Blue Elf Viola Alaskan","author":"eveapprill","date":"9 March 2025","format":false,"excerpt":"Blue Elf Viola Pour ceux qui sont incapables d'exprimer leur col\u00e8re d'une mani\u00e8re claire et non-violente, plus sp\u00e9cialement dans les groupes. Permet de dissoudre l'\u00e9nergie protectrice autour de votre col\u00e8re, rage ou frustrations et facilite la compr\u00e9hension de la racine de ces \u00e9motions de fa\u00e7on \u00e0 ce qu'elle puisse \u00eatre\u2026","rel":"","context":"Similar post","block_context":{"text":"Similar post","link":""},"img":{"alt_text":"","src":"https:\/\/i0.wp.com\/artstella-elixirs-floraux.com\/wp-content\/uploads\/2025\/03\/wp-image43.png?resize=350%2C200&ssl=1","width":350,"height":200},"classes":[]},{"id":2339,"url":"https:\/\/artstella-elixirs-floraux.com\/en\/product\/white-spruce-alaskan\/","url_meta":{"origin":2343,"position":3},"title":"White spruce Alaskan","author":"eveapprill","date":"9 March 2025","format":false,"excerpt":"White spruce. Picea glauca Surcharge d'informations ; sensation d'\u00eatre d\u00e9sint\u00e9gr\u00e9, incapacit\u00e9 \u00e0 appliquer ses connaissances dans les d\u00e9fis de la vie","rel":"","context":"Similar post","block_context":{"text":"Similar post","link":""},"img":{"alt_text":"","src":"https:\/\/i0.wp.com\/artstella-elixirs-floraux.com\/wp-content\/uploads\/2025\/03\/wp-image598.png?resize=350%2C200&ssl=1","width":350,"height":200},"classes":[]},{"id":5808,"url":"https:\/\/artstella-elixirs-floraux.com\/en\/product\/violette-des-bois-15-ml-deva\/","url_meta":{"origin":2343,"position":4},"title":"Violette des bois 15 ml DEVA","author":"eveapprill","date":"9 March 2025","format":false,"excerpt":"Violette des Bois Sensibilit\u00e9 \u00e9panouie. Pour les temp\u00e9raments timides, vuln\u00e9rables, effac\u00e9s qui aiment la solitude. Aide \u00e0 communiquer et \u00e0 sortir d\u2019une trop grande discr\u00e9tion sans renier sa sensibilit\u00e9.","rel":"","context":"Similar post","block_context":{"text":"Similar post","link":""},"img":{"alt_text":"","src":"https:\/\/i0.wp.com\/artstella-elixirs-floraux.com\/wp-content\/uploads\/2025\/03\/wp-image2455.png?resize=350%2C200&ssl=1","width":350,"height":200},"classes":[]},{"id":6337,"url":"https:\/\/artstella-elixirs-floraux.com\/en\/product\/espinillo-mimosa-du-chili-15-ml-sylfos\/","url_meta":{"origin":2343,"position":5},"title":"ESPINILLO \u2013 MIMOSA DU CHILI 15 ml SYLFOS","author":"eveapprill","date":"9 March 2025","format":false,"excerpt":"ESPINILLO \u2013 MIMOSA DU CHILI\u00a0 Vachellia caven Amertume, vuln\u00e9rabilit\u00e9, incapacit\u00e9 \u00e0 se pardonner, sensibilit\u00e9 excessive. Le Mimosa du Chili agit comme un antid\u00e9presseur et poss\u00e8de une action \u00e9nergisante naturelle. Il sera recommand\u00e9 en cas d'incapacit\u00e9 \u00e0 se pardonner et lorsque la personne a besoin d'\u00eatre surla d\u00e9fensive face \u00e0 toute\u2026","rel":"","context":"Similar post","block_context":{"text":"Similar post","link":""},"img":{"alt_text":"","src":"https:\/\/i0.wp.com\/artstella-elixirs-floraux.com\/wp-content\/uploads\/2025\/03\/ESPINILLO.jpg?resize=350%2C200&ssl=1","width":350,"height":200},"classes":[]}],"_links":{"self":[{"href":"https:\/\/artstella-elixirs-floraux.com\/en\/wp-json\/wp\/v2\/product\/2343","targetHints":{"allow":["GET"]}}],"collection":[{"href":"https:\/\/artstella-elixirs-floraux.com\/en\/wp-json\/wp\/v2\/product"}],"about":[{"href":"https:\/\/artstella-elixirs-floraux.com\/en\/wp-json\/wp\/v2\/types\/product"}],"version-history":[{"count":0,"href":"https:\/\/artstella-elixirs-floraux.com\/en\/wp-json\/wp\/v2\/product\/2343\/revisions"}],"wp:featuredmedia":[{"embeddable":true,"href":"https:\/\/artstella-elixirs-floraux.com\/en\/wp-json\/wp\/v2\/media\/2344"}],"wp:attachment":[{"href":"https:\/\/artstella-elixirs-floraux.com\/en\/wp-json\/wp\/v2\/media?parent=2343"}],"wp:term":[{"taxonomy":"product_brand","embeddable":true,"href":"https:\/\/artstella-elixirs-floraux.com\/en\/wp-json\/wp\/v2\/product_brand?post=2343"},{"taxonomy":"product_cat","embeddable":true,"href":"https:\/\/artstella-elixirs-floraux.com\/en\/wp-json\/wp\/v2\/product_cat?post=2343"},{"taxonomy":"product_tag","embeddable":true,"href":"https:\/\/artstella-elixirs-floraux.com\/en\/wp-json\/wp\/v2\/product_tag?post=2343"}],"curies":[{"name":"wp","href":"https:\/\/api.w.org\/{rel}","templated":true}]}}