{"id":2351,"date":"2025-03-09T12:54:49","date_gmt":"2025-03-09T12:54:49","guid":{"rendered":"https:\/\/artstella-elixirs-floraux.com\/product\/wild-rhubarb-alaskan\/"},"modified":"2025-06-08T23:32:19","modified_gmt":"2025-06-08T23:32:19","slug":"wild-rhubarb-alaskan","status":"publish","type":"product","link":"https:\/\/artstella-elixirs-floraux.com\/en\/product\/wild-rhubarb-alaskan\/","title":{"rendered":"Wild rhubarb Alaskan"},"content":{"rendered":"<p><span style=\"color:#008000\"><strong><em>Wild rhubar. Poligonum alaskanum<\/em><\/strong><\/span><\/p>\n<p>R\u00e9sistance mentale et inflexibilit\u00e9 ; esprit influenc\u00e9 par l&rsquo;ego ; communication entre le c\u0153ur et l&rsquo;esprit bloqu\u00e9e ou peu d\u00e9velopp\u00e9e. D\u00e9veloppe la souplesse mentale ; rel\u00e2che le contr\u00f4le mental inappropri\u00e9 ; \u00e9quilibre le rationnel et l&rsquo;intuitif.<\/p>","protected":false},"excerpt":{"rendered":"<p><span style=\"color:#008000\"><strong><em>Wild rhubar. Poligonum alaskanum<\/em><\/strong><\/span><\/p>\n<p>R\u00e9sistance mentale et inflexibilit\u00e9 ; esprit influenc\u00e9 par l&rsquo;ego ; communication entre le c\u0153ur et l&rsquo;esprit bloqu\u00e9e &#8230;<\/p>","protected":false},"featured_media":2352,"template":"","meta":[],"product_brand":[],"product_cat":[119,82,109],"product_tag":[],"class_list":{"0":"post-2351","1":"product","2":"type-product","3":"status-publish","4":"has-post-thumbnail","6":"product_cat-les-72-elixirs-floraux","7":"product_cat-elixirs","8":"product_cat-les-elixirs-alaska","10":"first","11":"instock","12":"taxable","13":"shipping-taxable","14":"purchasable","15":"product-type-variable"},"etheme_brands":{"errors":{"invalid_taxonomy":["Invalid taxonomy."]},"error_data":[]},"jetpack_sharing_enabled":true,"jetpack-related-posts":[{"id":2219,"url":"https:\/\/artstella-elixirs-floraux.com\/en\/product\/lambs-quarters-alaskan\/","url_meta":{"origin":2351,"position":0},"title":"Lamb\u2019s quarters Alaskan","author":"eveapprill","date":"9 March 2025","format":false,"excerpt":"Lamb\u2019s quarters. Chenopodium album Quand nous sommes limit\u00e9s par ce que nous pouvons saisir avec le mental. Manque d'\u00e9quilibre entre le mental et le c\u0153ur, le rationnel et l'intuitif.","rel":"","context":"Similar post","block_context":{"text":"Similar post","link":""},"img":{"alt_text":"","src":"","width":0,"height":0},"classes":[]},{"id":4076,"url":"https:\/\/artstella-elixirs-floraux.com\/en\/product\/yerba-mate-15-ml-sylfos\/","url_meta":{"origin":2351,"position":1},"title":"YERBA MATE \/ MATE SYLFOS","author":"eveapprill","date":"9 March 2025","format":false,"excerpt":"YERBA MATE Ilex paraguariensis Equilibre mental, pr\u00e9sence. Aide \u00e0 \u00eatre pr\u00e9sent, dans \u201cl\u2019ici et maintenant\u201d, libre des influences diverses qui ne sont plus utiles...","rel":"","context":"Similar post","block_context":{"text":"Similar post","link":""},"img":{"alt_text":"","src":"","width":0,"height":0},"classes":[]},{"id":3560,"url":"https:\/\/artstella-elixirs-floraux.com\/en\/product\/10-clear-mind-ltoe-15-ml\/","url_meta":{"origin":2351,"position":2},"title":"10. CLEAR MIND LTOE 15 ML","author":"eveapprill","date":"9 March 2025","format":false,"excerpt":"Esprit serein\/Clear Mind (Aeranthes grandiflora - Madagascar) aigue-marineCet \u00e9lixir apaise le mental et \u00e9claircit l\u2019esprit afin d\u2019aider la r\u00e9flexion et d\u2019amener de nouvelles perspectives.","rel":"","context":"Similar post","block_context":{"text":"Similar post","link":""},"img":{"alt_text":"","src":"https:\/\/i0.wp.com\/artstella-elixirs-floraux.com\/wp-content\/uploads\/2025\/03\/ae08dff2-4160-4921-bb08-c5043b1ae455.jpg?resize=350%2C200&ssl=1","width":350,"height":200,"srcset":"https:\/\/i0.wp.com\/artstella-elixirs-floraux.com\/wp-content\/uploads\/2025\/03\/ae08dff2-4160-4921-bb08-c5043b1ae455.jpg?resize=350%2C200&ssl=1 1x, https:\/\/i0.wp.com\/artstella-elixirs-floraux.com\/wp-content\/uploads\/2025\/03\/ae08dff2-4160-4921-bb08-c5043b1ae455.jpg?resize=525%2C300&ssl=1 1.5x, https:\/\/i0.wp.com\/artstella-elixirs-floraux.com\/wp-content\/uploads\/2025\/03\/ae08dff2-4160-4921-bb08-c5043b1ae455.jpg?resize=700%2C400&ssl=1 2x"},"classes":[]},{"id":4105,"url":"https:\/\/artstella-elixirs-floraux.com\/en\/product\/pingouin-el-chamaniques-15-ml\/","url_meta":{"origin":2351,"position":3},"title":"PINGOUIN EL CHAMANIQUES 15 ML","author":"eveapprill","date":"9 March 2025","format":false,"excerpt":"PING\u00dcINO \/ PINGOUIN\u00a0 Agilit\u00e9 \u2013 Jeux \u2013 Esprit communautaire.\u00a0\u00a0 Pour sortir des situations bloqu\u00e9es, quitter les \u00e9tats de d\u00e9pression l\u00e9g\u00e8re ou de peur, surtout pour les personnes ayant tendance \u00e0 \u00eatre pr\u00e9occup\u00e9es.","rel":"","context":"Similar post","block_context":{"text":"Similar post","link":""},"img":{"alt_text":"","src":"https:\/\/i0.wp.com\/artstella-elixirs-floraux.com\/wp-content\/uploads\/2025\/03\/wp-image766.png?resize=350%2C200&ssl=1","width":350,"height":200},"classes":[]},{"id":5053,"url":"https:\/\/artstella-elixirs-floraux.com\/en\/product\/blue-green-tourmaline-alas-r-30ml\/","url_meta":{"origin":2351,"position":4},"title":"BLUE GREEN TOURMALINE ALAS R 30ML","author":"eveapprill","date":"9 March 2025","format":false,"excerpt":"Blue Green Tourmaline \u2013 Tourmaline bleu vert Indication : agitation, trouble int\u00e9rieur\u00a0; alignement vertical faible\u00a0; exc\u00e8s d\u2019\u00e9nergie mentale bloquant le flux descendant des forces spirituelles\u00a0; peur et r\u00e9sistance au niveau du c\u0153ur","rel":"","context":"Similar post","block_context":{"text":"Similar post","link":""},"img":{"alt_text":"","src":"https:\/\/i0.wp.com\/artstella-elixirs-floraux.com\/wp-content\/uploads\/2025\/03\/wp-image1401.png?resize=350%2C200&ssl=1","width":350,"height":200},"classes":[]},{"id":5932,"url":"https:\/\/artstella-elixirs-floraux.com\/en\/product\/marronnier-blanc-10-ml-deva\/","url_meta":{"origin":2351,"position":5},"title":"Marronnier blanc 10 ml DEVA","author":"eveapprill","date":"9 March 2025","format":false,"excerpt":"Marronnier blanc - White chestnut Aesculus hippocastanum Clart\u00e9 mentale, tranquillit\u00e9 d\u2019esprit Calme le mental, favorise la concentration, l'intuition et la cr\u00e9ativit\u00e9. Pour supprimer le bavardage mental, les id\u00e9es fixes et les pens\u00e9es r\u00e9p\u00e9titives.","rel":"","context":"Similar post","block_context":{"text":"Similar post","link":""},"img":{"alt_text":"","src":"","width":0,"height":0},"classes":[]}],"_links":{"self":[{"href":"https:\/\/artstella-elixirs-floraux.com\/en\/wp-json\/wp\/v2\/product\/2351","targetHints":{"allow":["GET"]}}],"collection":[{"href":"https:\/\/artstella-elixirs-floraux.com\/en\/wp-json\/wp\/v2\/product"}],"about":[{"href":"https:\/\/artstella-elixirs-floraux.com\/en\/wp-json\/wp\/v2\/types\/product"}],"version-history":[{"count":0,"href":"https:\/\/artstella-elixirs-floraux.com\/en\/wp-json\/wp\/v2\/product\/2351\/revisions"}],"wp:featuredmedia":[{"embeddable":true,"href":"https:\/\/artstella-elixirs-floraux.com\/en\/wp-json\/wp\/v2\/media\/2352"}],"wp:attachment":[{"href":"https:\/\/artstella-elixirs-floraux.com\/en\/wp-json\/wp\/v2\/media?parent=2351"}],"wp:term":[{"taxonomy":"product_brand","embeddable":true,"href":"https:\/\/artstella-elixirs-floraux.com\/en\/wp-json\/wp\/v2\/product_brand?post=2351"},{"taxonomy":"product_cat","embeddable":true,"href":"https:\/\/artstella-elixirs-floraux.com\/en\/wp-json\/wp\/v2\/product_cat?post=2351"},{"taxonomy":"product_tag","embeddable":true,"href":"https:\/\/artstella-elixirs-floraux.com\/en\/wp-json\/wp\/v2\/product_tag?post=2351"}],"curies":[{"name":"wp","href":"https:\/\/api.w.org\/{rel}","templated":true}]}}