{"id":2367,"date":"2025-03-09T12:55:03","date_gmt":"2025-03-09T12:55:03","guid":{"rendered":"https:\/\/artstella-elixirs-floraux.com\/product\/chalice-well\/"},"modified":"2025-09-15T13:33:23","modified_gmt":"2025-09-15T13:33:23","slug":"chalice-well","status":"publish","type":"product","link":"https:\/\/artstella-elixirs-floraux.com\/en\/product\/chalice-well\/","title":{"rendered":"CHALICE WELL"},"content":{"rendered":"<p><strong><span style=\"color: #008000;\">CHALICE WELL<\/span><\/strong><\/p>\n<p>Il permet de nous rappeler que nous ne sommes pas seuls &#8211; que nous sommes part de cette toile de Tout Ce qui Est, et que nous pouvons compter sur cette matrice de support quand nous sommes en difficult\u00e9 ou en lutte et avons besoin d&rsquo;aide pour franchir un nouveau pas sur le chemin de notre vie.<\/p>","protected":false},"excerpt":{"rendered":"<p><strong><span style=\"color: #008000;\"><em>CHALICE WELL. Le puits du calice<\/em><\/span><\/strong><\/p>\n<p>Cet \u00e9lixir a \u00e9t\u00e9 r\u00e9alis\u00e9 dans le jardin de Chalice Well de Glastonbury, en Angleterre, avec de l&rsquo;eau provenant de Chalice Well (Le puits du Calice). Il nous met en relation avec le soutien profond, toujours disponible des r\u00e8gnes \u00e9l\u00e9mentaux, min\u00e9ral, v\u00e9g\u00e9tal, et ang\u00e9liques.<\/p>","protected":false},"featured_media":11468,"template":"","meta":[],"product_brand":[],"product_cat":[120],"product_tag":[],"class_list":{"0":"post-2367","1":"product","2":"type-product","3":"status-publish","4":"has-post-thumbnail","6":"product_cat-les-elixirs-nouveaux-environnementaux","8":"first","9":"instock","10":"taxable","11":"shipping-taxable","12":"purchasable","13":"product-type-variable"},"etheme_brands":{"errors":{"invalid_taxonomy":["Invalid taxonomy."]},"error_data":[]},"jetpack_sharing_enabled":true,"jetpack-related-posts":[{"id":2709,"url":"https:\/\/artstella-elixirs-floraux.com\/en\/product\/soul-support-alaska\/","url_meta":{"origin":2367,"position":0},"title":"SOUL SUPPORT ALASKA","author":"eveapprill","date":"9 March 2025","format":false,"excerpt":"Soul support (Support de l\u2019\u00e2me) existe en spray Contient : Cattell Pollen. Chalice well. Cotton Grass. Firenze. Labrador Tema. Malachite. River Beauty. Tuby. White Firenze.. Correspond \u00e0 la pr\u00e9paration d\u2019urgence. Elle peut \u00eatre utilis\u00e9e pour maintenir force et stabilit\u00e9 et \u00e9quilibre dans toute situation de stress ou de traumatisme","rel":"","context":"Similar post","block_context":{"text":"Similar post","link":""},"img":{"alt_text":"","src":"https:\/\/i0.wp.com\/artstella-elixirs-floraux.com\/wp-content\/uploads\/2025\/03\/ca7328c6-de94-4934-a288-a35ba1678624.jpg?resize=350%2C200&ssl=1","width":350,"height":200,"srcset":"https:\/\/i0.wp.com\/artstella-elixirs-floraux.com\/wp-content\/uploads\/2025\/03\/ca7328c6-de94-4934-a288-a35ba1678624.jpg?resize=350%2C200&ssl=1 1x, https:\/\/i0.wp.com\/artstella-elixirs-floraux.com\/wp-content\/uploads\/2025\/03\/ca7328c6-de94-4934-a288-a35ba1678624.jpg?resize=525%2C300&ssl=1 1.5x, https:\/\/i0.wp.com\/artstella-elixirs-floraux.com\/wp-content\/uploads\/2025\/03\/ca7328c6-de94-4934-a288-a35ba1678624.jpg?resize=700%2C400&ssl=1 2x"},"classes":[]},{"id":2684,"url":"https:\/\/artstella-elixirs-floraux.com\/en\/product\/calling-all-angels\/","url_meta":{"origin":2367,"position":1},"title":"CALLING ALL ANGELS","author":"eveapprill","date":"9 March 2025","format":false,"excerpt":"Calling all angels (Appeler tous les anges) existe en gouttes et en\u00a0 spray.\u00a0 Contient: Angelica . Chalice Well Chiming Bells\u00a0 Permet d\u2019entrer en contact avec l\u2019amour, la guidance et la protection du royaume ang\u00e9lique. Elle apporte une \u00e9nergie tr\u00e8s douce, d\u2019amour et de s\u00e9r\u00e9nit\u00e9 dans le c\u0153ur, mais aussi au\u2026","rel":"","context":"Similar post","block_context":{"text":"Similar post","link":""},"img":{"alt_text":"","src":"https:\/\/i0.wp.com\/artstella-elixirs-floraux.com\/wp-content\/uploads\/2025\/03\/7e939754-d789-483b-a32f-953a566601f4.jpg?resize=350%2C200&ssl=1","width":350,"height":200,"srcset":"https:\/\/i0.wp.com\/artstella-elixirs-floraux.com\/wp-content\/uploads\/2025\/03\/7e939754-d789-483b-a32f-953a566601f4.jpg?resize=350%2C200&ssl=1 1x, https:\/\/i0.wp.com\/artstella-elixirs-floraux.com\/wp-content\/uploads\/2025\/03\/7e939754-d789-483b-a32f-953a566601f4.jpg?resize=525%2C300&ssl=1 1.5x, https:\/\/i0.wp.com\/artstella-elixirs-floraux.com\/wp-content\/uploads\/2025\/03\/7e939754-d789-483b-a32f-953a566601f4.jpg?resize=700%2C400&ssl=1 2x"},"classes":[]},{"id":2761,"url":"https:\/\/artstella-elixirs-floraux.com\/en\/product\/devic-devique-bush-white-light\/","url_meta":{"origin":2367,"position":2},"title":"DEVIC (D\u00e9vique) BUSH WHITE LIGHT","author":"eveapprill","date":"9 March 2025","format":false,"excerpt":"L\u2019\u00c9LIXIR D\u00c9VIQUE (DEVIC ESSENCE) a \u00e9t\u00e9 pr\u00e9par\u00e9 lors du solstice d\u2019\u00e9t\u00e9 dans le jardin de Chalice Well \u00e0 Glastonbury en Angleterre. Il aide \u00e0 \u00e9tablir des liens solides avec le royaume des Devas, tout en ramenant chacun \u00e0 un \u00e9tat de simplicit\u00e9 et de paix.","rel":"","context":"Similar post","block_context":{"text":"Similar post","link":""},"img":{"alt_text":"","src":"https:\/\/i0.wp.com\/artstella-elixirs-floraux.com\/wp-content\/uploads\/2025\/03\/4a34ab52-f1ec-4770-8e7f-32a80ebd477b.jpg?resize=350%2C200&ssl=1","width":350,"height":200,"srcset":"https:\/\/i0.wp.com\/artstella-elixirs-floraux.com\/wp-content\/uploads\/2025\/03\/4a34ab52-f1ec-4770-8e7f-32a80ebd477b.jpg?resize=350%2C200&ssl=1 1x, https:\/\/i0.wp.com\/artstella-elixirs-floraux.com\/wp-content\/uploads\/2025\/03\/4a34ab52-f1ec-4770-8e7f-32a80ebd477b.jpg?resize=525%2C300&ssl=1 1.5x, https:\/\/i0.wp.com\/artstella-elixirs-floraux.com\/wp-content\/uploads\/2025\/03\/4a34ab52-f1ec-4770-8e7f-32a80ebd477b.jpg?resize=700%2C400&ssl=1 2x"},"classes":[]},{"id":5875,"url":"https:\/\/artstella-elixirs-floraux.com\/en\/product\/soul-support-spray-120ml\/","url_meta":{"origin":2367,"position":3},"title":"SOUL SUPPORT SPRAY ALASKA","author":"eveapprill","date":"9 March 2025","format":false,"excerpt":"Soul support (Soutien de l\u2019\u00e2me) Correspond \u00e0 la pr\u00e9paration d\u2019urgence.","rel":"","context":"Similar post","block_context":{"text":"Similar post","link":""},"img":{"alt_text":"Sprays","src":"https:\/\/i0.wp.com\/artstella-elixirs-floraux.com\/wp-content\/uploads\/2025\/03\/7691d083-6c4b-4693-8449-eb757c5320ed.jpg?resize=350%2C200&ssl=1","width":350,"height":200,"srcset":"https:\/\/i0.wp.com\/artstella-elixirs-floraux.com\/wp-content\/uploads\/2025\/03\/7691d083-6c4b-4693-8449-eb757c5320ed.jpg?resize=350%2C200&ssl=1 1x, https:\/\/i0.wp.com\/artstella-elixirs-floraux.com\/wp-content\/uploads\/2025\/03\/7691d083-6c4b-4693-8449-eb757c5320ed.jpg?resize=525%2C300&ssl=1 1.5x, https:\/\/i0.wp.com\/artstella-elixirs-floraux.com\/wp-content\/uploads\/2025\/03\/7691d083-6c4b-4693-8449-eb757c5320ed.jpg?resize=700%2C400&ssl=1 2x"},"classes":[]},{"id":3566,"url":"https:\/\/artstella-elixirs-floraux.com\/en\/product\/12-core-of-being-ltoe-15-ml\/","url_meta":{"origin":2367,"position":4},"title":"12. CORE OF BEING LTOE 15 ML","author":"eveapprill","date":"9 March 2025","format":false,"excerpt":"Tr\u00e9fonds de l\u2019\u00eatre\/Core of Being (Nanodes medusae\u00a0\u00a0 (\u00c9quateur) Voici un \u00e9lixir tr\u00e8s efficace pour se r\u00e9aligner sur son axe spirituel. Il p\u00e9n\u00e8tre le corps causal (lumi\u00e8re blanche spirituelle).","rel":"","context":"Similar post","block_context":{"text":"Similar post","link":""},"img":{"alt_text":"","src":"https:\/\/i0.wp.com\/artstella-elixirs-floraux.com\/wp-content\/uploads\/2025\/03\/68ad64f9-1ba6-47fd-af78-70df93f47b98.jpg?resize=350%2C200&ssl=1","width":350,"height":200,"srcset":"https:\/\/i0.wp.com\/artstella-elixirs-floraux.com\/wp-content\/uploads\/2025\/03\/68ad64f9-1ba6-47fd-af78-70df93f47b98.jpg?resize=350%2C200&ssl=1 1x, https:\/\/i0.wp.com\/artstella-elixirs-floraux.com\/wp-content\/uploads\/2025\/03\/68ad64f9-1ba6-47fd-af78-70df93f47b98.jpg?resize=525%2C300&ssl=1 1.5x, https:\/\/i0.wp.com\/artstella-elixirs-floraux.com\/wp-content\/uploads\/2025\/03\/68ad64f9-1ba6-47fd-af78-70df93f47b98.jpg?resize=700%2C400&ssl=1 2x"},"classes":[]},{"id":5838,"url":"https:\/\/artstella-elixirs-floraux.com\/en\/product\/scorpion-anroctonus-crassicaude15-ml-phi\/","url_meta":{"origin":2367,"position":5},"title":"Scorpion (Anroctonus crassicaude)15 ml PHI","author":"eveapprill","date":"9 March 2025","format":false,"excerpt":"Scorpion (Anroctonus crassicaude)\u00a0 Cet \u00e9lixir peut nous aider quand nous sommes dans des situations \u00e9nerg\u00e9tiques difficiles ou quand nous sommes manipul\u00e9s par d\u2019autres. Nous apprenons \u00e0 d\u00e9velopper une vision plus claire et \u00e0 nous lib\u00e9rer des forces manipulatrices.","rel":"","context":"Similar post","block_context":{"text":"Similar post","link":""},"img":{"alt_text":"","src":"","width":0,"height":0},"classes":[]}],"_links":{"self":[{"href":"https:\/\/artstella-elixirs-floraux.com\/en\/wp-json\/wp\/v2\/product\/2367","targetHints":{"allow":["GET"]}}],"collection":[{"href":"https:\/\/artstella-elixirs-floraux.com\/en\/wp-json\/wp\/v2\/product"}],"about":[{"href":"https:\/\/artstella-elixirs-floraux.com\/en\/wp-json\/wp\/v2\/types\/product"}],"version-history":[{"count":1,"href":"https:\/\/artstella-elixirs-floraux.com\/en\/wp-json\/wp\/v2\/product\/2367\/revisions"}],"predecessor-version":[{"id":11466,"href":"https:\/\/artstella-elixirs-floraux.com\/en\/wp-json\/wp\/v2\/product\/2367\/revisions\/11466"}],"wp:featuredmedia":[{"embeddable":true,"href":"https:\/\/artstella-elixirs-floraux.com\/en\/wp-json\/wp\/v2\/media\/11468"}],"wp:attachment":[{"href":"https:\/\/artstella-elixirs-floraux.com\/en\/wp-json\/wp\/v2\/media?parent=2367"}],"wp:term":[{"taxonomy":"product_brand","embeddable":true,"href":"https:\/\/artstella-elixirs-floraux.com\/en\/wp-json\/wp\/v2\/product_brand?post=2367"},{"taxonomy":"product_cat","embeddable":true,"href":"https:\/\/artstella-elixirs-floraux.com\/en\/wp-json\/wp\/v2\/product_cat?post=2367"},{"taxonomy":"product_tag","embeddable":true,"href":"https:\/\/artstella-elixirs-floraux.com\/en\/wp-json\/wp\/v2\/product_tag?post=2367"}],"curies":[{"name":"wp","href":"https:\/\/api.w.org\/{rel}","templated":true}]}}