{"id":2371,"date":"2025-03-09T12:55:07","date_gmt":"2025-03-09T12:55:07","guid":{"rendered":"https:\/\/artstella-elixirs-floraux.com\/product\/full-moon-reflexion\/"},"modified":"2025-09-15T15:23:53","modified_gmt":"2025-09-15T15:23:53","slug":"full-moon-reflexion","status":"publish","type":"product","link":"https:\/\/artstella-elixirs-floraux.com\/en\/product\/full-moon-reflexion\/","title":{"rendered":"FULL MOON REFLEXION &#8211; R\u00e9flexion de pleine lune"},"content":{"rendered":"<p><span style=\"color: #008000;\"> <strong><em>FULL MOON REFLEXION<\/em><\/strong> <\/span><\/p>\n<p>Il p\u00e9n\u00e8tre profond\u00e9ment le subconscient pour faire ressortir, ce qui est irr\u00e9solu, sous la surface. Permet que notre ombre soit \u00e9clair\u00e9e par la lumi\u00e8re de la conscience \u00e9veill\u00e9e.<\/p>","protected":false},"excerpt":{"rendered":"<p><strong><span style=\"color: #008080;\">\u00a0FULL MONN REFLEXION. REFLEXION DE PLEIN LUNE<\/span><\/strong><\/p>\n<p>Cet \u00e9lixir fut r\u00e9alis\u00e9 lors d&rsquo;une nuit de pleine lune, froide et claire, dans un canyon dominant la Baie de Kachemak. C&rsquo;est l&rsquo;\u00e9lixir de la lumi\u00e8re refl\u00e9t\u00e9e &#8211; la lumi\u00e8re du soleil refl\u00e9t\u00e9e par la lune sur les eaux de la baie du Kachemak dans le canyon enneig\u00e9.<\/p>","protected":false},"featured_media":11515,"template":"","meta":[],"product_brand":[],"product_cat":[120],"product_tag":[],"class_list":{"0":"post-2371","1":"product","2":"type-product","3":"status-publish","4":"has-post-thumbnail","6":"product_cat-les-elixirs-nouveaux-environnementaux","8":"first","9":"instock","10":"taxable","11":"shipping-taxable","12":"purchasable","13":"product-type-variable"},"etheme_brands":{"errors":{"invalid_taxonomy":["Invalid taxonomy."]},"error_data":[]},"jetpack_sharing_enabled":true,"jetpack-related-posts":[{"id":6377,"url":"https:\/\/artstella-elixirs-floraux.com\/en\/product\/sedum-caeruleum-15-ml-bush-australien\/","url_meta":{"origin":2371,"position":0},"title":"Sedum Caeruleum 15 ml Bush Australien","author":"eveapprill","date":"9 March 2025","format":false,"excerpt":"Normal 0 21 false false false FR X-NONE X-NONE \/* Style Definitions *\/ table.MsoNormalTable {mso-style-name:\"Tableau Normal\"; mso-tstyle-rowband-size:0; mso-tstyle-colband-size:0; mso-style-noshow:yes; mso-style-priority:99; mso-style-parent:\"\"; mso-padding-alt:0cm 5.4pt 0cm 5.4pt; mso-para-margin-top:0cm; mso-para-margin-right:0cm; mso-para-margin-bottom:8.0pt; mso-para-margin-left:0cm; line-height:107%; mso-pagination:widow-orphan; font-size:11.0pt; font-family:\"Calibri\",sans-serif; mso-ascii-font-family:Calibri; mso-ascii-theme-font:minor-latin; mso-hansi-font-family:Calibri; mso-hansi-theme-font:minor-latin; mso-bidi-font-family:\"Times New Roman\"; mso-bidi-theme-font:minor-bidi; mso-fareast-language:EN-US;} Sedum apporte la plus haute source d\u2019\u00e9nergie spirituelle\u2026","rel":"","context":"Similar post","block_context":{"text":"Similar post","link":""},"img":{"alt_text":"","src":"https:\/\/i0.wp.com\/artstella-elixirs-floraux.com\/wp-content\/uploads\/2025\/03\/wp-image2459.png?resize=350%2C200&ssl=1","width":350,"height":200,"srcset":"https:\/\/i0.wp.com\/artstella-elixirs-floraux.com\/wp-content\/uploads\/2025\/03\/wp-image2459.png?resize=350%2C200&ssl=1 1x, https:\/\/i0.wp.com\/artstella-elixirs-floraux.com\/wp-content\/uploads\/2025\/03\/wp-image2459.png?resize=525%2C300&ssl=1 1.5x, https:\/\/i0.wp.com\/artstella-elixirs-floraux.com\/wp-content\/uploads\/2025\/03\/wp-image2459.png?resize=700%2C400&ssl=1 2x, https:\/\/i0.wp.com\/artstella-elixirs-floraux.com\/wp-content\/uploads\/2025\/03\/wp-image2459.png?resize=1050%2C600&ssl=1 3x, https:\/\/i0.wp.com\/artstella-elixirs-floraux.com\/wp-content\/uploads\/2025\/03\/wp-image2459.png?resize=1400%2C800&ssl=1 4x"},"classes":[]},{"id":2749,"url":"https:\/\/artstella-elixirs-floraux.com\/en\/product\/woman-femme-bush-30ml\/","url_meta":{"origin":2371,"position":1},"title":"WOMAN Femme BUSH 30ml","author":"eveapprill","date":"9 March 2025","format":false,"excerpt":"Woman -\u00a0Femme Harmonise tous les d\u00e9s\u00e9quilibres durant les p\u00e9riodes de menstruations et de m\u00e9nopause. Permet \u00e0 la femme de d\u00e9couvrir son propre corps et sa beaut\u00e9, et de se trouver bien avec.","rel":"","context":"Similar post","block_context":{"text":"Similar post","link":""},"img":{"alt_text":"","src":"https:\/\/i0.wp.com\/artstella-elixirs-floraux.com\/wp-content\/uploads\/2025\/03\/5e65c23c-78a1-4c2c-944d-7fae066eb8e4.jpg?resize=350%2C200&ssl=1","width":350,"height":200,"srcset":"https:\/\/i0.wp.com\/artstella-elixirs-floraux.com\/wp-content\/uploads\/2025\/03\/5e65c23c-78a1-4c2c-944d-7fae066eb8e4.jpg?resize=350%2C200&ssl=1 1x, https:\/\/i0.wp.com\/artstella-elixirs-floraux.com\/wp-content\/uploads\/2025\/03\/5e65c23c-78a1-4c2c-944d-7fae066eb8e4.jpg?resize=525%2C300&ssl=1 1.5x, https:\/\/i0.wp.com\/artstella-elixirs-floraux.com\/wp-content\/uploads\/2025\/03\/5e65c23c-78a1-4c2c-944d-7fae066eb8e4.jpg?resize=700%2C400&ssl=1 2x"},"classes":[]},{"id":12237,"url":"https:\/\/artstella-elixirs-floraux.com\/en\/product\/2-orchidee-aurora-epidendrum-fragrans-sylfos\/","url_meta":{"origin":2371,"position":2},"title":"02. ORCHID\u00c9E AURORA Epidendrum fragrans Sylfos","author":"eveapprill","date":"13 March 2026","format":false,"excerpt":"\u00c9lixir de\u00a0purification \u00e9motionnelle et de renaissance int\u00e9rieure. Dissout les \u00e9motions lourdes, lib\u00e8re la culpabilit\u00e9 et restaure la clart\u00e9 du c\u0153ur. Favorise compassion, l\u00e9g\u00e8ret\u00e9 et espoir.","rel":"","context":"Similar post","block_context":{"text":"Similar post","link":""},"img":{"alt_text":"","src":"https:\/\/i0.wp.com\/artstella-elixirs-floraux.com\/wp-content\/uploads\/2026\/03\/02_AURORA-WEB.png?resize=350%2C200&ssl=1","width":350,"height":200},"classes":[]},{"id":4884,"url":"https:\/\/artstella-elixirs-floraux.com\/en\/product\/bog-candle-alaskan-sup\/","url_meta":{"origin":2371,"position":3},"title":"BOG CANDLE ALASKAN SUP","author":"eveapprill","date":"9 March 2025","format":false,"excerpt":"BOG CANDLE Indications : pris dans la confusion, honte, la peur et la culpabilit\u00e9 ; tendances sujettes aux destructeurs ou d\u00e9gradant ; extr\u00eamement faible estime de soi.","rel":"","context":"Similar post","block_context":{"text":"Similar post","link":""},"img":{"alt_text":"","src":"https:\/\/i0.wp.com\/artstella-elixirs-floraux.com\/wp-content\/uploads\/2025\/03\/wp-image1376.png?resize=350%2C200&ssl=1","width":350,"height":200},"classes":[]},{"id":6343,"url":"https:\/\/artstella-elixirs-floraux.com\/en\/product\/agrimony-15ml-phi\/","url_meta":{"origin":2371,"position":4},"title":"AGRIMONY 15ML PHI","author":"eveapprill","date":"9 March 2025","format":false,"excerpt":"800x600 Normal 0 21 false false false FR X-NONE X-NONE MicrosoftInternetExplorer4 \/* Style Definitions *\/ table.MsoNormalTable {mso-style-name:\"Tableau Normal\"; mso-tstyle-rowband-size:0; mso-tstyle-colband-size:0; mso-style-noshow:yes; mso-style-priority:99; mso-style-parent:\"\"; mso-padding-alt:0cm 5.4pt 0cm 5.4pt; mso-para-margin:0cm; mso-para-margin-bottom:.0001pt; mso-pagination:widow-orphan; font-size:10.0pt; font-family:\"Times New Roman\",serif;} AGRIMONY AIGREMOINE (AGRIMONIA EUPATORIA)\u00a0\u00a0\u00a0\u00a0\u00a0\u00a0\u00a0\u00a0\u00a0\u00a0\u00a0\u00a0\u00a0\u00a0\u00a0\u00a0\u00a0 Permet l'expression des sentiments et la communication avec autrui.","rel":"","context":"Similar post","block_context":{"text":"Similar post","link":""},"img":{"alt_text":"","src":"https:\/\/i0.wp.com\/artstella-elixirs-floraux.com\/wp-content\/uploads\/2025\/03\/wp-image2346.png?resize=350%2C200&ssl=1","width":350,"height":200},"classes":[]},{"id":4880,"url":"https:\/\/artstella-elixirs-floraux.com\/en\/product\/blue-poppy-alaskan-sup\/","url_meta":{"origin":2371,"position":5},"title":"BLUE POPPY ALASKAN SUP","author":"eveapprill","date":"9 March 2025","format":false,"excerpt":"BLUE POPPY Indications: weak or dysfunctional connection between the spiritual and sexual aspects of self; lack of balance between the inner male and female.","rel":"","context":"Similar post","block_context":{"text":"Similar post","link":""},"img":{"alt_text":"","src":"https:\/\/i0.wp.com\/artstella-elixirs-floraux.com\/wp-content\/uploads\/2025\/03\/wp-image1375.png?resize=350%2C200&ssl=1","width":350,"height":200},"classes":[]}],"_links":{"self":[{"href":"https:\/\/artstella-elixirs-floraux.com\/en\/wp-json\/wp\/v2\/product\/2371","targetHints":{"allow":["GET"]}}],"collection":[{"href":"https:\/\/artstella-elixirs-floraux.com\/en\/wp-json\/wp\/v2\/product"}],"about":[{"href":"https:\/\/artstella-elixirs-floraux.com\/en\/wp-json\/wp\/v2\/types\/product"}],"version-history":[{"count":3,"href":"https:\/\/artstella-elixirs-floraux.com\/en\/wp-json\/wp\/v2\/product\/2371\/revisions"}],"predecessor-version":[{"id":11517,"href":"https:\/\/artstella-elixirs-floraux.com\/en\/wp-json\/wp\/v2\/product\/2371\/revisions\/11517"}],"wp:featuredmedia":[{"embeddable":true,"href":"https:\/\/artstella-elixirs-floraux.com\/en\/wp-json\/wp\/v2\/media\/11515"}],"wp:attachment":[{"href":"https:\/\/artstella-elixirs-floraux.com\/en\/wp-json\/wp\/v2\/media?parent=2371"}],"wp:term":[{"taxonomy":"product_brand","embeddable":true,"href":"https:\/\/artstella-elixirs-floraux.com\/en\/wp-json\/wp\/v2\/product_brand?post=2371"},{"taxonomy":"product_cat","embeddable":true,"href":"https:\/\/artstella-elixirs-floraux.com\/en\/wp-json\/wp\/v2\/product_cat?post=2371"},{"taxonomy":"product_tag","embeddable":true,"href":"https:\/\/artstella-elixirs-floraux.com\/en\/wp-json\/wp\/v2\/product_tag?post=2371"}],"curies":[{"name":"wp","href":"https:\/\/api.w.org\/{rel}","templated":true}]}}